{"id":3607,"date":"2024-11-06T20:45:33","date_gmt":"2024-11-06T20:45:33","guid":{"rendered":"https:\/\/nudechick.online\/home\/"},"modified":"2024-11-21T09:06:17","modified_gmt":"2024-11-21T09:06:17","slug":"home","status":"publish","type":"page","link":"https:\/\/nudechick.online\/cs\/","title":{"rendered":"Home"},"content":{"rendered":"<h1>\n\t\tNejlep\u0161\u00ed nah\u00e9 fotky od nah\u00fdch \u017een | Fotografie nah\u00fdch d\u00edvek\n\t<\/h1>\n\t\t\t<a href=\"https:\/\/nudechick.online\/cs\/go\/join\/\" target=\"_self\" role=\"button\" rel=\"noopener\">\n\t\t\t\t\t\tP\u0159ipojte se nyn\u00ed\n\t\t<\/a>\n\t<p>&nbsp;<\/p>\n<p>Sledujte bezplatn\u00e9 porno fotky od \u017ehav\u00fdch a sexy nah\u00fdch \u017een.   Pokud jste hledali webov\u00e9 str\u00e1nky, kde m\u016f\u017eete sledovat amat\u00e9rsk\u00e1 porno videa a \u0161ukat ko\u010di\u010dky z cel\u00e9ho sv\u011bta, pak jste na ide\u00e1ln\u00edm m\u00edst\u011b a na\u0161e str\u00e1nky spln\u00ed va\u0161e nejv\u011bt\u0161\u00ed o\u010dek\u00e1v\u00e1n\u00ed. Jsme TOP str\u00e1nka s nah\u00fdmi fotkami a nab\u00edz\u00edme v\u0161e zdarma. Z\u016fsta\u0148te s n\u00e1mi dlouho a sledujte nah\u00e9 \u017eeny z ruska a mnoha dal\u0161\u00edch zem\u00ed.<\/p>\n<p>Krom\u011b tradi\u010dn\u00edch nah\u00fdch xxx fotografi\u00ed a porno vide\u00ed m\u016f\u017eete tak\u00e9 chatovat s d\u00edvkami online prakticky 24 hodin denn\u011b. Mnoho \u017ehav\u00fdch d\u00edvek je k dispozici a p\u0159ipraveno s v\u00e1mi v\u00e9st erotick\u00fd chat. Pokud m\u00e1te chu\u0165, m\u016f\u017eete je tak\u00e9 sledovat na webkamer\u00e1ch pro dosp\u011bl\u00e9, na kter\u00fdch v\u00e1m uk\u00e1\u017e\u00ed sv\u00e9 kundi\u010dky nebo se budou mastrubovat se sv\u00fdm dildem.<\/p>\n<p>If you like a girl, you can also exchange nude photos with your days or send videos through our messenger. We give you the opportunity to use our platform completely free and without any limit. It&#8217;s only up to you if you take the chance to meet a new sexy girl to fuck, a wife who likes anal or just a quick sex in a hotel.<\/p>\n\t\t\t\t<img loading=\"lazy\" decoding=\"async\" src=\"https:\/\/nudechick.online\/wp-content\/uploads\/2024\/11\/5-231x300.png\" alt=\"5\" itemprop=\"image\" height=\"300\" width=\"231\" title=\"5\" onerror=\"this.style.display='none'\"  \/>\n\t<p>Ania (Cracow)<\/p>\n\t\t\t<a href=\"https:\/\/nudechick.online\/cs\/date\/ania-cracow\/\" target=\"_self\" rel=\"noopener\">\n\t\t\t\t\t\tZkontrolujte profil\n\t\t\t\t\t<\/a>\n\t\t\t<a href=\"https:\/\/nudechick.online\/cs\/go\/join\/\" target=\"_self\" rel=\"noopener\">\n\t\t\t\t\t\tSeznamte se s n\u00ed!\n\t\t\t\t\t<\/a>\n\t\t\t\t<img loading=\"lazy\" decoding=\"async\" src=\"https:\/\/nudechick.online\/wp-content\/uploads\/2024\/11\/3-204x300.jpg\" alt=\"3\" itemprop=\"image\" height=\"300\" width=\"204\" title=\"3\" onerror=\"this.style.display='none'\"  \/>\n\t<p>Monica (Oslo)<\/p>\n\t\t\t<a href=\"https:\/\/nudechick.online\/cs\/date\/monica-oslo\/\" target=\"_self\" rel=\"noopener\">\n\t\t\t\t\t\tZkontrolujte profil\n\t\t\t\t\t<\/a>\n\t\t\t<a href=\"https:\/\/nudechick.online\/cs\/go\/join\/\" target=\"_self\" rel=\"noopener\">\n\t\t\t\t\t\tSeznamte se s n\u00ed!\n\t\t\t\t\t<\/a>\n\t\t\t\t<img loading=\"lazy\" decoding=\"async\" src=\"https:\/\/nudechick.online\/wp-content\/uploads\/2024\/11\/7.png\" alt=\"7\" itemprop=\"image\" height=\"768\" width=\"768\" title=\"7\" onerror=\"this.style.display='none'\"  \/>\n\t<p>Kimberly (Chicago)<\/p>\n\t\t\t<a href=\"https:\/\/nudechick.online\/cs\/date\/kimberly-chicago\/\" target=\"_self\" rel=\"noopener\">\n\t\t\t\t\t\tZkontrolujte profil\n\t\t\t\t\t<\/a>\n\t\t\t<a href=\"https:\/\/nudechick.online\/cs\/go\/join\/\" target=\"_self\" rel=\"noopener\">\n\t\t\t\t\t\tSeznamte se s n\u00ed!\n\t\t\t\t\t<\/a>\n\t\t\t\t<img loading=\"lazy\" decoding=\"async\" src=\"https:\/\/nudechick.online\/wp-content\/uploads\/2024\/11\/6-200x300.png\" alt=\"6\" itemprop=\"image\" height=\"300\" width=\"200\" title=\"6\" onerror=\"this.style.display='none'\"  \/>\n\t<p>Robelyn (Toronto)<\/p>\n\t\t\t<a href=\"https:\/\/nudechick.online\/cs\/date\/robelyn-toronto\/\" target=\"_self\" rel=\"noopener\">\n\t\t\t\t\t\tZkontrolujte profil\n\t\t\t\t\t<\/a>\n\t\t\t<a href=\"https:\/\/nudechick.online\/cs\/go\/join\/\" target=\"_self\" rel=\"noopener\">\n\t\t\t\t\t\tSeznamte se s n\u00ed!\n\t\t\t\t\t<\/a>\n\t\t\t\t<img loading=\"lazy\" decoding=\"async\" src=\"https:\/\/nudechick.online\/wp-content\/uploads\/2024\/11\/2-1-231x300.jpg\" alt=\"doggystyle in bed with stephanie manchester\" itemprop=\"image\" height=\"300\" width=\"231\" title=\"2\" onerror=\"this.style.display='none'\"  \/>\n\t<p>Stephanie (Manchester)<\/p>\n\t\t\t<a href=\"https:\/\/nudechick.online\/cs\/date\/stephanie-manchester\/\" target=\"_self\" rel=\"noopener\">\n\t\t\t\t\t\tZkontrolujte profil\n\t\t\t\t\t<\/a>\n\t\t\t<a href=\"https:\/\/nudechick.online\/cs\/go\/join\/\" target=\"_self\" rel=\"noopener\">\n\t\t\t\t\t\tSeznamte se s n\u00ed!\n\t\t\t\t\t<\/a>\n\t\t\t\t<img loading=\"lazy\" decoding=\"async\" src=\"https:\/\/nudechick.online\/wp-content\/uploads\/2024\/11\/1-1-206x300.jpg\" alt=\"1\" itemprop=\"image\" height=\"300\" width=\"206\" title=\"1\" onerror=\"this.style.display='none'\"  \/>\n\t<p>Bella (Hamburg)<\/p>\n\t\t\t<a href=\"https:\/\/nudechick.online\/cs\/date\/bella-hamburg\/\" target=\"_self\" rel=\"noopener\">\n\t\t\t\t\t\tZkontrolujte profil\n\t\t\t\t\t<\/a>\n\t\t\t<a href=\"https:\/\/nudechick.online\/cs\/go\/join\/\" target=\"_self\" rel=\"noopener\">\n\t\t\t\t\t\tSeznamte se s n\u00ed!\n\t\t\t\t\t<\/a>\n\t\t\t\t<img loading=\"lazy\" decoding=\"async\" src=\"https:\/\/nudechick.online\/wp-content\/uploads\/2024\/11\/4-200x300.png\" alt=\"4\" itemprop=\"image\" height=\"300\" width=\"200\" title=\"4\" onerror=\"this.style.display='none'\"  \/>\n\t<p>Kate (London)<\/p>\n\t\t\t<a href=\"https:\/\/nudechick.online\/cs\/date\/kate-london\/\" target=\"_self\" rel=\"noopener\">\n\t\t\t\t\t\tZkontrolujte profil\n\t\t\t\t\t<\/a>\n\t\t\t<a href=\"https:\/\/nudechick.online\/cs\/go\/join\/\" target=\"_self\" rel=\"noopener\">\n\t\t\t\t\t\tSeznamte se s n\u00ed!\n\t\t\t\t\t<\/a>\n\t\t\t\t<img loading=\"lazy\" decoding=\"async\" src=\"https:\/\/nudechick.online\/wp-content\/uploads\/2024\/11\/8-225x300.png\" alt=\"8\" itemprop=\"image\" height=\"300\" width=\"225\" title=\"8\" onerror=\"this.style.display='none'\"  \/>\n\t<p>Princess (Tijuana)<\/p>\n\t\t\t<a href=\"https:\/\/nudechick.online\/cs\/date\/princess-tijuana\/\" target=\"_self\" rel=\"noopener\">\n\t\t\t\t\t\tZkontrolujte profil\n\t\t\t\t\t<\/a>\n\t\t\t<a href=\"https:\/\/nudechick.online\/cs\/go\/join\/\" target=\"_self\" rel=\"noopener\">\n\t\t\t\t\t\tSeznamte se s n\u00ed!\n\t\t\t\t\t<\/a>\n\t\t\t<h2>\n\t\t\t\t\tPro\u010d m\u00e1 Nudechick nejlep\u0161\u00ed akty a porno videa?\n\t\t\t\t<\/h2>\n\t<p>Na na\u0161ich str\u00e1nk\u00e1ch najdete nej\u017ehav\u011bj\u0161\u00ed a nejv\u00edc sexy \u017eeny z cel\u00e9ho sv\u011bta.<\/p>\n\t<p>Access to the full service allows you to view private nude photos and amateur porn videos with authentic girls from your city or country. In addition, you can browse girls&#8217; profiles and add them to social media such as Whatsapp, Snapchat or Facebook, or simply text with horny bitches through our live chat.<\/p>\n\t<p>Sta\u0148te se na\u0161\u00edm u\u017eivatelem a \u0161m\u00edrujte holky ve spr\u0161e nebo si s nimi domluvte rande a \u0161ukejte je v parku. Vytvo\u0159te si nyn\u00ed bezplatn\u00fd \u00fa\u010det a u\u017e\u00edvejte si neomezen\u00e9 prohl\u00ed\u017een\u00ed nejv\u00edc sexy d\u00edvek z Asie nebo Ji\u017en\u00ed Ameriky. U\u017e\u00edvejte si pln\u00fd p\u0159\u00edstup do obrovsk\u00e9 komunity lid\u00ed miluj\u00edc\u00edch sex a rand\u011bte nebo si najd\u011bte partnera pro vztah.<\/p>\n\t\t\t\t<img loading=\"lazy\" decoding=\"async\" src=\"https:\/\/nudechick.online\/wp-content\/uploads\/2024\/11\/2.jpg\" alt=\"sexy teen doggystyle\" itemprop=\"image\" height=\"1230\" width=\"948\" title=\"2\" onerror=\"this.style.display='none'\"  \/>\n\t\t\t\t<img loading=\"lazy\" decoding=\"async\" src=\"https:\/\/nudechick.online\/wp-content\/uploads\/2024\/11\/1.jpg\" alt=\"nah\u00e1 polsk\u00e1 ko\u010dka\" itemprop=\"image\" height=\"1237\" width=\"849\" title=\"1\" onerror=\"this.style.display='none'\"  \/>\n\t\t\t<a href=\"https:\/\/nudechick.online\/cs\/go\/join\/\" target=\"_self\" role=\"button\" rel=\"noopener\">\n\t\t\t\t\t\tP\u0159ipojte se nyn\u00ed\n\t\t<\/a>\n\t<h2><strong>Sledujte porno fotky nah\u00fdch \u017een a zaregistrujte se zdarma<\/strong><\/h2>\n<p>Na\u0161e str\u00e1nky v\u00e1m umo\u017en\u00ed sledovat kr\u00e1su \u017ehav\u00e9 a sexy nah\u00e9 d\u00edvky obr\u00e1zky zcela zdarma a v\u0161e, co mus\u00edte ud\u011blat, abyste z\u00edskali p\u0159\u00edstup do galerie je zaregistrovat bezplatn\u00fd \u00fa\u010det. To je jedin\u00e1 v\u011bc, kter\u00e1 v\u00e1s d\u011bl\u00ed od sledov\u00e1n\u00ed kr\u00e1sn\u00fdch dam a modelek.  Bu\u010fte p\u0159ipraveni na \u0161uk\u00e1n\u00ed. Sta\u0148te se \u010dlenem na\u0161\u00ed komunity a bu\u010fte aktivn\u00edm u\u017eivatelem. U\u017eijte si chlupat\u00e9 a odv\u00e1\u017en\u00e9 ko\u010di\u010dky z cel\u00e9ho sv\u011bta!<\/p>\n<p>\u010cekaj\u00ed na v\u00e1s nej\u017ehav\u011bj\u0161\u00ed nah\u00e9 fotky od nadr\u017een\u00fdch holek. Pod\u00edvejte se na amat\u00e9rsk\u00e1 videa, jak je 18let\u00e1 d\u00edvka \u0161uk\u00e1na sv\u00fdm p\u0159\u00edtelem a masturbuje. Ka\u017ed\u00fd den pro v\u00e1s m\u00e1me nov\u00fd obsah, kter\u00fd v\u00e1s nikdy neomrz\u00ed, a pokud d\u00e1v\u00e1te p\u0159ednost \u017eiv\u00e9mu sexu, seznamte se s modelkami, kter\u00e9 p\u0159edv\u00e1d\u011bj\u00ed sv\u00e1 t\u011bla na online sex kamer\u00e1ch, a vyzkou\u0161ejte online sex v re\u00e1ln\u00e9m \u010dase.<\/p>\n\t\t\t<h2>\n\t\t\t\t\tZpr\u00e1vy a v\u00fdm\u011bna snap akt\u016f s na\u0161imi d\u00edvkami\n\t\t\t\t<\/h2>\n<h5>\n\t\t01.\n\t<\/h5>\n\t\t\t<h3>\n\t\t\t\t\t&#8211; Find your best girl\n\t\t\t\t<\/h3>\n\t\t\t<p>Najd\u011bte si profil d\u00edvky, kter\u00e1 v\u00e1s zaj\u00edm\u00e1, a pod\u00edvejte se na jej\u00ed z\u00e1jmy. Mezi amat\u00e9rsk\u00fdmi d\u00edvkami tak\u00e9 na na\u0161ich str\u00e1nk\u00e1ch najdete modelky svl\u00e9kaj\u00edc\u00ed se na webkamer\u00e1ch. Kl\u00ed\u010dov\u00fdm prvkem je pro v\u00e1s naj\u00edt d\u00edvku, kter\u00e1 hled\u00e1 p\u0159esn\u011b to, co hled\u00e1te vy.<\/p>\n<h5>\n\t\t02.\n\t<\/h5>\n\t\t\t<h3>\n\t\t\t\t\t&#8211; Add people to friends\n\t\t\t\t<\/h3>\n\t\t\t<p>If a girl likes you and is interested in having sex or showing her pussy on a webcam then you shouldn&#8217;t wait any longer! Our conversations are fully encrypted and only you and the girl you are writing with have access to your messages. We are committed to making users feel completely safe on our site.<\/p>\n<h5>\n\t\t03.\n\t<\/h5>\n\t\t\t<h3>\n\t\t\t\t\t&#8211; Exchange nude photos\n\t\t\t\t<\/h3>\n\t\t\t<p>Pokud m\u00e1 \u017eena, kter\u00e1 se v\u00e1m l\u00edb\u00ed, tak\u00e9 z\u00e1jem o zas\u00edl\u00e1n\u00ed nah\u00fdch fotografi\u00ed nebo vide\u00ed, na kter\u00fdch masturbuje, budete tak moci u\u010dinit na na\u0161ich str\u00e1nk\u00e1ch bez jak\u00fdchkoli omezen\u00ed. Prost\u011b se tu c\u00edt\u00edte jako doma a hled\u00e1te \u017eeny sv\u00fdch sn\u016f.<\/p>\n\t\t\t<a href=\"https:\/\/nudechick.online\/cs\/go\/join\/\" target=\"_self\" role=\"button\" rel=\"noopener\">\n\t\t\t\t\t\tP\u0159ipojte se nyn\u00ed\n\t\t<\/a>","protected":false},"excerpt":{"rendered":"<p>Best Nude Pics From Naked Women | Nude Girls Photos Join now &nbsp; Watch free porn pics from hot and sexy nude women. \u00a0 If you were looking for a website where you can watch amateur porn videos and fuck pussy from all over the world then you are in the perfect place, and our [&hellip;]<\/p>","protected":false},"author":1,"featured_media":0,"parent":0,"menu_order":0,"comment_status":"closed","ping_status":"closed","template":"","meta":{"give_campaign_id":0,"site-sidebar-layout":"no-sidebar","site-content-layout":"page-builder","ast-site-content-layout":"full-width-container","site-content-style":"unboxed","site-sidebar-style":"unboxed","ast-global-header-display":"","ast-banner-title-visibility":"","ast-main-header-display":"","ast-hfb-above-header-display":"","ast-hfb-below-header-display":"","ast-hfb-mobile-header-display":"","site-post-title":"disabled","ast-breadcrumbs-content":"","ast-featured-img":"disabled","footer-sml-layout":"","theme-transparent-header-meta":"","adv-header-id-meta":"","stick-header-meta":"","header-above-stick-meta":"","header-main-stick-meta":"","header-below-stick-meta":"","astra-migrate-meta-layouts":"set","ast-page-background-enabled":"default","ast-page-background-meta":{"desktop":{"background-color":"","background-image":"","background-repeat":"repeat","background-position":"center center","background-size":"auto","background-attachment":"scroll","background-type":"","background-media":"","overlay-type":"","overlay-color":"","overlay-opacity":"","overlay-gradient":""},"tablet":{"background-color":"","background-image":"","background-repeat":"repeat","background-position":"center center","background-size":"auto","background-attachment":"scroll","background-type":"","background-media":"","overlay-type":"","overlay-color":"","overlay-opacity":"","overlay-gradient":""},"mobile":{"background-color":"","background-image":"","background-repeat":"repeat","background-position":"center center","background-size":"auto","background-attachment":"scroll","background-type":"","background-media":"","overlay-type":"","overlay-color":"","overlay-opacity":"","overlay-gradient":""}},"ast-content-background-meta":{"desktop":{"background-color":"var(--ast-global-color-5)","background-image":"","background-repeat":"repeat","background-position":"center center","background-size":"auto","background-attachment":"scroll","background-type":"","background-media":"","overlay-type":"","overlay-color":"","overlay-opacity":"","overlay-gradient":""},"tablet":{"background-color":"var(--ast-global-color-5)","background-image":"","background-repeat":"repeat","background-position":"center center","background-size":"auto","background-attachment":"scroll","background-type":"","background-media":"","overlay-type":"","overlay-color":"","overlay-opacity":"","overlay-gradient":""},"mobile":{"background-color":"var(--ast-global-color-5)","background-image":"","background-repeat":"repeat","background-position":"center center","background-size":"auto","background-attachment":"scroll","background-type":"","background-media":"","overlay-type":"","overlay-color":"","overlay-opacity":"","overlay-gradient":""}},"footnotes":""},"class_list":["post-3607","page","type-page","status-publish","hentry"],"aioseo_notices":[],"campaignId":"","_links":{"self":[{"href":"https:\/\/nudechick.online\/cs\/wp-json\/wp\/v2\/pages\/3607"}],"collection":[{"href":"https:\/\/nudechick.online\/cs\/wp-json\/wp\/v2\/pages"}],"about":[{"href":"https:\/\/nudechick.online\/cs\/wp-json\/wp\/v2\/types\/page"}],"author":[{"embeddable":true,"href":"https:\/\/nudechick.online\/cs\/wp-json\/wp\/v2\/users\/1"}],"replies":[{"embeddable":true,"href":"https:\/\/nudechick.online\/cs\/wp-json\/wp\/v2\/comments?post=3607"}],"version-history":[{"count":20,"href":"https:\/\/nudechick.online\/cs\/wp-json\/wp\/v2\/pages\/3607\/revisions"}],"predecessor-version":[{"id":4194,"href":"https:\/\/nudechick.online\/cs\/wp-json\/wp\/v2\/pages\/3607\/revisions\/4194"}],"wp:attachment":[{"href":"https:\/\/nudechick.online\/cs\/wp-json\/wp\/v2\/media?parent=3607"}],"curies":[{"name":"wp","href":"https:\/\/api.w.org\/{rel}","templated":true}]}}