{"id":4040,"date":"2024-11-19T22:58:37","date_gmt":"2024-11-19T22:58:37","guid":{"rendered":"https:\/\/nudechick.online\/?page_id=4040"},"modified":"2024-11-20T07:34:27","modified_gmt":"2024-11-20T07:34:27","slug":"kimberly-chicago","status":"publish","type":"page","link":"https:\/\/nudechick.online\/cs\/date\/kimberly-chicago\/","title":{"rendered":"Kimberly Chicago"},"content":{"rendered":"<h1><strong>Snap nah\u00e1 porno videa | Hled\u00e1n\u00ed d\u00edv\u010d\u00edch u\u017eivatelsk\u00fdch jmen<\/strong><\/h1>\n\t<p>P\u0159ipojte se ke sv\u011btu s akty snapchat. Pokud jste hledali nah\u00e9 fotky se sexy dosp\u00edvaj\u00edc\u00edmi d\u00edvkami ve v\u011bku 18+ let, pak jste na velmi dobr\u00e9m m\u00edst\u011b. Na na\u0161\u00ed platform\u011b najdete amat\u00e9rsk\u00e9 sexy fotky po\u0159\u00edzen\u00e9 nezbedn\u00fdmi nadr\u017een\u00fdmi d\u00edvkami na Snapchatu. Jako u\u017eivatel\u00e9 na\u0161\u00ed komunity m\u016f\u017eete vyhled\u00e1vat profily d\u00edvek a pos\u00edlat jim nah\u00e9 snapy zcela zdarma. Z\u00edskejte p\u0159\u00edstup k plnohodnotn\u00e9 pr\u00e9miov\u00e9 slu\u017eb\u011b pouze nyn\u00ed bez jak\u00fdchkoli poplatk\u016f a flirtujte s nadr\u017een\u00fdmi d\u00edvkami z cel\u00e9ho sv\u011bta bez placen\u00ed jak\u00fdchkoli poplatk\u016f. Pokud jste snili o snapchat sexu, pak je tato str\u00e1nka pro v\u00e1s a m\u016f\u017eete si prohl\u00ed\u017eet profily od nej\u017ehav\u011bj\u0161\u00edch \u017een z cel\u00e9ho sv\u011bta.<\/p>\n<p>Don&#8217;t wait any longer and try out hot pussy from NudeChick.com and stay with us for longer. Some of these girls have a boyfriend but love to cheat on him. Some women are also looking on our platform for a real and honest relationship that will end in marriage. You have to fuck them well to please them because they love it! Our site is a sextingfinder where you can also meet beautiful and sexy girls working on online adult webcams. If you have a bit of tokens, you can send it to them and they will masturbate in front of the webcam for you live in return. These are just a few of the possibilities that our site offers, to see it all you have to become our user and we guarantee you won&#8217;t regret it!<\/p>\n\t\t\t\t<img loading=\"lazy\" decoding=\"async\" src=\"https:\/\/nudechick.online\/wp-content\/uploads\/2024\/11\/7-1.png\" alt=\"kimberly from chicago loves doing blowjob deepthroat\" itemprop=\"image\" height=\"768\" width=\"768\" title=\"7\" onerror=\"this.style.display='none'\"  \/>\n<h2>\n\t\tKimberly, Chicago\n\t<\/h2>\n\t<p>My name is Kimberly and I live from Chicago and I love to pull a rod every day a few times each. I think I&#8217;m addicted to it. I am looking for a boyfriend who is from Chicago or New York. I&#8217;ve always dreamed of going there. My destination where I would like to live is Orlando, Florida. It&#8217;s such a small dream of mine. I am 27 years old and I like ballroom dancing. I am after studying computer science.<\/p>\n\t\t\t<a href=\"https:\/\/nudechick.online\/cs\/go\/meet\/\" target=\"_self\" rel=\"noopener\">\n\t\t\t\t\t\tFacebook\n\t\t\t\t\t<\/a>\n\t\t\t<a href=\"https:\/\/nudechick.online\/cs\/go\/meet\/\" target=\"_self\" rel=\"noopener\">\n\t\t\t\t\t\tInstagram\n\t\t\t\t\t<\/a>\n\t\t\t<a href=\"https:\/\/nudechick.online\/cs\/go\/meet\/\" target=\"_self\" rel=\"noopener\">\n\t\t\t\t\t\tSnapchat\n\t\t\t\t\t<\/a>\n\t<p>82,388<\/p>\n\t<p>N\u00e1sledovn\u00edci<\/p>\n\t<p><strong>Jsem online!<\/strong><\/p>\n<p>Pr\u016fm\u011brn\u00e1 doba odezvy 5-15 minut<\/p>\n\t\t\t<a href=\"https:\/\/nudechick.online\/cs\/go\/meet\/\" target=\"_self\" rel=\"noopener\">\n\t\t\t\t\t\t\tP\u0159ipojte se nyn\u00ed!\n\t\t\t\t\t<\/a>\n\t<h2>Hledat nah\u00e9 Snapchat Premium u\u017eivatelsk\u00e1 jm\u00e9na a Snap se sexy 18+ Teen<\/h2>\n<p>Search free snapchat nudes and cum daily with our beautiful platform. Watch xxx anal videos how our girls are fucked and enjoy access to our magical site. On this platform you will find the best snapchat nudes porn videos for free and also meet the chosen one of your life. It&#8217;s all unlimited. Meet sexy latina, sexy asian and women from all over the world with big boobs. If you also like girls who do blowjob, here we have a special category. Expose your dick and start sending nudes with the hottest chicks in the world. Masturbate together on an adult webcam and listen to the woman moan in pleasure as you send her tips and her lovense vibrator vibrates to your tips.<\/p>\n<p>Chat with girls in adult chat and exchange hot pics for free. Browse onlyfans profiles from hookers from all over the world and watch nude photos that girls send for their boyfriend on snapchat. Become a user of our platform and you won&#8217;t regret it. Many beautiful women are waiting for you. Sign up now and get full access to our platform.<\/p>","protected":false},"excerpt":{"rendered":"<p>Snap Nude Porn Videos | Search Girl Usernames For Sexting Join the world with snapchat nudes. If you were looking for nude pictures with sexy 18+ years old teen girls then you have come to a very good place. On our platform you will find amateur sexy photos taken by naughty horny girls on Snapchat. [&hellip;]<\/p>","protected":false},"author":1,"featured_media":0,"parent":4116,"menu_order":0,"comment_status":"closed","ping_status":"closed","template":"","meta":{"give_campaign_id":0,"site-sidebar-layout":"no-sidebar","site-content-layout":"page-builder","ast-site-content-layout":"full-width-container","site-content-style":"unboxed","site-sidebar-style":"unboxed","ast-global-header-display":"","ast-banner-title-visibility":"","ast-main-header-display":"","ast-hfb-above-header-display":"","ast-hfb-below-header-display":"","ast-hfb-mobile-header-display":"","site-post-title":"disabled","ast-breadcrumbs-content":"","ast-featured-img":"disabled","footer-sml-layout":"","theme-transparent-header-meta":"","adv-header-id-meta":"","stick-header-meta":"","header-above-stick-meta":"","header-main-stick-meta":"","header-below-stick-meta":"","astra-migrate-meta-layouts":"set","ast-page-background-enabled":"default","ast-page-background-meta":{"desktop":{"background-color":"","background-image":"","background-repeat":"repeat","background-position":"center center","background-size":"auto","background-attachment":"scroll","background-type":"","background-media":"","overlay-type":"","overlay-color":"","overlay-opacity":"","overlay-gradient":""},"tablet":{"background-color":"","background-image":"","background-repeat":"repeat","background-position":"center center","background-size":"auto","background-attachment":"scroll","background-type":"","background-media":"","overlay-type":"","overlay-color":"","overlay-opacity":"","overlay-gradient":""},"mobile":{"background-color":"","background-image":"","background-repeat":"repeat","background-position":"center center","background-size":"auto","background-attachment":"scroll","background-type":"","background-media":"","overlay-type":"","overlay-color":"","overlay-opacity":"","overlay-gradient":""}},"ast-content-background-meta":{"desktop":{"background-color":"var(--ast-global-color-5)","background-image":"","background-repeat":"repeat","background-position":"center center","background-size":"auto","background-attachment":"scroll","background-type":"","background-media":"","overlay-type":"","overlay-color":"","overlay-opacity":"","overlay-gradient":""},"tablet":{"background-color":"var(--ast-global-color-5)","background-image":"","background-repeat":"repeat","background-position":"center center","background-size":"auto","background-attachment":"scroll","background-type":"","background-media":"","overlay-type":"","overlay-color":"","overlay-opacity":"","overlay-gradient":""},"mobile":{"background-color":"var(--ast-global-color-5)","background-image":"","background-repeat":"repeat","background-position":"center center","background-size":"auto","background-attachment":"scroll","background-type":"","background-media":"","overlay-type":"","overlay-color":"","overlay-opacity":"","overlay-gradient":""}},"footnotes":""},"class_list":["post-4040","page","type-page","status-publish","hentry"],"aioseo_notices":[],"campaignId":"","_links":{"self":[{"href":"https:\/\/nudechick.online\/cs\/wp-json\/wp\/v2\/pages\/4040"}],"collection":[{"href":"https:\/\/nudechick.online\/cs\/wp-json\/wp\/v2\/pages"}],"about":[{"href":"https:\/\/nudechick.online\/cs\/wp-json\/wp\/v2\/types\/page"}],"author":[{"embeddable":true,"href":"https:\/\/nudechick.online\/cs\/wp-json\/wp\/v2\/users\/1"}],"replies":[{"embeddable":true,"href":"https:\/\/nudechick.online\/cs\/wp-json\/wp\/v2\/comments?post=4040"}],"version-history":[{"count":11,"href":"https:\/\/nudechick.online\/cs\/wp-json\/wp\/v2\/pages\/4040\/revisions"}],"predecessor-version":[{"id":4182,"href":"https:\/\/nudechick.online\/cs\/wp-json\/wp\/v2\/pages\/4040\/revisions\/4182"}],"up":[{"embeddable":true,"href":"https:\/\/nudechick.online\/cs\/wp-json\/wp\/v2\/pages\/4116"}],"wp:attachment":[{"href":"https:\/\/nudechick.online\/cs\/wp-json\/wp\/v2\/media?parent=4040"}],"curies":[{"name":"wp","href":"https:\/\/api.w.org\/{rel}","templated":true}]}}