{"id":4058,"date":"2024-11-18T03:59:06","date_gmt":"2024-11-18T03:59:06","guid":{"rendered":"https:\/\/nudechick.online\/?page_id=4058"},"modified":"2024-11-22T03:09:26","modified_gmt":"2024-11-22T03:09:26","slug":"kate-london","status":"publish","type":"page","link":"https:\/\/nudechick.online\/cs\/date\/kate-london\/","title":{"rendered":"Kate London"},"content":{"rendered":"<h1><strong>Evropsk\u00e1 porno videa | Sex seznamka zdarma a porno fotky<\/strong><\/h1>\n\t<p>V\u00edtejte na NudeChick. Pokud hled\u00e1te nadr\u017een\u00e9 MILF a 18 let\u00e9 teenagerky, pak je na\u0161e str\u00e1nka to, co hled\u00e1te. Prohl\u00e9dn\u011bte si \u017ehav\u00e9 blond\u00fdnky a brunetky z Evropy a \u0161ukejte s nimi ve va\u0161em m\u011bst\u011b. Na na\u0161\u00ed platform\u011b m\u00e1te p\u0159\u00edstup k obsahu, ve kter\u00e9m najdete \u017eeny z cel\u00e9ho sv\u011bta. Hledejte rusk\u00e9, n\u011bmeck\u00e9, polsk\u00e9, francouzsk\u00e9 a mnoho dal\u0161\u00edch \u017een z cel\u00e9ho sv\u011bta. Z\u00edskejte p\u0159\u00edstup k hardcore pr\u00e9miov\u00e9mu obsahu s amat\u00e9rskou d\u00edvkou zcela zdarma bez omezen\u00ed! Jedin\u00e9, co mus\u00edte ud\u011blat, je zaregistrovat si bezplatn\u00fd \u00fa\u010det, abyste z\u00edskali mo\u017enost p\u0159\u00edstupu k ve\u0161ker\u00e9mu obsahu na\u0161\u00ed platformy. Komunikujte s nadr\u017een\u00fdmi d\u00edvkami a pos\u00edlejte nah\u00e9 fotky zcela zdarma. Dr\u00e1\u017ed\u011bte je v chatu pro dosp\u011bl\u00e9 a hledejte \u017eeny, kter\u00e9 v\u00e1m ve va\u0161em m\u011bst\u011b ud\u011blaj\u00ed or\u00e1l. Krom\u011b toho m\u016f\u017eete sledovat amat\u00e9rsk\u00e1 porno videa v HD rozli\u0161en\u00ed. Sta\u0148te se na\u0161\u00edm u\u017eivatelem hned te\u010f a my v\u00e1m zaru\u010dujeme, \u017ee toho nebudete litovat!<\/p>\n\t\t\t\t<img loading=\"lazy\" decoding=\"async\" src=\"https:\/\/nudechick.online\/wp-content\/uploads\/2024\/11\/4-1.png\" alt=\"4\" itemprop=\"image\" height=\"1152\" width=\"768\" title=\"4\" onerror=\"this.style.display='none'\"  \/>\n<h2>\n\t\tKate, London\n\t<\/h2>\n\t<p>Hey my name is Kate and I am from London. I like doggie sex and most of all I would like to be fucked by two guys in two holes. Three guys and being taken in the mouth is probably too much hahaha but I don&#8217;t know. We can meet in Camden Town if you want I will suck the last juices out of your cock. I am 23 years old by the way hahahaha.<\/p>\n\t\t\t<a href=\"https:\/\/nudechick.online\/cs\/go\/meet\/\" target=\"_self\" rel=\"noopener\">\n\t\t\t\t\t\tFacebook\n\t\t\t\t\t<\/a>\n\t\t\t<a href=\"https:\/\/nudechick.online\/cs\/go\/meet\/\" target=\"_self\" rel=\"noopener\">\n\t\t\t\t\t\tInstagram\n\t\t\t\t\t<\/a>\n\t\t\t<a href=\"https:\/\/nudechick.online\/cs\/go\/meet\/\" target=\"_self\" rel=\"noopener\">\n\t\t\t\t\t\tSnapchat\n\t\t\t\t\t<\/a>\n\t<p>67,873<\/p>\n\t<p>N\u00e1sledovn\u00edci<\/p>\n\t<p><strong>Jsem online!<\/strong><\/p>\n<p>Pr\u016fm\u011brn\u00e1 doba odezvy 5-10 minut<\/p>\n\t\t\t<a href=\"https:\/\/nudechick.online\/cs\/go\/meet\/\" target=\"_self\" rel=\"noopener\">\n\t\t\t\t\t\t\tP\u0159ipojte se nyn\u00ed!\n\t\t\t\t\t<\/a>\n\t<h2>Vyhled\u00e1v\u00e1n\u00ed hardcore a amat\u00e9rsk\u00e9ho euro porna s evropsk\u00fdmi d\u00edvkami a rand\u011bn\u00ed s nimi<\/h2>\n<p>Search European girl and watch amateur sex videos from girl from europe. Date girls sex from czech republic and give them the best fucking they can imagine. In addition, you can watch girls who like anal sex and would like to get your cock in their ass. Don&#8217;t wait any longer and fuck them all. Sign up and become our member with beautiful hottest european babes. Make a date with them, invite them to a movie or a drink and fuck them on the beach or in a hotel, and if you are looking for a traditional long-term relationship, you can find one here too.<\/p>\n<p>In addition to girls who like sex without commitment, you can also find models who work in online adult camming and masturbate live with us. If you give such a girl a tip she will undress in front of you and put her fingers in your ass or cunt and warm your dick up. This is something you must also try if the girl you like is from another country. This is the best option to see a naked woman online. Don&#8217;t wait any longer and register now! Eastern European girls are waiting for you.<\/p>","protected":false},"excerpt":{"rendered":"<p>European Porn Videos | Free Sex Dating Site And Porn Pics Welcome to NudeChick. If you are looking for horny milf and 18 year old teen girls then our site is what you are looking for. Browse hot blonde and brunette European girls and fuck them in your city. On our platform you have access [&hellip;]<\/p>","protected":false},"author":1,"featured_media":0,"parent":4116,"menu_order":0,"comment_status":"closed","ping_status":"closed","template":"","meta":{"give_campaign_id":0,"site-sidebar-layout":"no-sidebar","site-content-layout":"page-builder","ast-site-content-layout":"full-width-container","site-content-style":"unboxed","site-sidebar-style":"unboxed","ast-global-header-display":"","ast-banner-title-visibility":"","ast-main-header-display":"","ast-hfb-above-header-display":"","ast-hfb-below-header-display":"","ast-hfb-mobile-header-display":"","site-post-title":"disabled","ast-breadcrumbs-content":"","ast-featured-img":"disabled","footer-sml-layout":"","theme-transparent-header-meta":"","adv-header-id-meta":"","stick-header-meta":"","header-above-stick-meta":"","header-main-stick-meta":"","header-below-stick-meta":"","astra-migrate-meta-layouts":"set","ast-page-background-enabled":"default","ast-page-background-meta":{"desktop":{"background-color":"","background-image":"","background-repeat":"repeat","background-position":"center center","background-size":"auto","background-attachment":"scroll","background-type":"","background-media":"","overlay-type":"","overlay-color":"","overlay-opacity":"","overlay-gradient":""},"tablet":{"background-color":"","background-image":"","background-repeat":"repeat","background-position":"center center","background-size":"auto","background-attachment":"scroll","background-type":"","background-media":"","overlay-type":"","overlay-color":"","overlay-opacity":"","overlay-gradient":""},"mobile":{"background-color":"","background-image":"","background-repeat":"repeat","background-position":"center center","background-size":"auto","background-attachment":"scroll","background-type":"","background-media":"","overlay-type":"","overlay-color":"","overlay-opacity":"","overlay-gradient":""}},"ast-content-background-meta":{"desktop":{"background-color":"var(--ast-global-color-5)","background-image":"","background-repeat":"repeat","background-position":"center center","background-size":"auto","background-attachment":"scroll","background-type":"","background-media":"","overlay-type":"","overlay-color":"","overlay-opacity":"","overlay-gradient":""},"tablet":{"background-color":"var(--ast-global-color-5)","background-image":"","background-repeat":"repeat","background-position":"center center","background-size":"auto","background-attachment":"scroll","background-type":"","background-media":"","overlay-type":"","overlay-color":"","overlay-opacity":"","overlay-gradient":""},"mobile":{"background-color":"var(--ast-global-color-5)","background-image":"","background-repeat":"repeat","background-position":"center center","background-size":"auto","background-attachment":"scroll","background-type":"","background-media":"","overlay-type":"","overlay-color":"","overlay-opacity":"","overlay-gradient":""}},"footnotes":""},"class_list":["post-4058","page","type-page","status-publish","hentry"],"aioseo_notices":[],"campaignId":"","_links":{"self":[{"href":"https:\/\/nudechick.online\/cs\/wp-json\/wp\/v2\/pages\/4058"}],"collection":[{"href":"https:\/\/nudechick.online\/cs\/wp-json\/wp\/v2\/pages"}],"about":[{"href":"https:\/\/nudechick.online\/cs\/wp-json\/wp\/v2\/types\/page"}],"author":[{"embeddable":true,"href":"https:\/\/nudechick.online\/cs\/wp-json\/wp\/v2\/users\/1"}],"replies":[{"embeddable":true,"href":"https:\/\/nudechick.online\/cs\/wp-json\/wp\/v2\/comments?post=4058"}],"version-history":[{"count":9,"href":"https:\/\/nudechick.online\/cs\/wp-json\/wp\/v2\/pages\/4058\/revisions"}],"predecessor-version":[{"id":4187,"href":"https:\/\/nudechick.online\/cs\/wp-json\/wp\/v2\/pages\/4058\/revisions\/4187"}],"up":[{"embeddable":true,"href":"https:\/\/nudechick.online\/cs\/wp-json\/wp\/v2\/pages\/4116"}],"wp:attachment":[{"href":"https:\/\/nudechick.online\/cs\/wp-json\/wp\/v2\/media?parent=4058"}],"curies":[{"name":"wp","href":"https:\/\/api.w.org\/{rel}","templated":true}]}}