{"id":4199,"date":"2025-02-18T09:17:02","date_gmt":"2025-02-18T09:17:02","guid":{"rendered":"https:\/\/nudechick.online\/?page_id=4199"},"modified":"2025-02-18T09:18:06","modified_gmt":"2025-02-18T09:18:06","slug":"dmca","status":"publish","type":"page","link":"https:\/\/nudechick.online\/cs\/dmca\/","title":{"rendered":"DMCA"},"content":{"rendered":"<h1>DMCA Policy<\/h1>\n<p>Respektujeme pr\u00e1va du\u0161evn\u00edho vlastnictv\u00ed ostatn\u00edch a dodr\u017eujeme z\u00e1kon Digital Millennium Copyright Act (DMCA). Pokud se domn\u00edv\u00e1te, \u017ee v\u00e1\u0161 materi\u00e1l chr\u00e1n\u011bn\u00fd autorsk\u00fdmi pr\u00e1vy byl na na\u0161ich webov\u00fdch str\u00e1nk\u00e1ch pou\u017eit zp\u016fsobem, kter\u00fd p\u0159edstavuje poru\u0161en\u00ed autorsk\u00fdch pr\u00e1v, za\u0161lete n\u00e1m p\u00edsemn\u00e9 ozn\u00e1men\u00ed obsahuj\u00edc\u00ed n\u00e1sleduj\u00edc\u00ed informace: Identifikaci d\u00edla chr\u00e1n\u011bn\u00e9ho autorsk\u00fdmi pr\u00e1vy, o kter\u00e9m tvrd\u00edte, \u017ee bylo poru\u0161eno.Identifikaci materi\u00e1lu, kter\u00fd je \u00fadajn\u011b poru\u0161en, v\u010detn\u011b jeho um\u00edst\u011bn\u00ed na na\u0161ich webov\u00fdch str\u00e1nk\u00e1ch. Va\u0161e kontaktn\u00ed \u00fadaje (jm\u00e9no, adresa, e-mail, telefonn\u00ed \u010d\u00edslo). Prohl\u00e1\u0161en\u00ed, \u017ee jste v dobr\u00e9 v\u00ed\u0159e p\u0159esv\u011bd\u010deni, \u017ee pou\u017eit\u00ed materi\u00e1lu nen\u00ed povoleno vlastn\u00edkem autorsk\u00fdch pr\u00e1v, jeho z\u00e1stupcem nebo z\u00e1konem. Prohl\u00e1\u0161en\u00ed pod trestem k\u0159iv\u00e9 p\u0159\u00edsahy, \u017ee informace ve va\u0161em ozn\u00e1men\u00ed jsou p\u0159esn\u00e9 a \u017ee jste vlastn\u00edkem autorsk\u00fdch pr\u00e1v nebo jste opr\u00e1vn\u011bni jednat jeho jm\u00e9nem. V\u00e1\u0161 fyzick\u00fd nebo elektronick\u00fd podpis.<\/p>\n<p>Ozn\u00e1men\u00ed DMCA za\u0161lete na adresu [info@nudechick.online]. Na v\u0161echny platn\u00e9 po\u017eadavky DMCA budeme neprodlen\u011b reagovat, v\u010detn\u011b p\u0159\u00edpadn\u00e9ho odstran\u011bn\u00ed materi\u00e1lu poru\u0161uj\u00edc\u00edho autorsk\u00e1 pr\u00e1va.<\/p>","protected":false},"excerpt":{"rendered":"<p>DMCA Policy We respect the intellectual property rights of others and comply with the Digital Millennium Copyright Act (DMCA). If you believe that your copyrighted material has been used in a way that constitutes copyright infringement on our website, please provide us with a written notice including the following: Identification of the copyrighted work you [&hellip;]<\/p>","protected":false},"author":1,"featured_media":0,"parent":0,"menu_order":0,"comment_status":"closed","ping_status":"closed","template":"","meta":{"give_campaign_id":0,"site-sidebar-layout":"no-sidebar","site-content-layout":"page-builder","ast-site-content-layout":"full-width-container","site-content-style":"unboxed","site-sidebar-style":"unboxed","ast-global-header-display":"","ast-banner-title-visibility":"","ast-main-header-display":"","ast-hfb-above-header-display":"","ast-hfb-below-header-display":"","ast-hfb-mobile-header-display":"","site-post-title":"disabled","ast-breadcrumbs-content":"","ast-featured-img":"disabled","footer-sml-layout":"","theme-transparent-header-meta":"","adv-header-id-meta":"","stick-header-meta":"","header-above-stick-meta":"","header-main-stick-meta":"","header-below-stick-meta":"","astra-migrate-meta-layouts":"set","ast-page-background-enabled":"default","ast-page-background-meta":{"desktop":{"background-color":"","background-image":"","background-repeat":"repeat","background-position":"center center","background-size":"auto","background-attachment":"scroll","background-type":"","background-media":"","overlay-type":"","overlay-color":"","overlay-opacity":"","overlay-gradient":""},"tablet":{"background-color":"","background-image":"","background-repeat":"repeat","background-position":"center center","background-size":"auto","background-attachment":"scroll","background-type":"","background-media":"","overlay-type":"","overlay-color":"","overlay-opacity":"","overlay-gradient":""},"mobile":{"background-color":"","background-image":"","background-repeat":"repeat","background-position":"center center","background-size":"auto","background-attachment":"scroll","background-type":"","background-media":"","overlay-type":"","overlay-color":"","overlay-opacity":"","overlay-gradient":""}},"ast-content-background-meta":{"desktop":{"background-color":"var(--ast-global-color-5)","background-image":"","background-repeat":"repeat","background-position":"center center","background-size":"auto","background-attachment":"scroll","background-type":"","background-media":"","overlay-type":"","overlay-color":"","overlay-opacity":"","overlay-gradient":""},"tablet":{"background-color":"var(--ast-global-color-5)","background-image":"","background-repeat":"repeat","background-position":"center center","background-size":"auto","background-attachment":"scroll","background-type":"","background-media":"","overlay-type":"","overlay-color":"","overlay-opacity":"","overlay-gradient":""},"mobile":{"background-color":"var(--ast-global-color-5)","background-image":"","background-repeat":"repeat","background-position":"center center","background-size":"auto","background-attachment":"scroll","background-type":"","background-media":"","overlay-type":"","overlay-color":"","overlay-opacity":"","overlay-gradient":""}},"footnotes":""},"class_list":["post-4199","page","type-page","status-publish","hentry"],"aioseo_notices":[],"campaignId":"","_links":{"self":[{"href":"https:\/\/nudechick.online\/cs\/wp-json\/wp\/v2\/pages\/4199"}],"collection":[{"href":"https:\/\/nudechick.online\/cs\/wp-json\/wp\/v2\/pages"}],"about":[{"href":"https:\/\/nudechick.online\/cs\/wp-json\/wp\/v2\/types\/page"}],"author":[{"embeddable":true,"href":"https:\/\/nudechick.online\/cs\/wp-json\/wp\/v2\/users\/1"}],"replies":[{"embeddable":true,"href":"https:\/\/nudechick.online\/cs\/wp-json\/wp\/v2\/comments?post=4199"}],"version-history":[{"count":3,"href":"https:\/\/nudechick.online\/cs\/wp-json\/wp\/v2\/pages\/4199\/revisions"}],"predecessor-version":[{"id":4203,"href":"https:\/\/nudechick.online\/cs\/wp-json\/wp\/v2\/pages\/4199\/revisions\/4203"}],"wp:attachment":[{"href":"https:\/\/nudechick.online\/cs\/wp-json\/wp\/v2\/media?parent=4199"}],"curies":[{"name":"wp","href":"https:\/\/api.w.org\/{rel}","templated":true}]}}