{"id":3607,"date":"2024-11-06T20:45:33","date_gmt":"2024-11-06T20:45:33","guid":{"rendered":"https:\/\/nudechick.online\/home\/"},"modified":"2024-11-21T09:06:17","modified_gmt":"2024-11-21T09:06:17","slug":"home","status":"publish","type":"page","link":"https:\/\/nudechick.online\/da\/","title":{"rendered":"Home"},"content":{"rendered":"<h1>\n\t\tBedste n\u00f8genbilleder fra n\u00f8gne kvinder | billeder af n\u00f8gne piger\n\t<\/h1>\n\t\t\t<a href=\"https:\/\/nudechick.online\/da\/go\/join\/\" target=\"_self\" role=\"button\" rel=\"noopener\">\n\t\t\t\t\t\tDeltag nu\n\t\t<\/a>\n\t<p>&nbsp;<\/p>\n<p>Se gratis pornobilleder fra hotte og sexede n\u00f8gne kvinder.   Hvis du ledte efter en hjemmeside, hvor du kan se amat\u00f8rpornovideoer og kneppe fisse fra hele verden, s\u00e5 er du p\u00e5 det perfekte sted, og vores side vil opfylde dine st\u00f8rste forventninger. Vi er en TOP-side med n\u00f8genbilleder, og vi tilbyder alt gratis. Bliv hos os i lang tid og se n\u00f8gne kvinder fra Rusland og mange andre lande.<\/p>\n<p>Ud over traditionelle n\u00f8genbilleder og pornovideoer kan du ogs\u00e5 chatte med piger online stort set 24 timer i d\u00f8gnet. Mange hotte piger er tilg\u00e6ngelige og klar til at have en erotisk chat med dig. Hvis du har lyst, kan du ogs\u00e5 se dem p\u00e5 voksen-webcams, hvor de viser dig deres fisse eller masturberer sig selv med deres dildo.<\/p>\n<p>If you like a girl, you can also exchange nude photos with your days or send videos through our messenger. We give you the opportunity to use our platform completely free and without any limit. It&#8217;s only up to you if you take the chance to meet a new sexy girl to fuck, a wife who likes anal or just a quick sex in a hotel.<\/p>\n\t\t\t\t<img loading=\"lazy\" decoding=\"async\" src=\"https:\/\/nudechick.online\/wp-content\/uploads\/2024\/11\/5-231x300.png\" alt=\"5\" itemprop=\"image\" height=\"300\" width=\"231\" title=\"5\" onerror=\"this.style.display='none'\"  \/>\n\t<p>Ania (Cracow)<\/p>\n\t\t\t<a href=\"https:\/\/nudechick.online\/da\/date\/ania-cracow\/\" target=\"_self\" rel=\"noopener\">\n\t\t\t\t\t\tTjek profil\n\t\t\t\t\t<\/a>\n\t\t\t<a href=\"https:\/\/nudechick.online\/da\/go\/join\/\" target=\"_self\" rel=\"noopener\">\n\t\t\t\t\t\tM\u00f8d hende nu!\n\t\t\t\t\t<\/a>\n\t\t\t\t<img loading=\"lazy\" decoding=\"async\" src=\"https:\/\/nudechick.online\/wp-content\/uploads\/2024\/11\/3-204x300.jpg\" alt=\"3\" itemprop=\"image\" height=\"300\" width=\"204\" title=\"3\" onerror=\"this.style.display='none'\"  \/>\n\t<p>Monica (Oslo)<\/p>\n\t\t\t<a href=\"https:\/\/nudechick.online\/da\/date\/monica-oslo\/\" target=\"_self\" rel=\"noopener\">\n\t\t\t\t\t\tTjek profil\n\t\t\t\t\t<\/a>\n\t\t\t<a href=\"https:\/\/nudechick.online\/da\/go\/join\/\" target=\"_self\" rel=\"noopener\">\n\t\t\t\t\t\tM\u00f8d hende nu!\n\t\t\t\t\t<\/a>\n\t\t\t\t<img loading=\"lazy\" decoding=\"async\" src=\"https:\/\/nudechick.online\/wp-content\/uploads\/2024\/11\/7.png\" alt=\"7\" itemprop=\"image\" height=\"768\" width=\"768\" title=\"7\" onerror=\"this.style.display='none'\"  \/>\n\t<p>Kimberly (Chicago)<\/p>\n\t\t\t<a href=\"https:\/\/nudechick.online\/da\/date\/kimberly-chicago\/\" target=\"_self\" rel=\"noopener\">\n\t\t\t\t\t\tTjek profil\n\t\t\t\t\t<\/a>\n\t\t\t<a href=\"https:\/\/nudechick.online\/da\/go\/join\/\" target=\"_self\" rel=\"noopener\">\n\t\t\t\t\t\tM\u00f8d hende nu!\n\t\t\t\t\t<\/a>\n\t\t\t\t<img loading=\"lazy\" decoding=\"async\" src=\"https:\/\/nudechick.online\/wp-content\/uploads\/2024\/11\/6-200x300.png\" alt=\"6\" itemprop=\"image\" height=\"300\" width=\"200\" title=\"6\" onerror=\"this.style.display='none'\"  \/>\n\t<p>Robelyn (Toronto)<\/p>\n\t\t\t<a href=\"https:\/\/nudechick.online\/da\/date\/robelyn-toronto\/\" target=\"_self\" rel=\"noopener\">\n\t\t\t\t\t\tTjek profil\n\t\t\t\t\t<\/a>\n\t\t\t<a href=\"https:\/\/nudechick.online\/da\/go\/join\/\" target=\"_self\" rel=\"noopener\">\n\t\t\t\t\t\tM\u00f8d hende nu!\n\t\t\t\t\t<\/a>\n\t\t\t\t<img loading=\"lazy\" decoding=\"async\" src=\"https:\/\/nudechick.online\/wp-content\/uploads\/2024\/11\/2-1-231x300.jpg\" alt=\"doggystyle in bed with stephanie manchester\" itemprop=\"image\" height=\"300\" width=\"231\" title=\"2\" onerror=\"this.style.display='none'\"  \/>\n\t<p>Stephanie (Manchester)<\/p>\n\t\t\t<a href=\"https:\/\/nudechick.online\/da\/date\/stephanie-manchester\/\" target=\"_self\" rel=\"noopener\">\n\t\t\t\t\t\tTjek profil\n\t\t\t\t\t<\/a>\n\t\t\t<a href=\"https:\/\/nudechick.online\/da\/go\/join\/\" target=\"_self\" rel=\"noopener\">\n\t\t\t\t\t\tM\u00f8d hende nu!\n\t\t\t\t\t<\/a>\n\t\t\t\t<img loading=\"lazy\" decoding=\"async\" src=\"https:\/\/nudechick.online\/wp-content\/uploads\/2024\/11\/1-1-206x300.jpg\" alt=\"1\" itemprop=\"image\" height=\"300\" width=\"206\" title=\"1\" onerror=\"this.style.display='none'\"  \/>\n\t<p>Bella (Hamburg)<\/p>\n\t\t\t<a href=\"https:\/\/nudechick.online\/da\/date\/bella-hamburg\/\" target=\"_self\" rel=\"noopener\">\n\t\t\t\t\t\tTjek profil\n\t\t\t\t\t<\/a>\n\t\t\t<a href=\"https:\/\/nudechick.online\/da\/go\/join\/\" target=\"_self\" rel=\"noopener\">\n\t\t\t\t\t\tM\u00f8d hende nu!\n\t\t\t\t\t<\/a>\n\t\t\t\t<img loading=\"lazy\" decoding=\"async\" src=\"https:\/\/nudechick.online\/wp-content\/uploads\/2024\/11\/4-200x300.png\" alt=\"4\" itemprop=\"image\" height=\"300\" width=\"200\" title=\"4\" onerror=\"this.style.display='none'\"  \/>\n\t<p>Kate (London)<\/p>\n\t\t\t<a href=\"https:\/\/nudechick.online\/da\/date\/kate-london\/\" target=\"_self\" rel=\"noopener\">\n\t\t\t\t\t\tTjek profil\n\t\t\t\t\t<\/a>\n\t\t\t<a href=\"https:\/\/nudechick.online\/da\/go\/join\/\" target=\"_self\" rel=\"noopener\">\n\t\t\t\t\t\tM\u00f8d hende nu!\n\t\t\t\t\t<\/a>\n\t\t\t\t<img loading=\"lazy\" decoding=\"async\" src=\"https:\/\/nudechick.online\/wp-content\/uploads\/2024\/11\/8-225x300.png\" alt=\"8\" itemprop=\"image\" height=\"300\" width=\"225\" title=\"8\" onerror=\"this.style.display='none'\"  \/>\n\t<p>Princess (Tijuana)<\/p>\n\t\t\t<a href=\"https:\/\/nudechick.online\/da\/date\/princess-tijuana\/\" target=\"_self\" rel=\"noopener\">\n\t\t\t\t\t\tTjek profil\n\t\t\t\t\t<\/a>\n\t\t\t<a href=\"https:\/\/nudechick.online\/da\/go\/join\/\" target=\"_self\" rel=\"noopener\">\n\t\t\t\t\t\tM\u00f8d hende nu!\n\t\t\t\t\t<\/a>\n\t\t\t<h2>\n\t\t\t\t\tHvorfor har Nudechick de bedste n\u00f8genbilleder og pornovideoer?\n\t\t\t\t<\/h2>\n\t<p>P\u00e5 vores side finder du de hotteste og mest sexede kvinder fra hele verden.<\/p>\n\t<p>Access to the full service allows you to view private nude photos and amateur porn videos with authentic girls from your city or country. In addition, you can browse girls&#8217; profiles and add them to social media such as Whatsapp, Snapchat or Facebook, or simply text with horny bitches through our live chat.<\/p>\n\t<p>Bliv vores bruger og kig p\u00e5 piger i brusebadet eller aftal en date og knep dem i parken. Opret en gratis konto nu og nyd ubegr\u00e6nset visning af de mest sexede piger fra Asien eller Sydamerika. F\u00e5 fuld adgang til et stort f\u00e6llesskab af sexglade mennesker, og g\u00e5 p\u00e5 date eller find en partner til et forhold.<\/p>\n\t\t\t\t<img loading=\"lazy\" decoding=\"async\" src=\"https:\/\/nudechick.online\/wp-content\/uploads\/2024\/11\/2.jpg\" alt=\"sexet teenager doggystyle\" itemprop=\"image\" height=\"1230\" width=\"948\" title=\"2\" onerror=\"this.style.display='none'\"  \/>\n\t\t\t\t<img loading=\"lazy\" decoding=\"async\" src=\"https:\/\/nudechick.online\/wp-content\/uploads\/2024\/11\/1.jpg\" alt=\"n\u00f8gen lak chick\" itemprop=\"image\" height=\"1237\" width=\"849\" title=\"1\" onerror=\"this.style.display='none'\"  \/>\n\t\t\t<a href=\"https:\/\/nudechick.online\/da\/go\/join\/\" target=\"_self\" role=\"button\" rel=\"noopener\">\n\t\t\t\t\t\tDeltag nu\n\t\t<\/a>\n\t<h2><strong>Se n\u00f8gne kvinders pornobilleder og tilmeld dig gratis<\/strong><\/h2>\n<p>Vores side giver dig mulighed for at se billeder af smukke, hotte og sexede n\u00f8gne piger helt gratis, og alt hvad du skal g\u00f8re for at f\u00e5 adgang til galleriet er at registrere en gratis konto. Dette er det eneste, der adskiller dig fra at se smukke damer og modeller.  V\u00e6r klar til at kneppe. Bliv medlem af vores f\u00e6llesskab og v\u00e6r en aktiv bruger. Nyd beh\u00e5rede og dristige fisser fra hele verden!<\/p>\n<p>De hotteste n\u00f8genbilleder fra liderlige t\u00f8ser venter p\u00e5 dig. Se amat\u00f8rvideoer, hvor en 18-\u00e5rig pige bliver kneppet af sin k\u00e6reste og masturberer. Vi har nyt indhold hver dag, som du aldrig vil kede dig med, og hvis du foretr\u00e6kker live sex, s\u00e5 m\u00f8d modeller, der viser deres kroppe frem p\u00e5 online sexkameraer, og pr\u00f8v online sex i realtid.<\/p>\n\t\t\t<h2>\n\t\t\t\t\tSend beskeder og udveksl snap nudes med vores piger\n\t\t\t\t<\/h2>\n<h5>\n\t\t01.\n\t<\/h5>\n\t\t\t<h3>\n\t\t\t\t\t&#8211; Find your best girl\n\t\t\t\t<\/h3>\n\t\t\t<p>Find profilen p\u00e5 den pige, du er interesseret i, og se hendes interesser. Blandt amat\u00f8rpiger p\u00e5 vores side kan du ogs\u00e5 finde modeller, der kl\u00e6der sig af p\u00e5 webkameraer. Det vigtigste er, at du finder en pige, der leder efter pr\u00e6cis det, du leder efter.<\/p>\n<h5>\n\t\t02.\n\t<\/h5>\n\t\t\t<h3>\n\t\t\t\t\t&#8211; Add people to friends\n\t\t\t\t<\/h3>\n\t\t\t<p>If a girl likes you and is interested in having sex or showing her pussy on a webcam then you shouldn&#8217;t wait any longer! Our conversations are fully encrypted and only you and the girl you are writing with have access to your messages. We are committed to making users feel completely safe on our site.<\/p>\n<h5>\n\t\t03.\n\t<\/h5>\n\t\t\t<h3>\n\t\t\t\t\t&#8211; Exchange nude photos\n\t\t\t\t<\/h3>\n\t\t\t<p>Hvis den kvinde, du kan lide, ogs\u00e5 er interesseret i at sende n\u00f8genbilleder eller videoer af hende, der onanerer, vil du ogs\u00e5 kunne g\u00f8re det p\u00e5 vores side uden nogen begr\u00e6nsninger. Bare f\u00f8l dig hjemme her og s\u00f8g efter dine dr\u00f8mmekvinder.<\/p>\n\t\t\t<a href=\"https:\/\/nudechick.online\/da\/go\/join\/\" target=\"_self\" role=\"button\" rel=\"noopener\">\n\t\t\t\t\t\tDeltag nu\n\t\t<\/a>","protected":false},"excerpt":{"rendered":"<p>Best Nude Pics From Naked Women | Nude Girls Photos Join now &nbsp; Watch free porn pics from hot and sexy nude women. \u00a0 If you were looking for a website where you can watch amateur porn videos and fuck pussy from all over the world then you are in the perfect place, and our [&hellip;]<\/p>","protected":false},"author":1,"featured_media":0,"parent":0,"menu_order":0,"comment_status":"closed","ping_status":"closed","template":"","meta":{"give_campaign_id":0,"site-sidebar-layout":"no-sidebar","site-content-layout":"page-builder","ast-site-content-layout":"full-width-container","site-content-style":"unboxed","site-sidebar-style":"unboxed","ast-global-header-display":"","ast-banner-title-visibility":"","ast-main-header-display":"","ast-hfb-above-header-display":"","ast-hfb-below-header-display":"","ast-hfb-mobile-header-display":"","site-post-title":"disabled","ast-breadcrumbs-content":"","ast-featured-img":"disabled","footer-sml-layout":"","theme-transparent-header-meta":"","adv-header-id-meta":"","stick-header-meta":"","header-above-stick-meta":"","header-main-stick-meta":"","header-below-stick-meta":"","astra-migrate-meta-layouts":"set","ast-page-background-enabled":"default","ast-page-background-meta":{"desktop":{"background-color":"","background-image":"","background-repeat":"repeat","background-position":"center center","background-size":"auto","background-attachment":"scroll","background-type":"","background-media":"","overlay-type":"","overlay-color":"","overlay-opacity":"","overlay-gradient":""},"tablet":{"background-color":"","background-image":"","background-repeat":"repeat","background-position":"center center","background-size":"auto","background-attachment":"scroll","background-type":"","background-media":"","overlay-type":"","overlay-color":"","overlay-opacity":"","overlay-gradient":""},"mobile":{"background-color":"","background-image":"","background-repeat":"repeat","background-position":"center center","background-size":"auto","background-attachment":"scroll","background-type":"","background-media":"","overlay-type":"","overlay-color":"","overlay-opacity":"","overlay-gradient":""}},"ast-content-background-meta":{"desktop":{"background-color":"var(--ast-global-color-5)","background-image":"","background-repeat":"repeat","background-position":"center center","background-size":"auto","background-attachment":"scroll","background-type":"","background-media":"","overlay-type":"","overlay-color":"","overlay-opacity":"","overlay-gradient":""},"tablet":{"background-color":"var(--ast-global-color-5)","background-image":"","background-repeat":"repeat","background-position":"center center","background-size":"auto","background-attachment":"scroll","background-type":"","background-media":"","overlay-type":"","overlay-color":"","overlay-opacity":"","overlay-gradient":""},"mobile":{"background-color":"var(--ast-global-color-5)","background-image":"","background-repeat":"repeat","background-position":"center center","background-size":"auto","background-attachment":"scroll","background-type":"","background-media":"","overlay-type":"","overlay-color":"","overlay-opacity":"","overlay-gradient":""}},"footnotes":""},"class_list":["post-3607","page","type-page","status-publish","hentry"],"aioseo_notices":[],"campaignId":"","_links":{"self":[{"href":"https:\/\/nudechick.online\/da\/wp-json\/wp\/v2\/pages\/3607"}],"collection":[{"href":"https:\/\/nudechick.online\/da\/wp-json\/wp\/v2\/pages"}],"about":[{"href":"https:\/\/nudechick.online\/da\/wp-json\/wp\/v2\/types\/page"}],"author":[{"embeddable":true,"href":"https:\/\/nudechick.online\/da\/wp-json\/wp\/v2\/users\/1"}],"replies":[{"embeddable":true,"href":"https:\/\/nudechick.online\/da\/wp-json\/wp\/v2\/comments?post=3607"}],"version-history":[{"count":20,"href":"https:\/\/nudechick.online\/da\/wp-json\/wp\/v2\/pages\/3607\/revisions"}],"predecessor-version":[{"id":4194,"href":"https:\/\/nudechick.online\/da\/wp-json\/wp\/v2\/pages\/3607\/revisions\/4194"}],"wp:attachment":[{"href":"https:\/\/nudechick.online\/da\/wp-json\/wp\/v2\/media?parent=3607"}],"curies":[{"name":"wp","href":"https:\/\/api.w.org\/{rel}","templated":true}]}}