{"id":4052,"date":"2024-11-17T23:09:46","date_gmt":"2024-11-17T23:09:46","guid":{"rendered":"https:\/\/nudechick.online\/?page_id=4052"},"modified":"2024-11-22T02:54:56","modified_gmt":"2024-11-22T02:54:56","slug":"bella-hamburg","status":"publish","type":"page","link":"https:\/\/nudechick.online\/da\/date\/bella-hamburg\/","title":{"rendered":"Bella Hamburg"},"content":{"rendered":"<h1><strong>Polen Pornovideoer | Sexdate med pige fra Polen<\/strong><\/h1>\n\t<p>M\u00f8d Bella fra Hamborg. En pige, der er f\u00f8dt i Polen og taler polsk og tysk. Hvis du er interesseret i at m\u00f8de piger af polsk afstamning, s\u00e5 er du p\u00e5 et meget godt sted, og du vil f\u00e5 alt, hvad du leder efter her. Ud over hotte piger, der leder efter et traditionelt langvarigt forhold og en k\u00e6reste til et permanent forhold, er der ogs\u00e5 piger p\u00e5 vores side, der bare kan lide at f\u00e5 et knald. Bella er en s\u00e5dan pige, der elsker sex. Denne k\u00e6lling er amat\u00f8r og er 18 \u00e5r gammel, med en smuk barberet fisse og et meget saftigt r\u00f8vhul. Hun er klar til at blive kneppet s\u00e5 h\u00e5rdt, som polske piger kan lide. Se gratis pon-videoer med hende og udspioner hende, hvordan hun tager et brusebad. Dette indhold er premium og ikke tilg\u00e6ngeligt for alle. F\u00f8rst nu kan du f\u00e5 fuldgyldig adgang til hele platformen gratis uden skjulte omkostninger. Pr\u00f8v polsk amat\u00f8rpige og polsk milf, som er ekstremt hotte og betragtes som en af de mest sexede piger i verden.<\/p>\n\t\t\t\t<img loading=\"lazy\" decoding=\"async\" src=\"https:\/\/nudechick.online\/wp-content\/uploads\/2024\/11\/1-2.jpg\" alt=\"bella showing boobs in hotel in hamburg\" itemprop=\"image\" height=\"1237\" width=\"849\" title=\"1\" onerror=\"this.style.display='none'\"  \/>\n<h2>\n\t\tBella, Hamburg\n\t<\/h2>\n\t<p>Hey, my name is Bella and I&#8217;m from Warsaw. I&#8217;m currently living in Hamburg and looking for a boyfriend for a long term relationship, I like listening to rap music and watching netflix. Breaks from movies are best filled in hot sex. I also like to do long blowjob.<\/p>\n\t\t\t<a href=\"https:\/\/nudechick.online\/da\/go\/meet\/\" target=\"_self\" rel=\"noopener\">\n\t\t\t\t\t\tFacebook\n\t\t\t\t\t<\/a>\n\t\t\t<a href=\"https:\/\/nudechick.online\/da\/go\/meet\/\" target=\"_self\" rel=\"noopener\">\n\t\t\t\t\t\tInstagram\n\t\t\t\t\t<\/a>\n\t\t\t<a href=\"https:\/\/nudechick.online\/da\/go\/meet\/\" target=\"_self\" rel=\"noopener\">\n\t\t\t\t\t\tSnapchat\n\t\t\t\t\t<\/a>\n\t<p>63,667<\/p>\n\t<p>F\u00f8lgere<\/p>\n\t<p><strong>Jeg er online!<\/strong><\/p>\n<p>Gennemsnitlig svartid 5-15 minutter<\/p>\n\t\t\t<a href=\"https:\/\/nudechick.online\/da\/go\/meet\/\" target=\"_self\" rel=\"noopener\">\n\t\t\t\t\t\t\tBliv medlem nu!\n\t\t\t\t\t<\/a>\n\t<h2>Poland Porn Videos With Polish Popular Girls &#8211; Watch For Free and Chat With Them<\/h2>\n<p>Polish girls love hardcore and masturbate. They are considered some of the most kinky girls in the world and just love sex. Search polish girls from all over the world and date them for non-committal sex or for massage with happy end that is blowjob. Also be sure to check out the hottest adult performers on adult webcams. These girls love to show their shaved pussies and some of them don&#8217;t like to shave and have hairy pussies perfect for licking. On our site you will also find kinky 18 year cute girls from Latina and many other countries. Just become our user and we promise you won&#8217;t regret it. Get whatsapp contact to the girl you like, add her on instagram, browse sex videos or record another amateur polish porn with her if you meet. Chat with girls and flirt without having to pay. On our site you will find only authentic women.<\/p>\n<h2>Sign Up Today And Search Horny Womens &#8211; Watch This Exclusive Premium Tube<\/h2>\n<p>Become our user now and gain access to a full account without any limits. This exclusive premium content is now available completely free of charge. Don&#8217;t wait any longer and register your account completely free and join our community of people who love sex in a hundred different ways. Thousands of beautiful women from your city and surrounding areas are waiting for you and your cock. Don&#8217;t wait any longer and join now!<\/p>","protected":false},"excerpt":{"rendered":"<p>Poland Porn Videos | Sex Date With Girl From Poland Meet Bella from Hamburg. A girl who was born in Poland and speaks Polish, and German. If you are interested in meeting girls of Polish descent then you are in a very good place and you will get everything you are looking for here. In [&hellip;]<\/p>","protected":false},"author":1,"featured_media":0,"parent":4116,"menu_order":0,"comment_status":"closed","ping_status":"closed","template":"","meta":{"give_campaign_id":0,"site-sidebar-layout":"no-sidebar","site-content-layout":"page-builder","ast-site-content-layout":"full-width-container","site-content-style":"unboxed","site-sidebar-style":"unboxed","ast-global-header-display":"","ast-banner-title-visibility":"","ast-main-header-display":"","ast-hfb-above-header-display":"","ast-hfb-below-header-display":"","ast-hfb-mobile-header-display":"","site-post-title":"disabled","ast-breadcrumbs-content":"","ast-featured-img":"disabled","footer-sml-layout":"","theme-transparent-header-meta":"","adv-header-id-meta":"","stick-header-meta":"","header-above-stick-meta":"","header-main-stick-meta":"","header-below-stick-meta":"","astra-migrate-meta-layouts":"set","ast-page-background-enabled":"default","ast-page-background-meta":{"desktop":{"background-color":"","background-image":"","background-repeat":"repeat","background-position":"center center","background-size":"auto","background-attachment":"scroll","background-type":"","background-media":"","overlay-type":"","overlay-color":"","overlay-opacity":"","overlay-gradient":""},"tablet":{"background-color":"","background-image":"","background-repeat":"repeat","background-position":"center center","background-size":"auto","background-attachment":"scroll","background-type":"","background-media":"","overlay-type":"","overlay-color":"","overlay-opacity":"","overlay-gradient":""},"mobile":{"background-color":"","background-image":"","background-repeat":"repeat","background-position":"center center","background-size":"auto","background-attachment":"scroll","background-type":"","background-media":"","overlay-type":"","overlay-color":"","overlay-opacity":"","overlay-gradient":""}},"ast-content-background-meta":{"desktop":{"background-color":"var(--ast-global-color-5)","background-image":"","background-repeat":"repeat","background-position":"center center","background-size":"auto","background-attachment":"scroll","background-type":"","background-media":"","overlay-type":"","overlay-color":"","overlay-opacity":"","overlay-gradient":""},"tablet":{"background-color":"var(--ast-global-color-5)","background-image":"","background-repeat":"repeat","background-position":"center center","background-size":"auto","background-attachment":"scroll","background-type":"","background-media":"","overlay-type":"","overlay-color":"","overlay-opacity":"","overlay-gradient":""},"mobile":{"background-color":"var(--ast-global-color-5)","background-image":"","background-repeat":"repeat","background-position":"center center","background-size":"auto","background-attachment":"scroll","background-type":"","background-media":"","overlay-type":"","overlay-color":"","overlay-opacity":"","overlay-gradient":""}},"footnotes":""},"class_list":["post-4052","page","type-page","status-publish","hentry"],"aioseo_notices":[],"campaignId":"","_links":{"self":[{"href":"https:\/\/nudechick.online\/da\/wp-json\/wp\/v2\/pages\/4052"}],"collection":[{"href":"https:\/\/nudechick.online\/da\/wp-json\/wp\/v2\/pages"}],"about":[{"href":"https:\/\/nudechick.online\/da\/wp-json\/wp\/v2\/types\/page"}],"author":[{"embeddable":true,"href":"https:\/\/nudechick.online\/da\/wp-json\/wp\/v2\/users\/1"}],"replies":[{"embeddable":true,"href":"https:\/\/nudechick.online\/da\/wp-json\/wp\/v2\/comments?post=4052"}],"version-history":[{"count":9,"href":"https:\/\/nudechick.online\/da\/wp-json\/wp\/v2\/pages\/4052\/revisions"}],"predecessor-version":[{"id":4186,"href":"https:\/\/nudechick.online\/da\/wp-json\/wp\/v2\/pages\/4052\/revisions\/4186"}],"up":[{"embeddable":true,"href":"https:\/\/nudechick.online\/da\/wp-json\/wp\/v2\/pages\/4116"}],"wp:attachment":[{"href":"https:\/\/nudechick.online\/da\/wp-json\/wp\/v2\/media?parent=4052"}],"curies":[{"name":"wp","href":"https:\/\/api.w.org\/{rel}","templated":true}]}}