{"id":4199,"date":"2025-02-18T09:17:02","date_gmt":"2025-02-18T09:17:02","guid":{"rendered":"https:\/\/nudechick.online\/?page_id=4199"},"modified":"2025-02-18T09:18:06","modified_gmt":"2025-02-18T09:18:06","slug":"dmca","status":"publish","type":"page","link":"https:\/\/nudechick.online\/da\/dmca\/","title":{"rendered":"DMCA"},"content":{"rendered":"<h1>DMCA Policy<\/h1>\n<p>Vi respekterer andres intellektuelle ejendomsrettigheder og overholder Digital Millennium Copyright Act (DMCA). Hvis du mener, at dit ophavsretligt beskyttede materiale er blevet brugt p\u00e5 en m\u00e5de, der udg\u00f8r en kr\u00e6nkelse af ophavsretten p\u00e5 vores websted, bedes du give os en skriftlig meddelelse, der indeholder f\u00f8lgende: Identifikation af det ophavsretligt beskyttede v\u00e6rk, som du h\u00e6vder er blevet kr\u00e6nket. Identifikation af det materiale, der angiveligt kr\u00e6nker, herunder dets placering p\u00e5 vores hjemmeside. Dine kontaktoplysninger (navn, adresse, e-mail, telefonnummer). En erkl\u00e6ring om, at du i god tro mener, at brugen af materialet ikke er autoriseret af copyright-ejeren, dennes agent eller loven. En erkl\u00e6ring under strafansvar om, at oplysningerne i din meddelelse er n\u00f8jagtige, og at du er indehaver af ophavsretten eller autoriseret til at handle p\u00e5 dennes vegne. Din fysiske eller elektroniske underskrift.<\/p>\n<p>Send venligst din DMCA-meddelelse til [info@nudechick.online]. Vi vil straks reagere p\u00e5 alle gyldige DMCA-anmodninger, herunder fjerne det kr\u00e6nkende materiale, hvor det er relevant.<\/p>","protected":false},"excerpt":{"rendered":"<p>DMCA Policy We respect the intellectual property rights of others and comply with the Digital Millennium Copyright Act (DMCA). If you believe that your copyrighted material has been used in a way that constitutes copyright infringement on our website, please provide us with a written notice including the following: Identification of the copyrighted work you [&hellip;]<\/p>","protected":false},"author":1,"featured_media":0,"parent":0,"menu_order":0,"comment_status":"closed","ping_status":"closed","template":"","meta":{"give_campaign_id":0,"site-sidebar-layout":"no-sidebar","site-content-layout":"page-builder","ast-site-content-layout":"full-width-container","site-content-style":"unboxed","site-sidebar-style":"unboxed","ast-global-header-display":"","ast-banner-title-visibility":"","ast-main-header-display":"","ast-hfb-above-header-display":"","ast-hfb-below-header-display":"","ast-hfb-mobile-header-display":"","site-post-title":"disabled","ast-breadcrumbs-content":"","ast-featured-img":"disabled","footer-sml-layout":"","theme-transparent-header-meta":"","adv-header-id-meta":"","stick-header-meta":"","header-above-stick-meta":"","header-main-stick-meta":"","header-below-stick-meta":"","astra-migrate-meta-layouts":"set","ast-page-background-enabled":"default","ast-page-background-meta":{"desktop":{"background-color":"","background-image":"","background-repeat":"repeat","background-position":"center center","background-size":"auto","background-attachment":"scroll","background-type":"","background-media":"","overlay-type":"","overlay-color":"","overlay-opacity":"","overlay-gradient":""},"tablet":{"background-color":"","background-image":"","background-repeat":"repeat","background-position":"center center","background-size":"auto","background-attachment":"scroll","background-type":"","background-media":"","overlay-type":"","overlay-color":"","overlay-opacity":"","overlay-gradient":""},"mobile":{"background-color":"","background-image":"","background-repeat":"repeat","background-position":"center center","background-size":"auto","background-attachment":"scroll","background-type":"","background-media":"","overlay-type":"","overlay-color":"","overlay-opacity":"","overlay-gradient":""}},"ast-content-background-meta":{"desktop":{"background-color":"var(--ast-global-color-5)","background-image":"","background-repeat":"repeat","background-position":"center center","background-size":"auto","background-attachment":"scroll","background-type":"","background-media":"","overlay-type":"","overlay-color":"","overlay-opacity":"","overlay-gradient":""},"tablet":{"background-color":"var(--ast-global-color-5)","background-image":"","background-repeat":"repeat","background-position":"center center","background-size":"auto","background-attachment":"scroll","background-type":"","background-media":"","overlay-type":"","overlay-color":"","overlay-opacity":"","overlay-gradient":""},"mobile":{"background-color":"var(--ast-global-color-5)","background-image":"","background-repeat":"repeat","background-position":"center center","background-size":"auto","background-attachment":"scroll","background-type":"","background-media":"","overlay-type":"","overlay-color":"","overlay-opacity":"","overlay-gradient":""}},"footnotes":""},"class_list":["post-4199","page","type-page","status-publish","hentry"],"aioseo_notices":[],"campaignId":"","_links":{"self":[{"href":"https:\/\/nudechick.online\/da\/wp-json\/wp\/v2\/pages\/4199"}],"collection":[{"href":"https:\/\/nudechick.online\/da\/wp-json\/wp\/v2\/pages"}],"about":[{"href":"https:\/\/nudechick.online\/da\/wp-json\/wp\/v2\/types\/page"}],"author":[{"embeddable":true,"href":"https:\/\/nudechick.online\/da\/wp-json\/wp\/v2\/users\/1"}],"replies":[{"embeddable":true,"href":"https:\/\/nudechick.online\/da\/wp-json\/wp\/v2\/comments?post=4199"}],"version-history":[{"count":3,"href":"https:\/\/nudechick.online\/da\/wp-json\/wp\/v2\/pages\/4199\/revisions"}],"predecessor-version":[{"id":4203,"href":"https:\/\/nudechick.online\/da\/wp-json\/wp\/v2\/pages\/4199\/revisions\/4203"}],"wp:attachment":[{"href":"https:\/\/nudechick.online\/da\/wp-json\/wp\/v2\/media?parent=4199"}],"curies":[{"name":"wp","href":"https:\/\/api.w.org\/{rel}","templated":true}]}}