{"id":3607,"date":"2024-11-06T20:45:33","date_gmt":"2024-11-06T20:45:33","guid":{"rendered":"https:\/\/nudechick.online\/home\/"},"modified":"2024-11-21T09:06:17","modified_gmt":"2024-11-21T09:06:17","slug":"home","status":"publish","type":"page","link":"https:\/\/nudechick.online\/de\/","title":{"rendered":"Home"},"content":{"rendered":"<h1>\n\t\tBeste Nacktbilder von nackten Frauen | Nackte M\u00e4dchen Fotos\n\t<\/h1>\n\t\t\t<a href=\"https:\/\/nudechick.online\/de\/go\/join\/\" target=\"_self\" role=\"button\" rel=\"noopener\">\n\t\t\t\t\t\tJetzt beitreten\n\t\t<\/a>\n\t<p>&nbsp;<\/p>\n<p>Schau dir kostenlose Pornobilder von hei\u00dfen und sexy nackten Frauen an.   Wenn du auf der Suche nach einer Webseite bist, auf der du Amateur Porno Videos und Fickmuschis aus der ganzen Welt sehen kannst, dann bist du hier genau richtig und unsere Seite wird deine gr\u00f6\u00dften Erwartungen erf\u00fcllen. Wir sind eine TOP Seite mit Nacktfotos und wir bieten alles kostenlos an. Bleiben Sie mit uns f\u00fcr eine lange Zeit und beobachten nackte Frauen aus Russland und vielen anderen L\u00e4ndern.<\/p>\n<p>Zus\u00e4tzlich zu den traditionellen nackten xxx Fotos und Porno-Videos, k\u00f6nnen Sie auch mit M\u00e4dchen online praktisch 24 Stunden am Tag chatten. Viele hei\u00dfe Girls sind verf\u00fcgbar und bereit, einen erotischen Chat mit dir zu f\u00fchren. Wenn du Lust hast, kannst du sie auch auf Webcams f\u00fcr Erwachsene beobachten, in denen sie dir ihre Muschi zeigen oder sich selbst mit ihrem Dildo masturbieren.<\/p>\n<p>If you like a girl, you can also exchange nude photos with your days or send videos through our messenger. We give you the opportunity to use our platform completely free and without any limit. It&#8217;s only up to you if you take the chance to meet a new sexy girl to fuck, a wife who likes anal or just a quick sex in a hotel.<\/p>\n\t\t\t\t<img loading=\"lazy\" decoding=\"async\" src=\"https:\/\/nudechick.online\/wp-content\/uploads\/2024\/11\/5-231x300.png\" alt=\"5\" itemprop=\"image\" height=\"300\" width=\"231\" title=\"5\" onerror=\"this.style.display='none'\"  \/>\n\t<p>Ania (Cracow)<\/p>\n\t\t\t<a href=\"https:\/\/nudechick.online\/de\/date\/ania-cracow\/\" target=\"_self\" rel=\"noopener\">\n\t\t\t\t\t\tProfil pr\u00fcfen\n\t\t\t\t\t<\/a>\n\t\t\t<a href=\"https:\/\/nudechick.online\/de\/go\/join\/\" target=\"_self\" rel=\"noopener\">\n\t\t\t\t\t\tTriff sie jetzt!\n\t\t\t\t\t<\/a>\n\t\t\t\t<img loading=\"lazy\" decoding=\"async\" src=\"https:\/\/nudechick.online\/wp-content\/uploads\/2024\/11\/3-204x300.jpg\" alt=\"3\" itemprop=\"image\" height=\"300\" width=\"204\" title=\"3\" onerror=\"this.style.display='none'\"  \/>\n\t<p>Monica (Oslo)<\/p>\n\t\t\t<a href=\"https:\/\/nudechick.online\/de\/date\/monica-oslo\/\" target=\"_self\" rel=\"noopener\">\n\t\t\t\t\t\tProfil pr\u00fcfen\n\t\t\t\t\t<\/a>\n\t\t\t<a href=\"https:\/\/nudechick.online\/de\/go\/join\/\" target=\"_self\" rel=\"noopener\">\n\t\t\t\t\t\tTriff sie jetzt!\n\t\t\t\t\t<\/a>\n\t\t\t\t<img loading=\"lazy\" decoding=\"async\" src=\"https:\/\/nudechick.online\/wp-content\/uploads\/2024\/11\/7.png\" alt=\"7\" itemprop=\"image\" height=\"768\" width=\"768\" title=\"7\" onerror=\"this.style.display='none'\"  \/>\n\t<p>Kimberly (Chicago)<\/p>\n\t\t\t<a href=\"https:\/\/nudechick.online\/de\/date\/kimberly-chicago\/\" target=\"_self\" rel=\"noopener\">\n\t\t\t\t\t\tProfil pr\u00fcfen\n\t\t\t\t\t<\/a>\n\t\t\t<a href=\"https:\/\/nudechick.online\/de\/go\/join\/\" target=\"_self\" rel=\"noopener\">\n\t\t\t\t\t\tTriff sie jetzt!\n\t\t\t\t\t<\/a>\n\t\t\t\t<img loading=\"lazy\" decoding=\"async\" src=\"https:\/\/nudechick.online\/wp-content\/uploads\/2024\/11\/6-200x300.png\" alt=\"6\" itemprop=\"image\" height=\"300\" width=\"200\" title=\"6\" onerror=\"this.style.display='none'\"  \/>\n\t<p>Robelyn (Toronto)<\/p>\n\t\t\t<a href=\"https:\/\/nudechick.online\/de\/date\/robelyn-toronto\/\" target=\"_self\" rel=\"noopener\">\n\t\t\t\t\t\tProfil pr\u00fcfen\n\t\t\t\t\t<\/a>\n\t\t\t<a href=\"https:\/\/nudechick.online\/de\/go\/join\/\" target=\"_self\" rel=\"noopener\">\n\t\t\t\t\t\tTriff sie jetzt!\n\t\t\t\t\t<\/a>\n\t\t\t\t<img loading=\"lazy\" decoding=\"async\" src=\"https:\/\/nudechick.online\/wp-content\/uploads\/2024\/11\/2-1-231x300.jpg\" alt=\"doggystyle in bed with stephanie manchester\" itemprop=\"image\" height=\"300\" width=\"231\" title=\"2\" onerror=\"this.style.display='none'\"  \/>\n\t<p>Stephanie (Manchester)<\/p>\n\t\t\t<a href=\"https:\/\/nudechick.online\/de\/date\/stephanie-manchester\/\" target=\"_self\" rel=\"noopener\">\n\t\t\t\t\t\tProfil pr\u00fcfen\n\t\t\t\t\t<\/a>\n\t\t\t<a href=\"https:\/\/nudechick.online\/de\/go\/join\/\" target=\"_self\" rel=\"noopener\">\n\t\t\t\t\t\tTriff sie jetzt!\n\t\t\t\t\t<\/a>\n\t\t\t\t<img loading=\"lazy\" decoding=\"async\" src=\"https:\/\/nudechick.online\/wp-content\/uploads\/2024\/11\/1-1-206x300.jpg\" alt=\"1\" itemprop=\"image\" height=\"300\" width=\"206\" title=\"1\" onerror=\"this.style.display='none'\"  \/>\n\t<p>Bella (Hamburg)<\/p>\n\t\t\t<a href=\"https:\/\/nudechick.online\/de\/date\/bella-hamburg\/\" target=\"_self\" rel=\"noopener\">\n\t\t\t\t\t\tProfil pr\u00fcfen\n\t\t\t\t\t<\/a>\n\t\t\t<a href=\"https:\/\/nudechick.online\/de\/go\/join\/\" target=\"_self\" rel=\"noopener\">\n\t\t\t\t\t\tTriff sie jetzt!\n\t\t\t\t\t<\/a>\n\t\t\t\t<img loading=\"lazy\" decoding=\"async\" src=\"https:\/\/nudechick.online\/wp-content\/uploads\/2024\/11\/4-200x300.png\" alt=\"4\" itemprop=\"image\" height=\"300\" width=\"200\" title=\"4\" onerror=\"this.style.display='none'\"  \/>\n\t<p>Kate (London)<\/p>\n\t\t\t<a href=\"https:\/\/nudechick.online\/de\/date\/kate-london\/\" target=\"_self\" rel=\"noopener\">\n\t\t\t\t\t\tProfil pr\u00fcfen\n\t\t\t\t\t<\/a>\n\t\t\t<a href=\"https:\/\/nudechick.online\/de\/go\/join\/\" target=\"_self\" rel=\"noopener\">\n\t\t\t\t\t\tTriff sie jetzt!\n\t\t\t\t\t<\/a>\n\t\t\t\t<img loading=\"lazy\" decoding=\"async\" src=\"https:\/\/nudechick.online\/wp-content\/uploads\/2024\/11\/8-225x300.png\" alt=\"8\" itemprop=\"image\" height=\"300\" width=\"225\" title=\"8\" onerror=\"this.style.display='none'\"  \/>\n\t<p>Princess (Tijuana)<\/p>\n\t\t\t<a href=\"https:\/\/nudechick.online\/de\/date\/princess-tijuana\/\" target=\"_self\" rel=\"noopener\">\n\t\t\t\t\t\tProfil pr\u00fcfen\n\t\t\t\t\t<\/a>\n\t\t\t<a href=\"https:\/\/nudechick.online\/de\/go\/join\/\" target=\"_self\" rel=\"noopener\">\n\t\t\t\t\t\tTriff sie jetzt!\n\t\t\t\t\t<\/a>\n\t\t\t<h2>\n\t\t\t\t\tWarum hat Nudechick die besten Nacktbilder und Pornovideos?\n\t\t\t\t<\/h2>\n\t<p>Auf unserer Seite findest du die hei\u00dfesten und sexiesten Frauen aus aller Welt.<\/p>\n\t<p>Access to the full service allows you to view private nude photos and amateur porn videos with authentic girls from your city or country. In addition, you can browse girls&#8217; profiles and add them to social media such as Whatsapp, Snapchat or Facebook, or simply text with horny bitches through our live chat.<\/p>\n\t<p>Werden Sie unser Benutzer und schauen Sie sich die M\u00e4dchen in der Dusche an oder verabreden Sie sich mit ihnen und ficken Sie sie im Park. Erstelle jetzt ein kostenloses Konto und genie\u00dfe unbegrenztes Anschauen der sexiesten M\u00e4dchen aus Asien oder S\u00fcdamerika. Genie\u00dfe den vollen Zugang zu einer riesigen Gemeinschaft von Sex-liebenden Menschen und verabrede dich oder finde einen Partner f\u00fcr eine Beziehung.<\/p>\n\t\t\t\t<img loading=\"lazy\" decoding=\"async\" src=\"https:\/\/nudechick.online\/wp-content\/uploads\/2024\/11\/2.jpg\" alt=\"sexy teen doggystyle\" itemprop=\"image\" height=\"1230\" width=\"948\" title=\"2\" onerror=\"this.style.display='none'\"  \/>\n\t\t\t\t<img loading=\"lazy\" decoding=\"async\" src=\"https:\/\/nudechick.online\/wp-content\/uploads\/2024\/11\/1.jpg\" alt=\"nackt polnisch k\u00fcken\" itemprop=\"image\" height=\"1237\" width=\"849\" title=\"1\" onerror=\"this.style.display='none'\"  \/>\n\t\t\t<a href=\"https:\/\/nudechick.online\/de\/go\/join\/\" target=\"_self\" role=\"button\" rel=\"noopener\">\n\t\t\t\t\t\tJetzt beitreten\n\t\t<\/a>\n\t<h2><strong>Nackte Frauen Porno-Bilder anschauen und kostenlos anmelden<\/strong><\/h2>\n<p>Unsere Website erm\u00f6glicht es Ihnen, Sch\u00f6nheit hei\u00dfe und sexy nackte M\u00e4dchen Bilder v\u00f6llig kostenlos zu sehen und alles, was Sie tun m\u00fcssen, um Zugang zu der Galerie zu bekommen, ist ein kostenloses Konto zu registrieren. Dies ist die einzige Sache, die Sie von sch\u00f6nen Damen und Modelle beobachten trennt.  Sei bereit zum Ficken. Werde Mitglied in unserer Community und sei ein aktiver Nutzer. Genie\u00dfen Sie haarige und freche Muschis aus der ganzen Welt!<\/p>\n<p>Hei\u00dfeste Nacktbilder von geilen K\u00fcken warten auf dich. Sieh dir Amateurvideos an, wie ein 18-j\u00e4hriges M\u00e4dchen von ihrem Freund gefickt wird und mastubiert. Wir haben jeden Tag neue Inhalte, die dir nie langweilig werden, und wenn du Live-Sex bevorzugst, dann treffe Models, die ihre K\u00f6rper auf Online-Sex-Cams zeigen und probiere Online-Sex in Echtzeit aus.<\/p>\n\t\t\t<h2>\n\t\t\t\t\tNachricht und Austausch von Schnappsch\u00fcssen mit unseren M\u00e4dchen\n\t\t\t\t<\/h2>\n<h5>\n\t\t01.\n\t<\/h5>\n\t\t\t<h3>\n\t\t\t\t\t&#8211; Find your best girl\n\t\t\t\t<\/h3>\n\t\t\t<p>Finden Sie das Profil des M\u00e4dchens, an dem Sie interessiert sind, und sehen Sie ihre Interessen. Unter Amateur-M\u00e4dchen auch auf unserer Website k\u00f6nnen Sie Modelle finden, die sich auf Webcams ausziehen. Das Schl\u00fcsselelement ist f\u00fcr Sie, ein M\u00e4dchen zu finden, das genau das sucht, wonach Sie suchen.<\/p>\n<h5>\n\t\t02.\n\t<\/h5>\n\t\t\t<h3>\n\t\t\t\t\t&#8211; Add people to friends\n\t\t\t\t<\/h3>\n\t\t\t<p>If a girl likes you and is interested in having sex or showing her pussy on a webcam then you shouldn&#8217;t wait any longer! Our conversations are fully encrypted and only you and the girl you are writing with have access to your messages. We are committed to making users feel completely safe on our site.<\/p>\n<h5>\n\t\t03.\n\t<\/h5>\n\t\t\t<h3>\n\t\t\t\t\t&#8211; Exchange nude photos\n\t\t\t\t<\/h3>\n\t\t\t<p>Wenn die Frau, die Ihnen gef\u00e4llt, auch daran interessiert ist, Nacktfotos oder Videos von ihr beim Masturbieren zu verschicken, k\u00f6nnen Sie das auf unserer Seite ebenfalls ohne Einschr\u00e4nkungen tun. F\u00fchlen Sie sich hier einfach wie zu Hause und suchen Sie nach Ihren Traumfrauen.<\/p>\n\t\t\t<a href=\"https:\/\/nudechick.online\/de\/go\/join\/\" target=\"_self\" role=\"button\" rel=\"noopener\">\n\t\t\t\t\t\tJetzt beitreten\n\t\t<\/a>","protected":false},"excerpt":{"rendered":"<p>Best Nude Pics From Naked Women | Nude Girls Photos Join now &nbsp; Watch free porn pics from hot and sexy nude women. \u00a0 If you were looking for a website where you can watch amateur porn videos and fuck pussy from all over the world then you are in the perfect place, and our [&hellip;]<\/p>","protected":false},"author":1,"featured_media":0,"parent":0,"menu_order":0,"comment_status":"closed","ping_status":"closed","template":"","meta":{"give_campaign_id":0,"site-sidebar-layout":"no-sidebar","site-content-layout":"page-builder","ast-site-content-layout":"full-width-container","site-content-style":"unboxed","site-sidebar-style":"unboxed","ast-global-header-display":"","ast-banner-title-visibility":"","ast-main-header-display":"","ast-hfb-above-header-display":"","ast-hfb-below-header-display":"","ast-hfb-mobile-header-display":"","site-post-title":"disabled","ast-breadcrumbs-content":"","ast-featured-img":"disabled","footer-sml-layout":"","theme-transparent-header-meta":"","adv-header-id-meta":"","stick-header-meta":"","header-above-stick-meta":"","header-main-stick-meta":"","header-below-stick-meta":"","astra-migrate-meta-layouts":"set","ast-page-background-enabled":"default","ast-page-background-meta":{"desktop":{"background-color":"","background-image":"","background-repeat":"repeat","background-position":"center center","background-size":"auto","background-attachment":"scroll","background-type":"","background-media":"","overlay-type":"","overlay-color":"","overlay-opacity":"","overlay-gradient":""},"tablet":{"background-color":"","background-image":"","background-repeat":"repeat","background-position":"center center","background-size":"auto","background-attachment":"scroll","background-type":"","background-media":"","overlay-type":"","overlay-color":"","overlay-opacity":"","overlay-gradient":""},"mobile":{"background-color":"","background-image":"","background-repeat":"repeat","background-position":"center center","background-size":"auto","background-attachment":"scroll","background-type":"","background-media":"","overlay-type":"","overlay-color":"","overlay-opacity":"","overlay-gradient":""}},"ast-content-background-meta":{"desktop":{"background-color":"var(--ast-global-color-5)","background-image":"","background-repeat":"repeat","background-position":"center center","background-size":"auto","background-attachment":"scroll","background-type":"","background-media":"","overlay-type":"","overlay-color":"","overlay-opacity":"","overlay-gradient":""},"tablet":{"background-color":"var(--ast-global-color-5)","background-image":"","background-repeat":"repeat","background-position":"center center","background-size":"auto","background-attachment":"scroll","background-type":"","background-media":"","overlay-type":"","overlay-color":"","overlay-opacity":"","overlay-gradient":""},"mobile":{"background-color":"var(--ast-global-color-5)","background-image":"","background-repeat":"repeat","background-position":"center center","background-size":"auto","background-attachment":"scroll","background-type":"","background-media":"","overlay-type":"","overlay-color":"","overlay-opacity":"","overlay-gradient":""}},"footnotes":""},"class_list":["post-3607","page","type-page","status-publish","hentry"],"aioseo_notices":[],"campaignId":"","_links":{"self":[{"href":"https:\/\/nudechick.online\/de\/wp-json\/wp\/v2\/pages\/3607"}],"collection":[{"href":"https:\/\/nudechick.online\/de\/wp-json\/wp\/v2\/pages"}],"about":[{"href":"https:\/\/nudechick.online\/de\/wp-json\/wp\/v2\/types\/page"}],"author":[{"embeddable":true,"href":"https:\/\/nudechick.online\/de\/wp-json\/wp\/v2\/users\/1"}],"replies":[{"embeddable":true,"href":"https:\/\/nudechick.online\/de\/wp-json\/wp\/v2\/comments?post=3607"}],"version-history":[{"count":20,"href":"https:\/\/nudechick.online\/de\/wp-json\/wp\/v2\/pages\/3607\/revisions"}],"predecessor-version":[{"id":4194,"href":"https:\/\/nudechick.online\/de\/wp-json\/wp\/v2\/pages\/3607\/revisions\/4194"}],"wp:attachment":[{"href":"https:\/\/nudechick.online\/de\/wp-json\/wp\/v2\/media?parent=3607"}],"curies":[{"name":"wp","href":"https:\/\/api.w.org\/{rel}","templated":true}]}}