{"id":4033,"date":"2024-11-17T22:49:19","date_gmt":"2024-11-17T22:49:19","guid":{"rendered":"https:\/\/nudechick.online\/?page_id=4033"},"modified":"2024-11-20T07:34:31","modified_gmt":"2024-11-20T07:34:31","slug":"monica-oslo","status":"publish","type":"page","link":"https:\/\/nudechick.online\/de\/date\/monica-oslo\/","title":{"rendered":"Monica Oslo"},"content":{"rendered":"<h1><strong>Snapchat Nackt Porno Videos | Treffen Monica f\u00fcr Sexting<\/strong><\/h1>\n\t<p>Wenn du auf der Suche nach Sex-Schnappsch\u00fcssen von geilen Girls bist, dann bist du hier genau richtig. Auf NudeChick finden Sie hochwertige Amateur-Inhalte v\u00f6llig kostenlos. Hier findest du die geilsten Girls aus Russland, Europa, Asien. Wundersch\u00f6ne Asiatinnen und Latina-M\u00e4dchen warten auf dich und werden dir ein Muschifoto schicken. Auf unserer Plattform findest du Sext-Teenie-M\u00e4dchen, die 18 Jahre alt sind und versaute Mami-Singles, die kostenlos versaute Fotos verschicken und einen Schwanz suchen, der sie fickt.<\/p>\n<p>Sprechen Sie mit sexy Frauen, die es lieben, von einem Schwanz gefickt zu werden und einen Blowjob zu machen. Suchen Sie nach br\u00fcnetten oder blonden M\u00e4dchen aus Ihrer Stadt und verabreden Sie sich f\u00fcr zwanglosen Analsex oder laden Sie ein M\u00e4dchen zum Kaffee ein, das an einer langfristigen Beziehung interessiert ist. Sie k\u00f6nnen auch eine Frau auf unserem Portal finden und mit Snapchat Sex beginnen. Werde Mitglied in unserer riesigen Community, in der du die versautesten Frauen aus der ganzen Welt findest und Schlampen triffst, die dir Fotos mit nackten Br\u00fcsten schicken werden. Melden Sie sich noch heute an und nutzen Sie unsere Plattform ohne Limit und ohne Geb\u00fchren!<\/p>\n\t\t\t\t<img loading=\"lazy\" decoding=\"async\" src=\"https:\/\/nudechick.online\/wp-content\/uploads\/2024\/11\/3-1.jpg\" alt=\"monica want sex in oslo and showing pussy\" itemprop=\"image\" height=\"1236\" width=\"839\" title=\"3\" onerror=\"this.style.display='none'\"  \/>\n<h2>\n\t\tMonica, Oslo\n\t<\/h2>\n\t<p>Hey I&#8217;m Monica and I live in Oslo, I like doggie positions and my favorite position to fuck is like the one in my profile picture. I work in a hospital as a nurse and can take very good care of you if you need a private sitter who likes to be fucked in the ass.<\/p>\n\t\t\t<a href=\"https:\/\/nudechick.online\/de\/go\/meet\/\" target=\"_self\" rel=\"noopener\">\n\t\t\t\t\t\tFacebook\n\t\t\t\t\t<\/a>\n\t\t\t<a href=\"https:\/\/nudechick.online\/de\/go\/meet\/\" target=\"_self\" rel=\"noopener\">\n\t\t\t\t\t\tInstagram\n\t\t\t\t\t<\/a>\n\t\t\t<a href=\"https:\/\/nudechick.online\/de\/go\/meet\/\" target=\"_self\" rel=\"noopener\">\n\t\t\t\t\t\tSnapchat\n\t\t\t\t\t<\/a>\n\t<p>77,131<\/p>\n\t<p>Follower<\/p>\n\t<p><strong>Ich bin online!<\/strong><\/p>\n<p>Durchschnittliche Reaktionszeit 5-30 Minuten<\/p>\n\t\t\t<a href=\"https:\/\/nudechick.online\/de\/go\/meet\/\" target=\"_self\" rel=\"noopener\">\n\t\t\t\t\t\t\tJetzt teilnehmen!\n\t\t\t\t\t<\/a>\n\t<h2>Nude Snapchat Amateur Photos And Porn Videos For Free &#8211; Meet Sexy 18+ Dirty Teen For Sex<\/h2>\n<p>Nur auf unserer Seite wirst du 18-j\u00e4hrige Teenager treffen, die geil sind und es lieben, Schnappsch\u00fcsse zu schicken oder mit Fremden zu chatten. Durchst\u00f6bere die Profile der hei\u00dfesten Girls aus deiner Stadt und lade ein M\u00e4dchen f\u00fcr einen harten Fick im Hotel oder f\u00fcr ein gemeinsames Bad ein. Unbegrenzte beste Snapchat-Akte, die st\u00e4ndig aktualisiert und frisch sind. Dar\u00fcber hinaus auf unserer Website, zus\u00e4tzlich zu Amateur-M\u00e4dchen k\u00f6nnen Sie Porno-Stars und den Zugang zu ihren sozialen Medien zu finden. Wir haben auch in unserer Datenbank Frauen, die in den Arsch auf erwachsene Webcam masturbieren. Schicke ihnen einen kleinen Tipp und du wirst sehen, wie sie sich f\u00fcr dich vor der Webcam ausziehen und st\u00f6hnen, w\u00e4hrend sie einen riesigen Dildo in ihre Fotze stecken.<\/p>","protected":false},"excerpt":{"rendered":"<p>Snapchat Nude Porn Videos | Meet Monica For Sexting If you were looking for sex snap from horny girls then you have come to the right place. On NudeChick you will find premium amateur content completely free of charge. Here you will find the hottest girls from Russia, Europe, Asia. Beautiful Asian and Latina girls [&hellip;]<\/p>","protected":false},"author":1,"featured_media":0,"parent":4116,"menu_order":0,"comment_status":"closed","ping_status":"closed","template":"","meta":{"give_campaign_id":0,"site-sidebar-layout":"no-sidebar","site-content-layout":"page-builder","ast-site-content-layout":"full-width-container","site-content-style":"unboxed","site-sidebar-style":"unboxed","ast-global-header-display":"","ast-banner-title-visibility":"","ast-main-header-display":"","ast-hfb-above-header-display":"","ast-hfb-below-header-display":"","ast-hfb-mobile-header-display":"","site-post-title":"disabled","ast-breadcrumbs-content":"","ast-featured-img":"disabled","footer-sml-layout":"","theme-transparent-header-meta":"","adv-header-id-meta":"","stick-header-meta":"","header-above-stick-meta":"","header-main-stick-meta":"","header-below-stick-meta":"","astra-migrate-meta-layouts":"set","ast-page-background-enabled":"default","ast-page-background-meta":{"desktop":{"background-color":"","background-image":"","background-repeat":"repeat","background-position":"center center","background-size":"auto","background-attachment":"scroll","background-type":"","background-media":"","overlay-type":"","overlay-color":"","overlay-opacity":"","overlay-gradient":""},"tablet":{"background-color":"","background-image":"","background-repeat":"repeat","background-position":"center center","background-size":"auto","background-attachment":"scroll","background-type":"","background-media":"","overlay-type":"","overlay-color":"","overlay-opacity":"","overlay-gradient":""},"mobile":{"background-color":"","background-image":"","background-repeat":"repeat","background-position":"center center","background-size":"auto","background-attachment":"scroll","background-type":"","background-media":"","overlay-type":"","overlay-color":"","overlay-opacity":"","overlay-gradient":""}},"ast-content-background-meta":{"desktop":{"background-color":"var(--ast-global-color-5)","background-image":"","background-repeat":"repeat","background-position":"center center","background-size":"auto","background-attachment":"scroll","background-type":"","background-media":"","overlay-type":"","overlay-color":"","overlay-opacity":"","overlay-gradient":""},"tablet":{"background-color":"var(--ast-global-color-5)","background-image":"","background-repeat":"repeat","background-position":"center center","background-size":"auto","background-attachment":"scroll","background-type":"","background-media":"","overlay-type":"","overlay-color":"","overlay-opacity":"","overlay-gradient":""},"mobile":{"background-color":"var(--ast-global-color-5)","background-image":"","background-repeat":"repeat","background-position":"center center","background-size":"auto","background-attachment":"scroll","background-type":"","background-media":"","overlay-type":"","overlay-color":"","overlay-opacity":"","overlay-gradient":""}},"footnotes":""},"class_list":["post-4033","page","type-page","status-publish","hentry"],"aioseo_notices":[],"campaignId":"","_links":{"self":[{"href":"https:\/\/nudechick.online\/de\/wp-json\/wp\/v2\/pages\/4033"}],"collection":[{"href":"https:\/\/nudechick.online\/de\/wp-json\/wp\/v2\/pages"}],"about":[{"href":"https:\/\/nudechick.online\/de\/wp-json\/wp\/v2\/types\/page"}],"author":[{"embeddable":true,"href":"https:\/\/nudechick.online\/de\/wp-json\/wp\/v2\/users\/1"}],"replies":[{"embeddable":true,"href":"https:\/\/nudechick.online\/de\/wp-json\/wp\/v2\/comments?post=4033"}],"version-history":[{"count":11,"href":"https:\/\/nudechick.online\/de\/wp-json\/wp\/v2\/pages\/4033\/revisions"}],"predecessor-version":[{"id":4184,"href":"https:\/\/nudechick.online\/de\/wp-json\/wp\/v2\/pages\/4033\/revisions\/4184"}],"up":[{"embeddable":true,"href":"https:\/\/nudechick.online\/de\/wp-json\/wp\/v2\/pages\/4116"}],"wp:attachment":[{"href":"https:\/\/nudechick.online\/de\/wp-json\/wp\/v2\/media?parent=4033"}],"curies":[{"name":"wp","href":"https:\/\/api.w.org\/{rel}","templated":true}]}}