{"id":4040,"date":"2024-11-19T22:58:37","date_gmt":"2024-11-19T22:58:37","guid":{"rendered":"https:\/\/nudechick.online\/?page_id=4040"},"modified":"2024-11-20T07:34:27","modified_gmt":"2024-11-20T07:34:27","slug":"kimberly-chicago","status":"publish","type":"page","link":"https:\/\/nudechick.online\/de\/date\/kimberly-chicago\/","title":{"rendered":"Kimberly Chicago"},"content":{"rendered":"<h1><strong>Schnapp Nackt Porno Videos | Suche M\u00e4dchen Benutzernamen<\/strong><\/h1>\n\t<p>Werde Teil der Welt mit Snapchat Nacktbildern. Wenn du auf der Suche nach Nacktbildern mit sexy 18+ Jahre alten Teenie-M\u00e4dchen bist, dann bist du an einem sehr guten Ort angekommen. Auf unserer Plattform findest du sexy Amateurfotos, die von ungezogenen geilen Girls auf Snapchat aufgenommen wurden. Als Nutzer unserer Community kannst du nach Profilen von Girls suchen und ihnen v\u00f6llig kostenlos Nackt-Snaps schicken. Erhalte nur jetzt Zugang zum vollen Premium-Service ohne Geb\u00fchren und flirte mit geilen Girls aus aller Welt, ohne irgendwelche Geb\u00fchren zu zahlen. Wenn du schon immer von Snapchat Sex getr\u00e4umt hast, dann ist diese Seite genau das Richtige f\u00fcr dich und du kannst Profile von den hei\u00dfesten Frauen aus der ganzen Welt durchsuchen.<\/p>\n<p>Don&#8217;t wait any longer and try out hot pussy from NudeChick.com and stay with us for longer. Some of these girls have a boyfriend but love to cheat on him. Some women are also looking on our platform for a real and honest relationship that will end in marriage. You have to fuck them well to please them because they love it! Our site is a sextingfinder where you can also meet beautiful and sexy girls working on online adult webcams. If you have a bit of tokens, you can send it to them and they will masturbate in front of the webcam for you live in return. These are just a few of the possibilities that our site offers, to see it all you have to become our user and we guarantee you won&#8217;t regret it!<\/p>\n\t\t\t\t<img loading=\"lazy\" decoding=\"async\" src=\"https:\/\/nudechick.online\/wp-content\/uploads\/2024\/11\/7-1.png\" alt=\"kimberly from chicago loves doing blowjob deepthroat\" itemprop=\"image\" height=\"768\" width=\"768\" title=\"7\" onerror=\"this.style.display='none'\"  \/>\n<h2>\n\t\tKimberly, Chicago\n\t<\/h2>\n\t<p>My name is Kimberly and I live from Chicago and I love to pull a rod every day a few times each. I think I&#8217;m addicted to it. I am looking for a boyfriend who is from Chicago or New York. I&#8217;ve always dreamed of going there. My destination where I would like to live is Orlando, Florida. It&#8217;s such a small dream of mine. I am 27 years old and I like ballroom dancing. I am after studying computer science.<\/p>\n\t\t\t<a href=\"https:\/\/nudechick.online\/de\/go\/meet\/\" target=\"_self\" rel=\"noopener\">\n\t\t\t\t\t\tFacebook\n\t\t\t\t\t<\/a>\n\t\t\t<a href=\"https:\/\/nudechick.online\/de\/go\/meet\/\" target=\"_self\" rel=\"noopener\">\n\t\t\t\t\t\tInstagram\n\t\t\t\t\t<\/a>\n\t\t\t<a href=\"https:\/\/nudechick.online\/de\/go\/meet\/\" target=\"_self\" rel=\"noopener\">\n\t\t\t\t\t\tSnapchat\n\t\t\t\t\t<\/a>\n\t<p>82,388<\/p>\n\t<p>Follower<\/p>\n\t<p><strong>Ich bin online!<\/strong><\/p>\n<p>Durchschnittliche Reaktionszeit 5-15 Minuten<\/p>\n\t\t\t<a href=\"https:\/\/nudechick.online\/de\/go\/meet\/\" target=\"_self\" rel=\"noopener\">\n\t\t\t\t\t\t\tJetzt teilnehmen!\n\t\t\t\t\t<\/a>\n\t<h2>Suche Nackt Snapchat premium Usernamen und Snap mit Sexy 18+ Teen<\/h2>\n<p>Search free snapchat nudes and cum daily with our beautiful platform. Watch xxx anal videos how our girls are fucked and enjoy access to our magical site. On this platform you will find the best snapchat nudes porn videos for free and also meet the chosen one of your life. It&#8217;s all unlimited. Meet sexy latina, sexy asian and women from all over the world with big boobs. If you also like girls who do blowjob, here we have a special category. Expose your dick and start sending nudes with the hottest chicks in the world. Masturbate together on an adult webcam and listen to the woman moan in pleasure as you send her tips and her lovense vibrator vibrates to your tips.<\/p>\n<p>Chat with girls in adult chat and exchange hot pics for free. Browse onlyfans profiles from hookers from all over the world and watch nude photos that girls send for their boyfriend on snapchat. Become a user of our platform and you won&#8217;t regret it. Many beautiful women are waiting for you. Sign up now and get full access to our platform.<\/p>","protected":false},"excerpt":{"rendered":"<p>Snap Nude Porn Videos | Search Girl Usernames For Sexting Join the world with snapchat nudes. If you were looking for nude pictures with sexy 18+ years old teen girls then you have come to a very good place. On our platform you will find amateur sexy photos taken by naughty horny girls on Snapchat. [&hellip;]<\/p>","protected":false},"author":1,"featured_media":0,"parent":4116,"menu_order":0,"comment_status":"closed","ping_status":"closed","template":"","meta":{"give_campaign_id":0,"site-sidebar-layout":"no-sidebar","site-content-layout":"page-builder","ast-site-content-layout":"full-width-container","site-content-style":"unboxed","site-sidebar-style":"unboxed","ast-global-header-display":"","ast-banner-title-visibility":"","ast-main-header-display":"","ast-hfb-above-header-display":"","ast-hfb-below-header-display":"","ast-hfb-mobile-header-display":"","site-post-title":"disabled","ast-breadcrumbs-content":"","ast-featured-img":"disabled","footer-sml-layout":"","theme-transparent-header-meta":"","adv-header-id-meta":"","stick-header-meta":"","header-above-stick-meta":"","header-main-stick-meta":"","header-below-stick-meta":"","astra-migrate-meta-layouts":"set","ast-page-background-enabled":"default","ast-page-background-meta":{"desktop":{"background-color":"","background-image":"","background-repeat":"repeat","background-position":"center center","background-size":"auto","background-attachment":"scroll","background-type":"","background-media":"","overlay-type":"","overlay-color":"","overlay-opacity":"","overlay-gradient":""},"tablet":{"background-color":"","background-image":"","background-repeat":"repeat","background-position":"center center","background-size":"auto","background-attachment":"scroll","background-type":"","background-media":"","overlay-type":"","overlay-color":"","overlay-opacity":"","overlay-gradient":""},"mobile":{"background-color":"","background-image":"","background-repeat":"repeat","background-position":"center center","background-size":"auto","background-attachment":"scroll","background-type":"","background-media":"","overlay-type":"","overlay-color":"","overlay-opacity":"","overlay-gradient":""}},"ast-content-background-meta":{"desktop":{"background-color":"var(--ast-global-color-5)","background-image":"","background-repeat":"repeat","background-position":"center center","background-size":"auto","background-attachment":"scroll","background-type":"","background-media":"","overlay-type":"","overlay-color":"","overlay-opacity":"","overlay-gradient":""},"tablet":{"background-color":"var(--ast-global-color-5)","background-image":"","background-repeat":"repeat","background-position":"center center","background-size":"auto","background-attachment":"scroll","background-type":"","background-media":"","overlay-type":"","overlay-color":"","overlay-opacity":"","overlay-gradient":""},"mobile":{"background-color":"var(--ast-global-color-5)","background-image":"","background-repeat":"repeat","background-position":"center center","background-size":"auto","background-attachment":"scroll","background-type":"","background-media":"","overlay-type":"","overlay-color":"","overlay-opacity":"","overlay-gradient":""}},"footnotes":""},"class_list":["post-4040","page","type-page","status-publish","hentry"],"aioseo_notices":[],"campaignId":"","_links":{"self":[{"href":"https:\/\/nudechick.online\/de\/wp-json\/wp\/v2\/pages\/4040"}],"collection":[{"href":"https:\/\/nudechick.online\/de\/wp-json\/wp\/v2\/pages"}],"about":[{"href":"https:\/\/nudechick.online\/de\/wp-json\/wp\/v2\/types\/page"}],"author":[{"embeddable":true,"href":"https:\/\/nudechick.online\/de\/wp-json\/wp\/v2\/users\/1"}],"replies":[{"embeddable":true,"href":"https:\/\/nudechick.online\/de\/wp-json\/wp\/v2\/comments?post=4040"}],"version-history":[{"count":11,"href":"https:\/\/nudechick.online\/de\/wp-json\/wp\/v2\/pages\/4040\/revisions"}],"predecessor-version":[{"id":4182,"href":"https:\/\/nudechick.online\/de\/wp-json\/wp\/v2\/pages\/4040\/revisions\/4182"}],"up":[{"embeddable":true,"href":"https:\/\/nudechick.online\/de\/wp-json\/wp\/v2\/pages\/4116"}],"wp:attachment":[{"href":"https:\/\/nudechick.online\/de\/wp-json\/wp\/v2\/media?parent=4040"}],"curies":[{"name":"wp","href":"https:\/\/api.w.org\/{rel}","templated":true}]}}