{"id":4046,"date":"2024-11-20T02:31:35","date_gmt":"2024-11-20T02:31:35","guid":{"rendered":"https:\/\/nudechick.online\/?page_id=4046"},"modified":"2024-11-20T07:34:44","modified_gmt":"2024-11-20T07:34:44","slug":"robelyn-toronto","status":"publish","type":"page","link":"https:\/\/nudechick.online\/de\/date\/robelyn-toronto\/","title":{"rendered":"Robelyn Toronto"},"content":{"rendered":"<h1><strong>Beste Snapchat Nackt Porno Videos | Sexting Usernamen<\/strong><\/h1>\n\t<p>Are you looking for an amateur horny pussy to cum together with her on webcams or would you like to do snapchat sex? Then you&#8217;ve come to the right place because our site has a huge amount of hottest naughty girls who love to fuck over the internet and show off their erect ass and stick a dildo in it. On our site in addition to nude snap photos you can also find amateur porn videos from girls from all over the world. If you are looking for a slut to masturbate online or you are looking for a real relationship then here you will find what you are looking for. All you have to do is register a new account on our platform and you will get access to premium content, which is constantly updated. On our platform you will never be bored because you can chat with naked women completely free and search their profiles on Snapchat. In addition, you can also send snap nudes or make dates with horny bitches from your city.<\/p>\n\t\t\t\t<img loading=\"lazy\" decoding=\"async\" src=\"https:\/\/nudechick.online\/wp-content\/uploads\/2024\/11\/6-1.png\" alt=\"robelyn spread legs and want dick\" itemprop=\"image\" height=\"768\" width=\"512\" title=\"6\" onerror=\"this.style.display='none'\"  \/>\n<h2>\n\t\tRobelyn, Toronto\n\t<\/h2>\n\t<p>My name is Robelyn and I am from Canada. I like to have a hairy pussy and I love the cum running down my face. I am 25 years old and don&#8217;t have children, but I want to have children. I am looking for someone for a relationship or sex without commitment. Friends with benefits can also be if you decide. I live in Toronto. When do you have time to meet me?<\/p>\n\t\t\t<a href=\"https:\/\/nudechick.online\/de\/go\/meet\/\" target=\"_self\" rel=\"noopener\">\n\t\t\t\t\t\tFacebook\n\t\t\t\t\t<\/a>\n\t\t\t<a href=\"https:\/\/nudechick.online\/de\/go\/meet\/\" target=\"_self\" rel=\"noopener\">\n\t\t\t\t\t\tInstagram\n\t\t\t\t\t<\/a>\n\t\t\t<a href=\"https:\/\/nudechick.online\/de\/go\/meet\/\" target=\"_self\" rel=\"noopener\">\n\t\t\t\t\t\tSnapchat\n\t\t\t\t\t<\/a>\n\t<p>99,118<\/p>\n\t<p>Follower<\/p>\n\t<p><strong>Ich bin online!<\/strong><\/p>\n<p>Durchschnittliche Reaktionszeit 5-15 Minuten<\/p>\n\t\t\t<a href=\"https:\/\/nudechick.online\/de\/go\/meet\/\" target=\"_self\" rel=\"noopener\">\n\t\t\t\t\t\t\tJetzt teilnehmen!\n\t\t\t\t\t<\/a>\n\t<h2>Senden Sie Snapchat Nacktfotos und suchen Sie Snapchat Sex Usernamen kostenlos<\/h2>\n<p>Send dirty nude snaps and chat with authentic girls from around the world. Watch their beautiful boobs and masturbate together in live chat. On our platform you will also find chicks who show their pussy and boobs live on adult cams and perform on tiktok. If you have purchased some tokens you can send the girl a tip and she will do anything you want. In addition to teen girls who are 18 years old, we also have mature milfs who are looking for a boyfriend on snapchat or a real relationship because they haven&#8217;t seen a dick in a few years. Get fucked by an old mommy and feel like a sigma using our platform completely free without paying any fees. Don&#8217;t wait any longer and become part of our community now. We are waiting for you!<\/p>\n<p>Suche nach nackten Snapchat-Konten und starte dein Sexting-Abenteuer, ohne Geb\u00fchren f\u00fcr das Senden von Nacktbildern zu zahlen. Sieh dir nackte M\u00e4dchen und Pornostars an, die live auf Sex-Cams anal masturbieren. St\u00f6bere in Snapchat-Inhalten und nackten Duschbildern oder echten selbstgemachten Amateur-Pornovideos von Paaren aus aller Welt. Melde dich jetzt an und du wirst es nicht bereuen! Riesige Inhalte warten auf dich.<\/p>\n<p>&nbsp;<\/p>","protected":false},"excerpt":{"rendered":"<p>Best Snapchat Nude Porn Videos | Sexting Usernames Are you looking for an amateur horny pussy to cum together with her on webcams or would you like to do snapchat sex? Then you&#8217;ve come to the right place because our site has a huge amount of hottest naughty girls who love to fuck over the [&hellip;]<\/p>","protected":false},"author":1,"featured_media":0,"parent":4116,"menu_order":0,"comment_status":"closed","ping_status":"closed","template":"","meta":{"give_campaign_id":0,"site-sidebar-layout":"no-sidebar","site-content-layout":"page-builder","ast-site-content-layout":"full-width-container","site-content-style":"unboxed","site-sidebar-style":"unboxed","ast-global-header-display":"","ast-banner-title-visibility":"","ast-main-header-display":"","ast-hfb-above-header-display":"","ast-hfb-below-header-display":"","ast-hfb-mobile-header-display":"","site-post-title":"disabled","ast-breadcrumbs-content":"","ast-featured-img":"disabled","footer-sml-layout":"","theme-transparent-header-meta":"","adv-header-id-meta":"","stick-header-meta":"","header-above-stick-meta":"","header-main-stick-meta":"","header-below-stick-meta":"","astra-migrate-meta-layouts":"set","ast-page-background-enabled":"default","ast-page-background-meta":{"desktop":{"background-color":"","background-image":"","background-repeat":"repeat","background-position":"center center","background-size":"auto","background-attachment":"scroll","background-type":"","background-media":"","overlay-type":"","overlay-color":"","overlay-opacity":"","overlay-gradient":""},"tablet":{"background-color":"","background-image":"","background-repeat":"repeat","background-position":"center center","background-size":"auto","background-attachment":"scroll","background-type":"","background-media":"","overlay-type":"","overlay-color":"","overlay-opacity":"","overlay-gradient":""},"mobile":{"background-color":"","background-image":"","background-repeat":"repeat","background-position":"center center","background-size":"auto","background-attachment":"scroll","background-type":"","background-media":"","overlay-type":"","overlay-color":"","overlay-opacity":"","overlay-gradient":""}},"ast-content-background-meta":{"desktop":{"background-color":"var(--ast-global-color-5)","background-image":"","background-repeat":"repeat","background-position":"center center","background-size":"auto","background-attachment":"scroll","background-type":"","background-media":"","overlay-type":"","overlay-color":"","overlay-opacity":"","overlay-gradient":""},"tablet":{"background-color":"var(--ast-global-color-5)","background-image":"","background-repeat":"repeat","background-position":"center center","background-size":"auto","background-attachment":"scroll","background-type":"","background-media":"","overlay-type":"","overlay-color":"","overlay-opacity":"","overlay-gradient":""},"mobile":{"background-color":"var(--ast-global-color-5)","background-image":"","background-repeat":"repeat","background-position":"center center","background-size":"auto","background-attachment":"scroll","background-type":"","background-media":"","overlay-type":"","overlay-color":"","overlay-opacity":"","overlay-gradient":""}},"footnotes":""},"class_list":["post-4046","page","type-page","status-publish","hentry"],"aioseo_notices":[],"campaignId":"","_links":{"self":[{"href":"https:\/\/nudechick.online\/de\/wp-json\/wp\/v2\/pages\/4046"}],"collection":[{"href":"https:\/\/nudechick.online\/de\/wp-json\/wp\/v2\/pages"}],"about":[{"href":"https:\/\/nudechick.online\/de\/wp-json\/wp\/v2\/types\/page"}],"author":[{"embeddable":true,"href":"https:\/\/nudechick.online\/de\/wp-json\/wp\/v2\/users\/1"}],"replies":[{"embeddable":true,"href":"https:\/\/nudechick.online\/de\/wp-json\/wp\/v2\/comments?post=4046"}],"version-history":[{"count":10,"href":"https:\/\/nudechick.online\/de\/wp-json\/wp\/v2\/pages\/4046\/revisions"}],"predecessor-version":[{"id":4188,"href":"https:\/\/nudechick.online\/de\/wp-json\/wp\/v2\/pages\/4046\/revisions\/4188"}],"up":[{"embeddable":true,"href":"https:\/\/nudechick.online\/de\/wp-json\/wp\/v2\/pages\/4116"}],"wp:attachment":[{"href":"https:\/\/nudechick.online\/de\/wp-json\/wp\/v2\/media?parent=4046"}],"curies":[{"name":"wp","href":"https:\/\/api.w.org\/{rel}","templated":true}]}}