{"id":4064,"date":"2024-11-21T04:06:13","date_gmt":"2024-11-21T04:06:13","guid":{"rendered":"https:\/\/nudechick.online\/?page_id=4064"},"modified":"2024-11-21T04:06:15","modified_gmt":"2024-11-21T04:06:15","slug":"princess-tijuana","status":"publish","type":"page","link":"https:\/\/nudechick.online\/de\/date\/princess-tijuana\/","title":{"rendered":"Princess Tijuana"},"content":{"rendered":"<h1>Onlyfans Nackt Porno Videos F\u00fcr Kostenlos | Prinzessin Tijuana<\/h1>\n\t<p>Wenn du auf der Suche nach sexy Girls von onlyfans und Amateur Porno Videos von nackten Models von der blauen Plattform bist, dann bist du an einem sehr guten Ort. Schauen Sie sich Inhalt Sch\u00f6pfer und ihre frechen Bilder v\u00f6llig kostenlos. St\u00f6bere in den Profilen von Amateur-Frauen und verabrede dich mit ihnen f\u00fcr unverbindlichen Sex. Dies ist die beste Option, um neue Frauen aus der ganzen Welt zu treffen, und der Zugang zu unseren exklusiven Inhalten wird Ihnen eine erstaunliche Erfahrung f\u00fcr eine lange Zeit geben! Schau dir kostenlose Pornos von hei\u00dfen Latina an, die Analsex lieben und davon tr\u00e4umen, in den Arsch gefickt zu werden. Auf unserer Plattform finden Sie die sexiesten nackten M\u00e4dchen und Sie werden es nie bereuen. Wir haben hier auch Models, die auf Online-Sex-Cams auftreten und die besten Kontaktersteller, die du dir vorstellen kannst. Dar\u00fcber hinaus kannst du auch nach Profilen von M\u00e4dchen suchen, die Fantasieklimas m\u00f6gen und sich in perverse Cosplay-Outfits aus verschiedenen Computerspielen kleiden.<\/p>\n\t\t\t\t<img loading=\"lazy\" decoding=\"async\" src=\"https:\/\/nudechick.online\/wp-content\/uploads\/2024\/11\/8-1.png\" alt=\"bbw chick massive tits from tijuana\" itemprop=\"image\" height=\"1024\" width=\"768\" title=\"8\" onerror=\"this.style.display='none'\"  \/>\n<h2>\n\t\tPrincess, Tijuana\n\t<\/h2>\n\t<p>My name is Princess and I live in Tijuana. Do you like big boobs? Mine are huge and I love to play with them. I like it best when someone fucks me between my huge tits. I would like you to have a big piece of equipment and fuck me in the ass so that I won&#8217;t sit on a chair for a week. This is my biggest dream. Fuck me as soon as possible.<\/p>\n\t\t\t<a href=\"https:\/\/nudechick.online\/de\/go\/meet\/\" target=\"_self\" rel=\"noopener\">\n\t\t\t\t\t\tFacebook\n\t\t\t\t\t<\/a>\n\t\t\t<a href=\"https:\/\/nudechick.online\/de\/go\/meet\/\" target=\"_self\" rel=\"noopener\">\n\t\t\t\t\t\tInstagram\n\t\t\t\t\t<\/a>\n\t\t\t<a href=\"https:\/\/nudechick.online\/de\/go\/meet\/\" target=\"_self\" rel=\"noopener\">\n\t\t\t\t\t\tSnapchat\n\t\t\t\t\t<\/a>\n\t<p>87,564<\/p>\n\t<p>Follower<\/p>\n\t<p><strong>Ich bin online!<\/strong><\/p>\n<p>Durchschnittliche Reaktionszeit 5-10 Minuten<\/p>\n\t\t\t<a href=\"https:\/\/nudechick.online\/de\/go\/meet\/\" target=\"_self\" rel=\"noopener\">\n\t\t\t\t\t\t\tJetzt teilnehmen!\n\t\t\t\t\t<\/a>\n\t<h2>Naughty And Sexy Nude Girls From Onlyfans &#8211; Search Models, Watch Exclusive Naked Content and Write with Them<\/h2>\n<p>Did you know that on our platform you can get access to the instagram accounts of the most kinky women from around the world? That&#8217;s not all. Our users can add explicit content themselves and share their bodies completely free for all our users. Exchange nude nsfw photos from snapchat and other platforms and browse celebrity photos. Our erotic videos will allow you to masturbate to our platform for years to come and also you can meet some sexy girl for a long term relationship. Don&#8217;t wait any longer and become our user by creating a free account and get access to all the content, all the pictures, porn videos and the most kinky girls in our galaxy.<\/p>\n<p>Erhalten Sie Zugang zu onlyfans Inhalt und xxx Sch\u00f6nheit M\u00e4dchen kostenlos! Werde unser Mitglied und zeige erwachsenen Cam-Modellen deinen Schwanz und sieh, wie sie f\u00fcr ein paar Token alles f\u00fcr dich tun werden. Durchsuche Profile von 18-j\u00e4hrigen Teenie-Schlampen aus deiner Stadt, verabrede dich mit ihnen und nimm selbstgemachte Pornos auf. Lade ein M\u00e4dchen in dein Schlafzimmer ein und ficke sie oder finde die Liebe deines Lebens. Trete jetzt unserer perversen Gemeinschaft von Sexliebhabern bei und erhalte Zugang zu vielen interessanten Videos und Nacktfotos. Viele Frauen aus der ganzen Welt warten auf dich!<\/p>\n<p>&nbsp;<\/p>","protected":false},"excerpt":{"rendered":"<p>Onlyfans Nude Porn Videos For Free | Princess Tijuana If you were looking for sexy girls from onlyfans and amateur porn videos from naked model from blue platform then you are in a very good place. Watch content creators and their naughty pics completely free. Browse profiles of amateur women and date them for sex [&hellip;]<\/p>","protected":false},"author":1,"featured_media":0,"parent":4116,"menu_order":0,"comment_status":"closed","ping_status":"closed","template":"","meta":{"give_campaign_id":0,"site-sidebar-layout":"no-sidebar","site-content-layout":"page-builder","ast-site-content-layout":"full-width-container","site-content-style":"unboxed","site-sidebar-style":"unboxed","ast-global-header-display":"","ast-banner-title-visibility":"","ast-main-header-display":"","ast-hfb-above-header-display":"","ast-hfb-below-header-display":"","ast-hfb-mobile-header-display":"","site-post-title":"disabled","ast-breadcrumbs-content":"","ast-featured-img":"disabled","footer-sml-layout":"","theme-transparent-header-meta":"","adv-header-id-meta":"","stick-header-meta":"","header-above-stick-meta":"","header-main-stick-meta":"","header-below-stick-meta":"","astra-migrate-meta-layouts":"set","ast-page-background-enabled":"default","ast-page-background-meta":{"desktop":{"background-color":"","background-image":"","background-repeat":"repeat","background-position":"center center","background-size":"auto","background-attachment":"scroll","background-type":"","background-media":"","overlay-type":"","overlay-color":"","overlay-opacity":"","overlay-gradient":""},"tablet":{"background-color":"","background-image":"","background-repeat":"repeat","background-position":"center center","background-size":"auto","background-attachment":"scroll","background-type":"","background-media":"","overlay-type":"","overlay-color":"","overlay-opacity":"","overlay-gradient":""},"mobile":{"background-color":"","background-image":"","background-repeat":"repeat","background-position":"center center","background-size":"auto","background-attachment":"scroll","background-type":"","background-media":"","overlay-type":"","overlay-color":"","overlay-opacity":"","overlay-gradient":""}},"ast-content-background-meta":{"desktop":{"background-color":"var(--ast-global-color-5)","background-image":"","background-repeat":"repeat","background-position":"center center","background-size":"auto","background-attachment":"scroll","background-type":"","background-media":"","overlay-type":"","overlay-color":"","overlay-opacity":"","overlay-gradient":""},"tablet":{"background-color":"var(--ast-global-color-5)","background-image":"","background-repeat":"repeat","background-position":"center center","background-size":"auto","background-attachment":"scroll","background-type":"","background-media":"","overlay-type":"","overlay-color":"","overlay-opacity":"","overlay-gradient":""},"mobile":{"background-color":"var(--ast-global-color-5)","background-image":"","background-repeat":"repeat","background-position":"center center","background-size":"auto","background-attachment":"scroll","background-type":"","background-media":"","overlay-type":"","overlay-color":"","overlay-opacity":"","overlay-gradient":""}},"footnotes":""},"class_list":["post-4064","page","type-page","status-publish","hentry"],"aioseo_notices":[],"campaignId":"","_links":{"self":[{"href":"https:\/\/nudechick.online\/de\/wp-json\/wp\/v2\/pages\/4064"}],"collection":[{"href":"https:\/\/nudechick.online\/de\/wp-json\/wp\/v2\/pages"}],"about":[{"href":"https:\/\/nudechick.online\/de\/wp-json\/wp\/v2\/types\/page"}],"author":[{"embeddable":true,"href":"https:\/\/nudechick.online\/de\/wp-json\/wp\/v2\/users\/1"}],"replies":[{"embeddable":true,"href":"https:\/\/nudechick.online\/de\/wp-json\/wp\/v2\/comments?post=4064"}],"version-history":[{"count":6,"href":"https:\/\/nudechick.online\/de\/wp-json\/wp\/v2\/pages\/4064\/revisions"}],"predecessor-version":[{"id":4190,"href":"https:\/\/nudechick.online\/de\/wp-json\/wp\/v2\/pages\/4064\/revisions\/4190"}],"up":[{"embeddable":true,"href":"https:\/\/nudechick.online\/de\/wp-json\/wp\/v2\/pages\/4116"}],"wp:attachment":[{"href":"https:\/\/nudechick.online\/de\/wp-json\/wp\/v2\/media?parent=4064"}],"curies":[{"name":"wp","href":"https:\/\/api.w.org\/{rel}","templated":true}]}}