{"id":3607,"date":"2024-11-06T20:45:33","date_gmt":"2024-11-06T20:45:33","guid":{"rendered":"https:\/\/nudechick.online\/home\/"},"modified":"2024-11-21T09:06:17","modified_gmt":"2024-11-21T09:06:17","slug":"home","status":"publish","type":"page","link":"https:\/\/nudechick.online\/es\/","title":{"rendered":"Home"},"content":{"rendered":"<h1>\n\t\tLas Mejores Fotos De Mujeres Desnudas | Fotos De Chicas Desnudas\n\t<\/h1>\n\t\t\t<a href=\"https:\/\/nudechick.online\/es\/go\/join\/\" target=\"_self\" role=\"button\" rel=\"noopener\">\n\t\t\t\t\t\t\u00danete ahora\n\t\t<\/a>\n\t<p>&nbsp;<\/p>\n<p>Mira fotos porno gratis de mujeres desnudas calientes y sexys.   Si estabas buscando un sitio web donde puedas ver videos porno amateur y follar co\u00f1os de todo el mundo entonces est\u00e1s en el lugar perfecto, y nuestro sitio cumplir\u00e1 con tus mayores expectativas. Somos un sitio TOP con fotos de desnudos y ofrecemos todo gratis. Qu\u00e9date con nosotros por mucho tiempo y mira mujeres desnudas de Rusia y muchos otros pa\u00edses.<\/p>\n<p>Adem\u00e1s de las tradicionales fotos xxx de desnudos y v\u00eddeos porno, tambi\u00e9n puedes chatear con chicas en l\u00ednea virtualmente las 24 horas del d\u00eda. Muchas chicas calientes est\u00e1n disponibles y listas para tener una charla er\u00f3tica contigo. Si te apetece, tambi\u00e9n puedes verlas en webcams para adultos, en las que te ense\u00f1ar\u00e1n su co\u00f1o o se masturbar\u00e1n con su consolador.<\/p>\n<p>If you like a girl, you can also exchange nude photos with your days or send videos through our messenger. We give you the opportunity to use our platform completely free and without any limit. It&#8217;s only up to you if you take the chance to meet a new sexy girl to fuck, a wife who likes anal or just a quick sex in a hotel.<\/p>\n\t\t\t\t<img loading=\"lazy\" decoding=\"async\" src=\"https:\/\/nudechick.online\/wp-content\/uploads\/2024\/11\/5-231x300.png\" alt=\"5\" itemprop=\"image\" height=\"300\" width=\"231\" title=\"5\" onerror=\"this.style.display='none'\"  \/>\n\t<p>Ania (Cracow)<\/p>\n\t\t\t<a href=\"https:\/\/nudechick.online\/es\/date\/ania-cracow\/\" target=\"_self\" rel=\"noopener\">\n\t\t\t\t\t\tComprobar perfil\n\t\t\t\t\t<\/a>\n\t\t\t<a href=\"https:\/\/nudechick.online\/es\/go\/join\/\" target=\"_self\" rel=\"noopener\">\n\t\t\t\t\t\t\u00a1Con\u00f3cela ahora!\n\t\t\t\t\t<\/a>\n\t\t\t\t<img loading=\"lazy\" decoding=\"async\" src=\"https:\/\/nudechick.online\/wp-content\/uploads\/2024\/11\/3-204x300.jpg\" alt=\"3\" itemprop=\"image\" height=\"300\" width=\"204\" title=\"3\" onerror=\"this.style.display='none'\"  \/>\n\t<p>Monica (Oslo)<\/p>\n\t\t\t<a href=\"https:\/\/nudechick.online\/es\/date\/monica-oslo\/\" target=\"_self\" rel=\"noopener\">\n\t\t\t\t\t\tComprobar perfil\n\t\t\t\t\t<\/a>\n\t\t\t<a href=\"https:\/\/nudechick.online\/es\/go\/join\/\" target=\"_self\" rel=\"noopener\">\n\t\t\t\t\t\t\u00a1Con\u00f3cela ahora!\n\t\t\t\t\t<\/a>\n\t\t\t\t<img loading=\"lazy\" decoding=\"async\" src=\"https:\/\/nudechick.online\/wp-content\/uploads\/2024\/11\/7.png\" alt=\"7\" itemprop=\"image\" height=\"768\" width=\"768\" title=\"7\" onerror=\"this.style.display='none'\"  \/>\n\t<p>Kimberly (Chicago)<\/p>\n\t\t\t<a href=\"https:\/\/nudechick.online\/es\/date\/kimberly-chicago\/\" target=\"_self\" rel=\"noopener\">\n\t\t\t\t\t\tComprobar perfil\n\t\t\t\t\t<\/a>\n\t\t\t<a href=\"https:\/\/nudechick.online\/es\/go\/join\/\" target=\"_self\" rel=\"noopener\">\n\t\t\t\t\t\t\u00a1Con\u00f3cela ahora!\n\t\t\t\t\t<\/a>\n\t\t\t\t<img loading=\"lazy\" decoding=\"async\" src=\"https:\/\/nudechick.online\/wp-content\/uploads\/2024\/11\/6-200x300.png\" alt=\"6\" itemprop=\"image\" height=\"300\" width=\"200\" title=\"6\" onerror=\"this.style.display='none'\"  \/>\n\t<p>Robelyn (Toronto)<\/p>\n\t\t\t<a href=\"https:\/\/nudechick.online\/es\/date\/robelyn-toronto\/\" target=\"_self\" rel=\"noopener\">\n\t\t\t\t\t\tComprobar perfil\n\t\t\t\t\t<\/a>\n\t\t\t<a href=\"https:\/\/nudechick.online\/es\/go\/join\/\" target=\"_self\" rel=\"noopener\">\n\t\t\t\t\t\t\u00a1Con\u00f3cela ahora!\n\t\t\t\t\t<\/a>\n\t\t\t\t<img loading=\"lazy\" decoding=\"async\" src=\"https:\/\/nudechick.online\/wp-content\/uploads\/2024\/11\/2-1-231x300.jpg\" alt=\"doggystyle in bed with stephanie manchester\" itemprop=\"image\" height=\"300\" width=\"231\" title=\"2\" onerror=\"this.style.display='none'\"  \/>\n\t<p>Stephanie (Manchester)<\/p>\n\t\t\t<a href=\"https:\/\/nudechick.online\/es\/date\/stephanie-manchester\/\" target=\"_self\" rel=\"noopener\">\n\t\t\t\t\t\tComprobar perfil\n\t\t\t\t\t<\/a>\n\t\t\t<a href=\"https:\/\/nudechick.online\/es\/go\/join\/\" target=\"_self\" rel=\"noopener\">\n\t\t\t\t\t\t\u00a1Con\u00f3cela ahora!\n\t\t\t\t\t<\/a>\n\t\t\t\t<img loading=\"lazy\" decoding=\"async\" src=\"https:\/\/nudechick.online\/wp-content\/uploads\/2024\/11\/1-1-206x300.jpg\" alt=\"1\" itemprop=\"image\" height=\"300\" width=\"206\" title=\"1\" onerror=\"this.style.display='none'\"  \/>\n\t<p>Bella (Hamburg)<\/p>\n\t\t\t<a href=\"https:\/\/nudechick.online\/es\/date\/bella-hamburg\/\" target=\"_self\" rel=\"noopener\">\n\t\t\t\t\t\tComprobar perfil\n\t\t\t\t\t<\/a>\n\t\t\t<a href=\"https:\/\/nudechick.online\/es\/go\/join\/\" target=\"_self\" rel=\"noopener\">\n\t\t\t\t\t\t\u00a1Con\u00f3cela ahora!\n\t\t\t\t\t<\/a>\n\t\t\t\t<img loading=\"lazy\" decoding=\"async\" src=\"https:\/\/nudechick.online\/wp-content\/uploads\/2024\/11\/4-200x300.png\" alt=\"4\" itemprop=\"image\" height=\"300\" width=\"200\" title=\"4\" onerror=\"this.style.display='none'\"  \/>\n\t<p>Kate (London)<\/p>\n\t\t\t<a href=\"https:\/\/nudechick.online\/es\/date\/kate-london\/\" target=\"_self\" rel=\"noopener\">\n\t\t\t\t\t\tComprobar perfil\n\t\t\t\t\t<\/a>\n\t\t\t<a href=\"https:\/\/nudechick.online\/es\/go\/join\/\" target=\"_self\" rel=\"noopener\">\n\t\t\t\t\t\t\u00a1Con\u00f3cela ahora!\n\t\t\t\t\t<\/a>\n\t\t\t\t<img loading=\"lazy\" decoding=\"async\" src=\"https:\/\/nudechick.online\/wp-content\/uploads\/2024\/11\/8-225x300.png\" alt=\"8\" itemprop=\"image\" height=\"300\" width=\"225\" title=\"8\" onerror=\"this.style.display='none'\"  \/>\n\t<p>Princess (Tijuana)<\/p>\n\t\t\t<a href=\"https:\/\/nudechick.online\/es\/date\/princess-tijuana\/\" target=\"_self\" rel=\"noopener\">\n\t\t\t\t\t\tComprobar perfil\n\t\t\t\t\t<\/a>\n\t\t\t<a href=\"https:\/\/nudechick.online\/es\/go\/join\/\" target=\"_self\" rel=\"noopener\">\n\t\t\t\t\t\t\u00a1Con\u00f3cela ahora!\n\t\t\t\t\t<\/a>\n\t\t\t<h2>\n\t\t\t\t\t\u00bfPor qu\u00e9 Nudechick tiene los mejores desnudos y v\u00eddeos porno?\n\t\t\t\t<\/h2>\n\t<p>En nuestro sitio encontrar\u00e1s a las mujeres m\u00e1s calientes y sexys de todo el mundo.<\/p>\n\t<p>Access to the full service allows you to view private nude photos and amateur porn videos with authentic girls from your city or country. In addition, you can browse girls&#8217; profiles and add them to social media such as Whatsapp, Snapchat or Facebook, or simply text with horny bitches through our live chat.<\/p>\n\t<p>Convi\u00e9rtete en nuestro usuario y echa un vistazo a las chicas en la ducha o concierta una cita y f\u00f3llatelas en el parque. Crea una cuenta gratuita ahora y disfruta de visionado ilimitado de las chicas m\u00e1s sexys de Asia o Sudam\u00e9rica. Disfruta de acceso completo a una enorme comunidad de personas amantes del sexo y ten citas o encuentra pareja para una relaci\u00f3n.<\/p>\n\t\t\t\t<img loading=\"lazy\" decoding=\"async\" src=\"https:\/\/nudechick.online\/wp-content\/uploads\/2024\/11\/2.jpg\" alt=\"adolescente sexy doggystyle\" itemprop=\"image\" height=\"1230\" width=\"948\" title=\"2\" onerror=\"this.style.display='none'\"  \/>\n\t\t\t\t<img loading=\"lazy\" decoding=\"async\" src=\"https:\/\/nudechick.online\/wp-content\/uploads\/2024\/11\/1.jpg\" alt=\"chica de esmalte nude\" itemprop=\"image\" height=\"1237\" width=\"849\" title=\"1\" onerror=\"this.style.display='none'\"  \/>\n\t\t\t<a href=\"https:\/\/nudechick.online\/es\/go\/join\/\" target=\"_self\" role=\"button\" rel=\"noopener\">\n\t\t\t\t\t\t\u00danete ahora\n\t\t<\/a>\n\t<h2><strong>Ver Mujeres Desnudas Porno Fotos y Reg\u00edstrate Gratis<\/strong><\/h2>\n<p>Nuestro sitio le permitir\u00e1 ver belleza caliente y sexy chicas desnudas fotos completamente gratis y todo lo que tienes que hacer para tener acceso a la galer\u00eda es registrar una cuenta gratuita. Esto es lo \u00fanico que te separa de ver bellas damas y modelos.  Prep\u00e1rate para follar. Hazte miembro de nuestra comunidad y s\u00e9 un usuario activo. \u00a1Disfruta de co\u00f1os peludos y atrevidos de todo el mundo!<\/p>\n<p>Las fotos de desnudos m\u00e1s calientes de chicas cachondas te est\u00e1n esperando. Mira videos amateur como una chica de 18 a\u00f1os es follada por su novio y se masturba. Tenemos contenido nuevo todos los d\u00edas del que nunca te aburrir\u00e1s, y si prefieres el sexo en vivo entonces conoce modelos mostrando sus cuerpos en c\u00e1maras de sexo en l\u00ednea y prueba el sexo en l\u00ednea en tiempo real.<\/p>\n\t\t\t<h2>\n\t\t\t\t\tEnv\u00eda mensajes e intercambia fotos de desnudos con nuestras chicas\n\t\t\t\t<\/h2>\n<h5>\n\t\t01.\n\t<\/h5>\n\t\t\t<h3>\n\t\t\t\t\t&#8211; Find your best girl\n\t\t\t\t<\/h3>\n\t\t\t<p>Encuentra el perfil de la chica que te interesa y mira sus intereses. Entre las chicas amateur tambi\u00e9n en nuestro sitio puedes encontrar modelos desnud\u00e1ndose en webcams. El elemento clave es que encuentres una chica que busque exactamente lo mismo que t\u00fa.<\/p>\n<h5>\n\t\t02.\n\t<\/h5>\n\t\t\t<h3>\n\t\t\t\t\t&#8211; Add people to friends\n\t\t\t\t<\/h3>\n\t\t\t<p>If a girl likes you and is interested in having sex or showing her pussy on a webcam then you shouldn&#8217;t wait any longer! Our conversations are fully encrypted and only you and the girl you are writing with have access to your messages. We are committed to making users feel completely safe on our site.<\/p>\n<h5>\n\t\t03.\n\t<\/h5>\n\t\t\t<h3>\n\t\t\t\t\t&#8211; Exchange nude photos\n\t\t\t\t<\/h3>\n\t\t\t<p>Si la mujer que te gusta tambi\u00e9n est\u00e1 interesada en enviar fotos de desnudos o v\u00eddeos de ella masturb\u00e1ndose, tambi\u00e9n podr\u00e1s hacerlo en nuestro sitio sin ning\u00fan l\u00edmite. Si\u00e9ntete como en casa y busca a la mujer de tus sue\u00f1os.<\/p>\n\t\t\t<a href=\"https:\/\/nudechick.online\/es\/go\/join\/\" target=\"_self\" role=\"button\" rel=\"noopener\">\n\t\t\t\t\t\t\u00danete ahora\n\t\t<\/a>","protected":false},"excerpt":{"rendered":"<p>Best Nude Pics From Naked Women | Nude Girls Photos Join now &nbsp; Watch free porn pics from hot and sexy nude women. \u00a0 If you were looking for a website where you can watch amateur porn videos and fuck pussy from all over the world then you are in the perfect place, and our [&hellip;]<\/p>","protected":false},"author":1,"featured_media":0,"parent":0,"menu_order":0,"comment_status":"closed","ping_status":"closed","template":"","meta":{"give_campaign_id":0,"site-sidebar-layout":"no-sidebar","site-content-layout":"page-builder","ast-site-content-layout":"full-width-container","site-content-style":"unboxed","site-sidebar-style":"unboxed","ast-global-header-display":"","ast-banner-title-visibility":"","ast-main-header-display":"","ast-hfb-above-header-display":"","ast-hfb-below-header-display":"","ast-hfb-mobile-header-display":"","site-post-title":"disabled","ast-breadcrumbs-content":"","ast-featured-img":"disabled","footer-sml-layout":"","theme-transparent-header-meta":"","adv-header-id-meta":"","stick-header-meta":"","header-above-stick-meta":"","header-main-stick-meta":"","header-below-stick-meta":"","astra-migrate-meta-layouts":"set","ast-page-background-enabled":"default","ast-page-background-meta":{"desktop":{"background-color":"","background-image":"","background-repeat":"repeat","background-position":"center center","background-size":"auto","background-attachment":"scroll","background-type":"","background-media":"","overlay-type":"","overlay-color":"","overlay-opacity":"","overlay-gradient":""},"tablet":{"background-color":"","background-image":"","background-repeat":"repeat","background-position":"center center","background-size":"auto","background-attachment":"scroll","background-type":"","background-media":"","overlay-type":"","overlay-color":"","overlay-opacity":"","overlay-gradient":""},"mobile":{"background-color":"","background-image":"","background-repeat":"repeat","background-position":"center center","background-size":"auto","background-attachment":"scroll","background-type":"","background-media":"","overlay-type":"","overlay-color":"","overlay-opacity":"","overlay-gradient":""}},"ast-content-background-meta":{"desktop":{"background-color":"var(--ast-global-color-5)","background-image":"","background-repeat":"repeat","background-position":"center center","background-size":"auto","background-attachment":"scroll","background-type":"","background-media":"","overlay-type":"","overlay-color":"","overlay-opacity":"","overlay-gradient":""},"tablet":{"background-color":"var(--ast-global-color-5)","background-image":"","background-repeat":"repeat","background-position":"center center","background-size":"auto","background-attachment":"scroll","background-type":"","background-media":"","overlay-type":"","overlay-color":"","overlay-opacity":"","overlay-gradient":""},"mobile":{"background-color":"var(--ast-global-color-5)","background-image":"","background-repeat":"repeat","background-position":"center center","background-size":"auto","background-attachment":"scroll","background-type":"","background-media":"","overlay-type":"","overlay-color":"","overlay-opacity":"","overlay-gradient":""}},"footnotes":""},"class_list":["post-3607","page","type-page","status-publish","hentry"],"aioseo_notices":[],"campaignId":"","_links":{"self":[{"href":"https:\/\/nudechick.online\/es\/wp-json\/wp\/v2\/pages\/3607"}],"collection":[{"href":"https:\/\/nudechick.online\/es\/wp-json\/wp\/v2\/pages"}],"about":[{"href":"https:\/\/nudechick.online\/es\/wp-json\/wp\/v2\/types\/page"}],"author":[{"embeddable":true,"href":"https:\/\/nudechick.online\/es\/wp-json\/wp\/v2\/users\/1"}],"replies":[{"embeddable":true,"href":"https:\/\/nudechick.online\/es\/wp-json\/wp\/v2\/comments?post=3607"}],"version-history":[{"count":20,"href":"https:\/\/nudechick.online\/es\/wp-json\/wp\/v2\/pages\/3607\/revisions"}],"predecessor-version":[{"id":4194,"href":"https:\/\/nudechick.online\/es\/wp-json\/wp\/v2\/pages\/3607\/revisions\/4194"}],"wp:attachment":[{"href":"https:\/\/nudechick.online\/es\/wp-json\/wp\/v2\/media?parent=3607"}],"curies":[{"name":"wp","href":"https:\/\/api.w.org\/{rel}","templated":true}]}}