{"id":4064,"date":"2024-11-21T04:06:13","date_gmt":"2024-11-21T04:06:13","guid":{"rendered":"https:\/\/nudechick.online\/?page_id=4064"},"modified":"2024-11-21T04:06:15","modified_gmt":"2024-11-21T04:06:15","slug":"princess-tijuana","status":"publish","type":"page","link":"https:\/\/nudechick.online\/es\/date\/princess-tijuana\/","title":{"rendered":"Princess Tijuana"},"content":{"rendered":"<h1>Onlyfans Videos Porno Desnudos Gratis | Princesa Tijuana<\/h1>\n\t<p>Si estabas buscando chicas sexys de onlyfans y videos porno amateur de modelo desnuda de plataforma azul entonces est\u00e1s en un muy buen lugar. Ver los creadores de contenido y sus fotos traviesas completamente gratis. Navega por los perfiles de mujeres amateur y queda con ellas para tener sexo sin compromiso. Esta es la mejor opci\u00f3n para conocer mujeres nuevas de todo el mundo, \u00a1y el acceso a nuestro contenido exclusivo te dar\u00e1 una experiencia incre\u00edble durante mucho tiempo! Mira porno gratis de las latinas m\u00e1s calientes a las que les encanta el sexo anal y sue\u00f1an con que se las follen por el culo. En nuestra plataforma encontrar\u00e1s a las chicas desnudas m\u00e1s sexys y nunca te arrepentir\u00e1s. Tambi\u00e9n tenemos aqu\u00ed modelos actuando en cams de sexo online y los mejores creadores de contet que puedas imaginar. Adem\u00e1s, tambi\u00e9n puedes buscar perfiles de chicas a las que les gustan los climas de fantas\u00eda y vestirse con trajes kinky cosplay de varios juegos de ordenador.<\/p>\n\t\t\t\t<img loading=\"lazy\" decoding=\"async\" src=\"https:\/\/nudechick.online\/wp-content\/uploads\/2024\/11\/8-1.png\" alt=\"bbw chick massive tits from tijuana\" itemprop=\"image\" height=\"1024\" width=\"768\" title=\"8\" onerror=\"this.style.display='none'\"  \/>\n<h2>\n\t\tPrincess, Tijuana\n\t<\/h2>\n\t<p>My name is Princess and I live in Tijuana. Do you like big boobs? Mine are huge and I love to play with them. I like it best when someone fucks me between my huge tits. I would like you to have a big piece of equipment and fuck me in the ass so that I won&#8217;t sit on a chair for a week. This is my biggest dream. Fuck me as soon as possible.<\/p>\n\t\t\t<a href=\"https:\/\/nudechick.online\/es\/go\/meet\/\" target=\"_self\" rel=\"noopener\">\n\t\t\t\t\t\tFacebook\n\t\t\t\t\t<\/a>\n\t\t\t<a href=\"https:\/\/nudechick.online\/es\/go\/meet\/\" target=\"_self\" rel=\"noopener\">\n\t\t\t\t\t\tInstagram\n\t\t\t\t\t<\/a>\n\t\t\t<a href=\"https:\/\/nudechick.online\/es\/go\/meet\/\" target=\"_self\" rel=\"noopener\">\n\t\t\t\t\t\tSnapchat\n\t\t\t\t\t<\/a>\n\t<p>87,564<\/p>\n\t<p>Seguidores<\/p>\n\t<p><strong>Estoy en l\u00ednea.<\/strong><\/p>\n<p>Tiempo medio de respuesta 5-10 minutos<\/p>\n\t\t\t<a href=\"https:\/\/nudechick.online\/es\/go\/meet\/\" target=\"_self\" rel=\"noopener\">\n\t\t\t\t\t\t\t\u00a1\u00danete ahora!\n\t\t\t\t\t<\/a>\n\t<h2>Naughty And Sexy Nude Girls From Onlyfans &#8211; Search Models, Watch Exclusive Naked Content and Write with Them<\/h2>\n<p>Did you know that on our platform you can get access to the instagram accounts of the most kinky women from around the world? That&#8217;s not all. Our users can add explicit content themselves and share their bodies completely free for all our users. Exchange nude nsfw photos from snapchat and other platforms and browse celebrity photos. Our erotic videos will allow you to masturbate to our platform for years to come and also you can meet some sexy girl for a long term relationship. Don&#8217;t wait any longer and become our user by creating a free account and get access to all the content, all the pictures, porn videos and the most kinky girls in our galaxy.<\/p>\n<p>\u00a1Accede gratis al contenido de onlyfans y a las chicas de belleza xxx! Convi\u00e9rtete en nuestro miembro y muestra tu polla a modelos de c\u00e1mara para adultos y ver\u00e1s c\u00f3mo har\u00e1n cualquier cosa por ti por unas cuantas fichas. Busca perfiles de putas adolescentes de 18 a\u00f1os de tu ciudad, ten citas con ellas y graba porno casero. Invita a una chica a tu habitaci\u00f3n y f\u00f3llatela o encuentra al amor de tu vida. \u00danete ahora a nuestra pervertida comunidad de amantes del sexo y accede a muchos v\u00eddeos interesantes y fotos de desnudos. \u00a1Muchas mujeres de todo el mundo te est\u00e1n esperando!<\/p>\n<p>&nbsp;<\/p>","protected":false},"excerpt":{"rendered":"<p>Onlyfans Nude Porn Videos For Free | Princess Tijuana If you were looking for sexy girls from onlyfans and amateur porn videos from naked model from blue platform then you are in a very good place. Watch content creators and their naughty pics completely free. Browse profiles of amateur women and date them for sex [&hellip;]<\/p>","protected":false},"author":1,"featured_media":0,"parent":4116,"menu_order":0,"comment_status":"closed","ping_status":"closed","template":"","meta":{"give_campaign_id":0,"site-sidebar-layout":"no-sidebar","site-content-layout":"page-builder","ast-site-content-layout":"full-width-container","site-content-style":"unboxed","site-sidebar-style":"unboxed","ast-global-header-display":"","ast-banner-title-visibility":"","ast-main-header-display":"","ast-hfb-above-header-display":"","ast-hfb-below-header-display":"","ast-hfb-mobile-header-display":"","site-post-title":"disabled","ast-breadcrumbs-content":"","ast-featured-img":"disabled","footer-sml-layout":"","theme-transparent-header-meta":"","adv-header-id-meta":"","stick-header-meta":"","header-above-stick-meta":"","header-main-stick-meta":"","header-below-stick-meta":"","astra-migrate-meta-layouts":"set","ast-page-background-enabled":"default","ast-page-background-meta":{"desktop":{"background-color":"","background-image":"","background-repeat":"repeat","background-position":"center center","background-size":"auto","background-attachment":"scroll","background-type":"","background-media":"","overlay-type":"","overlay-color":"","overlay-opacity":"","overlay-gradient":""},"tablet":{"background-color":"","background-image":"","background-repeat":"repeat","background-position":"center center","background-size":"auto","background-attachment":"scroll","background-type":"","background-media":"","overlay-type":"","overlay-color":"","overlay-opacity":"","overlay-gradient":""},"mobile":{"background-color":"","background-image":"","background-repeat":"repeat","background-position":"center center","background-size":"auto","background-attachment":"scroll","background-type":"","background-media":"","overlay-type":"","overlay-color":"","overlay-opacity":"","overlay-gradient":""}},"ast-content-background-meta":{"desktop":{"background-color":"var(--ast-global-color-5)","background-image":"","background-repeat":"repeat","background-position":"center center","background-size":"auto","background-attachment":"scroll","background-type":"","background-media":"","overlay-type":"","overlay-color":"","overlay-opacity":"","overlay-gradient":""},"tablet":{"background-color":"var(--ast-global-color-5)","background-image":"","background-repeat":"repeat","background-position":"center center","background-size":"auto","background-attachment":"scroll","background-type":"","background-media":"","overlay-type":"","overlay-color":"","overlay-opacity":"","overlay-gradient":""},"mobile":{"background-color":"var(--ast-global-color-5)","background-image":"","background-repeat":"repeat","background-position":"center center","background-size":"auto","background-attachment":"scroll","background-type":"","background-media":"","overlay-type":"","overlay-color":"","overlay-opacity":"","overlay-gradient":""}},"footnotes":""},"class_list":["post-4064","page","type-page","status-publish","hentry"],"aioseo_notices":[],"campaignId":"","_links":{"self":[{"href":"https:\/\/nudechick.online\/es\/wp-json\/wp\/v2\/pages\/4064"}],"collection":[{"href":"https:\/\/nudechick.online\/es\/wp-json\/wp\/v2\/pages"}],"about":[{"href":"https:\/\/nudechick.online\/es\/wp-json\/wp\/v2\/types\/page"}],"author":[{"embeddable":true,"href":"https:\/\/nudechick.online\/es\/wp-json\/wp\/v2\/users\/1"}],"replies":[{"embeddable":true,"href":"https:\/\/nudechick.online\/es\/wp-json\/wp\/v2\/comments?post=4064"}],"version-history":[{"count":6,"href":"https:\/\/nudechick.online\/es\/wp-json\/wp\/v2\/pages\/4064\/revisions"}],"predecessor-version":[{"id":4190,"href":"https:\/\/nudechick.online\/es\/wp-json\/wp\/v2\/pages\/4064\/revisions\/4190"}],"up":[{"embeddable":true,"href":"https:\/\/nudechick.online\/es\/wp-json\/wp\/v2\/pages\/4116"}],"wp:attachment":[{"href":"https:\/\/nudechick.online\/es\/wp-json\/wp\/v2\/media?parent=4064"}],"curies":[{"name":"wp","href":"https:\/\/api.w.org\/{rel}","templated":true}]}}