{"id":4199,"date":"2025-02-18T09:17:02","date_gmt":"2025-02-18T09:17:02","guid":{"rendered":"https:\/\/nudechick.online\/?page_id=4199"},"modified":"2025-02-18T09:18:06","modified_gmt":"2025-02-18T09:18:06","slug":"dmca","status":"publish","type":"page","link":"https:\/\/nudechick.online\/es\/dmca\/","title":{"rendered":"DMCA"},"content":{"rendered":"<h1>DMCA Policy<\/h1>\n<p>Respetamos los derechos de propiedad intelectual de terceros y cumplimos la Ley de Derechos de Autor del Milenio Digital (DMCA). Si usted cree que su material protegido por derechos de autor ha sido utilizado de una manera que constituye una infracci\u00f3n de derechos de autor en nuestro sitio web, por favor env\u00edenos una notificaci\u00f3n por escrito que incluya lo siguiente: Identificaci\u00f3n del material supuestamente infractor, incluida su ubicaci\u00f3n en nuestro sitio web. Su informaci\u00f3n de contacto (nombre, direcci\u00f3n, correo electr\u00f3nico, n\u00famero de tel\u00e9fono). Una declaraci\u00f3n de que cree de buena fe que el uso del material no est\u00e1 autorizado por el propietario de los derechos de autor, su agente o la ley. Una declaraci\u00f3n, bajo pena de perjurio, de que la informaci\u00f3n contenida en su notificaci\u00f3n es exacta y de que usted es el propietario de los derechos de autor o est\u00e1 autorizado para actuar en su nombre. Su firma f\u00edsica o electr\u00f3nica.<\/p>\n<p>Env\u00ede su notificaci\u00f3n DMCA a [info@nudechick.online]. Responderemos con prontitud a cualquier solicitud v\u00e1lida de la DMCA, incluida la eliminaci\u00f3n del material infractor cuando proceda.<\/p>","protected":false},"excerpt":{"rendered":"<p>DMCA Policy We respect the intellectual property rights of others and comply with the Digital Millennium Copyright Act (DMCA). If you believe that your copyrighted material has been used in a way that constitutes copyright infringement on our website, please provide us with a written notice including the following: Identification of the copyrighted work you [&hellip;]<\/p>","protected":false},"author":1,"featured_media":0,"parent":0,"menu_order":0,"comment_status":"closed","ping_status":"closed","template":"","meta":{"give_campaign_id":0,"site-sidebar-layout":"no-sidebar","site-content-layout":"page-builder","ast-site-content-layout":"full-width-container","site-content-style":"unboxed","site-sidebar-style":"unboxed","ast-global-header-display":"","ast-banner-title-visibility":"","ast-main-header-display":"","ast-hfb-above-header-display":"","ast-hfb-below-header-display":"","ast-hfb-mobile-header-display":"","site-post-title":"disabled","ast-breadcrumbs-content":"","ast-featured-img":"disabled","footer-sml-layout":"","theme-transparent-header-meta":"","adv-header-id-meta":"","stick-header-meta":"","header-above-stick-meta":"","header-main-stick-meta":"","header-below-stick-meta":"","astra-migrate-meta-layouts":"set","ast-page-background-enabled":"default","ast-page-background-meta":{"desktop":{"background-color":"","background-image":"","background-repeat":"repeat","background-position":"center center","background-size":"auto","background-attachment":"scroll","background-type":"","background-media":"","overlay-type":"","overlay-color":"","overlay-opacity":"","overlay-gradient":""},"tablet":{"background-color":"","background-image":"","background-repeat":"repeat","background-position":"center center","background-size":"auto","background-attachment":"scroll","background-type":"","background-media":"","overlay-type":"","overlay-color":"","overlay-opacity":"","overlay-gradient":""},"mobile":{"background-color":"","background-image":"","background-repeat":"repeat","background-position":"center center","background-size":"auto","background-attachment":"scroll","background-type":"","background-media":"","overlay-type":"","overlay-color":"","overlay-opacity":"","overlay-gradient":""}},"ast-content-background-meta":{"desktop":{"background-color":"var(--ast-global-color-5)","background-image":"","background-repeat":"repeat","background-position":"center center","background-size":"auto","background-attachment":"scroll","background-type":"","background-media":"","overlay-type":"","overlay-color":"","overlay-opacity":"","overlay-gradient":""},"tablet":{"background-color":"var(--ast-global-color-5)","background-image":"","background-repeat":"repeat","background-position":"center center","background-size":"auto","background-attachment":"scroll","background-type":"","background-media":"","overlay-type":"","overlay-color":"","overlay-opacity":"","overlay-gradient":""},"mobile":{"background-color":"var(--ast-global-color-5)","background-image":"","background-repeat":"repeat","background-position":"center center","background-size":"auto","background-attachment":"scroll","background-type":"","background-media":"","overlay-type":"","overlay-color":"","overlay-opacity":"","overlay-gradient":""}},"footnotes":""},"class_list":["post-4199","page","type-page","status-publish","hentry"],"aioseo_notices":[],"campaignId":"","_links":{"self":[{"href":"https:\/\/nudechick.online\/es\/wp-json\/wp\/v2\/pages\/4199"}],"collection":[{"href":"https:\/\/nudechick.online\/es\/wp-json\/wp\/v2\/pages"}],"about":[{"href":"https:\/\/nudechick.online\/es\/wp-json\/wp\/v2\/types\/page"}],"author":[{"embeddable":true,"href":"https:\/\/nudechick.online\/es\/wp-json\/wp\/v2\/users\/1"}],"replies":[{"embeddable":true,"href":"https:\/\/nudechick.online\/es\/wp-json\/wp\/v2\/comments?post=4199"}],"version-history":[{"count":3,"href":"https:\/\/nudechick.online\/es\/wp-json\/wp\/v2\/pages\/4199\/revisions"}],"predecessor-version":[{"id":4203,"href":"https:\/\/nudechick.online\/es\/wp-json\/wp\/v2\/pages\/4199\/revisions\/4203"}],"wp:attachment":[{"href":"https:\/\/nudechick.online\/es\/wp-json\/wp\/v2\/media?parent=4199"}],"curies":[{"name":"wp","href":"https:\/\/api.w.org\/{rel}","templated":true}]}}