{"id":3607,"date":"2024-11-06T20:45:33","date_gmt":"2024-11-06T20:45:33","guid":{"rendered":"https:\/\/nudechick.online\/home\/"},"modified":"2024-11-21T09:06:17","modified_gmt":"2024-11-21T09:06:17","slug":"home","status":"publish","type":"page","link":"https:\/\/nudechick.online\/fi\/","title":{"rendered":"Home"},"content":{"rendered":"<h1>\n\t\tParhaat alastonkuvat alastomilta naisilta | Alastomat tyt\u00f6t kuvat\n\t<\/h1>\n\t\t\t<a href=\"https:\/\/nudechick.online\/fi\/go\/join\/\" target=\"_self\" role=\"button\" rel=\"noopener\">\n\t\t\t\t\t\tLiity nyt\n\t\t<\/a>\n\t<p>&nbsp;<\/p>\n<p>Katso ilmaisia pornokuvia seksikk\u00e4ist\u00e4 ja seksikk\u00e4ist\u00e4 alastomista naisista.   Jos etsit sivustoa, jossa voit katsella amat\u00f6\u00f6ripornovideoita ja nussia pillua ymp\u00e4ri maailmaa, niin olet t\u00e4ydellisess\u00e4 paikassa, ja sivustomme t\u00e4ytt\u00e4\u00e4 suurimmat odotuksesi. Olemme TOP-sivusto alastonkuvilla ja tarjoamme kaiken ilmaiseksi. Pysy kanssamme pitk\u00e4\u00e4n ja katso alastomia naisia Ven\u00e4j\u00e4lt\u00e4 ja monista muista maista.<\/p>\n<p>Perinteisten alastonkuvien ja pornovideoiden lis\u00e4ksi voit my\u00f6s keskustella tytt\u00f6jen kanssa verkossa l\u00e4hes 24 tuntia vuorokaudessa. Monet kuumat tyt\u00f6t ovat saatavilla ja valmiita eroottiseen keskusteluun kanssasi. Jos silt\u00e4 tuntuu, voit my\u00f6s katsella heit\u00e4 aikuisten nettikameroista, joissac he n\u00e4ytt\u00e4v\u00e4t sinulle pilluaan tai mastrubboivat itse\u00e4\u00e4n dildollaan.<\/p>\n<p>If you like a girl, you can also exchange nude photos with your days or send videos through our messenger. We give you the opportunity to use our platform completely free and without any limit. It&#8217;s only up to you if you take the chance to meet a new sexy girl to fuck, a wife who likes anal or just a quick sex in a hotel.<\/p>\n\t\t\t\t<img loading=\"lazy\" decoding=\"async\" src=\"https:\/\/nudechick.online\/wp-content\/uploads\/2024\/11\/5-231x300.png\" alt=\"5\" itemprop=\"image\" height=\"300\" width=\"231\" title=\"5\" onerror=\"this.style.display='none'\"  \/>\n\t<p>Ania (Cracow)<\/p>\n\t\t\t<a href=\"https:\/\/nudechick.online\/fi\/date\/ania-cracow\/\" target=\"_self\" rel=\"noopener\">\n\t\t\t\t\t\tTarkista profiili\n\t\t\t\t\t<\/a>\n\t\t\t<a href=\"https:\/\/nudechick.online\/fi\/go\/join\/\" target=\"_self\" rel=\"noopener\">\n\t\t\t\t\t\tTapaa h\u00e4net nyt!\n\t\t\t\t\t<\/a>\n\t\t\t\t<img loading=\"lazy\" decoding=\"async\" src=\"https:\/\/nudechick.online\/wp-content\/uploads\/2024\/11\/3-204x300.jpg\" alt=\"3\" itemprop=\"image\" height=\"300\" width=\"204\" title=\"3\" onerror=\"this.style.display='none'\"  \/>\n\t<p>Monica (Oslo)<\/p>\n\t\t\t<a href=\"https:\/\/nudechick.online\/fi\/date\/monica-oslo\/\" target=\"_self\" rel=\"noopener\">\n\t\t\t\t\t\tTarkista profiili\n\t\t\t\t\t<\/a>\n\t\t\t<a href=\"https:\/\/nudechick.online\/fi\/go\/join\/\" target=\"_self\" rel=\"noopener\">\n\t\t\t\t\t\tTapaa h\u00e4net nyt!\n\t\t\t\t\t<\/a>\n\t\t\t\t<img loading=\"lazy\" decoding=\"async\" src=\"https:\/\/nudechick.online\/wp-content\/uploads\/2024\/11\/7.png\" alt=\"7\" itemprop=\"image\" height=\"768\" width=\"768\" title=\"7\" onerror=\"this.style.display='none'\"  \/>\n\t<p>Kimberly (Chicago)<\/p>\n\t\t\t<a href=\"https:\/\/nudechick.online\/fi\/date\/kimberly-chicago\/\" target=\"_self\" rel=\"noopener\">\n\t\t\t\t\t\tTarkista profiili\n\t\t\t\t\t<\/a>\n\t\t\t<a href=\"https:\/\/nudechick.online\/fi\/go\/join\/\" target=\"_self\" rel=\"noopener\">\n\t\t\t\t\t\tTapaa h\u00e4net nyt!\n\t\t\t\t\t<\/a>\n\t\t\t\t<img loading=\"lazy\" decoding=\"async\" src=\"https:\/\/nudechick.online\/wp-content\/uploads\/2024\/11\/6-200x300.png\" alt=\"6\" itemprop=\"image\" height=\"300\" width=\"200\" title=\"6\" onerror=\"this.style.display='none'\"  \/>\n\t<p>Robelyn (Toronto)<\/p>\n\t\t\t<a href=\"https:\/\/nudechick.online\/fi\/date\/robelyn-toronto\/\" target=\"_self\" rel=\"noopener\">\n\t\t\t\t\t\tTarkista profiili\n\t\t\t\t\t<\/a>\n\t\t\t<a href=\"https:\/\/nudechick.online\/fi\/go\/join\/\" target=\"_self\" rel=\"noopener\">\n\t\t\t\t\t\tTapaa h\u00e4net nyt!\n\t\t\t\t\t<\/a>\n\t\t\t\t<img loading=\"lazy\" decoding=\"async\" src=\"https:\/\/nudechick.online\/wp-content\/uploads\/2024\/11\/2-1-231x300.jpg\" alt=\"doggystyle in bed with stephanie manchester\" itemprop=\"image\" height=\"300\" width=\"231\" title=\"2\" onerror=\"this.style.display='none'\"  \/>\n\t<p>Stephanie (Manchester)<\/p>\n\t\t\t<a href=\"https:\/\/nudechick.online\/fi\/date\/stephanie-manchester\/\" target=\"_self\" rel=\"noopener\">\n\t\t\t\t\t\tTarkista profiili\n\t\t\t\t\t<\/a>\n\t\t\t<a href=\"https:\/\/nudechick.online\/fi\/go\/join\/\" target=\"_self\" rel=\"noopener\">\n\t\t\t\t\t\tTapaa h\u00e4net nyt!\n\t\t\t\t\t<\/a>\n\t\t\t\t<img loading=\"lazy\" decoding=\"async\" src=\"https:\/\/nudechick.online\/wp-content\/uploads\/2024\/11\/1-1-206x300.jpg\" alt=\"1\" itemprop=\"image\" height=\"300\" width=\"206\" title=\"1\" onerror=\"this.style.display='none'\"  \/>\n\t<p>Bella (Hamburg)<\/p>\n\t\t\t<a href=\"https:\/\/nudechick.online\/fi\/date\/bella-hamburg\/\" target=\"_self\" rel=\"noopener\">\n\t\t\t\t\t\tTarkista profiili\n\t\t\t\t\t<\/a>\n\t\t\t<a href=\"https:\/\/nudechick.online\/fi\/go\/join\/\" target=\"_self\" rel=\"noopener\">\n\t\t\t\t\t\tTapaa h\u00e4net nyt!\n\t\t\t\t\t<\/a>\n\t\t\t\t<img loading=\"lazy\" decoding=\"async\" src=\"https:\/\/nudechick.online\/wp-content\/uploads\/2024\/11\/4-200x300.png\" alt=\"4\" itemprop=\"image\" height=\"300\" width=\"200\" title=\"4\" onerror=\"this.style.display='none'\"  \/>\n\t<p>Kate (London)<\/p>\n\t\t\t<a href=\"https:\/\/nudechick.online\/fi\/date\/kate-london\/\" target=\"_self\" rel=\"noopener\">\n\t\t\t\t\t\tTarkista profiili\n\t\t\t\t\t<\/a>\n\t\t\t<a href=\"https:\/\/nudechick.online\/fi\/go\/join\/\" target=\"_self\" rel=\"noopener\">\n\t\t\t\t\t\tTapaa h\u00e4net nyt!\n\t\t\t\t\t<\/a>\n\t\t\t\t<img loading=\"lazy\" decoding=\"async\" src=\"https:\/\/nudechick.online\/wp-content\/uploads\/2024\/11\/8-225x300.png\" alt=\"8\" itemprop=\"image\" height=\"300\" width=\"225\" title=\"8\" onerror=\"this.style.display='none'\"  \/>\n\t<p>Princess (Tijuana)<\/p>\n\t\t\t<a href=\"https:\/\/nudechick.online\/fi\/date\/princess-tijuana\/\" target=\"_self\" rel=\"noopener\">\n\t\t\t\t\t\tTarkista profiili\n\t\t\t\t\t<\/a>\n\t\t\t<a href=\"https:\/\/nudechick.online\/fi\/go\/join\/\" target=\"_self\" rel=\"noopener\">\n\t\t\t\t\t\tTapaa h\u00e4net nyt!\n\t\t\t\t\t<\/a>\n\t\t\t<h2>\n\t\t\t\t\tMiksi Nudechick on paras alastonkuvat ja porno videoita?\n\t\t\t\t<\/h2>\n\t<p>Sivustoltamme l\u00f6yd\u00e4t kuumimmat ja seksikk\u00e4imm\u00e4t naiset ymp\u00e4ri maailmaa.<\/p>\n\t<p>Access to the full service allows you to view private nude photos and amateur porn videos with authentic girls from your city or country. In addition, you can browse girls&#8217; profiles and add them to social media such as Whatsapp, Snapchat or Facebook, or simply text with horny bitches through our live chat.<\/p>\n\t<p>Ryhdy k\u00e4ytt\u00e4j\u00e4ksi ja kurkista tytt\u00f6j\u00e4 suihkussa tai sovi treffeist\u00e4 ja nai heit\u00e4 puistossa. Luo ilmainen tili nyt ja nauti rajattomasta seksikk\u00e4impien tytt\u00f6jen katselusta Aasiasta tai Etel\u00e4-Amerikasta. Nauti t\u00e4ydest\u00e4 p\u00e4\u00e4syst\u00e4 valtavaan seksi\u00e4 rakastavien ihmisten yhteis\u00f6\u00f6n ja seurustele tai l\u00f6yd\u00e4 kumppani parisuhdetta varten.<\/p>\n\t\t\t\t<img loading=\"lazy\" decoding=\"async\" src=\"https:\/\/nudechick.online\/wp-content\/uploads\/2024\/11\/2.jpg\" alt=\"seksik\u00e4s teini doggystyle\" itemprop=\"image\" height=\"1230\" width=\"948\" title=\"2\" onerror=\"this.style.display='none'\"  \/>\n\t\t\t\t<img loading=\"lazy\" decoding=\"async\" src=\"https:\/\/nudechick.online\/wp-content\/uploads\/2024\/11\/1.jpg\" alt=\"nude lakka tytt\u00f6\" itemprop=\"image\" height=\"1237\" width=\"849\" title=\"1\" onerror=\"this.style.display='none'\"  \/>\n\t\t\t<a href=\"https:\/\/nudechick.online\/fi\/go\/join\/\" target=\"_self\" role=\"button\" rel=\"noopener\">\n\t\t\t\t\t\tLiity nyt\n\t\t<\/a>\n\t<h2><strong>Katso Nude Women Porn Pics ja Rekister\u00f6idy ilmaiseksi<\/strong><\/h2>\n<p>Sivustollamme voit katsella kauneuden kuumia ja seksikk\u00e4it\u00e4 alastomia tytt\u00f6jen kuvia t\u00e4ysin ilmaiseksi, ja kaikki mit\u00e4 sinun tarvitsee tehd\u00e4 p\u00e4\u00e4st\u00e4ksesi galleriaan on rekister\u00f6id\u00e4 ilmainen tili. T\u00e4m\u00e4 on ainoa asia, joka erottaa sinut kauniiden naisten ja mallien katselusta.  Ole valmis panemiseen. Liity yhteis\u00f6mme j\u00e4seneksi ja ole aktiivinen k\u00e4ytt\u00e4j\u00e4. Nauti karvaisista ja rohkeista pilluista kaikkialta maailmasta!<\/p>\n<p>Kuumimmat alastonkuvat kiimaisilta muijilta odottavat sinua. Katso amat\u00f6\u00f6rivideoita, kun 18-vuotias tytt\u00f6 saa poikayst\u00e4v\u00e4lt\u00e4\u00e4n nussia ja mastuboida. Meill\u00e4 on joka p\u00e4iv\u00e4 uutta sis\u00e4lt\u00f6\u00e4, johon et kyll\u00e4sty koskaan, ja jos pid\u00e4t enemm\u00e4n liven\u00e4 tapahtuvasta seksist\u00e4, tapaa malleja, jotka esittelev\u00e4t vartaloaan nettiseksikameroissa ja kokeile reaaliaikaista nettiseksi\u00e4.<\/p>\n\t\t\t<h2>\n\t\t\t\t\tViesti ja vaihtaa snap alastonkuvia tytt\u00f6jen kanssa\n\t\t\t\t<\/h2>\n<h5>\n\t\t01.\n\t<\/h5>\n\t\t\t<h3>\n\t\t\t\t\t&#8211; Find your best girl\n\t\t\t\t<\/h3>\n\t\t\t<p>Etsi kiinnostavan tyt\u00f6n profiili ja katso h\u00e4nen kiinnostuksen kohteensa. Amat\u00f6\u00f6ritytt\u00f6jen joukosta my\u00f6s sivustoltamme l\u00f6yd\u00e4t webbikameroissa riisuutuvia malleja. T\u00e4rkeint\u00e4 on, ett\u00e4 l\u00f6yd\u00e4t tyt\u00f6n, joka etsii juuri sit\u00e4, mit\u00e4 sin\u00e4 etsit.<\/p>\n<h5>\n\t\t02.\n\t<\/h5>\n\t\t\t<h3>\n\t\t\t\t\t&#8211; Add people to friends\n\t\t\t\t<\/h3>\n\t\t\t<p>If a girl likes you and is interested in having sex or showing her pussy on a webcam then you shouldn&#8217;t wait any longer! Our conversations are fully encrypted and only you and the girl you are writing with have access to your messages. We are committed to making users feel completely safe on our site.<\/p>\n<h5>\n\t\t03.\n\t<\/h5>\n\t\t\t<h3>\n\t\t\t\t\t&#8211; Exchange nude photos\n\t\t\t\t<\/h3>\n\t\t\t<p>Jos mieleisesi nainen on my\u00f6s kiinnostunut l\u00e4hett\u00e4m\u00e4\u00e4n alastonkuvia tai videoita itsetyydytyksest\u00e4\u00e4n, voit my\u00f6s tehd\u00e4 sen sivustollamme ilman rajoituksia. Tunne vain olosi kotoisaksi t\u00e4\u00e4ll\u00e4 ja etsi unelmiesi naisia.<\/p>\n\t\t\t<a href=\"https:\/\/nudechick.online\/fi\/go\/join\/\" target=\"_self\" role=\"button\" rel=\"noopener\">\n\t\t\t\t\t\tLiity nyt\n\t\t<\/a>","protected":false},"excerpt":{"rendered":"<p>Best Nude Pics From Naked Women | Nude Girls Photos Join now &nbsp; Watch free porn pics from hot and sexy nude women. \u00a0 If you were looking for a website where you can watch amateur porn videos and fuck pussy from all over the world then you are in the perfect place, and our [&hellip;]<\/p>","protected":false},"author":1,"featured_media":0,"parent":0,"menu_order":0,"comment_status":"closed","ping_status":"closed","template":"","meta":{"give_campaign_id":0,"site-sidebar-layout":"no-sidebar","site-content-layout":"page-builder","ast-site-content-layout":"full-width-container","site-content-style":"unboxed","site-sidebar-style":"unboxed","ast-global-header-display":"","ast-banner-title-visibility":"","ast-main-header-display":"","ast-hfb-above-header-display":"","ast-hfb-below-header-display":"","ast-hfb-mobile-header-display":"","site-post-title":"disabled","ast-breadcrumbs-content":"","ast-featured-img":"disabled","footer-sml-layout":"","theme-transparent-header-meta":"","adv-header-id-meta":"","stick-header-meta":"","header-above-stick-meta":"","header-main-stick-meta":"","header-below-stick-meta":"","astra-migrate-meta-layouts":"set","ast-page-background-enabled":"default","ast-page-background-meta":{"desktop":{"background-color":"","background-image":"","background-repeat":"repeat","background-position":"center center","background-size":"auto","background-attachment":"scroll","background-type":"","background-media":"","overlay-type":"","overlay-color":"","overlay-opacity":"","overlay-gradient":""},"tablet":{"background-color":"","background-image":"","background-repeat":"repeat","background-position":"center center","background-size":"auto","background-attachment":"scroll","background-type":"","background-media":"","overlay-type":"","overlay-color":"","overlay-opacity":"","overlay-gradient":""},"mobile":{"background-color":"","background-image":"","background-repeat":"repeat","background-position":"center center","background-size":"auto","background-attachment":"scroll","background-type":"","background-media":"","overlay-type":"","overlay-color":"","overlay-opacity":"","overlay-gradient":""}},"ast-content-background-meta":{"desktop":{"background-color":"var(--ast-global-color-5)","background-image":"","background-repeat":"repeat","background-position":"center center","background-size":"auto","background-attachment":"scroll","background-type":"","background-media":"","overlay-type":"","overlay-color":"","overlay-opacity":"","overlay-gradient":""},"tablet":{"background-color":"var(--ast-global-color-5)","background-image":"","background-repeat":"repeat","background-position":"center center","background-size":"auto","background-attachment":"scroll","background-type":"","background-media":"","overlay-type":"","overlay-color":"","overlay-opacity":"","overlay-gradient":""},"mobile":{"background-color":"var(--ast-global-color-5)","background-image":"","background-repeat":"repeat","background-position":"center center","background-size":"auto","background-attachment":"scroll","background-type":"","background-media":"","overlay-type":"","overlay-color":"","overlay-opacity":"","overlay-gradient":""}},"footnotes":""},"class_list":["post-3607","page","type-page","status-publish","hentry"],"aioseo_notices":[],"campaignId":"","_links":{"self":[{"href":"https:\/\/nudechick.online\/fi\/wp-json\/wp\/v2\/pages\/3607"}],"collection":[{"href":"https:\/\/nudechick.online\/fi\/wp-json\/wp\/v2\/pages"}],"about":[{"href":"https:\/\/nudechick.online\/fi\/wp-json\/wp\/v2\/types\/page"}],"author":[{"embeddable":true,"href":"https:\/\/nudechick.online\/fi\/wp-json\/wp\/v2\/users\/1"}],"replies":[{"embeddable":true,"href":"https:\/\/nudechick.online\/fi\/wp-json\/wp\/v2\/comments?post=3607"}],"version-history":[{"count":20,"href":"https:\/\/nudechick.online\/fi\/wp-json\/wp\/v2\/pages\/3607\/revisions"}],"predecessor-version":[{"id":4194,"href":"https:\/\/nudechick.online\/fi\/wp-json\/wp\/v2\/pages\/3607\/revisions\/4194"}],"wp:attachment":[{"href":"https:\/\/nudechick.online\/fi\/wp-json\/wp\/v2\/media?parent=3607"}],"curies":[{"name":"wp","href":"https:\/\/api.w.org\/{rel}","templated":true}]}}