{"id":4033,"date":"2024-11-17T22:49:19","date_gmt":"2024-11-17T22:49:19","guid":{"rendered":"https:\/\/nudechick.online\/?page_id=4033"},"modified":"2024-11-20T07:34:31","modified_gmt":"2024-11-20T07:34:31","slug":"monica-oslo","status":"publish","type":"page","link":"https:\/\/nudechick.online\/fi\/date\/monica-oslo\/","title":{"rendered":"Monica Oslo"},"content":{"rendered":"<h1><strong>Snapchat alaston Pornovideot | Tapaa Monica Sexting varten<\/strong><\/h1>\n\t<p>Jos etsit seksi\u00e4 snap kiimaisia tytt\u00f6j\u00e4 niin olet tullut oikeaan paikkaan. NudeChick-sivustolta l\u00f6yd\u00e4t premium-luokan amat\u00f6\u00f6risis\u00e4lt\u00f6\u00e4 t\u00e4ysin ilmaiseksi. T\u00e4\u00e4lt\u00e4 l\u00f6yd\u00e4t kuumimmat tyt\u00f6t Ven\u00e4j\u00e4lt\u00e4, Euroopasta, Aasiasta. Kauniit aasialaiset ja latinalaisamerikkalaiset tyt\u00f6t odottavat sinua ja l\u00e4hett\u00e4v\u00e4t sinulle pillukuvan. Alustaltamme l\u00f6yd\u00e4t sext teinityt\u00f6t, jotka ovat 18-vuotiaita ja likaisia mammasinkkuja, jotka l\u00e4hett\u00e4v\u00e4t tuhmia kuvia ilmaiseksi ja etsiv\u00e4t kalua nussimaan heit\u00e4.<\/p>\n<p>Keskustele seksikk\u00e4iden naisten kanssa, jotka rakastavat olla kusessa ja ottaa suihin. Etsi ruskeaverikk\u00f6isi\u00e4 tai blondeja tytt\u00f6j\u00e4 kaupungistasi ja treffaa rentoa anaaliseksi\u00e4 varten tai kutsu tytt\u00f6 kahville, joka on kiinnostunut pitk\u00e4aikaisesta suhteesta. Voit my\u00f6s l\u00f6yt\u00e4\u00e4 vaimon portaalistamme ja aloittaa snapchat-seksin. Liity j\u00e4seneksi valtavaan yhteis\u00f6\u00f6mme, josta l\u00f6yd\u00e4t perversseimm\u00e4t naiset ymp\u00e4ri maailmaa ja tapaat lutkia, jotka l\u00e4hett\u00e4v\u00e4t sinulle alastomista tisseist\u00e4 kuvia. Rekister\u00f6idy jo t\u00e4n\u00e4\u00e4n ja k\u00e4yt\u00e4 alustamme ilman rajoituksia ja maksuja!<\/p>\n\t\t\t\t<img loading=\"lazy\" decoding=\"async\" src=\"https:\/\/nudechick.online\/wp-content\/uploads\/2024\/11\/3-1.jpg\" alt=\"monica want sex in oslo and showing pussy\" itemprop=\"image\" height=\"1236\" width=\"839\" title=\"3\" onerror=\"this.style.display='none'\"  \/>\n<h2>\n\t\tMonica, Oslo\n\t<\/h2>\n\t<p>Hey I&#8217;m Monica and I live in Oslo, I like doggie positions and my favorite position to fuck is like the one in my profile picture. I work in a hospital as a nurse and can take very good care of you if you need a private sitter who likes to be fucked in the ass.<\/p>\n\t\t\t<a href=\"https:\/\/nudechick.online\/fi\/go\/meet\/\" target=\"_self\" rel=\"noopener\">\n\t\t\t\t\t\tFacebook\n\t\t\t\t\t<\/a>\n\t\t\t<a href=\"https:\/\/nudechick.online\/fi\/go\/meet\/\" target=\"_self\" rel=\"noopener\">\n\t\t\t\t\t\tInstagram\n\t\t\t\t\t<\/a>\n\t\t\t<a href=\"https:\/\/nudechick.online\/fi\/go\/meet\/\" target=\"_self\" rel=\"noopener\">\n\t\t\t\t\t\tSnapchat\n\t\t\t\t\t<\/a>\n\t<p>77,131<\/p>\n\t<p>Seuraajat<\/p>\n\t<p><strong>Olen verkossa!<\/strong><\/p>\n<p>Keskim\u00e4\u00e4r\u00e4inen vastausaika 5-30 minuuttia<\/p>\n\t\t\t<a href=\"https:\/\/nudechick.online\/fi\/go\/meet\/\" target=\"_self\" rel=\"noopener\">\n\t\t\t\t\t\t\tLiity nyt!\n\t\t\t\t\t<\/a>\n\t<h2>Nude Snapchat Amateur Photos And Porn Videos For Free &#8211; Meet Sexy 18+ Dirty Teen For Sex<\/h2>\n<p>Vain sivustollamme tapaat 18-vuotiaita teinej\u00e4, jotka ovat kiimaisia ja rakastavat l\u00e4hett\u00e4\u00e4 alastonkuvia tai keskustella tuntemattomien kanssa. Selaa kaupunkisi kuumimpien tytt\u00f6jen profiileja ja kutsu tytt\u00f6 kovaan panoon hotelliin tai yhteiseen kylpyyn. Rajoittamattomat parhaat snapchat-alastonkuvat, jotka p\u00e4ivittyv\u00e4t jatkuvasti ja ovat tuoreita. Lis\u00e4ksi sivustoltamme l\u00f6yd\u00e4t amat\u00f6\u00f6ritytt\u00f6jen lis\u00e4ksi pornot\u00e4hti\u00e4 ja p\u00e4\u00e4syn heid\u00e4n sosiaaliseen mediaansa. Meill\u00e4 on tietokannassamme my\u00f6s naisia, jotka masturboivat perseeseen aikuisten webbikameralla. L\u00e4het\u00e4 heille pieni vinkki ja n\u00e4et heid\u00e4t riisuutumassa ja voihkimassa sinulle webkameran edess\u00e4 samalla, kun he laittavat valtavan dildon pilluunsa.<\/p>","protected":false},"excerpt":{"rendered":"<p>Snapchat Nude Porn Videos | Meet Monica For Sexting If you were looking for sex snap from horny girls then you have come to the right place. On NudeChick you will find premium amateur content completely free of charge. Here you will find the hottest girls from Russia, Europe, Asia. Beautiful Asian and Latina girls [&hellip;]<\/p>","protected":false},"author":1,"featured_media":0,"parent":4116,"menu_order":0,"comment_status":"closed","ping_status":"closed","template":"","meta":{"give_campaign_id":0,"site-sidebar-layout":"no-sidebar","site-content-layout":"page-builder","ast-site-content-layout":"full-width-container","site-content-style":"unboxed","site-sidebar-style":"unboxed","ast-global-header-display":"","ast-banner-title-visibility":"","ast-main-header-display":"","ast-hfb-above-header-display":"","ast-hfb-below-header-display":"","ast-hfb-mobile-header-display":"","site-post-title":"disabled","ast-breadcrumbs-content":"","ast-featured-img":"disabled","footer-sml-layout":"","theme-transparent-header-meta":"","adv-header-id-meta":"","stick-header-meta":"","header-above-stick-meta":"","header-main-stick-meta":"","header-below-stick-meta":"","astra-migrate-meta-layouts":"set","ast-page-background-enabled":"default","ast-page-background-meta":{"desktop":{"background-color":"","background-image":"","background-repeat":"repeat","background-position":"center center","background-size":"auto","background-attachment":"scroll","background-type":"","background-media":"","overlay-type":"","overlay-color":"","overlay-opacity":"","overlay-gradient":""},"tablet":{"background-color":"","background-image":"","background-repeat":"repeat","background-position":"center center","background-size":"auto","background-attachment":"scroll","background-type":"","background-media":"","overlay-type":"","overlay-color":"","overlay-opacity":"","overlay-gradient":""},"mobile":{"background-color":"","background-image":"","background-repeat":"repeat","background-position":"center center","background-size":"auto","background-attachment":"scroll","background-type":"","background-media":"","overlay-type":"","overlay-color":"","overlay-opacity":"","overlay-gradient":""}},"ast-content-background-meta":{"desktop":{"background-color":"var(--ast-global-color-5)","background-image":"","background-repeat":"repeat","background-position":"center center","background-size":"auto","background-attachment":"scroll","background-type":"","background-media":"","overlay-type":"","overlay-color":"","overlay-opacity":"","overlay-gradient":""},"tablet":{"background-color":"var(--ast-global-color-5)","background-image":"","background-repeat":"repeat","background-position":"center center","background-size":"auto","background-attachment":"scroll","background-type":"","background-media":"","overlay-type":"","overlay-color":"","overlay-opacity":"","overlay-gradient":""},"mobile":{"background-color":"var(--ast-global-color-5)","background-image":"","background-repeat":"repeat","background-position":"center center","background-size":"auto","background-attachment":"scroll","background-type":"","background-media":"","overlay-type":"","overlay-color":"","overlay-opacity":"","overlay-gradient":""}},"footnotes":""},"class_list":["post-4033","page","type-page","status-publish","hentry"],"aioseo_notices":[],"campaignId":"","_links":{"self":[{"href":"https:\/\/nudechick.online\/fi\/wp-json\/wp\/v2\/pages\/4033"}],"collection":[{"href":"https:\/\/nudechick.online\/fi\/wp-json\/wp\/v2\/pages"}],"about":[{"href":"https:\/\/nudechick.online\/fi\/wp-json\/wp\/v2\/types\/page"}],"author":[{"embeddable":true,"href":"https:\/\/nudechick.online\/fi\/wp-json\/wp\/v2\/users\/1"}],"replies":[{"embeddable":true,"href":"https:\/\/nudechick.online\/fi\/wp-json\/wp\/v2\/comments?post=4033"}],"version-history":[{"count":11,"href":"https:\/\/nudechick.online\/fi\/wp-json\/wp\/v2\/pages\/4033\/revisions"}],"predecessor-version":[{"id":4184,"href":"https:\/\/nudechick.online\/fi\/wp-json\/wp\/v2\/pages\/4033\/revisions\/4184"}],"up":[{"embeddable":true,"href":"https:\/\/nudechick.online\/fi\/wp-json\/wp\/v2\/pages\/4116"}],"wp:attachment":[{"href":"https:\/\/nudechick.online\/fi\/wp-json\/wp\/v2\/media?parent=4033"}],"curies":[{"name":"wp","href":"https:\/\/api.w.org\/{rel}","templated":true}]}}