{"id":4052,"date":"2024-11-17T23:09:46","date_gmt":"2024-11-17T23:09:46","guid":{"rendered":"https:\/\/nudechick.online\/?page_id=4052"},"modified":"2024-11-22T02:54:56","modified_gmt":"2024-11-22T02:54:56","slug":"bella-hamburg","status":"publish","type":"page","link":"https:\/\/nudechick.online\/fi\/date\/bella-hamburg\/","title":{"rendered":"Bella Hamburg"},"content":{"rendered":"<h1><strong>Puola Pornovideot | Seksitreffit Kanssa Tytt\u00f6 Puola<\/strong><\/h1>\n\t<p>T\u00e4ss\u00e4 on Bella Hampurista. Puolassa syntynyt tytt\u00f6, joka puhuu puolaa ja saksaa. Jos olet kiinnostunut tapaamaan puolalaista syntyper\u00e4\u00e4 olevia tytt\u00f6j\u00e4, olet eritt\u00e4in hyv\u00e4ss\u00e4 paikassa ja saat t\u00e4\u00e4lt\u00e4 kaiken mit\u00e4 etsit. Kuumien tytt\u00f6jen lis\u00e4ksi, jotka etsiv\u00e4t perinteist\u00e4 pitk\u00e4aikaista suhdetta ja poikayst\u00e4v\u00e4\u00e4 pysyv\u00e4\u00e4 varten, sivustollamme on my\u00f6s tytt\u00f6j\u00e4, jotka haluavat vain p\u00e4\u00e4st\u00e4 panemaan. Bella on yksi t\u00e4llainen tytt\u00f6, joka rakastaa seksi\u00e4. T\u00e4m\u00e4 narttu on 18-vuotias amat\u00f6\u00f6ri, jolla on kaunis ajeltu pillu ja eritt\u00e4in mehukas persereik\u00e4. H\u00e4n on valmis tulemaan nussituksi niin kovaa kuin kiillotetut tyt\u00f6t tykk\u00e4\u00e4v\u00e4t. Katso ilmaisia pon-videoita h\u00e4nen kanssaan ja vakoile miten h\u00e4n k\u00e4y suihkussa. T\u00e4m\u00e4 sis\u00e4lt\u00f6 on premium-sis\u00e4lt\u00f6\u00e4 eik\u00e4 ole kaikkien saatavilla. Vasta nyt voit saada t\u00e4yden p\u00e4\u00e4syn koko alustaan ilmaiseksi ilman piilokustannuksia. Kokeile puolalaista amat\u00f6\u00f6ritytt\u00f6\u00e4 ja puolalaista milfi\u00e4, jotka ovat \u00e4\u00e4rimm\u00e4isen kuumia ja joita pidet\u00e4\u00e4n yhten\u00e4 maailman seksikk\u00e4immist\u00e4 tyt\u00f6ist\u00e4.<\/p>\n\t\t\t\t<img loading=\"lazy\" decoding=\"async\" src=\"https:\/\/nudechick.online\/wp-content\/uploads\/2024\/11\/1-2.jpg\" alt=\"bella showing boobs in hotel in hamburg\" itemprop=\"image\" height=\"1237\" width=\"849\" title=\"1\" onerror=\"this.style.display='none'\"  \/>\n<h2>\n\t\tBella, Hamburg\n\t<\/h2>\n\t<p>Hey, my name is Bella and I&#8217;m from Warsaw. I&#8217;m currently living in Hamburg and looking for a boyfriend for a long term relationship, I like listening to rap music and watching netflix. Breaks from movies are best filled in hot sex. I also like to do long blowjob.<\/p>\n\t\t\t<a href=\"https:\/\/nudechick.online\/fi\/go\/meet\/\" target=\"_self\" rel=\"noopener\">\n\t\t\t\t\t\tFacebook\n\t\t\t\t\t<\/a>\n\t\t\t<a href=\"https:\/\/nudechick.online\/fi\/go\/meet\/\" target=\"_self\" rel=\"noopener\">\n\t\t\t\t\t\tInstagram\n\t\t\t\t\t<\/a>\n\t\t\t<a href=\"https:\/\/nudechick.online\/fi\/go\/meet\/\" target=\"_self\" rel=\"noopener\">\n\t\t\t\t\t\tSnapchat\n\t\t\t\t\t<\/a>\n\t<p>63,667<\/p>\n\t<p>Seuraajat<\/p>\n\t<p><strong>Olen verkossa!<\/strong><\/p>\n<p>Keskim\u00e4\u00e4r\u00e4inen vastausaika 5-15 minuuttia<\/p>\n\t\t\t<a href=\"https:\/\/nudechick.online\/fi\/go\/meet\/\" target=\"_self\" rel=\"noopener\">\n\t\t\t\t\t\t\tLiity nyt!\n\t\t\t\t\t<\/a>\n\t<h2>Poland Porn Videos With Polish Popular Girls &#8211; Watch For Free and Chat With Them<\/h2>\n<p>Polish girls love hardcore and masturbate. They are considered some of the most kinky girls in the world and just love sex. Search polish girls from all over the world and date them for non-committal sex or for massage with happy end that is blowjob. Also be sure to check out the hottest adult performers on adult webcams. These girls love to show their shaved pussies and some of them don&#8217;t like to shave and have hairy pussies perfect for licking. On our site you will also find kinky 18 year cute girls from Latina and many other countries. Just become our user and we promise you won&#8217;t regret it. Get whatsapp contact to the girl you like, add her on instagram, browse sex videos or record another amateur polish porn with her if you meet. Chat with girls and flirt without having to pay. On our site you will find only authentic women.<\/p>\n<h2>Sign Up Today And Search Horny Womens &#8211; Watch This Exclusive Premium Tube<\/h2>\n<p>Become our user now and gain access to a full account without any limits. This exclusive premium content is now available completely free of charge. Don&#8217;t wait any longer and register your account completely free and join our community of people who love sex in a hundred different ways. Thousands of beautiful women from your city and surrounding areas are waiting for you and your cock. Don&#8217;t wait any longer and join now!<\/p>","protected":false},"excerpt":{"rendered":"<p>Poland Porn Videos | Sex Date With Girl From Poland Meet Bella from Hamburg. A girl who was born in Poland and speaks Polish, and German. If you are interested in meeting girls of Polish descent then you are in a very good place and you will get everything you are looking for here. In [&hellip;]<\/p>","protected":false},"author":1,"featured_media":0,"parent":4116,"menu_order":0,"comment_status":"closed","ping_status":"closed","template":"","meta":{"give_campaign_id":0,"site-sidebar-layout":"no-sidebar","site-content-layout":"page-builder","ast-site-content-layout":"full-width-container","site-content-style":"unboxed","site-sidebar-style":"unboxed","ast-global-header-display":"","ast-banner-title-visibility":"","ast-main-header-display":"","ast-hfb-above-header-display":"","ast-hfb-below-header-display":"","ast-hfb-mobile-header-display":"","site-post-title":"disabled","ast-breadcrumbs-content":"","ast-featured-img":"disabled","footer-sml-layout":"","theme-transparent-header-meta":"","adv-header-id-meta":"","stick-header-meta":"","header-above-stick-meta":"","header-main-stick-meta":"","header-below-stick-meta":"","astra-migrate-meta-layouts":"set","ast-page-background-enabled":"default","ast-page-background-meta":{"desktop":{"background-color":"","background-image":"","background-repeat":"repeat","background-position":"center center","background-size":"auto","background-attachment":"scroll","background-type":"","background-media":"","overlay-type":"","overlay-color":"","overlay-opacity":"","overlay-gradient":""},"tablet":{"background-color":"","background-image":"","background-repeat":"repeat","background-position":"center center","background-size":"auto","background-attachment":"scroll","background-type":"","background-media":"","overlay-type":"","overlay-color":"","overlay-opacity":"","overlay-gradient":""},"mobile":{"background-color":"","background-image":"","background-repeat":"repeat","background-position":"center center","background-size":"auto","background-attachment":"scroll","background-type":"","background-media":"","overlay-type":"","overlay-color":"","overlay-opacity":"","overlay-gradient":""}},"ast-content-background-meta":{"desktop":{"background-color":"var(--ast-global-color-5)","background-image":"","background-repeat":"repeat","background-position":"center center","background-size":"auto","background-attachment":"scroll","background-type":"","background-media":"","overlay-type":"","overlay-color":"","overlay-opacity":"","overlay-gradient":""},"tablet":{"background-color":"var(--ast-global-color-5)","background-image":"","background-repeat":"repeat","background-position":"center center","background-size":"auto","background-attachment":"scroll","background-type":"","background-media":"","overlay-type":"","overlay-color":"","overlay-opacity":"","overlay-gradient":""},"mobile":{"background-color":"var(--ast-global-color-5)","background-image":"","background-repeat":"repeat","background-position":"center center","background-size":"auto","background-attachment":"scroll","background-type":"","background-media":"","overlay-type":"","overlay-color":"","overlay-opacity":"","overlay-gradient":""}},"footnotes":""},"class_list":["post-4052","page","type-page","status-publish","hentry"],"aioseo_notices":[],"campaignId":"","_links":{"self":[{"href":"https:\/\/nudechick.online\/fi\/wp-json\/wp\/v2\/pages\/4052"}],"collection":[{"href":"https:\/\/nudechick.online\/fi\/wp-json\/wp\/v2\/pages"}],"about":[{"href":"https:\/\/nudechick.online\/fi\/wp-json\/wp\/v2\/types\/page"}],"author":[{"embeddable":true,"href":"https:\/\/nudechick.online\/fi\/wp-json\/wp\/v2\/users\/1"}],"replies":[{"embeddable":true,"href":"https:\/\/nudechick.online\/fi\/wp-json\/wp\/v2\/comments?post=4052"}],"version-history":[{"count":9,"href":"https:\/\/nudechick.online\/fi\/wp-json\/wp\/v2\/pages\/4052\/revisions"}],"predecessor-version":[{"id":4186,"href":"https:\/\/nudechick.online\/fi\/wp-json\/wp\/v2\/pages\/4052\/revisions\/4186"}],"up":[{"embeddable":true,"href":"https:\/\/nudechick.online\/fi\/wp-json\/wp\/v2\/pages\/4116"}],"wp:attachment":[{"href":"https:\/\/nudechick.online\/fi\/wp-json\/wp\/v2\/media?parent=4052"}],"curies":[{"name":"wp","href":"https:\/\/api.w.org\/{rel}","templated":true}]}}