{"id":4058,"date":"2024-11-18T03:59:06","date_gmt":"2024-11-18T03:59:06","guid":{"rendered":"https:\/\/nudechick.online\/?page_id=4058"},"modified":"2024-11-22T03:09:26","modified_gmt":"2024-11-22T03:09:26","slug":"kate-london","status":"publish","type":"page","link":"https:\/\/nudechick.online\/fi\/date\/kate-london\/","title":{"rendered":"Kate London"},"content":{"rendered":"<h1><strong>Euroopan Pornovideot | Ilmainen deittisivusto ja Pornokuvat<\/strong><\/h1>\n\t<p>Tervetuloa NudeChickiin. Jos etsit kiimainen MILF ja 18 vuotta vanha teini tyt\u00f6t sitten sivustomme on mit\u00e4 etsit. Selaa kuumia blondeja ja brunetteja eurooppalaisia tytt\u00f6j\u00e4 ja nai heit\u00e4 kaupungissasi. Alustallamme sinulla on p\u00e4\u00e4sy sis\u00e4lt\u00f6\u00f6n, jossa voit l\u00f6yt\u00e4\u00e4 naisia ymp\u00e4ri maailmaa. Etsi ven\u00e4l\u00e4isi\u00e4, saksalaisia, puolalaisia, ranskalaisia ja monia muita naisia kaikkialta maailmasta. P\u00e4\u00e4set k\u00e4siksi hardcore premium-sis\u00e4lt\u00f6\u00f6n amat\u00f6\u00f6ritytt\u00f6jen kanssa t\u00e4ysin ilmaiseksi ilman rajoituksia! Sinun tarvitsee vain rekister\u00f6id\u00e4 ilmainen tili saadaksesi mahdollisuuden k\u00e4ytt\u00e4\u00e4 kaikkea alustamme sis\u00e4lt\u00f6\u00e4. Kommunikoi kiimaisten tytt\u00f6jen kanssa ja l\u00e4het\u00e4 alastonkuvia t\u00e4ysin ilmaiseksi. Kiusaa heit\u00e4 aikuisten chatissa ja etsi naisia, jotka ottavat suihin kaupungissasi. Lis\u00e4ksi voit katsella amat\u00f6\u00f6ripornovideoita HD-resoluutiolla. Ryhdy k\u00e4ytt\u00e4j\u00e4ksi nyt ja takaamme, ett\u00e4 et tule katumaan sit\u00e4!<\/p>\n\t\t\t\t<img loading=\"lazy\" decoding=\"async\" src=\"https:\/\/nudechick.online\/wp-content\/uploads\/2024\/11\/4-1.png\" alt=\"4\" itemprop=\"image\" height=\"1152\" width=\"768\" title=\"4\" onerror=\"this.style.display='none'\"  \/>\n<h2>\n\t\tKate, London\n\t<\/h2>\n\t<p>Hey my name is Kate and I am from London. I like doggie sex and most of all I would like to be fucked by two guys in two holes. Three guys and being taken in the mouth is probably too much hahaha but I don&#8217;t know. We can meet in Camden Town if you want I will suck the last juices out of your cock. I am 23 years old by the way hahahaha.<\/p>\n\t\t\t<a href=\"https:\/\/nudechick.online\/fi\/go\/meet\/\" target=\"_self\" rel=\"noopener\">\n\t\t\t\t\t\tFacebook\n\t\t\t\t\t<\/a>\n\t\t\t<a href=\"https:\/\/nudechick.online\/fi\/go\/meet\/\" target=\"_self\" rel=\"noopener\">\n\t\t\t\t\t\tInstagram\n\t\t\t\t\t<\/a>\n\t\t\t<a href=\"https:\/\/nudechick.online\/fi\/go\/meet\/\" target=\"_self\" rel=\"noopener\">\n\t\t\t\t\t\tSnapchat\n\t\t\t\t\t<\/a>\n\t<p>67,873<\/p>\n\t<p>Seuraajat<\/p>\n\t<p><strong>Olen verkossa!<\/strong><\/p>\n<p>Keskim\u00e4\u00e4r\u00e4inen vastausaika 5-10 minuuttia<\/p>\n\t\t\t<a href=\"https:\/\/nudechick.online\/fi\/go\/meet\/\" target=\"_self\" rel=\"noopener\">\n\t\t\t\t\t\t\tLiity nyt!\n\t\t\t\t\t<\/a>\n\t<h2>Etsi Hardcore ja amat\u00f6\u00f6ri Euro Pornoa eurooppalaisten tytt\u00f6jen kanssa ja treffit heid\u00e4n kanssaan<\/h2>\n<p>Search European girl and watch amateur sex videos from girl from europe. Date girls sex from czech republic and give them the best fucking they can imagine. In addition, you can watch girls who like anal sex and would like to get your cock in their ass. Don&#8217;t wait any longer and fuck them all. Sign up and become our member with beautiful hottest european babes. Make a date with them, invite them to a movie or a drink and fuck them on the beach or in a hotel, and if you are looking for a traditional long-term relationship, you can find one here too.<\/p>\n<p>In addition to girls who like sex without commitment, you can also find models who work in online adult camming and masturbate live with us. If you give such a girl a tip she will undress in front of you and put her fingers in your ass or cunt and warm your dick up. This is something you must also try if the girl you like is from another country. This is the best option to see a naked woman online. Don&#8217;t wait any longer and register now! Eastern European girls are waiting for you.<\/p>","protected":false},"excerpt":{"rendered":"<p>European Porn Videos | Free Sex Dating Site And Porn Pics Welcome to NudeChick. If you are looking for horny milf and 18 year old teen girls then our site is what you are looking for. Browse hot blonde and brunette European girls and fuck them in your city. On our platform you have access [&hellip;]<\/p>","protected":false},"author":1,"featured_media":0,"parent":4116,"menu_order":0,"comment_status":"closed","ping_status":"closed","template":"","meta":{"give_campaign_id":0,"site-sidebar-layout":"no-sidebar","site-content-layout":"page-builder","ast-site-content-layout":"full-width-container","site-content-style":"unboxed","site-sidebar-style":"unboxed","ast-global-header-display":"","ast-banner-title-visibility":"","ast-main-header-display":"","ast-hfb-above-header-display":"","ast-hfb-below-header-display":"","ast-hfb-mobile-header-display":"","site-post-title":"disabled","ast-breadcrumbs-content":"","ast-featured-img":"disabled","footer-sml-layout":"","theme-transparent-header-meta":"","adv-header-id-meta":"","stick-header-meta":"","header-above-stick-meta":"","header-main-stick-meta":"","header-below-stick-meta":"","astra-migrate-meta-layouts":"set","ast-page-background-enabled":"default","ast-page-background-meta":{"desktop":{"background-color":"","background-image":"","background-repeat":"repeat","background-position":"center center","background-size":"auto","background-attachment":"scroll","background-type":"","background-media":"","overlay-type":"","overlay-color":"","overlay-opacity":"","overlay-gradient":""},"tablet":{"background-color":"","background-image":"","background-repeat":"repeat","background-position":"center center","background-size":"auto","background-attachment":"scroll","background-type":"","background-media":"","overlay-type":"","overlay-color":"","overlay-opacity":"","overlay-gradient":""},"mobile":{"background-color":"","background-image":"","background-repeat":"repeat","background-position":"center center","background-size":"auto","background-attachment":"scroll","background-type":"","background-media":"","overlay-type":"","overlay-color":"","overlay-opacity":"","overlay-gradient":""}},"ast-content-background-meta":{"desktop":{"background-color":"var(--ast-global-color-5)","background-image":"","background-repeat":"repeat","background-position":"center center","background-size":"auto","background-attachment":"scroll","background-type":"","background-media":"","overlay-type":"","overlay-color":"","overlay-opacity":"","overlay-gradient":""},"tablet":{"background-color":"var(--ast-global-color-5)","background-image":"","background-repeat":"repeat","background-position":"center center","background-size":"auto","background-attachment":"scroll","background-type":"","background-media":"","overlay-type":"","overlay-color":"","overlay-opacity":"","overlay-gradient":""},"mobile":{"background-color":"var(--ast-global-color-5)","background-image":"","background-repeat":"repeat","background-position":"center center","background-size":"auto","background-attachment":"scroll","background-type":"","background-media":"","overlay-type":"","overlay-color":"","overlay-opacity":"","overlay-gradient":""}},"footnotes":""},"class_list":["post-4058","page","type-page","status-publish","hentry"],"aioseo_notices":[],"campaignId":"","_links":{"self":[{"href":"https:\/\/nudechick.online\/fi\/wp-json\/wp\/v2\/pages\/4058"}],"collection":[{"href":"https:\/\/nudechick.online\/fi\/wp-json\/wp\/v2\/pages"}],"about":[{"href":"https:\/\/nudechick.online\/fi\/wp-json\/wp\/v2\/types\/page"}],"author":[{"embeddable":true,"href":"https:\/\/nudechick.online\/fi\/wp-json\/wp\/v2\/users\/1"}],"replies":[{"embeddable":true,"href":"https:\/\/nudechick.online\/fi\/wp-json\/wp\/v2\/comments?post=4058"}],"version-history":[{"count":9,"href":"https:\/\/nudechick.online\/fi\/wp-json\/wp\/v2\/pages\/4058\/revisions"}],"predecessor-version":[{"id":4187,"href":"https:\/\/nudechick.online\/fi\/wp-json\/wp\/v2\/pages\/4058\/revisions\/4187"}],"up":[{"embeddable":true,"href":"https:\/\/nudechick.online\/fi\/wp-json\/wp\/v2\/pages\/4116"}],"wp:attachment":[{"href":"https:\/\/nudechick.online\/fi\/wp-json\/wp\/v2\/media?parent=4058"}],"curies":[{"name":"wp","href":"https:\/\/api.w.org\/{rel}","templated":true}]}}