{"id":4064,"date":"2024-11-21T04:06:13","date_gmt":"2024-11-21T04:06:13","guid":{"rendered":"https:\/\/nudechick.online\/?page_id=4064"},"modified":"2024-11-21T04:06:15","modified_gmt":"2024-11-21T04:06:15","slug":"princess-tijuana","status":"publish","type":"page","link":"https:\/\/nudechick.online\/fi\/date\/princess-tijuana\/","title":{"rendered":"Princess Tijuana"},"content":{"rendered":"<h1>Onlyfans Alaston Pornovideot Ilmaiseksi | Princess Tijuana<\/h1>\n\t<p>Jos etsit seksikk\u00e4it\u00e4 tytt\u00f6j\u00e4 onlyfansista ja amat\u00f6\u00f6ripornovideoita alastomasta mallista siniselt\u00e4 alustalta, olet eritt\u00e4in hyv\u00e4ss\u00e4 paikassa. Katso sis\u00e4ll\u00f6ntuottajat ja heid\u00e4n tuhmat kuvansa t\u00e4ysin ilmaiseksi. Selaa amat\u00f6\u00f6rinaisten profiileja ja seurustele heid\u00e4n kanssaan seksin merkeiss\u00e4 ilman sitoutumista. T\u00e4m\u00e4 on paras vaihtoehto tavata uusia naisia kaikkialta maailmasta, ja p\u00e4\u00e4sy eksklusiiviseen sis\u00e4lt\u00f6\u00f6mme antaa sinulle upean kokemuksen pitk\u00e4ksi aikaa! Katso ilmaista pornoa kuumimmilta latinoilta, jotka rakastavat anaaliseksi\u00e4 ja unelmoivat siit\u00e4, ett\u00e4 heit\u00e4 nussitaan perseeseen. Alustaltamme l\u00f6yd\u00e4t seksikk\u00e4imm\u00e4t alastonkuvatyt\u00f6t, etk\u00e4 tule koskaan katumaan sit\u00e4. Meill\u00e4 on my\u00f6s t\u00e4\u00e4ll\u00e4 malleja, jotka esiintyv\u00e4t nettiseksikameroissa ja parhaita contet-luojia, joita voit kuvitella. Lis\u00e4ksi voit etsi\u00e4 profiileja tyt\u00f6ist\u00e4, jotka pit\u00e4v\u00e4t fantasiailmastoista ja pukeutuvat perversseihin cosplay-asuihin eri tietokonepeleist\u00e4.<\/p>\n\t\t\t\t<img loading=\"lazy\" decoding=\"async\" src=\"https:\/\/nudechick.online\/wp-content\/uploads\/2024\/11\/8-1.png\" alt=\"bbw chick massive tits from tijuana\" itemprop=\"image\" height=\"1024\" width=\"768\" title=\"8\" onerror=\"this.style.display='none'\"  \/>\n<h2>\n\t\tPrincess, Tijuana\n\t<\/h2>\n\t<p>My name is Princess and I live in Tijuana. Do you like big boobs? Mine are huge and I love to play with them. I like it best when someone fucks me between my huge tits. I would like you to have a big piece of equipment and fuck me in the ass so that I won&#8217;t sit on a chair for a week. This is my biggest dream. Fuck me as soon as possible.<\/p>\n\t\t\t<a href=\"https:\/\/nudechick.online\/fi\/go\/meet\/\" target=\"_self\" rel=\"noopener\">\n\t\t\t\t\t\tFacebook\n\t\t\t\t\t<\/a>\n\t\t\t<a href=\"https:\/\/nudechick.online\/fi\/go\/meet\/\" target=\"_self\" rel=\"noopener\">\n\t\t\t\t\t\tInstagram\n\t\t\t\t\t<\/a>\n\t\t\t<a href=\"https:\/\/nudechick.online\/fi\/go\/meet\/\" target=\"_self\" rel=\"noopener\">\n\t\t\t\t\t\tSnapchat\n\t\t\t\t\t<\/a>\n\t<p>87,564<\/p>\n\t<p>Seuraajat<\/p>\n\t<p><strong>Olen verkossa!<\/strong><\/p>\n<p>Keskim\u00e4\u00e4r\u00e4inen vastausaika 5-10 minuuttia<\/p>\n\t\t\t<a href=\"https:\/\/nudechick.online\/fi\/go\/meet\/\" target=\"_self\" rel=\"noopener\">\n\t\t\t\t\t\t\tLiity nyt!\n\t\t\t\t\t<\/a>\n\t<h2>Naughty And Sexy Nude Girls From Onlyfans &#8211; Search Models, Watch Exclusive Naked Content and Write with Them<\/h2>\n<p>Did you know that on our platform you can get access to the instagram accounts of the most kinky women from around the world? That&#8217;s not all. Our users can add explicit content themselves and share their bodies completely free for all our users. Exchange nude nsfw photos from snapchat and other platforms and browse celebrity photos. Our erotic videos will allow you to masturbate to our platform for years to come and also you can meet some sexy girl for a long term relationship. Don&#8217;t wait any longer and become our user by creating a free account and get access to all the content, all the pictures, porn videos and the most kinky girls in our galaxy.<\/p>\n<p>Saat p\u00e4\u00e4syn onlyfans-sis\u00e4lt\u00f6\u00f6n ja xxx-kauneustytt\u00f6ihin ilmaiseksi! Liity j\u00e4seneksemme ja n\u00e4yt\u00e4 aikuisille cam-malleille kalusi ja katso, miten he tekev\u00e4t mit\u00e4 tahansa puolestasi muutamaa kolikkoa vastaan. Etsi 18-vuotiaiden teini-ik\u00e4isten narttujen profiileja kaupungistasi, tapaile heit\u00e4 ja nauhoita kotitekoista pornoa. Kutsu tytt\u00f6 makuuhuoneeseesi ja nai h\u00e4nt\u00e4 tai l\u00f6yd\u00e4 el\u00e4m\u00e4si rakkaus. Liity nyt seksinyst\u00e4vien perverssiyhteis\u00f6\u00f6mme ja p\u00e4\u00e4set k\u00e4siksi moniin mielenkiintoisiin videoihin ja alastonkuviin. Monet naiset ymp\u00e4ri maailmaa odottavat sinua!<\/p>\n<p>&nbsp;<\/p>","protected":false},"excerpt":{"rendered":"<p>Onlyfans Nude Porn Videos For Free | Princess Tijuana If you were looking for sexy girls from onlyfans and amateur porn videos from naked model from blue platform then you are in a very good place. Watch content creators and their naughty pics completely free. Browse profiles of amateur women and date them for sex [&hellip;]<\/p>","protected":false},"author":1,"featured_media":0,"parent":4116,"menu_order":0,"comment_status":"closed","ping_status":"closed","template":"","meta":{"give_campaign_id":0,"site-sidebar-layout":"no-sidebar","site-content-layout":"page-builder","ast-site-content-layout":"full-width-container","site-content-style":"unboxed","site-sidebar-style":"unboxed","ast-global-header-display":"","ast-banner-title-visibility":"","ast-main-header-display":"","ast-hfb-above-header-display":"","ast-hfb-below-header-display":"","ast-hfb-mobile-header-display":"","site-post-title":"disabled","ast-breadcrumbs-content":"","ast-featured-img":"disabled","footer-sml-layout":"","theme-transparent-header-meta":"","adv-header-id-meta":"","stick-header-meta":"","header-above-stick-meta":"","header-main-stick-meta":"","header-below-stick-meta":"","astra-migrate-meta-layouts":"set","ast-page-background-enabled":"default","ast-page-background-meta":{"desktop":{"background-color":"","background-image":"","background-repeat":"repeat","background-position":"center center","background-size":"auto","background-attachment":"scroll","background-type":"","background-media":"","overlay-type":"","overlay-color":"","overlay-opacity":"","overlay-gradient":""},"tablet":{"background-color":"","background-image":"","background-repeat":"repeat","background-position":"center center","background-size":"auto","background-attachment":"scroll","background-type":"","background-media":"","overlay-type":"","overlay-color":"","overlay-opacity":"","overlay-gradient":""},"mobile":{"background-color":"","background-image":"","background-repeat":"repeat","background-position":"center center","background-size":"auto","background-attachment":"scroll","background-type":"","background-media":"","overlay-type":"","overlay-color":"","overlay-opacity":"","overlay-gradient":""}},"ast-content-background-meta":{"desktop":{"background-color":"var(--ast-global-color-5)","background-image":"","background-repeat":"repeat","background-position":"center center","background-size":"auto","background-attachment":"scroll","background-type":"","background-media":"","overlay-type":"","overlay-color":"","overlay-opacity":"","overlay-gradient":""},"tablet":{"background-color":"var(--ast-global-color-5)","background-image":"","background-repeat":"repeat","background-position":"center center","background-size":"auto","background-attachment":"scroll","background-type":"","background-media":"","overlay-type":"","overlay-color":"","overlay-opacity":"","overlay-gradient":""},"mobile":{"background-color":"var(--ast-global-color-5)","background-image":"","background-repeat":"repeat","background-position":"center center","background-size":"auto","background-attachment":"scroll","background-type":"","background-media":"","overlay-type":"","overlay-color":"","overlay-opacity":"","overlay-gradient":""}},"footnotes":""},"class_list":["post-4064","page","type-page","status-publish","hentry"],"aioseo_notices":[],"campaignId":"","_links":{"self":[{"href":"https:\/\/nudechick.online\/fi\/wp-json\/wp\/v2\/pages\/4064"}],"collection":[{"href":"https:\/\/nudechick.online\/fi\/wp-json\/wp\/v2\/pages"}],"about":[{"href":"https:\/\/nudechick.online\/fi\/wp-json\/wp\/v2\/types\/page"}],"author":[{"embeddable":true,"href":"https:\/\/nudechick.online\/fi\/wp-json\/wp\/v2\/users\/1"}],"replies":[{"embeddable":true,"href":"https:\/\/nudechick.online\/fi\/wp-json\/wp\/v2\/comments?post=4064"}],"version-history":[{"count":6,"href":"https:\/\/nudechick.online\/fi\/wp-json\/wp\/v2\/pages\/4064\/revisions"}],"predecessor-version":[{"id":4190,"href":"https:\/\/nudechick.online\/fi\/wp-json\/wp\/v2\/pages\/4064\/revisions\/4190"}],"up":[{"embeddable":true,"href":"https:\/\/nudechick.online\/fi\/wp-json\/wp\/v2\/pages\/4116"}],"wp:attachment":[{"href":"https:\/\/nudechick.online\/fi\/wp-json\/wp\/v2\/media?parent=4064"}],"curies":[{"name":"wp","href":"https:\/\/api.w.org\/{rel}","templated":true}]}}