{"id":3607,"date":"2024-11-06T20:45:33","date_gmt":"2024-11-06T20:45:33","guid":{"rendered":"https:\/\/nudechick.online\/home\/"},"modified":"2024-11-21T09:06:17","modified_gmt":"2024-11-21T09:06:17","slug":"home","status":"publish","type":"page","link":"https:\/\/nudechick.online\/hu\/","title":{"rendered":"Home"},"content":{"rendered":"<h1>\n\t\tA legjobb meztelen k\u00e9pek a meztelen n\u0151kr\u0151l | Meztelen l\u00e1nyok\n\t<\/h1>\n\t\t\t<a href=\"https:\/\/nudechick.online\/hu\/go\/join\/\" target=\"_self\" role=\"button\" rel=\"noopener\">\n\t\t\t\t\t\tCsatlakozz most\n\t\t<\/a>\n\t<p>&nbsp;<\/p>\n<p>N\u00e9zz ingyenes porn\u00f3 k\u00e9peket forr\u00f3 \u00e9s szexi meztelen n\u0151kr\u0151l.   Ha egy olyan weboldalt kerest\u00e9l, ahol amat\u0151r porn\u00f3 vide\u00f3kat n\u00e9zhetsz \u00e9s dughatsz puncikat a vil\u00e1g minden t\u00e1j\u00e1r\u00f3l, akkor a t\u00f6k\u00e9letes helyen j\u00e1rsz, \u00e9s oldalunk a legnagyobb elv\u00e1r\u00e1saidnak is megfelel. Mi egy TOP oldal vagyunk meztelen k\u00e9pekkel, \u00e9s mindent ingyen k\u00edn\u00e1lunk. Maradj vel\u00fcnk sok\u00e1ig \u00e9s n\u00e9zz meztelen n\u0151ket Oroszorsz\u00e1gb\u00f3l \u00e9s sok m\u00e1s orsz\u00e1gb\u00f3l.<\/p>\n<p>A hagyom\u00e1nyos meztelen xxx fot\u00f3k \u00e9s porn\u00f3vide\u00f3k mellett a nap 24 \u00f3r\u00e1j\u00e1ban online is cseveghetsz a l\u00e1nyokkal. Sok d\u00f6g\u00f6s l\u00e1ny \u00e1ll rendelkez\u00e9sre, \u00e9s k\u00e9szen \u00e1ll arra, hogy erotikus cseveg\u00e9st folytasson veled. Ha kedved van hozz\u00e1, feln\u0151tt webkamer\u00e1kon is n\u00e9zheted \u0151ket, aholc megmutatj\u00e1k neked a puncijukat, vagy dild\u00f3val masztrub\u00e1lj\u00e1k magukat.<\/p>\n<p>If you like a girl, you can also exchange nude photos with your days or send videos through our messenger. We give you the opportunity to use our platform completely free and without any limit. It&#8217;s only up to you if you take the chance to meet a new sexy girl to fuck, a wife who likes anal or just a quick sex in a hotel.<\/p>\n\t\t\t\t<img loading=\"lazy\" decoding=\"async\" src=\"https:\/\/nudechick.online\/wp-content\/uploads\/2024\/11\/5-231x300.png\" alt=\"5\" itemprop=\"image\" height=\"300\" width=\"231\" title=\"5\" onerror=\"this.style.display='none'\"  \/>\n\t<p>Ania (Cracow)<\/p>\n\t\t\t<a href=\"https:\/\/nudechick.online\/hu\/date\/ania-cracow\/\" target=\"_self\" rel=\"noopener\">\n\t\t\t\t\t\tProfil ellen\u0151rz\u00e9s\n\t\t\t\t\t<\/a>\n\t\t\t<a href=\"https:\/\/nudechick.online\/hu\/go\/join\/\" target=\"_self\" rel=\"noopener\">\n\t\t\t\t\t\tTal\u00e1lkozz vele most!\n\t\t\t\t\t<\/a>\n\t\t\t\t<img loading=\"lazy\" decoding=\"async\" src=\"https:\/\/nudechick.online\/wp-content\/uploads\/2024\/11\/3-204x300.jpg\" alt=\"3\" itemprop=\"image\" height=\"300\" width=\"204\" title=\"3\" onerror=\"this.style.display='none'\"  \/>\n\t<p>Monica (Oslo)<\/p>\n\t\t\t<a href=\"https:\/\/nudechick.online\/hu\/date\/monica-oslo\/\" target=\"_self\" rel=\"noopener\">\n\t\t\t\t\t\tProfil ellen\u0151rz\u00e9s\n\t\t\t\t\t<\/a>\n\t\t\t<a href=\"https:\/\/nudechick.online\/hu\/go\/join\/\" target=\"_self\" rel=\"noopener\">\n\t\t\t\t\t\tTal\u00e1lkozz vele most!\n\t\t\t\t\t<\/a>\n\t\t\t\t<img loading=\"lazy\" decoding=\"async\" src=\"https:\/\/nudechick.online\/wp-content\/uploads\/2024\/11\/7.png\" alt=\"7\" itemprop=\"image\" height=\"768\" width=\"768\" title=\"7\" onerror=\"this.style.display='none'\"  \/>\n\t<p>Kimberly (Chicago)<\/p>\n\t\t\t<a href=\"https:\/\/nudechick.online\/hu\/date\/kimberly-chicago\/\" target=\"_self\" rel=\"noopener\">\n\t\t\t\t\t\tProfil ellen\u0151rz\u00e9s\n\t\t\t\t\t<\/a>\n\t\t\t<a href=\"https:\/\/nudechick.online\/hu\/go\/join\/\" target=\"_self\" rel=\"noopener\">\n\t\t\t\t\t\tTal\u00e1lkozz vele most!\n\t\t\t\t\t<\/a>\n\t\t\t\t<img loading=\"lazy\" decoding=\"async\" src=\"https:\/\/nudechick.online\/wp-content\/uploads\/2024\/11\/6-200x300.png\" alt=\"6\" itemprop=\"image\" height=\"300\" width=\"200\" title=\"6\" onerror=\"this.style.display='none'\"  \/>\n\t<p>Robelyn (Toronto)<\/p>\n\t\t\t<a href=\"https:\/\/nudechick.online\/hu\/date\/robelyn-toronto\/\" target=\"_self\" rel=\"noopener\">\n\t\t\t\t\t\tProfil ellen\u0151rz\u00e9s\n\t\t\t\t\t<\/a>\n\t\t\t<a href=\"https:\/\/nudechick.online\/hu\/go\/join\/\" target=\"_self\" rel=\"noopener\">\n\t\t\t\t\t\tTal\u00e1lkozz vele most!\n\t\t\t\t\t<\/a>\n\t\t\t\t<img loading=\"lazy\" decoding=\"async\" src=\"https:\/\/nudechick.online\/wp-content\/uploads\/2024\/11\/2-1-231x300.jpg\" alt=\"doggystyle in bed with stephanie manchester\" itemprop=\"image\" height=\"300\" width=\"231\" title=\"2\" onerror=\"this.style.display='none'\"  \/>\n\t<p>Stephanie (Manchester)<\/p>\n\t\t\t<a href=\"https:\/\/nudechick.online\/hu\/date\/stephanie-manchester\/\" target=\"_self\" rel=\"noopener\">\n\t\t\t\t\t\tProfil ellen\u0151rz\u00e9s\n\t\t\t\t\t<\/a>\n\t\t\t<a href=\"https:\/\/nudechick.online\/hu\/go\/join\/\" target=\"_self\" rel=\"noopener\">\n\t\t\t\t\t\tTal\u00e1lkozz vele most!\n\t\t\t\t\t<\/a>\n\t\t\t\t<img loading=\"lazy\" decoding=\"async\" src=\"https:\/\/nudechick.online\/wp-content\/uploads\/2024\/11\/1-1-206x300.jpg\" alt=\"1\" itemprop=\"image\" height=\"300\" width=\"206\" title=\"1\" onerror=\"this.style.display='none'\"  \/>\n\t<p>Bella (Hamburg)<\/p>\n\t\t\t<a href=\"https:\/\/nudechick.online\/hu\/date\/bella-hamburg\/\" target=\"_self\" rel=\"noopener\">\n\t\t\t\t\t\tProfil ellen\u0151rz\u00e9s\n\t\t\t\t\t<\/a>\n\t\t\t<a href=\"https:\/\/nudechick.online\/hu\/go\/join\/\" target=\"_self\" rel=\"noopener\">\n\t\t\t\t\t\tTal\u00e1lkozz vele most!\n\t\t\t\t\t<\/a>\n\t\t\t\t<img loading=\"lazy\" decoding=\"async\" src=\"https:\/\/nudechick.online\/wp-content\/uploads\/2024\/11\/4-200x300.png\" alt=\"4\" itemprop=\"image\" height=\"300\" width=\"200\" title=\"4\" onerror=\"this.style.display='none'\"  \/>\n\t<p>Kate (London)<\/p>\n\t\t\t<a href=\"https:\/\/nudechick.online\/hu\/date\/kate-london\/\" target=\"_self\" rel=\"noopener\">\n\t\t\t\t\t\tProfil ellen\u0151rz\u00e9s\n\t\t\t\t\t<\/a>\n\t\t\t<a href=\"https:\/\/nudechick.online\/hu\/go\/join\/\" target=\"_self\" rel=\"noopener\">\n\t\t\t\t\t\tTal\u00e1lkozz vele most!\n\t\t\t\t\t<\/a>\n\t\t\t\t<img loading=\"lazy\" decoding=\"async\" src=\"https:\/\/nudechick.online\/wp-content\/uploads\/2024\/11\/8-225x300.png\" alt=\"8\" itemprop=\"image\" height=\"300\" width=\"225\" title=\"8\" onerror=\"this.style.display='none'\"  \/>\n\t<p>Princess (Tijuana)<\/p>\n\t\t\t<a href=\"https:\/\/nudechick.online\/hu\/date\/princess-tijuana\/\" target=\"_self\" rel=\"noopener\">\n\t\t\t\t\t\tProfil ellen\u0151rz\u00e9s\n\t\t\t\t\t<\/a>\n\t\t\t<a href=\"https:\/\/nudechick.online\/hu\/go\/join\/\" target=\"_self\" rel=\"noopener\">\n\t\t\t\t\t\tTal\u00e1lkozz vele most!\n\t\t\t\t\t<\/a>\n\t\t\t<h2>\n\t\t\t\t\tMi\u00e9rt a Nudechick a legjobb akt \u00e9s porn\u00f3 vide\u00f3k?\n\t\t\t\t<\/h2>\n\t<p>Oldalunkon megtal\u00e1lod a legd\u00f6g\u00f6sebb \u00e9s legszexibb n\u0151ket a vil\u00e1g minden t\u00e1j\u00e1r\u00f3l.<\/p>\n\t<p>Access to the full service allows you to view private nude photos and amateur porn videos with authentic girls from your city or country. In addition, you can browse girls&#8217; profiles and add them to social media such as Whatsapp, Snapchat or Facebook, or simply text with horny bitches through our live chat.<\/p>\n\t<p>L\u00e9gy a felhaszn\u00e1l\u00f3 \u00e9s kukkolj l\u00e1nyokat a zuhanyz\u00f3ban, vagy randizz \u00e9s baszd meg \u0151ket a parkban. Hozz l\u00e9tre egy ingyenes fi\u00f3kot most, \u00e9s \u00e9lvezd a korl\u00e1tlan n\u00e9zeget\u00e9st a legszexibb \u00e1zsiai vagy d\u00e9l-amerikai l\u00e1nyokr\u00f3l. \u00c9lvezd a teljes hozz\u00e1f\u00e9r\u00e9st a szexet szeret\u0151 emberek hatalmas k\u00f6z\u00f6ss\u00e9g\u00e9hez, \u00e9s randizz vagy tal\u00e1lj partnert egy kapcsolathoz.<\/p>\n\t\t\t\t<img loading=\"lazy\" decoding=\"async\" src=\"https:\/\/nudechick.online\/wp-content\/uploads\/2024\/11\/2.jpg\" alt=\"szexi tini doggystyle\" itemprop=\"image\" height=\"1230\" width=\"948\" title=\"2\" onerror=\"this.style.display='none'\"  \/>\n\t\t\t\t<img loading=\"lazy\" decoding=\"async\" src=\"https:\/\/nudechick.online\/wp-content\/uploads\/2024\/11\/1.jpg\" alt=\"meztelen lakk csaj\" itemprop=\"image\" height=\"1237\" width=\"849\" title=\"1\" onerror=\"this.style.display='none'\"  \/>\n\t\t\t<a href=\"https:\/\/nudechick.online\/hu\/go\/join\/\" target=\"_self\" role=\"button\" rel=\"noopener\">\n\t\t\t\t\t\tCsatlakozz most\n\t\t<\/a>\n\t<h2><strong>N\u00e9zd Nude Women Porn\u00f3 k\u00e9pek \u00e9s regisztr\u00e1lj ingyenesen<\/strong><\/h2>\n<p>Oldalunk lehet\u0151v\u00e9 teszi, hogy megn\u00e9zze a sz\u00e9ps\u00e9g forr\u00f3 \u00e9s szexi meztelen l\u00e1nyok k\u00e9peit teljesen ingyen, \u00e9s csak annyit kell tennie, hogy hozz\u00e1f\u00e9rjen a gal\u00e9ri\u00e1hoz, hogy regisztr\u00e1ljon egy ingyenes fi\u00f3kot. Ez az egyetlen dolog, ami elv\u00e1lasztja \u00d6nt a gy\u00f6ny\u00f6r\u0171 h\u00f6lgyek \u00e9s modellek megtekint\u00e9s\u00e9t\u0151l.  L\u00e9gy k\u00e9szen a dug\u00e1sra. L\u00e9gy tagja k\u00f6z\u00f6ss\u00e9g\u00fcnknek \u00e9s l\u00e9gy akt\u00edv felhaszn\u00e1l\u00f3. \u00c9lvezd a sz\u0151r\u00f6s \u00e9s mer\u00e9sz puncikat a vil\u00e1g minden t\u00e1j\u00e1r\u00f3l!<\/p>\n<p>A legforr\u00f3bb meztelen k\u00e9pek a kanos csajokt\u00f3l v\u00e1rnak r\u00e1d. N\u00e9zd meg az amat\u0151r vide\u00f3kat, ahogy a 18 \u00e9ves l\u00e1nyt megdugja a bar\u00e1tja \u00e9s maszturb\u00e1l. Minden nap \u00faj tartalmat k\u00edn\u00e1lunk, amit soha nem fogsz megunni, \u00e9s ha az \u00e9l\u0151 szexet kedveled, akkor tal\u00e1lkozz az online szexkamer\u00e1kon test\u00fcket megmutat\u00f3 modellekkel, \u00e9s pr\u00f3b\u00e1ld ki a val\u00f3s idej\u0171 online szexet.<\/p>\n\t\t\t<h2>\n\t\t\t\t\t\u00dczenet \u00e9s csere snap aktk\u00e9pek a l\u00e1nyokkal\n\t\t\t\t<\/h2>\n<h5>\n\t\t01.\n\t<\/h5>\n\t\t\t<h3>\n\t\t\t\t\t&#8211; Find your best girl\n\t\t\t\t<\/h3>\n\t\t\t<p>Keresse meg az \u00d6nt \u00e9rdekl\u0151 l\u00e1ny profilj\u00e1t, \u00e9s n\u00e9zze meg az \u00e9rdekl\u0151d\u00e9si k\u00f6r\u00e9t. Az amat\u0151r l\u00e1nyok k\u00f6z\u00f6tt oldalunkon is tal\u00e1lsz webkamer\u00e1n vetk\u0151z\u0151 modelleket. A legfontosabb elem, hogy olyan l\u00e1nyt tal\u00e1lj, aki pontosan azt keresi, amit te.<\/p>\n<h5>\n\t\t02.\n\t<\/h5>\n\t\t\t<h3>\n\t\t\t\t\t&#8211; Add people to friends\n\t\t\t\t<\/h3>\n\t\t\t<p>If a girl likes you and is interested in having sex or showing her pussy on a webcam then you shouldn&#8217;t wait any longer! Our conversations are fully encrypted and only you and the girl you are writing with have access to your messages. We are committed to making users feel completely safe on our site.<\/p>\n<h5>\n\t\t03.\n\t<\/h5>\n\t\t\t<h3>\n\t\t\t\t\t&#8211; Exchange nude photos\n\t\t\t\t<\/h3>\n\t\t\t<p>Ha az \u00f6nnek tetsz\u0151 n\u0151 is szeretne meztelen fot\u00f3kat vagy vide\u00f3kat k\u00fcldeni arr\u00f3l, ahogyan maszturb\u00e1l, akkor ezt is korl\u00e1tlanul megteheti oldalunkon. Csak \u00e9rezd magad itt otthon, \u00e9s keresd meg \u00e1lmaid n\u0151j\u00e9t.<\/p>\n\t\t\t<a href=\"https:\/\/nudechick.online\/hu\/go\/join\/\" target=\"_self\" role=\"button\" rel=\"noopener\">\n\t\t\t\t\t\tCsatlakozz most\n\t\t<\/a>","protected":false},"excerpt":{"rendered":"<p>Best Nude Pics From Naked Women | Nude Girls Photos Join now &nbsp; Watch free porn pics from hot and sexy nude women. \u00a0 If you were looking for a website where you can watch amateur porn videos and fuck pussy from all over the world then you are in the perfect place, and our [&hellip;]<\/p>","protected":false},"author":1,"featured_media":0,"parent":0,"menu_order":0,"comment_status":"closed","ping_status":"closed","template":"","meta":{"give_campaign_id":0,"site-sidebar-layout":"no-sidebar","site-content-layout":"page-builder","ast-site-content-layout":"full-width-container","site-content-style":"unboxed","site-sidebar-style":"unboxed","ast-global-header-display":"","ast-banner-title-visibility":"","ast-main-header-display":"","ast-hfb-above-header-display":"","ast-hfb-below-header-display":"","ast-hfb-mobile-header-display":"","site-post-title":"disabled","ast-breadcrumbs-content":"","ast-featured-img":"disabled","footer-sml-layout":"","theme-transparent-header-meta":"","adv-header-id-meta":"","stick-header-meta":"","header-above-stick-meta":"","header-main-stick-meta":"","header-below-stick-meta":"","astra-migrate-meta-layouts":"set","ast-page-background-enabled":"default","ast-page-background-meta":{"desktop":{"background-color":"","background-image":"","background-repeat":"repeat","background-position":"center center","background-size":"auto","background-attachment":"scroll","background-type":"","background-media":"","overlay-type":"","overlay-color":"","overlay-opacity":"","overlay-gradient":""},"tablet":{"background-color":"","background-image":"","background-repeat":"repeat","background-position":"center center","background-size":"auto","background-attachment":"scroll","background-type":"","background-media":"","overlay-type":"","overlay-color":"","overlay-opacity":"","overlay-gradient":""},"mobile":{"background-color":"","background-image":"","background-repeat":"repeat","background-position":"center center","background-size":"auto","background-attachment":"scroll","background-type":"","background-media":"","overlay-type":"","overlay-color":"","overlay-opacity":"","overlay-gradient":""}},"ast-content-background-meta":{"desktop":{"background-color":"var(--ast-global-color-5)","background-image":"","background-repeat":"repeat","background-position":"center center","background-size":"auto","background-attachment":"scroll","background-type":"","background-media":"","overlay-type":"","overlay-color":"","overlay-opacity":"","overlay-gradient":""},"tablet":{"background-color":"var(--ast-global-color-5)","background-image":"","background-repeat":"repeat","background-position":"center center","background-size":"auto","background-attachment":"scroll","background-type":"","background-media":"","overlay-type":"","overlay-color":"","overlay-opacity":"","overlay-gradient":""},"mobile":{"background-color":"var(--ast-global-color-5)","background-image":"","background-repeat":"repeat","background-position":"center center","background-size":"auto","background-attachment":"scroll","background-type":"","background-media":"","overlay-type":"","overlay-color":"","overlay-opacity":"","overlay-gradient":""}},"footnotes":""},"class_list":["post-3607","page","type-page","status-publish","hentry"],"aioseo_notices":[],"campaignId":"","_links":{"self":[{"href":"https:\/\/nudechick.online\/hu\/wp-json\/wp\/v2\/pages\/3607"}],"collection":[{"href":"https:\/\/nudechick.online\/hu\/wp-json\/wp\/v2\/pages"}],"about":[{"href":"https:\/\/nudechick.online\/hu\/wp-json\/wp\/v2\/types\/page"}],"author":[{"embeddable":true,"href":"https:\/\/nudechick.online\/hu\/wp-json\/wp\/v2\/users\/1"}],"replies":[{"embeddable":true,"href":"https:\/\/nudechick.online\/hu\/wp-json\/wp\/v2\/comments?post=3607"}],"version-history":[{"count":20,"href":"https:\/\/nudechick.online\/hu\/wp-json\/wp\/v2\/pages\/3607\/revisions"}],"predecessor-version":[{"id":4194,"href":"https:\/\/nudechick.online\/hu\/wp-json\/wp\/v2\/pages\/3607\/revisions\/4194"}],"wp:attachment":[{"href":"https:\/\/nudechick.online\/hu\/wp-json\/wp\/v2\/media?parent=3607"}],"curies":[{"name":"wp","href":"https:\/\/api.w.org\/{rel}","templated":true}]}}