{"id":4033,"date":"2024-11-17T22:49:19","date_gmt":"2024-11-17T22:49:19","guid":{"rendered":"https:\/\/nudechick.online\/?page_id=4033"},"modified":"2024-11-20T07:34:31","modified_gmt":"2024-11-20T07:34:31","slug":"monica-oslo","status":"publish","type":"page","link":"https:\/\/nudechick.online\/hu\/date\/monica-oslo\/","title":{"rendered":"Monica Oslo"},"content":{"rendered":"<h1><strong>Snapchat meztelen porn\u00f3 vide\u00f3k | Ismerd meg Monica<\/strong><\/h1>\n\t<p>Ha szexet keresel a kanos l\u00e1nyokt\u00f3l, akkor a legjobb helyre j\u00f6tt\u00e9l. A NudeChick oldalon pr\u00e9mium amat\u0151r tartalmakat tal\u00e1lsz teljesen ingyenesen. Itt megtal\u00e1lod a legd\u00f6g\u00f6sebb l\u00e1nyokat Oroszorsz\u00e1gb\u00f3l, Eur\u00f3p\u00e1b\u00f3l, \u00c1zsi\u00e1b\u00f3l. Gy\u00f6ny\u00f6r\u0171 \u00e1zsiai \u00e9s latin l\u00e1nyok v\u00e1rnak r\u00e1d \u00e9s k\u00fcldenek neked puncifot\u00f3t. A platformunkon tal\u00e1lsz szext tini l\u00e1nyokat, akik 18 \u00e9vesek \u00e9s piszkos anyuci szingliket, akik ingyen k\u00fcldenek pajkos fot\u00f3kat \u00e9s keresnek egy faszt, aki megdugja \u0151ket.<\/p>\n<p>Besz\u00e9lgess szexi n\u0151kkel, akik szeretik, hogy a fasz \u00e9s a szop\u00e1s \u00e1ltal kibaszott. Keress barna vagy sz\u0151ke l\u00e1nyokat a v\u00e1rosodb\u00f3l, \u00e9s randizz alkalmi an\u00e1lis szexre, vagy h\u00edvj meg egy l\u00e1nyt egy k\u00e1v\u00e9ra, aki \u00e9rdekl\u0151dik egy hossz\u00fa t\u00e1v\u00fa kapcsolat ir\u00e1nt. Tal\u00e1lhatsz feles\u00e9get is a port\u00e1lunkon, \u00e9s kezdheted a snapchat szexet. Legy\u00e9l tagja hatalmas k\u00f6z\u00f6ss\u00e9g\u00fcnknek, ahol megtal\u00e1lhatod a legperverzebb n\u0151ket a vil\u00e1g minden t\u00e1j\u00e1r\u00f3l, \u00e9s tal\u00e1lkozhatsz olyan loty\u00f3kkal, akik meztelen mellekr\u0151l k\u00fcldenek neked fot\u00f3kat. Regisztr\u00e1lj m\u00e9g ma, \u00e9s haszn\u00e1ld platformunkat korl\u00e1tlanul \u00e9s d\u00edjmentesen!<\/p>\n\t\t\t\t<img loading=\"lazy\" decoding=\"async\" src=\"https:\/\/nudechick.online\/wp-content\/uploads\/2024\/11\/3-1.jpg\" alt=\"monica want sex in oslo and showing pussy\" itemprop=\"image\" height=\"1236\" width=\"839\" title=\"3\" onerror=\"this.style.display='none'\"  \/>\n<h2>\n\t\tMonica, Oslo\n\t<\/h2>\n\t<p>Hey I&#8217;m Monica and I live in Oslo, I like doggie positions and my favorite position to fuck is like the one in my profile picture. I work in a hospital as a nurse and can take very good care of you if you need a private sitter who likes to be fucked in the ass.<\/p>\n\t\t\t<a href=\"https:\/\/nudechick.online\/hu\/go\/meet\/\" target=\"_self\" rel=\"noopener\">\n\t\t\t\t\t\tFacebook\n\t\t\t\t\t<\/a>\n\t\t\t<a href=\"https:\/\/nudechick.online\/hu\/go\/meet\/\" target=\"_self\" rel=\"noopener\">\n\t\t\t\t\t\tInstagram\n\t\t\t\t\t<\/a>\n\t\t\t<a href=\"https:\/\/nudechick.online\/hu\/go\/meet\/\" target=\"_self\" rel=\"noopener\">\n\t\t\t\t\t\tSnapchat\n\t\t\t\t\t<\/a>\n\t<p>77,131<\/p>\n\t<p>K\u00f6vet\u0151k<\/p>\n\t<p><strong>Online vagyok!<\/strong><\/p>\n<p>\u00c1tlagos v\u00e1laszid\u0151 5-30 perc<\/p>\n\t\t\t<a href=\"https:\/\/nudechick.online\/hu\/go\/meet\/\" target=\"_self\" rel=\"noopener\">\n\t\t\t\t\t\t\tCsatlakozz most!\n\t\t\t\t\t<\/a>\n\t<h2>Nude Snapchat Amateur Photos And Porn Videos For Free &#8211; Meet Sexy 18+ Dirty Teen For Sex<\/h2>\n<p>Csak a mi oldalunkon tal\u00e1lkozhatsz 18 \u00e9ves tin\u00e9dzserekkel, akik kanosak \u00e9s szeretnek aktfot\u00f3kat k\u00fcldeni vagy idegenekkel csevegni. B\u00f6ng\u00e9ssz a v\u00e1rosod legd\u00f6g\u00f6sebb l\u00e1nyainak profiljai k\u00f6z\u00f6tt, \u00e9s h\u00edvj meg egy l\u00e1nyt egy durva dug\u00e1sra a sz\u00e1llod\u00e1ban vagy egy k\u00f6z\u00f6s f\u00fcrd\u0151z\u00e9sre. Korl\u00e1tlanul a legjobb snapchat aktk\u00e9pek, amelyek folyamatosan friss\u00fclnek \u00e9s frissek. Ezen k\u00edv\u00fcl oldalunkon az amat\u0151r l\u00e1nyok mellett porn\u00f3szt\u00e1rokat is tal\u00e1lsz, \u00e9s hozz\u00e1f\u00e9rhetsz a k\u00f6z\u00f6ss\u00e9gi m\u00e9di\u00e1jukhoz. Az adatb\u00e1zisunkban olyan n\u0151k is megtal\u00e1lhat\u00f3ak, akik feln\u0151tt webkamer\u00e1n maszturb\u00e1lnak seggbe. K\u00fcldj nekik egy kis borraval\u00f3t, \u00e9s l\u00e1thatod, ahogy levetk\u0151znek \u00e9s ny\u00f6gd\u00e9cselnek neked a webkamera el\u0151tt, mik\u00f6zben egy hatalmas dild\u00f3t dugnak a puncikba.<\/p>","protected":false},"excerpt":{"rendered":"<p>Snapchat Nude Porn Videos | Meet Monica For Sexting If you were looking for sex snap from horny girls then you have come to the right place. On NudeChick you will find premium amateur content completely free of charge. Here you will find the hottest girls from Russia, Europe, Asia. Beautiful Asian and Latina girls [&hellip;]<\/p>","protected":false},"author":1,"featured_media":0,"parent":4116,"menu_order":0,"comment_status":"closed","ping_status":"closed","template":"","meta":{"give_campaign_id":0,"site-sidebar-layout":"no-sidebar","site-content-layout":"page-builder","ast-site-content-layout":"full-width-container","site-content-style":"unboxed","site-sidebar-style":"unboxed","ast-global-header-display":"","ast-banner-title-visibility":"","ast-main-header-display":"","ast-hfb-above-header-display":"","ast-hfb-below-header-display":"","ast-hfb-mobile-header-display":"","site-post-title":"disabled","ast-breadcrumbs-content":"","ast-featured-img":"disabled","footer-sml-layout":"","theme-transparent-header-meta":"","adv-header-id-meta":"","stick-header-meta":"","header-above-stick-meta":"","header-main-stick-meta":"","header-below-stick-meta":"","astra-migrate-meta-layouts":"set","ast-page-background-enabled":"default","ast-page-background-meta":{"desktop":{"background-color":"","background-image":"","background-repeat":"repeat","background-position":"center center","background-size":"auto","background-attachment":"scroll","background-type":"","background-media":"","overlay-type":"","overlay-color":"","overlay-opacity":"","overlay-gradient":""},"tablet":{"background-color":"","background-image":"","background-repeat":"repeat","background-position":"center center","background-size":"auto","background-attachment":"scroll","background-type":"","background-media":"","overlay-type":"","overlay-color":"","overlay-opacity":"","overlay-gradient":""},"mobile":{"background-color":"","background-image":"","background-repeat":"repeat","background-position":"center center","background-size":"auto","background-attachment":"scroll","background-type":"","background-media":"","overlay-type":"","overlay-color":"","overlay-opacity":"","overlay-gradient":""}},"ast-content-background-meta":{"desktop":{"background-color":"var(--ast-global-color-5)","background-image":"","background-repeat":"repeat","background-position":"center center","background-size":"auto","background-attachment":"scroll","background-type":"","background-media":"","overlay-type":"","overlay-color":"","overlay-opacity":"","overlay-gradient":""},"tablet":{"background-color":"var(--ast-global-color-5)","background-image":"","background-repeat":"repeat","background-position":"center center","background-size":"auto","background-attachment":"scroll","background-type":"","background-media":"","overlay-type":"","overlay-color":"","overlay-opacity":"","overlay-gradient":""},"mobile":{"background-color":"var(--ast-global-color-5)","background-image":"","background-repeat":"repeat","background-position":"center center","background-size":"auto","background-attachment":"scroll","background-type":"","background-media":"","overlay-type":"","overlay-color":"","overlay-opacity":"","overlay-gradient":""}},"footnotes":""},"class_list":["post-4033","page","type-page","status-publish","hentry"],"aioseo_notices":[],"campaignId":"","_links":{"self":[{"href":"https:\/\/nudechick.online\/hu\/wp-json\/wp\/v2\/pages\/4033"}],"collection":[{"href":"https:\/\/nudechick.online\/hu\/wp-json\/wp\/v2\/pages"}],"about":[{"href":"https:\/\/nudechick.online\/hu\/wp-json\/wp\/v2\/types\/page"}],"author":[{"embeddable":true,"href":"https:\/\/nudechick.online\/hu\/wp-json\/wp\/v2\/users\/1"}],"replies":[{"embeddable":true,"href":"https:\/\/nudechick.online\/hu\/wp-json\/wp\/v2\/comments?post=4033"}],"version-history":[{"count":11,"href":"https:\/\/nudechick.online\/hu\/wp-json\/wp\/v2\/pages\/4033\/revisions"}],"predecessor-version":[{"id":4184,"href":"https:\/\/nudechick.online\/hu\/wp-json\/wp\/v2\/pages\/4033\/revisions\/4184"}],"up":[{"embeddable":true,"href":"https:\/\/nudechick.online\/hu\/wp-json\/wp\/v2\/pages\/4116"}],"wp:attachment":[{"href":"https:\/\/nudechick.online\/hu\/wp-json\/wp\/v2\/media?parent=4033"}],"curies":[{"name":"wp","href":"https:\/\/api.w.org\/{rel}","templated":true}]}}