{"id":4058,"date":"2024-11-18T03:59:06","date_gmt":"2024-11-18T03:59:06","guid":{"rendered":"https:\/\/nudechick.online\/?page_id=4058"},"modified":"2024-11-22T03:09:26","modified_gmt":"2024-11-22T03:09:26","slug":"kate-london","status":"publish","type":"page","link":"https:\/\/nudechick.online\/hu\/date\/kate-london\/","title":{"rendered":"Kate London"},"content":{"rendered":"<h1><strong>Eur\u00f3pai Porn\u00f3 Vide\u00f3k | Ingyenes T\u00e1rskeres\u0151 oldal \u00e9s Porn\u00f3 k\u00e9pek<\/strong><\/h1>\n\t<p>\u00dcdv\u00f6z\u00f6lj\u00fck a NudeChick. Ha keres kanos MILF \u00e9s 18 \u00e9ves tini l\u00e1nyok, akkor a mi oldalunk az, amit keres. B\u00f6ng\u00e9ssz a forr\u00f3 sz\u0151ke \u00e9s barna eur\u00f3pai l\u00e1nyok k\u00f6z\u00f6tt \u00e9s baszd meg \u0151ket a v\u00e1rosodban. Platformunkon olyan tartalmakhoz f\u00e9rhetsz hozz\u00e1, amelyekben n\u0151ket tal\u00e1lsz a vil\u00e1g minden t\u00e1j\u00e1r\u00f3l. Keress orosz, n\u00e9met, lengyel, francia \u00e9s sok m\u00e1s n\u0151t a vil\u00e1g minden t\u00e1j\u00e1r\u00f3l. Hozz\u00e1f\u00e9r\u00e9s a hardcore pr\u00e9mium tartalmakhoz amat\u0151r l\u00e1nnyal teljesen ingyen, korl\u00e1tlanul! Mind\u00f6ssze annyit kell tennie, hogy regisztr\u00e1l egy ingyenes fi\u00f3kot, hogy lehet\u0151s\u00e9get kapjon a platformunk \u00f6sszes tartalm\u00e1hoz val\u00f3 hozz\u00e1f\u00e9r\u00e9sre. Kommunik\u00e1lj kanos l\u00e1nyokkal \u00e9s k\u00fcldj meztelen fot\u00f3kat teljesen ingyen. Ingereld \u0151ket a feln\u0151tt chatben, \u00e9s keress olyan n\u0151ket, akik szop\u00e1st v\u00e1llalnak a v\u00e1rosodban. Ezenk\u00edv\u00fcl amat\u0151r porn\u00f3vide\u00f3kat n\u00e9zhetsz HD felbont\u00e1sban. Legy\u00e9l most a felhaszn\u00e1l\u00f3nk, \u00e9s garant\u00e1ljuk, hogy nem fogod megb\u00e1nni!<\/p>\n\t\t\t\t<img loading=\"lazy\" decoding=\"async\" src=\"https:\/\/nudechick.online\/wp-content\/uploads\/2024\/11\/4-1.png\" alt=\"4\" itemprop=\"image\" height=\"1152\" width=\"768\" title=\"4\" onerror=\"this.style.display='none'\"  \/>\n<h2>\n\t\tKate, London\n\t<\/h2>\n\t<p>Hey my name is Kate and I am from London. I like doggie sex and most of all I would like to be fucked by two guys in two holes. Three guys and being taken in the mouth is probably too much hahaha but I don&#8217;t know. We can meet in Camden Town if you want I will suck the last juices out of your cock. I am 23 years old by the way hahahaha.<\/p>\n\t\t\t<a href=\"https:\/\/nudechick.online\/hu\/go\/meet\/\" target=\"_self\" rel=\"noopener\">\n\t\t\t\t\t\tFacebook\n\t\t\t\t\t<\/a>\n\t\t\t<a href=\"https:\/\/nudechick.online\/hu\/go\/meet\/\" target=\"_self\" rel=\"noopener\">\n\t\t\t\t\t\tInstagram\n\t\t\t\t\t<\/a>\n\t\t\t<a href=\"https:\/\/nudechick.online\/hu\/go\/meet\/\" target=\"_self\" rel=\"noopener\">\n\t\t\t\t\t\tSnapchat\n\t\t\t\t\t<\/a>\n\t<p>67,873<\/p>\n\t<p>K\u00f6vet\u0151k<\/p>\n\t<p><strong>Online vagyok!<\/strong><\/p>\n<p>\u00c1tlagos v\u00e1laszid\u0151 5-10 perc<\/p>\n\t\t\t<a href=\"https:\/\/nudechick.online\/hu\/go\/meet\/\" target=\"_self\" rel=\"noopener\">\n\t\t\t\t\t\t\tCsatlakozz most!\n\t\t\t\t\t<\/a>\n\t<h2>Keres\u00e9s Hardcore \u00e9s amat\u0151r Euro Porn\u00f3 eur\u00f3pai l\u00e1nyokkal \u00e9s randizni vel\u00fck<\/h2>\n<p>Search European girl and watch amateur sex videos from girl from europe. Date girls sex from czech republic and give them the best fucking they can imagine. In addition, you can watch girls who like anal sex and would like to get your cock in their ass. Don&#8217;t wait any longer and fuck them all. Sign up and become our member with beautiful hottest european babes. Make a date with them, invite them to a movie or a drink and fuck them on the beach or in a hotel, and if you are looking for a traditional long-term relationship, you can find one here too.<\/p>\n<p>In addition to girls who like sex without commitment, you can also find models who work in online adult camming and masturbate live with us. If you give such a girl a tip she will undress in front of you and put her fingers in your ass or cunt and warm your dick up. This is something you must also try if the girl you like is from another country. This is the best option to see a naked woman online. Don&#8217;t wait any longer and register now! Eastern European girls are waiting for you.<\/p>","protected":false},"excerpt":{"rendered":"<p>European Porn Videos | Free Sex Dating Site And Porn Pics Welcome to NudeChick. If you are looking for horny milf and 18 year old teen girls then our site is what you are looking for. Browse hot blonde and brunette European girls and fuck them in your city. On our platform you have access [&hellip;]<\/p>","protected":false},"author":1,"featured_media":0,"parent":4116,"menu_order":0,"comment_status":"closed","ping_status":"closed","template":"","meta":{"give_campaign_id":0,"site-sidebar-layout":"no-sidebar","site-content-layout":"page-builder","ast-site-content-layout":"full-width-container","site-content-style":"unboxed","site-sidebar-style":"unboxed","ast-global-header-display":"","ast-banner-title-visibility":"","ast-main-header-display":"","ast-hfb-above-header-display":"","ast-hfb-below-header-display":"","ast-hfb-mobile-header-display":"","site-post-title":"disabled","ast-breadcrumbs-content":"","ast-featured-img":"disabled","footer-sml-layout":"","theme-transparent-header-meta":"","adv-header-id-meta":"","stick-header-meta":"","header-above-stick-meta":"","header-main-stick-meta":"","header-below-stick-meta":"","astra-migrate-meta-layouts":"set","ast-page-background-enabled":"default","ast-page-background-meta":{"desktop":{"background-color":"","background-image":"","background-repeat":"repeat","background-position":"center center","background-size":"auto","background-attachment":"scroll","background-type":"","background-media":"","overlay-type":"","overlay-color":"","overlay-opacity":"","overlay-gradient":""},"tablet":{"background-color":"","background-image":"","background-repeat":"repeat","background-position":"center center","background-size":"auto","background-attachment":"scroll","background-type":"","background-media":"","overlay-type":"","overlay-color":"","overlay-opacity":"","overlay-gradient":""},"mobile":{"background-color":"","background-image":"","background-repeat":"repeat","background-position":"center center","background-size":"auto","background-attachment":"scroll","background-type":"","background-media":"","overlay-type":"","overlay-color":"","overlay-opacity":"","overlay-gradient":""}},"ast-content-background-meta":{"desktop":{"background-color":"var(--ast-global-color-5)","background-image":"","background-repeat":"repeat","background-position":"center center","background-size":"auto","background-attachment":"scroll","background-type":"","background-media":"","overlay-type":"","overlay-color":"","overlay-opacity":"","overlay-gradient":""},"tablet":{"background-color":"var(--ast-global-color-5)","background-image":"","background-repeat":"repeat","background-position":"center center","background-size":"auto","background-attachment":"scroll","background-type":"","background-media":"","overlay-type":"","overlay-color":"","overlay-opacity":"","overlay-gradient":""},"mobile":{"background-color":"var(--ast-global-color-5)","background-image":"","background-repeat":"repeat","background-position":"center center","background-size":"auto","background-attachment":"scroll","background-type":"","background-media":"","overlay-type":"","overlay-color":"","overlay-opacity":"","overlay-gradient":""}},"footnotes":""},"class_list":["post-4058","page","type-page","status-publish","hentry"],"aioseo_notices":[],"campaignId":"","_links":{"self":[{"href":"https:\/\/nudechick.online\/hu\/wp-json\/wp\/v2\/pages\/4058"}],"collection":[{"href":"https:\/\/nudechick.online\/hu\/wp-json\/wp\/v2\/pages"}],"about":[{"href":"https:\/\/nudechick.online\/hu\/wp-json\/wp\/v2\/types\/page"}],"author":[{"embeddable":true,"href":"https:\/\/nudechick.online\/hu\/wp-json\/wp\/v2\/users\/1"}],"replies":[{"embeddable":true,"href":"https:\/\/nudechick.online\/hu\/wp-json\/wp\/v2\/comments?post=4058"}],"version-history":[{"count":9,"href":"https:\/\/nudechick.online\/hu\/wp-json\/wp\/v2\/pages\/4058\/revisions"}],"predecessor-version":[{"id":4187,"href":"https:\/\/nudechick.online\/hu\/wp-json\/wp\/v2\/pages\/4058\/revisions\/4187"}],"up":[{"embeddable":true,"href":"https:\/\/nudechick.online\/hu\/wp-json\/wp\/v2\/pages\/4116"}],"wp:attachment":[{"href":"https:\/\/nudechick.online\/hu\/wp-json\/wp\/v2\/media?parent=4058"}],"curies":[{"name":"wp","href":"https:\/\/api.w.org\/{rel}","templated":true}]}}