{"id":4199,"date":"2025-02-18T09:17:02","date_gmt":"2025-02-18T09:17:02","guid":{"rendered":"https:\/\/nudechick.online\/?page_id=4199"},"modified":"2025-02-18T09:18:06","modified_gmt":"2025-02-18T09:18:06","slug":"dmca","status":"publish","type":"page","link":"https:\/\/nudechick.online\/hu\/dmca\/","title":{"rendered":"DMCA"},"content":{"rendered":"<h1>DMCA Policy<\/h1>\n<p>Tiszteletben tartjuk m\u00e1sok szellemi tulajdonjogait, \u00e9s betartjuk a Digital Millennium Copyright Act (DMCA) t\u00f6rv\u00e9nyt. Ha \u00fagy gondolja, hogy az \u00d6n szerz\u0151i joggal v\u00e9dett anyag\u00e1t olyan m\u00f3don haszn\u00e1ltuk fel a weboldalunkon, amely szerz\u0151i jogs\u00e9rt\u00e9snek min\u0151s\u00fcl, k\u00e9rj\u00fck, k\u00fcldj\u00f6n nek\u00fcnk egy \u00edr\u00e1sos \u00e9rtes\u00edt\u00e9st, amely tartalmazza a k\u00f6vetkez\u0151ket: A szerz\u0151i joggal v\u00e9dett m\u0171 azonos\u00edt\u00e1sa, amelyr\u0151l azt \u00e1ll\u00edtja, hogy megs\u00e9rtett\u00e9k.Az \u00e1ll\u00edt\u00f3lagosan jogs\u00e9rt\u0151 anyag azonos\u00edt\u00e1sa, bele\u00e9rtve annak hely\u00e9t a weboldalunkon. Az \u00d6n el\u00e9rhet\u0151s\u00e9gi adatait (n\u00e9v, c\u00edm, e-mail c\u00edm, telefonsz\u00e1m). Nyilatkozat arr\u00f3l, hogy j\u00f3hiszem\u0171en \u00fagy v\u00e9li, hogy az anyag felhaszn\u00e1l\u00e1s\u00e1t a szerz\u0151i jog tulajdonosa, annak k\u00e9pvisel\u0151je vagy a t\u00f6rv\u00e9ny nem enged\u00e9lyezi. Hamis esk\u00fc alatt tett nyilatkozat arr\u00f3l, hogy a bejelent\u00e9sben szerepl\u0151 inform\u00e1ci\u00f3k pontosak, \u00e9s hogy \u00d6n a szerz\u0151i jog tulajdonosa, vagy jogosult a nev\u00e9ben elj\u00e1rni. Az \u00d6n fizikai vagy elektronikus al\u00e1\u00edr\u00e1sa.<\/p>\n<p>K\u00e9rj\u00fck, k\u00fcldje el DMCA-\u00e9rtes\u00edt\u00e9s\u00e9t a [info@nudechick.online] c\u00edmre. Azonnal v\u00e1laszolunk minden \u00e9rv\u00e9nyes DMCA k\u00e9r\u00e9sre, bele\u00e9rtve adott esetben a jogs\u00e9rt\u0151 anyag elt\u00e1vol\u00edt\u00e1s\u00e1t is.<\/p>","protected":false},"excerpt":{"rendered":"<p>DMCA Policy We respect the intellectual property rights of others and comply with the Digital Millennium Copyright Act (DMCA). If you believe that your copyrighted material has been used in a way that constitutes copyright infringement on our website, please provide us with a written notice including the following: Identification of the copyrighted work you [&hellip;]<\/p>","protected":false},"author":1,"featured_media":0,"parent":0,"menu_order":0,"comment_status":"closed","ping_status":"closed","template":"","meta":{"give_campaign_id":0,"site-sidebar-layout":"no-sidebar","site-content-layout":"page-builder","ast-site-content-layout":"full-width-container","site-content-style":"unboxed","site-sidebar-style":"unboxed","ast-global-header-display":"","ast-banner-title-visibility":"","ast-main-header-display":"","ast-hfb-above-header-display":"","ast-hfb-below-header-display":"","ast-hfb-mobile-header-display":"","site-post-title":"disabled","ast-breadcrumbs-content":"","ast-featured-img":"disabled","footer-sml-layout":"","theme-transparent-header-meta":"","adv-header-id-meta":"","stick-header-meta":"","header-above-stick-meta":"","header-main-stick-meta":"","header-below-stick-meta":"","astra-migrate-meta-layouts":"set","ast-page-background-enabled":"default","ast-page-background-meta":{"desktop":{"background-color":"","background-image":"","background-repeat":"repeat","background-position":"center center","background-size":"auto","background-attachment":"scroll","background-type":"","background-media":"","overlay-type":"","overlay-color":"","overlay-opacity":"","overlay-gradient":""},"tablet":{"background-color":"","background-image":"","background-repeat":"repeat","background-position":"center center","background-size":"auto","background-attachment":"scroll","background-type":"","background-media":"","overlay-type":"","overlay-color":"","overlay-opacity":"","overlay-gradient":""},"mobile":{"background-color":"","background-image":"","background-repeat":"repeat","background-position":"center center","background-size":"auto","background-attachment":"scroll","background-type":"","background-media":"","overlay-type":"","overlay-color":"","overlay-opacity":"","overlay-gradient":""}},"ast-content-background-meta":{"desktop":{"background-color":"var(--ast-global-color-5)","background-image":"","background-repeat":"repeat","background-position":"center center","background-size":"auto","background-attachment":"scroll","background-type":"","background-media":"","overlay-type":"","overlay-color":"","overlay-opacity":"","overlay-gradient":""},"tablet":{"background-color":"var(--ast-global-color-5)","background-image":"","background-repeat":"repeat","background-position":"center center","background-size":"auto","background-attachment":"scroll","background-type":"","background-media":"","overlay-type":"","overlay-color":"","overlay-opacity":"","overlay-gradient":""},"mobile":{"background-color":"var(--ast-global-color-5)","background-image":"","background-repeat":"repeat","background-position":"center center","background-size":"auto","background-attachment":"scroll","background-type":"","background-media":"","overlay-type":"","overlay-color":"","overlay-opacity":"","overlay-gradient":""}},"footnotes":""},"class_list":["post-4199","page","type-page","status-publish","hentry"],"aioseo_notices":[],"campaignId":"","_links":{"self":[{"href":"https:\/\/nudechick.online\/hu\/wp-json\/wp\/v2\/pages\/4199"}],"collection":[{"href":"https:\/\/nudechick.online\/hu\/wp-json\/wp\/v2\/pages"}],"about":[{"href":"https:\/\/nudechick.online\/hu\/wp-json\/wp\/v2\/types\/page"}],"author":[{"embeddable":true,"href":"https:\/\/nudechick.online\/hu\/wp-json\/wp\/v2\/users\/1"}],"replies":[{"embeddable":true,"href":"https:\/\/nudechick.online\/hu\/wp-json\/wp\/v2\/comments?post=4199"}],"version-history":[{"count":3,"href":"https:\/\/nudechick.online\/hu\/wp-json\/wp\/v2\/pages\/4199\/revisions"}],"predecessor-version":[{"id":4203,"href":"https:\/\/nudechick.online\/hu\/wp-json\/wp\/v2\/pages\/4199\/revisions\/4203"}],"wp:attachment":[{"href":"https:\/\/nudechick.online\/hu\/wp-json\/wp\/v2\/media?parent=4199"}],"curies":[{"name":"wp","href":"https:\/\/api.w.org\/{rel}","templated":true}]}}