{"id":3607,"date":"2024-11-06T20:45:33","date_gmt":"2024-11-06T20:45:33","guid":{"rendered":"https:\/\/nudechick.online\/home\/"},"modified":"2024-11-21T09:06:17","modified_gmt":"2024-11-21T09:06:17","slug":"home","status":"publish","type":"page","link":"https:\/\/nudechick.online\/it\/","title":{"rendered":"Home"},"content":{"rendered":"<h1>\n\t\tLe migliori foto di nudo di donne nude | Foto di ragazze nude\n\t<\/h1>\n\t\t\t<a href=\"https:\/\/nudechick.online\/it\/go\/join\/\" target=\"_self\" role=\"button\" rel=\"noopener\">\n\t\t\t\t\t\tIscriviti ora\n\t\t<\/a>\n\t<p>&nbsp;<\/p>\n<p>Guardate le foto porno gratuite di donne nude, calde e sexy.   Se stavi cercando un sito dove poter guardare video porno amatoriali e scopare fighe da tutto il mondo allora sei nel posto perfetto, e il nostro sito soddisfer\u00e0 le tue pi\u00f9 grandi aspettative. Siamo un sito TOP con foto di nudo e offriamo tutto gratuitamente. Rimani con noi per molto tempo e guarda donne nude dalla Russia e da molti altri paesi.<\/p>\n<p>Oltre alle tradizionali foto di nudo xxx e ai video porno, potete anche chattare con le ragazze online praticamente 24 ore al giorno. Molte ragazze sexy sono disponibili e pronte a fare una chat erotica con voi. Se ne avete voglia, potete anche guardarle in webcam per adulti, in cui vi mostreranno la loro figa o si mastruberanno con il loro dildo.<\/p>\n<p>If you like a girl, you can also exchange nude photos with your days or send videos through our messenger. We give you the opportunity to use our platform completely free and without any limit. It&#8217;s only up to you if you take the chance to meet a new sexy girl to fuck, a wife who likes anal or just a quick sex in a hotel.<\/p>\n\t\t\t\t<img loading=\"lazy\" decoding=\"async\" src=\"https:\/\/nudechick.online\/wp-content\/uploads\/2024\/11\/5-231x300.png\" alt=\"5\" itemprop=\"image\" height=\"300\" width=\"231\" title=\"5\" onerror=\"this.style.display='none'\"  \/>\n\t<p>Ania (Cracow)<\/p>\n\t\t\t<a href=\"https:\/\/nudechick.online\/it\/date\/ania-cracow\/\" target=\"_self\" rel=\"noopener\">\n\t\t\t\t\t\tControlla il profilo\n\t\t\t\t\t<\/a>\n\t\t\t<a href=\"https:\/\/nudechick.online\/it\/go\/join\/\" target=\"_self\" rel=\"noopener\">\n\t\t\t\t\t\tIncontrala ora!\n\t\t\t\t\t<\/a>\n\t\t\t\t<img loading=\"lazy\" decoding=\"async\" src=\"https:\/\/nudechick.online\/wp-content\/uploads\/2024\/11\/3-204x300.jpg\" alt=\"3\" itemprop=\"image\" height=\"300\" width=\"204\" title=\"3\" onerror=\"this.style.display='none'\"  \/>\n\t<p>Monica (Oslo)<\/p>\n\t\t\t<a href=\"https:\/\/nudechick.online\/it\/date\/monica-oslo\/\" target=\"_self\" rel=\"noopener\">\n\t\t\t\t\t\tControlla il profilo\n\t\t\t\t\t<\/a>\n\t\t\t<a href=\"https:\/\/nudechick.online\/it\/go\/join\/\" target=\"_self\" rel=\"noopener\">\n\t\t\t\t\t\tIncontrala ora!\n\t\t\t\t\t<\/a>\n\t\t\t\t<img loading=\"lazy\" decoding=\"async\" src=\"https:\/\/nudechick.online\/wp-content\/uploads\/2024\/11\/7.png\" alt=\"7\" itemprop=\"image\" height=\"768\" width=\"768\" title=\"7\" onerror=\"this.style.display='none'\"  \/>\n\t<p>Kimberly (Chicago)<\/p>\n\t\t\t<a href=\"https:\/\/nudechick.online\/it\/date\/kimberly-chicago\/\" target=\"_self\" rel=\"noopener\">\n\t\t\t\t\t\tControlla il profilo\n\t\t\t\t\t<\/a>\n\t\t\t<a href=\"https:\/\/nudechick.online\/it\/go\/join\/\" target=\"_self\" rel=\"noopener\">\n\t\t\t\t\t\tIncontrala ora!\n\t\t\t\t\t<\/a>\n\t\t\t\t<img loading=\"lazy\" decoding=\"async\" src=\"https:\/\/nudechick.online\/wp-content\/uploads\/2024\/11\/6-200x300.png\" alt=\"6\" itemprop=\"image\" height=\"300\" width=\"200\" title=\"6\" onerror=\"this.style.display='none'\"  \/>\n\t<p>Robelyn (Toronto)<\/p>\n\t\t\t<a href=\"https:\/\/nudechick.online\/it\/date\/robelyn-toronto\/\" target=\"_self\" rel=\"noopener\">\n\t\t\t\t\t\tControlla il profilo\n\t\t\t\t\t<\/a>\n\t\t\t<a href=\"https:\/\/nudechick.online\/it\/go\/join\/\" target=\"_self\" rel=\"noopener\">\n\t\t\t\t\t\tIncontrala ora!\n\t\t\t\t\t<\/a>\n\t\t\t\t<img loading=\"lazy\" decoding=\"async\" src=\"https:\/\/nudechick.online\/wp-content\/uploads\/2024\/11\/2-1-231x300.jpg\" alt=\"doggystyle in bed with stephanie manchester\" itemprop=\"image\" height=\"300\" width=\"231\" title=\"2\" onerror=\"this.style.display='none'\"  \/>\n\t<p>Stephanie (Manchester)<\/p>\n\t\t\t<a href=\"https:\/\/nudechick.online\/it\/date\/stephanie-manchester\/\" target=\"_self\" rel=\"noopener\">\n\t\t\t\t\t\tControlla il profilo\n\t\t\t\t\t<\/a>\n\t\t\t<a href=\"https:\/\/nudechick.online\/it\/go\/join\/\" target=\"_self\" rel=\"noopener\">\n\t\t\t\t\t\tIncontrala ora!\n\t\t\t\t\t<\/a>\n\t\t\t\t<img loading=\"lazy\" decoding=\"async\" src=\"https:\/\/nudechick.online\/wp-content\/uploads\/2024\/11\/1-1-206x300.jpg\" alt=\"1\" itemprop=\"image\" height=\"300\" width=\"206\" title=\"1\" onerror=\"this.style.display='none'\"  \/>\n\t<p>Bella (Hamburg)<\/p>\n\t\t\t<a href=\"https:\/\/nudechick.online\/it\/date\/bella-hamburg\/\" target=\"_self\" rel=\"noopener\">\n\t\t\t\t\t\tControlla il profilo\n\t\t\t\t\t<\/a>\n\t\t\t<a href=\"https:\/\/nudechick.online\/it\/go\/join\/\" target=\"_self\" rel=\"noopener\">\n\t\t\t\t\t\tIncontrala ora!\n\t\t\t\t\t<\/a>\n\t\t\t\t<img loading=\"lazy\" decoding=\"async\" src=\"https:\/\/nudechick.online\/wp-content\/uploads\/2024\/11\/4-200x300.png\" alt=\"4\" itemprop=\"image\" height=\"300\" width=\"200\" title=\"4\" onerror=\"this.style.display='none'\"  \/>\n\t<p>Kate (London)<\/p>\n\t\t\t<a href=\"https:\/\/nudechick.online\/it\/date\/kate-london\/\" target=\"_self\" rel=\"noopener\">\n\t\t\t\t\t\tControlla il profilo\n\t\t\t\t\t<\/a>\n\t\t\t<a href=\"https:\/\/nudechick.online\/it\/go\/join\/\" target=\"_self\" rel=\"noopener\">\n\t\t\t\t\t\tIncontrala ora!\n\t\t\t\t\t<\/a>\n\t\t\t\t<img loading=\"lazy\" decoding=\"async\" src=\"https:\/\/nudechick.online\/wp-content\/uploads\/2024\/11\/8-225x300.png\" alt=\"8\" itemprop=\"image\" height=\"300\" width=\"225\" title=\"8\" onerror=\"this.style.display='none'\"  \/>\n\t<p>Princess (Tijuana)<\/p>\n\t\t\t<a href=\"https:\/\/nudechick.online\/it\/date\/princess-tijuana\/\" target=\"_self\" rel=\"noopener\">\n\t\t\t\t\t\tControlla il profilo\n\t\t\t\t\t<\/a>\n\t\t\t<a href=\"https:\/\/nudechick.online\/it\/go\/join\/\" target=\"_self\" rel=\"noopener\">\n\t\t\t\t\t\tIncontrala ora!\n\t\t\t\t\t<\/a>\n\t\t\t<h2>\n\t\t\t\t\tPerch\u00e9 Nudechick ha i migliori nudi e video porno?\n\t\t\t\t<\/h2>\n\t<p>Sul nostro sito troverete le donne pi\u00f9 calde e sexy di tutto il mondo.<\/p>\n\t<p>Access to the full service allows you to view private nude photos and amateur porn videos with authentic girls from your city or country. In addition, you can browse girls&#8217; profiles and add them to social media such as Whatsapp, Snapchat or Facebook, or simply text with horny bitches through our live chat.<\/p>\n\t<p>Diventa nostro utente e sbircia le ragazze sotto la doccia o prendi un appuntamento e scopale nel parco. Crea subito un account gratuito e goditi la visione illimitata delle ragazze pi\u00f9 sexy dell'Asia o del Sud America. Goditi l'accesso completo a un'enorme comunit\u00e0 di persone che amano il sesso e esci con loro o trova un partner per una relazione.<\/p>\n\t\t\t\t<img loading=\"lazy\" decoding=\"async\" src=\"https:\/\/nudechick.online\/wp-content\/uploads\/2024\/11\/2.jpg\" alt=\"sexy teenager a pecorina\" itemprop=\"image\" height=\"1230\" width=\"948\" title=\"2\" onerror=\"this.style.display='none'\"  \/>\n\t\t\t\t<img loading=\"lazy\" decoding=\"async\" src=\"https:\/\/nudechick.online\/wp-content\/uploads\/2024\/11\/1.jpg\" alt=\"smalto nudo pulcino\" itemprop=\"image\" height=\"1237\" width=\"849\" title=\"1\" onerror=\"this.style.display='none'\"  \/>\n\t\t\t<a href=\"https:\/\/nudechick.online\/it\/go\/join\/\" target=\"_self\" role=\"button\" rel=\"noopener\">\n\t\t\t\t\t\tIscriviti ora\n\t\t<\/a>\n\t<h2><strong>Guarda le foto porno delle donne nude e iscriviti gratis<\/strong><\/h2>\n<p>Il nostro sito vi permetter\u00e0 di guardare immagini di ragazze sexy e sexy completamente gratuite e tutto ci\u00f2 che dovete fare per avere accesso alla galleria \u00e8 registrare un account gratuito. Questa \u00e8 l'unica cosa che vi separa dal guardare belle donne e modelle.  Siate pronti a scopare. Diventa un membro della nostra comunit\u00e0 e sii un utente attivo. Godetevi fighe pelose e audaci da tutto il mondo!<\/p>\n<p>Le immagini di nudo pi\u00f9 calde di ragazze arrapate ti stanno aspettando. Guarda i video amatoriali di una ragazza di 18 anni che si fa scopare dal suo ragazzo e si masturba. Abbiamo nuovi contenuti ogni giorno che non ti faranno mai annoiare, e se preferisci il sesso dal vivo allora incontra le modelle che mostrano i loro corpi sulle cam del sesso online e prova il sesso online in tempo reale.<\/p>\n\t\t\t<h2>\n\t\t\t\t\tMessaggi e scambio di nudi istantanei con le nostre ragazze\n\t\t\t\t<\/h2>\n<h5>\n\t\t01.\n\t<\/h5>\n\t\t\t<h3>\n\t\t\t\t\t&#8211; Find your best girl\n\t\t\t\t<\/h3>\n\t\t\t<p>Trova il profilo della ragazza che ti interessa e vedi i suoi interessi. Tra le ragazze amatoriali, sul nostro sito puoi trovare anche modelle che si spogliano in webcam. L'elemento chiave \u00e8 che tu trovi una ragazza che sta cercando esattamente quello che stai cercando tu.<\/p>\n<h5>\n\t\t02.\n\t<\/h5>\n\t\t\t<h3>\n\t\t\t\t\t&#8211; Add people to friends\n\t\t\t\t<\/h3>\n\t\t\t<p>If a girl likes you and is interested in having sex or showing her pussy on a webcam then you shouldn&#8217;t wait any longer! Our conversations are fully encrypted and only you and the girl you are writing with have access to your messages. We are committed to making users feel completely safe on our site.<\/p>\n<h5>\n\t\t03.\n\t<\/h5>\n\t\t\t<h3>\n\t\t\t\t\t&#8211; Exchange nude photos\n\t\t\t\t<\/h3>\n\t\t\t<p>Se la donna che vi piace \u00e8 anche interessata a inviare foto o video di lei che si masturba, potrete farlo anche sul nostro sito senza alcun limite. Sentitevi a casa vostra e cercate le donne dei vostri sogni.<\/p>\n\t\t\t<a href=\"https:\/\/nudechick.online\/it\/go\/join\/\" target=\"_self\" role=\"button\" rel=\"noopener\">\n\t\t\t\t\t\tIscriviti ora\n\t\t<\/a>","protected":false},"excerpt":{"rendered":"<p>Best Nude Pics From Naked Women | Nude Girls Photos Join now &nbsp; Watch free porn pics from hot and sexy nude women. \u00a0 If you were looking for a website where you can watch amateur porn videos and fuck pussy from all over the world then you are in the perfect place, and our [&hellip;]<\/p>","protected":false},"author":1,"featured_media":0,"parent":0,"menu_order":0,"comment_status":"closed","ping_status":"closed","template":"","meta":{"give_campaign_id":0,"site-sidebar-layout":"no-sidebar","site-content-layout":"page-builder","ast-site-content-layout":"full-width-container","site-content-style":"unboxed","site-sidebar-style":"unboxed","ast-global-header-display":"","ast-banner-title-visibility":"","ast-main-header-display":"","ast-hfb-above-header-display":"","ast-hfb-below-header-display":"","ast-hfb-mobile-header-display":"","site-post-title":"disabled","ast-breadcrumbs-content":"","ast-featured-img":"disabled","footer-sml-layout":"","theme-transparent-header-meta":"","adv-header-id-meta":"","stick-header-meta":"","header-above-stick-meta":"","header-main-stick-meta":"","header-below-stick-meta":"","astra-migrate-meta-layouts":"set","ast-page-background-enabled":"default","ast-page-background-meta":{"desktop":{"background-color":"","background-image":"","background-repeat":"repeat","background-position":"center center","background-size":"auto","background-attachment":"scroll","background-type":"","background-media":"","overlay-type":"","overlay-color":"","overlay-opacity":"","overlay-gradient":""},"tablet":{"background-color":"","background-image":"","background-repeat":"repeat","background-position":"center center","background-size":"auto","background-attachment":"scroll","background-type":"","background-media":"","overlay-type":"","overlay-color":"","overlay-opacity":"","overlay-gradient":""},"mobile":{"background-color":"","background-image":"","background-repeat":"repeat","background-position":"center center","background-size":"auto","background-attachment":"scroll","background-type":"","background-media":"","overlay-type":"","overlay-color":"","overlay-opacity":"","overlay-gradient":""}},"ast-content-background-meta":{"desktop":{"background-color":"var(--ast-global-color-5)","background-image":"","background-repeat":"repeat","background-position":"center center","background-size":"auto","background-attachment":"scroll","background-type":"","background-media":"","overlay-type":"","overlay-color":"","overlay-opacity":"","overlay-gradient":""},"tablet":{"background-color":"var(--ast-global-color-5)","background-image":"","background-repeat":"repeat","background-position":"center center","background-size":"auto","background-attachment":"scroll","background-type":"","background-media":"","overlay-type":"","overlay-color":"","overlay-opacity":"","overlay-gradient":""},"mobile":{"background-color":"var(--ast-global-color-5)","background-image":"","background-repeat":"repeat","background-position":"center center","background-size":"auto","background-attachment":"scroll","background-type":"","background-media":"","overlay-type":"","overlay-color":"","overlay-opacity":"","overlay-gradient":""}},"footnotes":""},"class_list":["post-3607","page","type-page","status-publish","hentry"],"aioseo_notices":[],"campaignId":"","_links":{"self":[{"href":"https:\/\/nudechick.online\/it\/wp-json\/wp\/v2\/pages\/3607"}],"collection":[{"href":"https:\/\/nudechick.online\/it\/wp-json\/wp\/v2\/pages"}],"about":[{"href":"https:\/\/nudechick.online\/it\/wp-json\/wp\/v2\/types\/page"}],"author":[{"embeddable":true,"href":"https:\/\/nudechick.online\/it\/wp-json\/wp\/v2\/users\/1"}],"replies":[{"embeddable":true,"href":"https:\/\/nudechick.online\/it\/wp-json\/wp\/v2\/comments?post=3607"}],"version-history":[{"count":20,"href":"https:\/\/nudechick.online\/it\/wp-json\/wp\/v2\/pages\/3607\/revisions"}],"predecessor-version":[{"id":4194,"href":"https:\/\/nudechick.online\/it\/wp-json\/wp\/v2\/pages\/3607\/revisions\/4194"}],"wp:attachment":[{"href":"https:\/\/nudechick.online\/it\/wp-json\/wp\/v2\/media?parent=3607"}],"curies":[{"name":"wp","href":"https:\/\/api.w.org\/{rel}","templated":true}]}}