{"id":4033,"date":"2024-11-17T22:49:19","date_gmt":"2024-11-17T22:49:19","guid":{"rendered":"https:\/\/nudechick.online\/?page_id=4033"},"modified":"2024-11-20T07:34:31","modified_gmt":"2024-11-20T07:34:31","slug":"monica-oslo","status":"publish","type":"page","link":"https:\/\/nudechick.online\/it\/date\/monica-oslo\/","title":{"rendered":"Monica Oslo"},"content":{"rendered":"<h1><strong>Snapchat Video Porno Nudo | Incontra Monica per il Sexting<\/strong><\/h1>\n\t<p>Se stavate cercando foto di sesso di ragazze arrapate, siete arrivati nel posto giusto. Su NudeChick troverete contenuti amatoriali premium completamente gratuiti. Qui troverai le ragazze pi\u00f9 sexy provenienti da Russia, Europa e Asia. Bellissime ragazze asiatiche e latine ti stanno aspettando e ti invieranno una foto di figa. Sulla nostra piattaforma troverai ragazze adolescenti che hanno 18 anni e singole mamme porche che inviano foto sconce gratuitamente e sono alla ricerca di un cazzo che le scopi.<\/p>\n<p>Parla con donne sexy che amano essere scopate dal cazzo e fare pompini. Cerca le ragazze brune o bionde della tua citt\u00e0 e dai appuntamento per sesso anale occasionale o invita una ragazza per un caff\u00e8 che \u00e8 interessata a una relazione a lungo termine. Puoi anche trovare una moglie sul nostro portale e iniziare con il sesso su snapchat. Diventa membro della nostra enorme comunit\u00e0 dove potrai trovare le donne pi\u00f9 perverse di tutto il mondo e incontrare troie che ti invieranno foto di tette nude. Iscriviti oggi stesso e usa la nostra piattaforma senza limiti e senza spese!<\/p>\n\t\t\t\t<img loading=\"lazy\" decoding=\"async\" src=\"https:\/\/nudechick.online\/wp-content\/uploads\/2024\/11\/3-1.jpg\" alt=\"monica want sex in oslo and showing pussy\" itemprop=\"image\" height=\"1236\" width=\"839\" title=\"3\" onerror=\"this.style.display='none'\"  \/>\n<h2>\n\t\tMonica, Oslo\n\t<\/h2>\n\t<p>Hey I&#8217;m Monica and I live in Oslo, I like doggie positions and my favorite position to fuck is like the one in my profile picture. I work in a hospital as a nurse and can take very good care of you if you need a private sitter who likes to be fucked in the ass.<\/p>\n\t\t\t<a href=\"https:\/\/nudechick.online\/it\/go\/meet\/\" target=\"_self\" rel=\"noopener\">\n\t\t\t\t\t\tFacebook\n\t\t\t\t\t<\/a>\n\t\t\t<a href=\"https:\/\/nudechick.online\/it\/go\/meet\/\" target=\"_self\" rel=\"noopener\">\n\t\t\t\t\t\tInstagram\n\t\t\t\t\t<\/a>\n\t\t\t<a href=\"https:\/\/nudechick.online\/it\/go\/meet\/\" target=\"_self\" rel=\"noopener\">\n\t\t\t\t\t\tSnapchat\n\t\t\t\t\t<\/a>\n\t<p>77,131<\/p>\n\t<p>Seguaci<\/p>\n\t<p><strong>Sono online!<\/strong><\/p>\n<p>Tempo medio di risposta 5-30 minuti<\/p>\n\t\t\t<a href=\"https:\/\/nudechick.online\/it\/go\/meet\/\" target=\"_self\" rel=\"noopener\">\n\t\t\t\t\t\t\tIscriviti ora!\n\t\t\t\t\t<\/a>\n\t<h2>Nude Snapchat Amateur Photos And Porn Videos For Free &#8211; Meet Sexy 18+ Dirty Teen For Sex<\/h2>\n<p>Solo sul nostro sito potrai incontrare adolescenti di 18 anni arrapate che amano inviare nudi istantanei o chattare con sconosciuti. Sfoglia i profili delle ragazze pi\u00f9 sexy della tua citt\u00e0 e invita una ragazza per una scopata violenta in hotel o per un bagno insieme. I migliori nudi snapchat illimitati che sono costantemente aggiornati e freschi. Inoltre, sul nostro sito, oltre alle ragazze amatoriali puoi trovare le pornostar e accedere ai loro social media. Abbiamo anche nel nostro database donne che si masturbano nel culo su webcam per adulti. Inviate loro una piccola mancia e le vedrete spogliarsi e gemere per voi davanti alla webcam mentre si infilano un enorme dildo nella fica.<\/p>","protected":false},"excerpt":{"rendered":"<p>Snapchat Nude Porn Videos | Meet Monica For Sexting If you were looking for sex snap from horny girls then you have come to the right place. On NudeChick you will find premium amateur content completely free of charge. Here you will find the hottest girls from Russia, Europe, Asia. Beautiful Asian and Latina girls [&hellip;]<\/p>","protected":false},"author":1,"featured_media":0,"parent":4116,"menu_order":0,"comment_status":"closed","ping_status":"closed","template":"","meta":{"give_campaign_id":0,"site-sidebar-layout":"no-sidebar","site-content-layout":"page-builder","ast-site-content-layout":"full-width-container","site-content-style":"unboxed","site-sidebar-style":"unboxed","ast-global-header-display":"","ast-banner-title-visibility":"","ast-main-header-display":"","ast-hfb-above-header-display":"","ast-hfb-below-header-display":"","ast-hfb-mobile-header-display":"","site-post-title":"disabled","ast-breadcrumbs-content":"","ast-featured-img":"disabled","footer-sml-layout":"","theme-transparent-header-meta":"","adv-header-id-meta":"","stick-header-meta":"","header-above-stick-meta":"","header-main-stick-meta":"","header-below-stick-meta":"","astra-migrate-meta-layouts":"set","ast-page-background-enabled":"default","ast-page-background-meta":{"desktop":{"background-color":"","background-image":"","background-repeat":"repeat","background-position":"center center","background-size":"auto","background-attachment":"scroll","background-type":"","background-media":"","overlay-type":"","overlay-color":"","overlay-opacity":"","overlay-gradient":""},"tablet":{"background-color":"","background-image":"","background-repeat":"repeat","background-position":"center center","background-size":"auto","background-attachment":"scroll","background-type":"","background-media":"","overlay-type":"","overlay-color":"","overlay-opacity":"","overlay-gradient":""},"mobile":{"background-color":"","background-image":"","background-repeat":"repeat","background-position":"center center","background-size":"auto","background-attachment":"scroll","background-type":"","background-media":"","overlay-type":"","overlay-color":"","overlay-opacity":"","overlay-gradient":""}},"ast-content-background-meta":{"desktop":{"background-color":"var(--ast-global-color-5)","background-image":"","background-repeat":"repeat","background-position":"center center","background-size":"auto","background-attachment":"scroll","background-type":"","background-media":"","overlay-type":"","overlay-color":"","overlay-opacity":"","overlay-gradient":""},"tablet":{"background-color":"var(--ast-global-color-5)","background-image":"","background-repeat":"repeat","background-position":"center center","background-size":"auto","background-attachment":"scroll","background-type":"","background-media":"","overlay-type":"","overlay-color":"","overlay-opacity":"","overlay-gradient":""},"mobile":{"background-color":"var(--ast-global-color-5)","background-image":"","background-repeat":"repeat","background-position":"center center","background-size":"auto","background-attachment":"scroll","background-type":"","background-media":"","overlay-type":"","overlay-color":"","overlay-opacity":"","overlay-gradient":""}},"footnotes":""},"class_list":["post-4033","page","type-page","status-publish","hentry"],"aioseo_notices":[],"campaignId":"","_links":{"self":[{"href":"https:\/\/nudechick.online\/it\/wp-json\/wp\/v2\/pages\/4033"}],"collection":[{"href":"https:\/\/nudechick.online\/it\/wp-json\/wp\/v2\/pages"}],"about":[{"href":"https:\/\/nudechick.online\/it\/wp-json\/wp\/v2\/types\/page"}],"author":[{"embeddable":true,"href":"https:\/\/nudechick.online\/it\/wp-json\/wp\/v2\/users\/1"}],"replies":[{"embeddable":true,"href":"https:\/\/nudechick.online\/it\/wp-json\/wp\/v2\/comments?post=4033"}],"version-history":[{"count":11,"href":"https:\/\/nudechick.online\/it\/wp-json\/wp\/v2\/pages\/4033\/revisions"}],"predecessor-version":[{"id":4184,"href":"https:\/\/nudechick.online\/it\/wp-json\/wp\/v2\/pages\/4033\/revisions\/4184"}],"up":[{"embeddable":true,"href":"https:\/\/nudechick.online\/it\/wp-json\/wp\/v2\/pages\/4116"}],"wp:attachment":[{"href":"https:\/\/nudechick.online\/it\/wp-json\/wp\/v2\/media?parent=4033"}],"curies":[{"name":"wp","href":"https:\/\/api.w.org\/{rel}","templated":true}]}}