{"id":3607,"date":"2024-11-06T20:45:33","date_gmt":"2024-11-06T20:45:33","guid":{"rendered":"https:\/\/nudechick.online\/home\/"},"modified":"2024-11-21T09:06:17","modified_gmt":"2024-11-21T09:06:17","slug":"home","status":"publish","type":"page","link":"https:\/\/nudechick.online\/pl\/","title":{"rendered":"Home"},"content":{"rendered":"<h1>\n\t\tNajlepsze zdj\u0119cia nagich kobiet | Zdj\u0119cia nagich dziewczyn\n\t<\/h1>\n\t\t\t<a href=\"https:\/\/nudechick.online\/pl\/go\/join\/\" target=\"_self\" role=\"button\" rel=\"noopener\">\n\t\t\t\t\t\tDo\u0142\u0105cz teraz\n\t\t<\/a>\n\t<p>&nbsp;<\/p>\n<p>Ogl\u0105daj darmowe filmy porno z gor\u0105cymi i seksownymi nagimi kobietami.   Je\u015bli szukasz strony, na kt\u00f3rej mo\u017cesz ogl\u0105da\u0107 amatorskie filmy porno i rucha\u0107 cipki z ca\u0142ego \u015bwiata, to jeste\u015b w idealnym miejscu, a nasza strona spe\u0142ni Twoje najwi\u0119ksze oczekiwania. Jeste\u015bmy TOP stron\u0105 z nagimi zdj\u0119ciami i oferujemy wszystko za darmo. Zosta\u0144 z nami na d\u0142ugo i ogl\u0105daj nagie kobiety z Rosji i wielu innych kraj\u00f3w.<\/p>\n<p>Opr\u00f3cz tradycyjnych nagich zdj\u0119\u0107 xxx i film\u00f3w porno, mo\u017cesz tak\u017ce czatowa\u0107 z dziewczynami online praktycznie 24 godziny na dob\u0119. Wiele gor\u0105cych dziewczyn jest dost\u0119pnych i gotowych na erotyczny czat z tob\u0105. Je\u015bli masz ochot\u0119, mo\u017cesz r\u00f3wnie\u017c ogl\u0105da\u0107 je na kamerkach dla doros\u0142ych, na kt\u00f3rych poka\u017c\u0105 ci swoj\u0105 cipk\u0119 lub masturbuj\u0105 si\u0119 dildem.<\/p>\n<p>If you like a girl, you can also exchange nude photos with your days or send videos through our messenger. We give you the opportunity to use our platform completely free and without any limit. It&#8217;s only up to you if you take the chance to meet a new sexy girl to fuck, a wife who likes anal or just a quick sex in a hotel.<\/p>\n\t\t\t\t<img loading=\"lazy\" decoding=\"async\" src=\"https:\/\/nudechick.online\/wp-content\/uploads\/2024\/11\/5-231x300.png\" alt=\"5\" itemprop=\"image\" height=\"300\" width=\"231\" title=\"5\" onerror=\"this.style.display='none'\"  \/>\n\t<p>Ania (Cracow)<\/p>\n\t\t\t<a href=\"https:\/\/nudechick.online\/pl\/date\/ania-cracow\/\" target=\"_self\" rel=\"noopener\">\n\t\t\t\t\t\tSprawd\u017a profil\n\t\t\t\t\t<\/a>\n\t\t\t<a href=\"https:\/\/nudechick.online\/pl\/go\/join\/\" target=\"_self\" rel=\"noopener\">\n\t\t\t\t\t\tPoznaj j\u0105 teraz!\n\t\t\t\t\t<\/a>\n\t\t\t\t<img loading=\"lazy\" decoding=\"async\" src=\"https:\/\/nudechick.online\/wp-content\/uploads\/2024\/11\/3-204x300.jpg\" alt=\"3\" itemprop=\"image\" height=\"300\" width=\"204\" title=\"3\" onerror=\"this.style.display='none'\"  \/>\n\t<p>Monica (Oslo)<\/p>\n\t\t\t<a href=\"https:\/\/nudechick.online\/pl\/date\/monica-oslo\/\" target=\"_self\" rel=\"noopener\">\n\t\t\t\t\t\tSprawd\u017a profil\n\t\t\t\t\t<\/a>\n\t\t\t<a href=\"https:\/\/nudechick.online\/pl\/go\/join\/\" target=\"_self\" rel=\"noopener\">\n\t\t\t\t\t\tPoznaj j\u0105 teraz!\n\t\t\t\t\t<\/a>\n\t\t\t\t<img loading=\"lazy\" decoding=\"async\" src=\"https:\/\/nudechick.online\/wp-content\/uploads\/2024\/11\/7.png\" alt=\"7\" itemprop=\"image\" height=\"768\" width=\"768\" title=\"7\" onerror=\"this.style.display='none'\"  \/>\n\t<p>Kimberly (Chicago)<\/p>\n\t\t\t<a href=\"https:\/\/nudechick.online\/pl\/date\/kimberly-chicago\/\" target=\"_self\" rel=\"noopener\">\n\t\t\t\t\t\tSprawd\u017a profil\n\t\t\t\t\t<\/a>\n\t\t\t<a href=\"https:\/\/nudechick.online\/pl\/go\/join\/\" target=\"_self\" rel=\"noopener\">\n\t\t\t\t\t\tPoznaj j\u0105 teraz!\n\t\t\t\t\t<\/a>\n\t\t\t\t<img loading=\"lazy\" decoding=\"async\" src=\"https:\/\/nudechick.online\/wp-content\/uploads\/2024\/11\/6-200x300.png\" alt=\"6\" itemprop=\"image\" height=\"300\" width=\"200\" title=\"6\" onerror=\"this.style.display='none'\"  \/>\n\t<p>Robelyn (Toronto)<\/p>\n\t\t\t<a href=\"https:\/\/nudechick.online\/pl\/date\/robelyn-toronto\/\" target=\"_self\" rel=\"noopener\">\n\t\t\t\t\t\tSprawd\u017a profil\n\t\t\t\t\t<\/a>\n\t\t\t<a href=\"https:\/\/nudechick.online\/pl\/go\/join\/\" target=\"_self\" rel=\"noopener\">\n\t\t\t\t\t\tPoznaj j\u0105 teraz!\n\t\t\t\t\t<\/a>\n\t\t\t\t<img loading=\"lazy\" decoding=\"async\" src=\"https:\/\/nudechick.online\/wp-content\/uploads\/2024\/11\/2-1-231x300.jpg\" alt=\"doggystyle in bed with stephanie manchester\" itemprop=\"image\" height=\"300\" width=\"231\" title=\"2\" onerror=\"this.style.display='none'\"  \/>\n\t<p>Stephanie (Manchester)<\/p>\n\t\t\t<a href=\"https:\/\/nudechick.online\/pl\/date\/stephanie-manchester\/\" target=\"_self\" rel=\"noopener\">\n\t\t\t\t\t\tSprawd\u017a profil\n\t\t\t\t\t<\/a>\n\t\t\t<a href=\"https:\/\/nudechick.online\/pl\/go\/join\/\" target=\"_self\" rel=\"noopener\">\n\t\t\t\t\t\tPoznaj j\u0105 teraz!\n\t\t\t\t\t<\/a>\n\t\t\t\t<img loading=\"lazy\" decoding=\"async\" src=\"https:\/\/nudechick.online\/wp-content\/uploads\/2024\/11\/1-1-206x300.jpg\" alt=\"1\" itemprop=\"image\" height=\"300\" width=\"206\" title=\"1\" onerror=\"this.style.display='none'\"  \/>\n\t<p>Bella (Hamburg)<\/p>\n\t\t\t<a href=\"https:\/\/nudechick.online\/pl\/date\/bella-hamburg\/\" target=\"_self\" rel=\"noopener\">\n\t\t\t\t\t\tSprawd\u017a profil\n\t\t\t\t\t<\/a>\n\t\t\t<a href=\"https:\/\/nudechick.online\/pl\/go\/join\/\" target=\"_self\" rel=\"noopener\">\n\t\t\t\t\t\tPoznaj j\u0105 teraz!\n\t\t\t\t\t<\/a>\n\t\t\t\t<img loading=\"lazy\" decoding=\"async\" src=\"https:\/\/nudechick.online\/wp-content\/uploads\/2024\/11\/4-200x300.png\" alt=\"4\" itemprop=\"image\" height=\"300\" width=\"200\" title=\"4\" onerror=\"this.style.display='none'\"  \/>\n\t<p>Kate (London)<\/p>\n\t\t\t<a href=\"https:\/\/nudechick.online\/pl\/date\/kate-london\/\" target=\"_self\" rel=\"noopener\">\n\t\t\t\t\t\tSprawd\u017a profil\n\t\t\t\t\t<\/a>\n\t\t\t<a href=\"https:\/\/nudechick.online\/pl\/go\/join\/\" target=\"_self\" rel=\"noopener\">\n\t\t\t\t\t\tPoznaj j\u0105 teraz!\n\t\t\t\t\t<\/a>\n\t\t\t\t<img loading=\"lazy\" decoding=\"async\" src=\"https:\/\/nudechick.online\/wp-content\/uploads\/2024\/11\/8-225x300.png\" alt=\"8\" itemprop=\"image\" height=\"300\" width=\"225\" title=\"8\" onerror=\"this.style.display='none'\"  \/>\n\t<p>Princess (Tijuana)<\/p>\n\t\t\t<a href=\"https:\/\/nudechick.online\/pl\/date\/princess-tijuana\/\" target=\"_self\" rel=\"noopener\">\n\t\t\t\t\t\tSprawd\u017a profil\n\t\t\t\t\t<\/a>\n\t\t\t<a href=\"https:\/\/nudechick.online\/pl\/go\/join\/\" target=\"_self\" rel=\"noopener\">\n\t\t\t\t\t\tPoznaj j\u0105 teraz!\n\t\t\t\t\t<\/a>\n\t\t\t<h2>\n\t\t\t\t\tDlaczego Nudechick ma najlepsze zdj\u0119cia i filmy porno?\n\t\t\t\t<\/h2>\n\t<p>Na naszej stronie znajdziesz najgor\u0119tsze i najseksowniejsze kobiety z ca\u0142ego \u015bwiata.<\/p>\n\t<p>Access to the full service allows you to view private nude photos and amateur porn videos with authentic girls from your city or country. In addition, you can browse girls&#8217; profiles and add them to social media such as Whatsapp, Snapchat or Facebook, or simply text with horny bitches through our live chat.<\/p>\n\t<p>Zosta\u0144 naszym u\u017cytkownikiem i podgl\u0105daj dziewczyny pod prysznicem lub um\u00f3w si\u0119 na randk\u0119 i zer\u017cnij je w parku. Za\u0142\u00f3\u017c darmowe konto ju\u017c teraz i ciesz si\u0119 nieograniczonym ogl\u0105daniem najseksowniejszych dziewczyn z Azji lub Ameryki Po\u0142udniowej. Ciesz si\u0119 pe\u0142nym dost\u0119pem do ogromnej spo\u0142eczno\u015bci ludzi kochaj\u0105cych seks i umawiaj si\u0119 na randki lub znajd\u017a partnera do zwi\u0105zku.<\/p>\n\t\t\t\t<img loading=\"lazy\" decoding=\"async\" src=\"https:\/\/nudechick.online\/wp-content\/uploads\/2024\/11\/2.jpg\" alt=\"seksowna nastolatka doggystyle\" itemprop=\"image\" height=\"1230\" width=\"948\" title=\"2\" onerror=\"this.style.display='none'\"  \/>\n\t\t\t\t<img loading=\"lazy\" decoding=\"async\" src=\"https:\/\/nudechick.online\/wp-content\/uploads\/2024\/11\/1.jpg\" alt=\"naga polska laska\" itemprop=\"image\" height=\"1237\" width=\"849\" title=\"1\" onerror=\"this.style.display='none'\"  \/>\n\t\t\t<a href=\"https:\/\/nudechick.online\/pl\/go\/join\/\" target=\"_self\" role=\"button\" rel=\"noopener\">\n\t\t\t\t\t\tDo\u0142\u0105cz teraz\n\t\t<\/a>\n\t<h2><strong>Ogl\u0105daj nagie kobiety porno i zarejestruj si\u0119 za darmo<\/strong><\/h2>\n<p>Nasza strona pozwoli Ci ogl\u0105da\u0107 pi\u0119kne, gor\u0105ce i seksowne zdj\u0119cia nagich dziewczyn ca\u0142kowicie za darmo, a wszystko, co musisz zrobi\u0107, aby uzyska\u0107 dost\u0119p do galerii, to zarejestrowa\u0107 darmowe konto. To jedyna rzecz, kt\u00f3ra dzieli Ci\u0119 od ogl\u0105dania pi\u0119knych pa\u0144 i modelek.  B\u0105d\u017a gotowy na ruchanie. Zosta\u0144 cz\u0142onkiem naszej spo\u0142eczno\u015bci i b\u0105d\u017a aktywnym u\u017cytkownikiem. Ciesz si\u0119 ow\u0142osionymi i odwa\u017cnymi cipkami z ca\u0142ego \u015bwiata!<\/p>\n<p>Najgor\u0119tsze nagie zdj\u0119cia od napalonych lasek czekaj\u0105 na Ciebie. Ogl\u0105daj amatorskie filmy, jak 18-letnia dziewczyna jest ruchana przez swojego ch\u0142opaka i masturbuje si\u0119. Codziennie mamy nowe tre\u015bci, kt\u00f3re nigdy Ci si\u0119 nie znudz\u0105, a je\u015bli wolisz seks na \u017cywo, poznaj modelki pokazuj\u0105ce swoje cia\u0142a na kamerkach erotycznych online i wypr\u00f3buj seks online w czasie rzeczywistym.<\/p>\n\t\t\t<h2>\n\t\t\t\t\tWysy\u0142anie wiadomo\u015bci i wymiana snap\u00f3w z naszymi dziewczynami\n\t\t\t\t<\/h2>\n<h5>\n\t\t01.\n\t<\/h5>\n\t\t\t<h3>\n\t\t\t\t\t&#8211; Find your best girl\n\t\t\t\t<\/h3>\n\t\t\t<p>Znajd\u017a profil dziewczyny, kt\u00f3r\u0105 jeste\u015b zainteresowany i zobacz jej zainteresowania. W\u015br\u00f3d amatorek r\u00f3wnie\u017c na naszej stronie mo\u017cna znale\u017a\u0107 modelki rozbieraj\u0105ce si\u0119 na kamerkach. Kluczowym elementem jest znalezienie dziewczyny, kt\u00f3ra szuka dok\u0142adnie tego, czego Ty szukasz.<\/p>\n<h5>\n\t\t02.\n\t<\/h5>\n\t\t\t<h3>\n\t\t\t\t\t&#8211; Add people to friends\n\t\t\t\t<\/h3>\n\t\t\t<p>If a girl likes you and is interested in having sex or showing her pussy on a webcam then you shouldn&#8217;t wait any longer! Our conversations are fully encrypted and only you and the girl you are writing with have access to your messages. We are committed to making users feel completely safe on our site.<\/p>\n<h5>\n\t\t03.\n\t<\/h5>\n\t\t\t<h3>\n\t\t\t\t\t&#8211; Exchange nude photos\n\t\t\t\t<\/h3>\n\t\t\t<p>Je\u015bli kobieta, kt\u00f3r\u0105 lubisz, jest r\u00f3wnie\u017c zainteresowana wysy\u0142aniem nagich zdj\u0119\u0107 lub film\u00f3w przedstawiaj\u0105cych jej masturbacj\u0119, b\u0119dziesz m\u00f3g\u0142 to zrobi\u0107 na naszej stronie bez \u017cadnych ogranicze\u0144. Poczuj si\u0119 tutaj jak w domu i wyszukaj kobiet\u0119 swoich marze\u0144.<\/p>\n\t\t\t<a href=\"https:\/\/nudechick.online\/pl\/go\/join\/\" target=\"_self\" role=\"button\" rel=\"noopener\">\n\t\t\t\t\t\tDo\u0142\u0105cz teraz\n\t\t<\/a>","protected":false},"excerpt":{"rendered":"<p>Best Nude Pics From Naked Women | Nude Girls Photos Join now &nbsp; Watch free porn pics from hot and sexy nude women. \u00a0 If you were looking for a website where you can watch amateur porn videos and fuck pussy from all over the world then you are in the perfect place, and our [&hellip;]<\/p>","protected":false},"author":1,"featured_media":0,"parent":0,"menu_order":0,"comment_status":"closed","ping_status":"closed","template":"","meta":{"give_campaign_id":0,"site-sidebar-layout":"no-sidebar","site-content-layout":"page-builder","ast-site-content-layout":"full-width-container","site-content-style":"unboxed","site-sidebar-style":"unboxed","ast-global-header-display":"","ast-banner-title-visibility":"","ast-main-header-display":"","ast-hfb-above-header-display":"","ast-hfb-below-header-display":"","ast-hfb-mobile-header-display":"","site-post-title":"disabled","ast-breadcrumbs-content":"","ast-featured-img":"disabled","footer-sml-layout":"","theme-transparent-header-meta":"","adv-header-id-meta":"","stick-header-meta":"","header-above-stick-meta":"","header-main-stick-meta":"","header-below-stick-meta":"","astra-migrate-meta-layouts":"set","ast-page-background-enabled":"default","ast-page-background-meta":{"desktop":{"background-color":"","background-image":"","background-repeat":"repeat","background-position":"center center","background-size":"auto","background-attachment":"scroll","background-type":"","background-media":"","overlay-type":"","overlay-color":"","overlay-opacity":"","overlay-gradient":""},"tablet":{"background-color":"","background-image":"","background-repeat":"repeat","background-position":"center center","background-size":"auto","background-attachment":"scroll","background-type":"","background-media":"","overlay-type":"","overlay-color":"","overlay-opacity":"","overlay-gradient":""},"mobile":{"background-color":"","background-image":"","background-repeat":"repeat","background-position":"center center","background-size":"auto","background-attachment":"scroll","background-type":"","background-media":"","overlay-type":"","overlay-color":"","overlay-opacity":"","overlay-gradient":""}},"ast-content-background-meta":{"desktop":{"background-color":"var(--ast-global-color-5)","background-image":"","background-repeat":"repeat","background-position":"center center","background-size":"auto","background-attachment":"scroll","background-type":"","background-media":"","overlay-type":"","overlay-color":"","overlay-opacity":"","overlay-gradient":""},"tablet":{"background-color":"var(--ast-global-color-5)","background-image":"","background-repeat":"repeat","background-position":"center center","background-size":"auto","background-attachment":"scroll","background-type":"","background-media":"","overlay-type":"","overlay-color":"","overlay-opacity":"","overlay-gradient":""},"mobile":{"background-color":"var(--ast-global-color-5)","background-image":"","background-repeat":"repeat","background-position":"center center","background-size":"auto","background-attachment":"scroll","background-type":"","background-media":"","overlay-type":"","overlay-color":"","overlay-opacity":"","overlay-gradient":""}},"footnotes":""},"class_list":["post-3607","page","type-page","status-publish","hentry"],"aioseo_notices":[],"campaignId":"","_links":{"self":[{"href":"https:\/\/nudechick.online\/pl\/wp-json\/wp\/v2\/pages\/3607"}],"collection":[{"href":"https:\/\/nudechick.online\/pl\/wp-json\/wp\/v2\/pages"}],"about":[{"href":"https:\/\/nudechick.online\/pl\/wp-json\/wp\/v2\/types\/page"}],"author":[{"embeddable":true,"href":"https:\/\/nudechick.online\/pl\/wp-json\/wp\/v2\/users\/1"}],"replies":[{"embeddable":true,"href":"https:\/\/nudechick.online\/pl\/wp-json\/wp\/v2\/comments?post=3607"}],"version-history":[{"count":20,"href":"https:\/\/nudechick.online\/pl\/wp-json\/wp\/v2\/pages\/3607\/revisions"}],"predecessor-version":[{"id":4194,"href":"https:\/\/nudechick.online\/pl\/wp-json\/wp\/v2\/pages\/3607\/revisions\/4194"}],"wp:attachment":[{"href":"https:\/\/nudechick.online\/pl\/wp-json\/wp\/v2\/media?parent=3607"}],"curies":[{"name":"wp","href":"https:\/\/api.w.org\/{rel}","templated":true}]}}