{"id":3922,"date":"2024-11-12T08:22:04","date_gmt":"2024-11-12T08:22:04","guid":{"rendered":"https:\/\/nudechick.online\/?page_id=3922"},"modified":"2024-11-20T07:31:05","modified_gmt":"2024-11-20T07:31:05","slug":"teen","status":"publish","type":"page","link":"https:\/\/nudechick.online\/pl\/cams\/teen\/","title":{"rendered":"Teen Cams"},"content":{"rendered":"<img loading=\"lazy\" decoding=\"async\" src=\"https:\/\/nudechick.online\/wp-content\/uploads\/2024\/11\/chaturbate-logo.png\" alt=\"chaturbate\" itemprop=\"image\" height=\"225\" width=\"225\" title=\"chaturbate logo\" onerror=\"this.style.display='none'\"  \/>\n\t\t\t\t<img loading=\"lazy\" decoding=\"async\" src=\"https:\/\/nudechick.online\/wp-content\/uploads\/2024\/11\/jerkmate.jpg\" alt=\"jerkmate\" itemprop=\"image\" height=\"650\" width=\"650\" title=\"jerkmate\" onerror=\"this.style.display='none'\"  \/>\n\t\t\t\t<img loading=\"lazy\" decoding=\"async\" src=\"https:\/\/nudechick.online\/wp-content\/uploads\/2024\/11\/stripchat.webp\" alt=\"stripchat\" itemprop=\"image\" height=\"280\" width=\"280\" title=\"stripchat\" onerror=\"this.style.display='none'\"  \/>\n\t\t\t\t<img loading=\"lazy\" decoding=\"async\" src=\"https:\/\/nudechick.online\/wp-content\/uploads\/2024\/11\/nikitacams.png\" alt=\"nikitacams\" itemprop=\"image\" height=\"500\" width=\"500\" title=\"nikitacams\" onerror=\"this.style.display='none'\"  \/>\n\t\t\t<a href=\"https:\/\/nudechick.online\/pl\/go\/chaturbate\/\" target=\"_self\" rel=\"noopener\">\n\t\t\t\t\t\t\tDo\u0142\u0105cz teraz!\n\t\t\t\t\t<\/a>\n\t\t\t<a href=\"https:\/\/nudechick.online\/pl\/go\/jerkmate\/\" target=\"_self\" rel=\"noopener\">\n\t\t\t\t\t\t\tDo\u0142\u0105cz teraz!\n\t\t\t\t\t<\/a>\n\t\t\t<a href=\"https:\/\/nudechick.online\/pl\/go\/stripchat\/\" target=\"_self\" rel=\"noopener\">\n\t\t\t\t\t\t\tDo\u0142\u0105cz teraz!\n\t\t\t\t\t<\/a>\n\t\t\t<a href=\"https:\/\/nudechick.online\/pl\/go\/nikitacams\/\" target=\"_self\" rel=\"noopener\">\n\t\t\t\t\t\t\tDo\u0142\u0105cz teraz!\n\t\t\t\t\t<\/a>\n\t<!DOCTYPE html>\n<html lang=\"en\">\n<head>\n    <meta charset=\"UTF-8\"\/>\n    <meta name=\"viewport\" content=\"width=device-width, initial-scale=1.0\"\/>\n    \n    <meta name=\"description\" content=\"\"\/>\n    <style>\n        body {\n            font-family: Arial, sans-serif !important;\n            margin: 0 !important;\n            padding: 0 !important;\n            box-sizing: border-box !important;\n            background-color: #121212 !important;\n            color: #ffffff !important;\n        }\n        #header {\n            display: flex !important;\n            justify-content: space-between !important;\n            align-items: center !important;\n            padding: 10px 20px !important;\n            background-color: #ffffff !important;\n            color: #000000 !important;\n        }\n        #camera-count {\n            color: #000000 !important;\n            font-size: 20px !important;\n        }\n        #online-count {\n            font-weight: bold;\n        }\n        h1 {\n            text-align: center !important;\n            margin: 15px 0 !important;\n            color: #f39c12 !important;\n            font-size: 56px !important;\n        }\n        .description {\n            text-align: center !important;\n            margin-bottom: 20px !important;\n            color: #aaaaaa !important;\n        }\n        #search-container {\n            display: flex !important;\n            justify-content: flex-end !important;\n            align-items: center !important;\n            padding: 10px 20px !important;\n        }\n        #search-container select {\n            margin-right: 10px !important;\n            padding: 8px !important;\n            border: none !important;\n            border-radius: 5px !important;\n            width: 180px !important;\n            background-color: #2c2c2c !important;\n            color: #ffffff !important;\n            box-shadow: 0px 4px 6px rgba(0, 0, 0, 0.1) !important;\n            font-size: 14px !important;\n            appearance: none !important;\n            padding-left: 12px !important;\n        }\n        #search-container select:hover {\n            background-color: #3c3c3c !important;\n        }\n        #join-button {\n            display: block !important;\n            margin: 20px auto !important;\n            padding: 10px 20px !important;\n            background-color: #f39c12 !important;\n            color: #000000 !important;\n            border: none !important;\n            border-radius: 5px !important;\n            cursor: pointer !important;\n            text-align: center !important;\n            font-size: 16px !important;\n            text-decoration: none !important;\n        }\n        #custom-camera-grid {\n            display: grid !important;\n            grid-template-columns: repeat(4, 1fr) !important;\n            gap: 20px !important;\n            padding: 20px !important;\n            width: calc(100% - 40px) !important;\n            margin: 0 auto !important;\n        }\n        .custom-camera-item {\n            border: 1px solid #444 !important;\n            padding: 10px !important;\n            text-align: center !important;\n            background-color: #1e1e1e !important;\n            border-radius: 10px !important;\n            overflow: hidden !important;\n            position: relative !important;\n            transition: transform 0.3s ease !important;\n            cursor: pointer !important;\n        }\n        .custom-camera-item img {\n            width: 100% !important;\n            height: auto !important;\n            border-radius: 10px !important;\n            transition: opacity 0.5s ease !important;\n        }\n        .custom-camera-item:hover img {\n            opacity: 0.7 !important;\n        }\n        .camera-description {\n            position: absolute !important;\n            bottom: 0 !important;\n            left: 50% !important;\n            transform: translateX(-50%) !important;\n            text-align: center !important;\n            opacity: 0 !important;\n            transition: opacity 0.5s ease !important;\n            color: #ffffff !important;\n            background-color: rgba(0, 0, 0, 0.7) !important;\n            padding: 5px !important;\n            border-radius: 10px !important;\n            width: calc(100% - 20px) !important;\n        }\n        .custom-camera-item:hover .camera-description {\n            opacity: 1 !important;\n        }\n        .camera-info {\n            padding: 10px 0 !important;\n        }\n        .camera-info h3 {\n            font-size: 16px !important;\n            margin: 10px 0 5px 0 !important;\n            color: #ffffff !important;\n        }\n        .camera-info p {\n            margin: 0 !important;\n            font-size: 14px !important;\n            color: #aaaaaa !important;\n        }\n        .camera-info .age, .camera-info .num-users {\n            font-size: 14px !important;\n            color: #f39c12 !important;\n        }\n        .custom-camera-item:hover {\n            transform: scale(1.05) !important;\n        }\n        .pagination {\n            text-align: center !important;\n            margin: 20px 0 !important;\n        }\n        .pagination a {\n            color: white !important;\n            padding: 8px 16px !important;\n            text-decoration: none !important;\n            margin: 0 5px !important;\n            background-color: #333 !important;\n            border-radius: 5px !important;\n        }\n        .pagination a:hover {\n            background-color: #555 !important;\n        }\n        .pagination a.active {\n            background-color: #f39c12 !important;\n            pointer-events: none !important;\n        }\n        @media (max-width: 768px) {\n            #custom-camera-grid {\n                grid-template-columns: repeat(2, 1fr) !important;\n            }\n        }\n        @media (max-width: 480px) {\n            #custom-camera-grid {\n                grid-template-columns: 1fr !important;\n            }\n        }\n    <\/style>\n<\/head>\n<body>\n    <h1>Najlepsze kamery na \u017cywo z nastolatkami +18 za darmo<\/h1>\n    <p>Ogl\u0105daj nasze kamerki z napalonymi nastolatkami w wieku 18-19 lat, kt\u00f3re s\u0105 s\u0142odkie i \u015bwie\u017ce jak owoce, kt\u00f3re kupi\u0142e\u015b wczoraj na targu. Maj\u0105 s\u0142odkie i ciasne cipki i s\u0105 gotowe do zabawy z Tob\u0105 przez kamer\u0119 internetow\u0105 praktycznie 24 godziny na dob\u0119. Kolejnym plusem jest to, \u017ce nie s\u0105 one do ko\u0144ca do\u015bwiadczone i mo\u017cna z nimi bardzo mi\u0142o sp\u0119dzi\u0107 czas na prywatnym czacie na \u017cywo. Zdob\u0105d\u017a kilka \u017ceton\u00f3w i ogl\u0105daj, jak m\u0142ode nagie modelki masturbuj\u0105 si\u0119 dla Ciebie r\u00f3\u017cowym wibratorem.<\/p>\n        <strong>Obecnie online: <\/strong>Loading&#8230;\n            <select id=\"category-select\" onchange=\"changeCategory(this)\">\n        <option value=\"\/cams\">Category &#8211; All<\/option>\n                <option value=\"\/cams\/teen\">18+ Teens Cams<\/option>\n                <option value=\"\/cams\/asian\">Asian Cams<\/option>\n                <option value=\"\/cams\/bbw\">BBW Cams<\/option>\n                <option value=\"\/cams\/big-butt\">Big Butt Cams<\/option>\n                <option value=\"\/cams\/big-boobs\">Big Boobs Cams<\/option>\n                <option value=\"\/cams\/brunette\">Brunette Cams<\/option>\n                <option value=\"\/cams\/blonde\">Blonde Cams<\/option>\n                <option value=\"\/cams\/chubby\">Chubby Cams<\/option>\n                <option value=\"\/cams\/hairy\">Hairy Cams<\/option>\n                <option value=\"\/cams\/ebony\">Ebony Cams<\/option>\n                <option value=\"\/cams\/milf\">Milf Cams<\/option>\n                <option value=\"\/cams\/lovense\">Lovense Cams<\/option>\n                <option value=\"\/cams\/latina\">Latina Cams<\/option>\n                <option value=\"\/cams\/petite\">Petite Cams<\/option>\n                <option value=\"\/cams\/redhead\">Redhead Cams<\/option>\n                <option value=\"\/cams\/small-boobs\">Small Boobs Cams<\/option>\n            <\/select>\n    <a id=\"join-button\" href=\"https:\/\/cams.masturbite.com\/accounts\/register\/\">Do\u0142\u0105cz za darmo<\/a>\n        <!-- Kamerki pojawi\u0105 si\u0119 tutaj -->\n<\/body>\n<\/html>","protected":false},"excerpt":{"rendered":"<p>Join Now! Join Now! Join Now! Join Now! Best Live Teen Cams For Free Watch our webcams with horny teens aged 18-19 who are sweet and fresh like the fruit you bought at the market yesterday. They have sweet and tight pussies and are ready to play with you on the webcam practically 24 hours [&hellip;]<\/p>","protected":false},"author":1,"featured_media":0,"parent":3948,"menu_order":0,"comment_status":"closed","ping_status":"closed","template":"","meta":{"give_campaign_id":0,"site-sidebar-layout":"no-sidebar","site-content-layout":"page-builder","ast-site-content-layout":"full-width-container","site-content-style":"unboxed","site-sidebar-style":"unboxed","ast-global-header-display":"","ast-banner-title-visibility":"","ast-main-header-display":"","ast-hfb-above-header-display":"","ast-hfb-below-header-display":"","ast-hfb-mobile-header-display":"","site-post-title":"disabled","ast-breadcrumbs-content":"","ast-featured-img":"disabled","footer-sml-layout":"","theme-transparent-header-meta":"","adv-header-id-meta":"","stick-header-meta":"","header-above-stick-meta":"","header-main-stick-meta":"","header-below-stick-meta":"","astra-migrate-meta-layouts":"set","ast-page-background-enabled":"default","ast-page-background-meta":{"desktop":{"background-color":"","background-image":"","background-repeat":"repeat","background-position":"center center","background-size":"auto","background-attachment":"scroll","background-type":"","background-media":"","overlay-type":"","overlay-color":"","overlay-opacity":"","overlay-gradient":""},"tablet":{"background-color":"","background-image":"","background-repeat":"repeat","background-position":"center center","background-size":"auto","background-attachment":"scroll","background-type":"","background-media":"","overlay-type":"","overlay-color":"","overlay-opacity":"","overlay-gradient":""},"mobile":{"background-color":"","background-image":"","background-repeat":"repeat","background-position":"center center","background-size":"auto","background-attachment":"scroll","background-type":"","background-media":"","overlay-type":"","overlay-color":"","overlay-opacity":"","overlay-gradient":""}},"ast-content-background-meta":{"desktop":{"background-color":"var(--ast-global-color-5)","background-image":"","background-repeat":"repeat","background-position":"center center","background-size":"auto","background-attachment":"scroll","background-type":"","background-media":"","overlay-type":"","overlay-color":"","overlay-opacity":"","overlay-gradient":""},"tablet":{"background-color":"var(--ast-global-color-5)","background-image":"","background-repeat":"repeat","background-position":"center center","background-size":"auto","background-attachment":"scroll","background-type":"","background-media":"","overlay-type":"","overlay-color":"","overlay-opacity":"","overlay-gradient":""},"mobile":{"background-color":"var(--ast-global-color-5)","background-image":"","background-repeat":"repeat","background-position":"center center","background-size":"auto","background-attachment":"scroll","background-type":"","background-media":"","overlay-type":"","overlay-color":"","overlay-opacity":"","overlay-gradient":""}},"footnotes":""},"class_list":["post-3922","page","type-page","status-publish","hentry"],"aioseo_notices":[],"campaignId":"","_links":{"self":[{"href":"https:\/\/nudechick.online\/pl\/wp-json\/wp\/v2\/pages\/3922"}],"collection":[{"href":"https:\/\/nudechick.online\/pl\/wp-json\/wp\/v2\/pages"}],"about":[{"href":"https:\/\/nudechick.online\/pl\/wp-json\/wp\/v2\/types\/page"}],"author":[{"embeddable":true,"href":"https:\/\/nudechick.online\/pl\/wp-json\/wp\/v2\/users\/1"}],"replies":[{"embeddable":true,"href":"https:\/\/nudechick.online\/pl\/wp-json\/wp\/v2\/comments?post=3922"}],"version-history":[{"count":6,"href":"https:\/\/nudechick.online\/pl\/wp-json\/wp\/v2\/pages\/3922\/revisions"}],"predecessor-version":[{"id":4181,"href":"https:\/\/nudechick.online\/pl\/wp-json\/wp\/v2\/pages\/3922\/revisions\/4181"}],"up":[{"embeddable":true,"href":"https:\/\/nudechick.online\/pl\/wp-json\/wp\/v2\/pages\/3948"}],"wp:attachment":[{"href":"https:\/\/nudechick.online\/pl\/wp-json\/wp\/v2\/media?parent=3922"}],"curies":[{"name":"wp","href":"https:\/\/api.w.org\/{rel}","templated":true}]}}