{"id":4033,"date":"2024-11-17T22:49:19","date_gmt":"2024-11-17T22:49:19","guid":{"rendered":"https:\/\/nudechick.online\/?page_id=4033"},"modified":"2024-11-20T07:34:31","modified_gmt":"2024-11-20T07:34:31","slug":"monica-oslo","status":"publish","type":"page","link":"https:\/\/nudechick.online\/pl\/date\/monica-oslo\/","title":{"rendered":"Monica Oslo"},"content":{"rendered":"<h1><strong>Nagie filmy porno na Snapchacie | Poznaj Monik\u0119 do seksu<\/strong><\/h1>\n\t<p>Je\u015bli szukasz sex snap\u00f3w od napalonych dziewczyn, to trafi\u0142e\u015b we w\u0142a\u015bciwe miejsce. Na NudeChick znajdziesz amatorskie tre\u015bci premium ca\u0142kowicie za darmo. Tutaj znajdziesz najgor\u0119tsze dziewczyny z Rosji, Europy, Azji. Pi\u0119kne Azjatki i Latynoski czekaj\u0105 na Ciebie i wy\u015bl\u0105 Ci zdj\u0119cie cipki. Na naszej platformie znajdziesz sekst nastolatki, kt\u00f3re maj\u0105 18 lat i brudne mamu\u015bki single, kt\u00f3re wysy\u0142aj\u0105 niegrzeczne zdj\u0119cia za darmo i szukaj\u0105 kutasa, aby je przelecie\u0107.<\/p>\n<p>Porozmawiaj z seksownymi kobietami, kt\u00f3re uwielbiaj\u0105 by\u0107 ruchane przez kutasa i robi\u0107 loda. Wyszukaj brunetki lub blondynki z Twojego miasta i um\u00f3w si\u0119 na niezobowi\u0105zuj\u0105cy seks analny lub zapro\u015b dziewczyn\u0119 na kaw\u0119, kt\u00f3ra jest zainteresowana d\u0142ugotrwa\u0142ym zwi\u0105zkiem. Mo\u017cesz r\u00f3wnie\u017c znale\u017a\u0107 \u017con\u0119 na naszym portalu i zacz\u0105\u0107 od seksu na snapchacie. Zosta\u0144 cz\u0142onkiem naszej ogromnej spo\u0142eczno\u015bci, w kt\u00f3rej znajdziesz najbardziej perwersyjne kobiety z ca\u0142ego \u015bwiata i poznasz dziwki, kt\u00f3re wy\u015bl\u0105 ci zdj\u0119cia z go\u0142ymi cyckami. Zarejestruj si\u0119 ju\u017c dzi\u015b i korzystaj z naszej platformy bez limit\u00f3w i op\u0142at!<\/p>\n\t\t\t\t<img loading=\"lazy\" decoding=\"async\" src=\"https:\/\/nudechick.online\/wp-content\/uploads\/2024\/11\/3-1.jpg\" alt=\"monica want sex in oslo and showing pussy\" itemprop=\"image\" height=\"1236\" width=\"839\" title=\"3\" onerror=\"this.style.display='none'\"  \/>\n<h2>\n\t\tMonica, Oslo\n\t<\/h2>\n\t<p>Hey I&#8217;m Monica and I live in Oslo, I like doggie positions and my favorite position to fuck is like the one in my profile picture. I work in a hospital as a nurse and can take very good care of you if you need a private sitter who likes to be fucked in the ass.<\/p>\n\t\t\t<a href=\"https:\/\/nudechick.online\/pl\/go\/meet\/\" target=\"_self\" rel=\"noopener\">\n\t\t\t\t\t\tFacebook\n\t\t\t\t\t<\/a>\n\t\t\t<a href=\"https:\/\/nudechick.online\/pl\/go\/meet\/\" target=\"_self\" rel=\"noopener\">\n\t\t\t\t\t\tInstagram\n\t\t\t\t\t<\/a>\n\t\t\t<a href=\"https:\/\/nudechick.online\/pl\/go\/meet\/\" target=\"_self\" rel=\"noopener\">\n\t\t\t\t\t\tSnapchat\n\t\t\t\t\t<\/a>\n\t<p>77,131<\/p>\n\t<p>Obserwuj\u0105cy<\/p>\n\t<p><strong>Jestem online!<\/strong><\/p>\n<p>\u015aredni czas reakcji 5-30 minut<\/p>\n\t\t\t<a href=\"https:\/\/nudechick.online\/pl\/go\/meet\/\" target=\"_self\" rel=\"noopener\">\n\t\t\t\t\t\t\tDo\u0142\u0105cz teraz!\n\t\t\t\t\t<\/a>\n\t<h2>Nude Snapchat Amateur Photos And Porn Videos For Free &#8211; Meet Sexy 18+ Dirty Teen For Sex<\/h2>\n<p>Tylko na naszej stronie poznasz 18-letnie nastolatki, kt\u00f3re s\u0105 napalone i uwielbiaj\u0105 wysy\u0142a\u0107 snap akty lub czatowa\u0107 z nieznajomymi. Przegl\u0105daj profile najgor\u0119tszych dziewczyn z Twojego miasta i zapro\u015b dziewczyn\u0119 na ostre r\u017cni\u0119cie w hotelu lub wsp\u00f3ln\u0105 k\u0105piel. Nieograniczone najlepsze snapchat nudes, kt\u00f3re s\u0105 stale aktualizowane i \u015bwie\u017ce. Ponadto na naszej stronie opr\u00f3cz amatorek mo\u017cna znale\u017a\u0107 gwiazdy porno i dost\u0119p do ich medi\u00f3w spo\u0142eczno\u015bciowych. Mamy r\u00f3wnie\u017c w naszej bazie danych kobiety, kt\u00f3re masturbuj\u0105 si\u0119 w ty\u0142ek na kamerkach dla doros\u0142ych. Wy\u015blij im ma\u0142y napiwek, a zobaczysz jak rozbieraj\u0105 si\u0119 i j\u0119cz\u0105 dla Ciebie przed kamer\u0105 internetow\u0105 podczas wk\u0142adania ogromnego dildo do ich cipy.<\/p>","protected":false},"excerpt":{"rendered":"<p>Snapchat Nude Porn Videos | Meet Monica For Sexting If you were looking for sex snap from horny girls then you have come to the right place. On NudeChick you will find premium amateur content completely free of charge. Here you will find the hottest girls from Russia, Europe, Asia. Beautiful Asian and Latina girls [&hellip;]<\/p>","protected":false},"author":1,"featured_media":0,"parent":4116,"menu_order":0,"comment_status":"closed","ping_status":"closed","template":"","meta":{"give_campaign_id":0,"site-sidebar-layout":"no-sidebar","site-content-layout":"page-builder","ast-site-content-layout":"full-width-container","site-content-style":"unboxed","site-sidebar-style":"unboxed","ast-global-header-display":"","ast-banner-title-visibility":"","ast-main-header-display":"","ast-hfb-above-header-display":"","ast-hfb-below-header-display":"","ast-hfb-mobile-header-display":"","site-post-title":"disabled","ast-breadcrumbs-content":"","ast-featured-img":"disabled","footer-sml-layout":"","theme-transparent-header-meta":"","adv-header-id-meta":"","stick-header-meta":"","header-above-stick-meta":"","header-main-stick-meta":"","header-below-stick-meta":"","astra-migrate-meta-layouts":"set","ast-page-background-enabled":"default","ast-page-background-meta":{"desktop":{"background-color":"","background-image":"","background-repeat":"repeat","background-position":"center center","background-size":"auto","background-attachment":"scroll","background-type":"","background-media":"","overlay-type":"","overlay-color":"","overlay-opacity":"","overlay-gradient":""},"tablet":{"background-color":"","background-image":"","background-repeat":"repeat","background-position":"center center","background-size":"auto","background-attachment":"scroll","background-type":"","background-media":"","overlay-type":"","overlay-color":"","overlay-opacity":"","overlay-gradient":""},"mobile":{"background-color":"","background-image":"","background-repeat":"repeat","background-position":"center center","background-size":"auto","background-attachment":"scroll","background-type":"","background-media":"","overlay-type":"","overlay-color":"","overlay-opacity":"","overlay-gradient":""}},"ast-content-background-meta":{"desktop":{"background-color":"var(--ast-global-color-5)","background-image":"","background-repeat":"repeat","background-position":"center center","background-size":"auto","background-attachment":"scroll","background-type":"","background-media":"","overlay-type":"","overlay-color":"","overlay-opacity":"","overlay-gradient":""},"tablet":{"background-color":"var(--ast-global-color-5)","background-image":"","background-repeat":"repeat","background-position":"center center","background-size":"auto","background-attachment":"scroll","background-type":"","background-media":"","overlay-type":"","overlay-color":"","overlay-opacity":"","overlay-gradient":""},"mobile":{"background-color":"var(--ast-global-color-5)","background-image":"","background-repeat":"repeat","background-position":"center center","background-size":"auto","background-attachment":"scroll","background-type":"","background-media":"","overlay-type":"","overlay-color":"","overlay-opacity":"","overlay-gradient":""}},"footnotes":""},"class_list":["post-4033","page","type-page","status-publish","hentry"],"aioseo_notices":[],"campaignId":"","_links":{"self":[{"href":"https:\/\/nudechick.online\/pl\/wp-json\/wp\/v2\/pages\/4033"}],"collection":[{"href":"https:\/\/nudechick.online\/pl\/wp-json\/wp\/v2\/pages"}],"about":[{"href":"https:\/\/nudechick.online\/pl\/wp-json\/wp\/v2\/types\/page"}],"author":[{"embeddable":true,"href":"https:\/\/nudechick.online\/pl\/wp-json\/wp\/v2\/users\/1"}],"replies":[{"embeddable":true,"href":"https:\/\/nudechick.online\/pl\/wp-json\/wp\/v2\/comments?post=4033"}],"version-history":[{"count":11,"href":"https:\/\/nudechick.online\/pl\/wp-json\/wp\/v2\/pages\/4033\/revisions"}],"predecessor-version":[{"id":4184,"href":"https:\/\/nudechick.online\/pl\/wp-json\/wp\/v2\/pages\/4033\/revisions\/4184"}],"up":[{"embeddable":true,"href":"https:\/\/nudechick.online\/pl\/wp-json\/wp\/v2\/pages\/4116"}],"wp:attachment":[{"href":"https:\/\/nudechick.online\/pl\/wp-json\/wp\/v2\/media?parent=4033"}],"curies":[{"name":"wp","href":"https:\/\/api.w.org\/{rel}","templated":true}]}}