{"id":4064,"date":"2024-11-21T04:06:13","date_gmt":"2024-11-21T04:06:13","guid":{"rendered":"https:\/\/nudechick.online\/?page_id=4064"},"modified":"2024-11-21T04:06:15","modified_gmt":"2024-11-21T04:06:15","slug":"princess-tijuana","status":"publish","type":"page","link":"https:\/\/nudechick.online\/pl\/date\/princess-tijuana\/","title":{"rendered":"Princess Tijuana"},"content":{"rendered":"<h1>Onlyfans Nagie filmy porno za darmo | Ksi\u0119\u017cniczka Tijuana<\/h1>\n\t<p>Je\u015bli szukasz seksownych dziewczyn z onlyfans i amatorskich film\u00f3w porno z nagimi modelkami z niebieskiej platformy, to jeste\u015b w bardzo dobrym miejscu. Ogl\u0105daj tw\u00f3rc\u00f3w tre\u015bci i ich niegrzeczne zdj\u0119cia ca\u0142kowicie za darmo. Przegl\u0105daj profile amatorek i umawiaj si\u0119 z nimi na seks bez zobowi\u0105za\u0144. To najlepsza opcja, aby pozna\u0107 nowe kobiety z ca\u0142ego \u015bwiata, a dost\u0119p do naszych ekskluzywnych tre\u015bci zapewni Ci niesamowite wra\u017cenia przez d\u0142ugi czas! Ogl\u0105daj darmowe porno z najgor\u0119tszymi latynoskami, kt\u00f3re uwielbiaj\u0105 seks analny i marz\u0105 o ruchaniu w dup\u0119. Na naszej platformie znajdziesz najseksowniejsze nagie dziewczyny i nigdy nie po\u017ca\u0142ujesz. Mamy tu r\u00f3wnie\u017c modelki wyst\u0119puj\u0105ce na sex kamerkach online i najlepszych tw\u00f3rc\u00f3w tre\u015bci, jakich mo\u017cna sobie wyobrazi\u0107. Ponadto mo\u017cesz tak\u017ce wyszuka\u0107 profile dziewczyn, kt\u00f3re lubi\u0105 klimaty fantasy i przebieraj\u0105 si\u0119 w perwersyjne stroje cosplay z r\u00f3\u017cnych gier komputerowych.<\/p>\n\t\t\t\t<img loading=\"lazy\" decoding=\"async\" src=\"https:\/\/nudechick.online\/wp-content\/uploads\/2024\/11\/8-1.png\" alt=\"bbw chick massive tits from tijuana\" itemprop=\"image\" height=\"1024\" width=\"768\" title=\"8\" onerror=\"this.style.display='none'\"  \/>\n<h2>\n\t\tPrincess, Tijuana\n\t<\/h2>\n\t<p>My name is Princess and I live in Tijuana. Do you like big boobs? Mine are huge and I love to play with them. I like it best when someone fucks me between my huge tits. I would like you to have a big piece of equipment and fuck me in the ass so that I won&#8217;t sit on a chair for a week. This is my biggest dream. Fuck me as soon as possible.<\/p>\n\t\t\t<a href=\"https:\/\/nudechick.online\/pl\/go\/meet\/\" target=\"_self\" rel=\"noopener\">\n\t\t\t\t\t\tFacebook\n\t\t\t\t\t<\/a>\n\t\t\t<a href=\"https:\/\/nudechick.online\/pl\/go\/meet\/\" target=\"_self\" rel=\"noopener\">\n\t\t\t\t\t\tInstagram\n\t\t\t\t\t<\/a>\n\t\t\t<a href=\"https:\/\/nudechick.online\/pl\/go\/meet\/\" target=\"_self\" rel=\"noopener\">\n\t\t\t\t\t\tSnapchat\n\t\t\t\t\t<\/a>\n\t<p>87,564<\/p>\n\t<p>Obserwuj\u0105cy<\/p>\n\t<p><strong>Jestem online!<\/strong><\/p>\n<p>\u015aredni czas reakcji 5-10 minut<\/p>\n\t\t\t<a href=\"https:\/\/nudechick.online\/pl\/go\/meet\/\" target=\"_self\" rel=\"noopener\">\n\t\t\t\t\t\t\tDo\u0142\u0105cz teraz!\n\t\t\t\t\t<\/a>\n\t<h2>Naughty And Sexy Nude Girls From Onlyfans &#8211; Search Models, Watch Exclusive Naked Content and Write with Them<\/h2>\n<p>Did you know that on our platform you can get access to the instagram accounts of the most kinky women from around the world? That&#8217;s not all. Our users can add explicit content themselves and share their bodies completely free for all our users. Exchange nude nsfw photos from snapchat and other platforms and browse celebrity photos. Our erotic videos will allow you to masturbate to our platform for years to come and also you can meet some sexy girl for a long term relationship. Don&#8217;t wait any longer and become our user by creating a free account and get access to all the content, all the pictures, porn videos and the most kinky girls in our galaxy.<\/p>\n<p>Uzyskaj dost\u0119p do tre\u015bci onlyfans i pi\u0119knych dziewczyn xxx za darmo! Zosta\u0144 naszym cz\u0142onkiem i poka\u017c doros\u0142ym modelkom swojego kutasa i zobacz, jak zrobi\u0105 dla ciebie wszystko za kilka \u017ceton\u00f3w. Przeszukuj profile 18-letnich nastoletnich suk z Twojego miasta, umawiaj si\u0119 z nimi i nagrywaj domowe porno. Zapro\u015b dziewczyn\u0119 do swojej sypialni i zer\u017cnij j\u0105 lub znajd\u017a mi\u0142o\u015b\u0107 swojego \u017cycia. Do\u0142\u0105cz do naszej perwersyjnej spo\u0142eczno\u015bci mi\u0142o\u015bnik\u00f3w seksu i uzyskaj dost\u0119p do wielu interesuj\u0105cych film\u00f3w i nagich zdj\u0119\u0107. Wiele kobiet z ca\u0142ego \u015bwiata czeka na Ciebie!<\/p>\n<p>&nbsp;<\/p>","protected":false},"excerpt":{"rendered":"<p>Onlyfans Nude Porn Videos For Free | Princess Tijuana If you were looking for sexy girls from onlyfans and amateur porn videos from naked model from blue platform then you are in a very good place. Watch content creators and their naughty pics completely free. Browse profiles of amateur women and date them for sex [&hellip;]<\/p>","protected":false},"author":1,"featured_media":0,"parent":4116,"menu_order":0,"comment_status":"closed","ping_status":"closed","template":"","meta":{"give_campaign_id":0,"site-sidebar-layout":"no-sidebar","site-content-layout":"page-builder","ast-site-content-layout":"full-width-container","site-content-style":"unboxed","site-sidebar-style":"unboxed","ast-global-header-display":"","ast-banner-title-visibility":"","ast-main-header-display":"","ast-hfb-above-header-display":"","ast-hfb-below-header-display":"","ast-hfb-mobile-header-display":"","site-post-title":"disabled","ast-breadcrumbs-content":"","ast-featured-img":"disabled","footer-sml-layout":"","theme-transparent-header-meta":"","adv-header-id-meta":"","stick-header-meta":"","header-above-stick-meta":"","header-main-stick-meta":"","header-below-stick-meta":"","astra-migrate-meta-layouts":"set","ast-page-background-enabled":"default","ast-page-background-meta":{"desktop":{"background-color":"","background-image":"","background-repeat":"repeat","background-position":"center center","background-size":"auto","background-attachment":"scroll","background-type":"","background-media":"","overlay-type":"","overlay-color":"","overlay-opacity":"","overlay-gradient":""},"tablet":{"background-color":"","background-image":"","background-repeat":"repeat","background-position":"center center","background-size":"auto","background-attachment":"scroll","background-type":"","background-media":"","overlay-type":"","overlay-color":"","overlay-opacity":"","overlay-gradient":""},"mobile":{"background-color":"","background-image":"","background-repeat":"repeat","background-position":"center center","background-size":"auto","background-attachment":"scroll","background-type":"","background-media":"","overlay-type":"","overlay-color":"","overlay-opacity":"","overlay-gradient":""}},"ast-content-background-meta":{"desktop":{"background-color":"var(--ast-global-color-5)","background-image":"","background-repeat":"repeat","background-position":"center center","background-size":"auto","background-attachment":"scroll","background-type":"","background-media":"","overlay-type":"","overlay-color":"","overlay-opacity":"","overlay-gradient":""},"tablet":{"background-color":"var(--ast-global-color-5)","background-image":"","background-repeat":"repeat","background-position":"center center","background-size":"auto","background-attachment":"scroll","background-type":"","background-media":"","overlay-type":"","overlay-color":"","overlay-opacity":"","overlay-gradient":""},"mobile":{"background-color":"var(--ast-global-color-5)","background-image":"","background-repeat":"repeat","background-position":"center center","background-size":"auto","background-attachment":"scroll","background-type":"","background-media":"","overlay-type":"","overlay-color":"","overlay-opacity":"","overlay-gradient":""}},"footnotes":""},"class_list":["post-4064","page","type-page","status-publish","hentry"],"aioseo_notices":[],"campaignId":"","_links":{"self":[{"href":"https:\/\/nudechick.online\/pl\/wp-json\/wp\/v2\/pages\/4064"}],"collection":[{"href":"https:\/\/nudechick.online\/pl\/wp-json\/wp\/v2\/pages"}],"about":[{"href":"https:\/\/nudechick.online\/pl\/wp-json\/wp\/v2\/types\/page"}],"author":[{"embeddable":true,"href":"https:\/\/nudechick.online\/pl\/wp-json\/wp\/v2\/users\/1"}],"replies":[{"embeddable":true,"href":"https:\/\/nudechick.online\/pl\/wp-json\/wp\/v2\/comments?post=4064"}],"version-history":[{"count":6,"href":"https:\/\/nudechick.online\/pl\/wp-json\/wp\/v2\/pages\/4064\/revisions"}],"predecessor-version":[{"id":4190,"href":"https:\/\/nudechick.online\/pl\/wp-json\/wp\/v2\/pages\/4064\/revisions\/4190"}],"up":[{"embeddable":true,"href":"https:\/\/nudechick.online\/pl\/wp-json\/wp\/v2\/pages\/4116"}],"wp:attachment":[{"href":"https:\/\/nudechick.online\/pl\/wp-json\/wp\/v2\/media?parent=4064"}],"curies":[{"name":"wp","href":"https:\/\/api.w.org\/{rel}","templated":true}]}}