{"id":4116,"date":"2024-11-20T04:58:00","date_gmt":"2024-11-20T04:58:00","guid":{"rendered":"https:\/\/nudechick.online\/?page_id=4116"},"modified":"2024-11-21T09:04:34","modified_gmt":"2024-11-21T09:04:34","slug":"date","status":"publish","type":"page","link":"https:\/\/nudechick.online\/pl\/date\/","title":{"rendered":"Date"},"content":{"rendered":"<h1>\n\t\tChat &#038; Date And Meet New People | Horny Dating Site\u00a0\n\t<\/h1>\n\t<p>Je\u015bli szukasz strony, na kt\u00f3rej mo\u017cesz umawia\u0107 si\u0119 na randki online za darmo, to trafi\u0142e\u015b w bardzo dobre miejsce i dzi\u0119ki NudeChick mo\u017cesz przegl\u0105da\u0107 dziewczyny, kt\u00f3re szukaj\u0105 zwi\u0105zku lub szybkiego seksu za darmo w Twojej okolicy. Na naszej platformie mo\u017cesz przeszukiwa\u0107 profile napalonych dziewczyn i rozmawia\u0107 z nimi na czacie wideo. Nawi\u0105\u017c nowe znajomo\u015bci i znajd\u017a randk\u0119 na ruchanie w hotelu i flirtuj z dziewczynami z ca\u0142ego \u015bwiata bez \u017cadnych op\u0142at. Je\u015bli jeste\u015b singlem, to miejsce jest idealne dla Ciebie, poniewa\u017c otworzy przed Tob\u0105 wiele mo\u017cliwo\u015bci ruchania 18-letnich nastolatek pragn\u0105cych seksu analnego.<\/p>\n<p>Our free online dating site is considered the best in the world because it combines the standard dating experience, but also has girls who show pussy on online adult webcams. It&#8217;s up to you what you choose and who you meet. Check your inbox, maybe some horny bitch has already reached out to you and is waiting for your cock? Start a conversation and use our free dating app by sending nude pics to girls and they will send you too. Find friends and meet local girls from your city. On our platform you will find many beautiful girls looking for relationship, just let them find you!<\/p>\n\t\t\t\t<img loading=\"lazy\" decoding=\"async\" src=\"https:\/\/nudechick.online\/wp-content\/uploads\/2024\/11\/5-231x300.png\" alt=\"5\" itemprop=\"image\" height=\"300\" width=\"231\" title=\"5\" onerror=\"this.style.display='none'\"  \/>\n\t<p>Ania (Cracow)<\/p>\n\t\t\t<a href=\"https:\/\/nudechick.online\/pl\/date\/ania-cracow\/\" target=\"_self\" rel=\"noopener\">\n\t\t\t\t\t\tSprawd\u017a profil\n\t\t\t\t\t<\/a>\n\t\t\t<a href=\"https:\/\/nudechick.online\/pl\/go\/join\/\" target=\"_self\" rel=\"noopener\">\n\t\t\t\t\t\tPoznaj j\u0105 teraz!\n\t\t\t\t\t<\/a>\n\t\t\t\t<img loading=\"lazy\" decoding=\"async\" src=\"https:\/\/nudechick.online\/wp-content\/uploads\/2024\/11\/3-204x300.jpg\" alt=\"3\" itemprop=\"image\" height=\"300\" width=\"204\" title=\"3\" onerror=\"this.style.display='none'\"  \/>\n\t<p>Monica (Oslo)<\/p>\n\t\t\t<a href=\"https:\/\/nudechick.online\/pl\/date\/monica-oslo\/\" target=\"_self\" rel=\"noopener\">\n\t\t\t\t\t\tSprawd\u017a profil\n\t\t\t\t\t<\/a>\n\t\t\t<a href=\"https:\/\/nudechick.online\/pl\/go\/join\/\" target=\"_self\" rel=\"noopener\">\n\t\t\t\t\t\tPoznaj j\u0105 teraz!\n\t\t\t\t\t<\/a>\n\t\t\t\t<img loading=\"lazy\" decoding=\"async\" src=\"https:\/\/nudechick.online\/wp-content\/uploads\/2024\/11\/7.png\" alt=\"7\" itemprop=\"image\" height=\"768\" width=\"768\" title=\"7\" onerror=\"this.style.display='none'\"  \/>\n\t<p>Kimberly (Chicago)<\/p>\n\t\t\t<a href=\"https:\/\/nudechick.online\/pl\/date\/kimberly-chicago\/\" target=\"_self\" rel=\"noopener\">\n\t\t\t\t\t\tSprawd\u017a profil\n\t\t\t\t\t<\/a>\n\t\t\t<a href=\"https:\/\/nudechick.online\/pl\/go\/join\/\" target=\"_self\" rel=\"noopener\">\n\t\t\t\t\t\tPoznaj j\u0105 teraz!\n\t\t\t\t\t<\/a>\n\t\t\t\t<img loading=\"lazy\" decoding=\"async\" src=\"https:\/\/nudechick.online\/wp-content\/uploads\/2024\/11\/6-200x300.png\" alt=\"6\" itemprop=\"image\" height=\"300\" width=\"200\" title=\"6\" onerror=\"this.style.display='none'\"  \/>\n\t<p>Robelyn (Toronto)<\/p>\n\t\t\t<a href=\"https:\/\/nudechick.online\/pl\/date\/robelyn-toronto\/\" target=\"_self\" rel=\"noopener\">\n\t\t\t\t\t\tSprawd\u017a profil\n\t\t\t\t\t<\/a>\n\t\t\t<a href=\"https:\/\/nudechick.online\/pl\/go\/join\/\" target=\"_self\" rel=\"noopener\">\n\t\t\t\t\t\tPoznaj j\u0105 teraz!\n\t\t\t\t\t<\/a>\n\t\t\t\t<img loading=\"lazy\" decoding=\"async\" src=\"https:\/\/nudechick.online\/wp-content\/uploads\/2024\/11\/2-1-231x300.jpg\" alt=\"doggystyle in bed with stephanie manchester\" itemprop=\"image\" height=\"300\" width=\"231\" title=\"2\" onerror=\"this.style.display='none'\"  \/>\n\t<p>Stephanie (Manchester)<\/p>\n\t\t\t<a href=\"https:\/\/nudechick.online\/pl\/date\/stephanie-manchester\/\" target=\"_self\" rel=\"noopener\">\n\t\t\t\t\t\tSprawd\u017a profil\n\t\t\t\t\t<\/a>\n\t\t\t<a href=\"https:\/\/nudechick.online\/pl\/go\/join\/\" target=\"_self\" rel=\"noopener\">\n\t\t\t\t\t\tPoznaj j\u0105 teraz!\n\t\t\t\t\t<\/a>\n\t\t\t\t<img loading=\"lazy\" decoding=\"async\" src=\"https:\/\/nudechick.online\/wp-content\/uploads\/2024\/11\/1-1-206x300.jpg\" alt=\"1\" itemprop=\"image\" height=\"300\" width=\"206\" title=\"1\" onerror=\"this.style.display='none'\"  \/>\n\t<p>Bella (Hamburg)<\/p>\n\t\t\t<a href=\"https:\/\/nudechick.online\/pl\/date\/bella-hamburg\/\" target=\"_self\" rel=\"noopener\">\n\t\t\t\t\t\tSprawd\u017a profil\n\t\t\t\t\t<\/a>\n\t\t\t<a href=\"https:\/\/nudechick.online\/pl\/go\/join\/\" target=\"_self\" rel=\"noopener\">\n\t\t\t\t\t\tPoznaj j\u0105 teraz!\n\t\t\t\t\t<\/a>\n\t\t\t\t<img loading=\"lazy\" decoding=\"async\" src=\"https:\/\/nudechick.online\/wp-content\/uploads\/2024\/11\/4-200x300.png\" alt=\"4\" itemprop=\"image\" height=\"300\" width=\"200\" title=\"4\" onerror=\"this.style.display='none'\"  \/>\n\t<p>Kate (London)<\/p>\n\t\t\t<a href=\"https:\/\/nudechick.online\/pl\/date\/kate-london\/\" target=\"_self\" rel=\"noopener\">\n\t\t\t\t\t\tSprawd\u017a profil\n\t\t\t\t\t<\/a>\n\t\t\t<a href=\"https:\/\/nudechick.online\/pl\/go\/join\/\" target=\"_self\" rel=\"noopener\">\n\t\t\t\t\t\tPoznaj j\u0105 teraz!\n\t\t\t\t\t<\/a>\n\t\t\t\t<img loading=\"lazy\" decoding=\"async\" src=\"https:\/\/nudechick.online\/wp-content\/uploads\/2024\/11\/8-225x300.png\" alt=\"8\" itemprop=\"image\" height=\"300\" width=\"225\" title=\"8\" onerror=\"this.style.display='none'\"  \/>\n\t<p>Princess (Tijuana)<\/p>\n\t\t\t<a href=\"https:\/\/nudechick.online\/pl\/date\/princess-tijuana\/\" target=\"_self\" rel=\"noopener\">\n\t\t\t\t\t\tSprawd\u017a profil\n\t\t\t\t\t<\/a>\n\t\t\t<a href=\"https:\/\/nudechick.online\/pl\/go\/join\/\" target=\"_self\" rel=\"noopener\">\n\t\t\t\t\t\tPoznaj j\u0105 teraz!\n\t\t\t\t\t<\/a>\n\t<h2><strong>Free Dating Site And Adult Chat &#8211; Meet Single Girls<\/strong><\/h2>\n<p>Using our tool you can find amazing people near you and flirt with beautiful girls. In addition, we also have an adult chat room where the topic of sex is discussed and there are no limits here. This is the best dating site ever you could ever imagine. Browse horny women and their top posts, like pictures and have cyber sex or real sex in a hotel or in her city. Its very easy to use dating app and additionally you don&#8217;t have to pay anything for it! \u00a0On our platform you will find horny 18 year old teenage girls who love to jump on dick or single moms who are yearning for a big cock and want to feel it in their mouth one more time.<\/p>\n<p>Message chicks i match with them. Make friends from all of the world i download their naked photos. They allow for it! Open our app and find local singles looking for a relationship and set place to meet. Don&#8217;t wait any longer because you won&#8217;t find a better place for dating and sex anywhere else. See how popular our platform is and you will be shocked. We have new users every day and at this moment there are about 1 million pictures and nude amateur porn videos in our nude gallery. Our community is growing day by day and brings together kinky people from all over the world. Don&#8217;t wait any longer and become a user by creating a free account. Use without limit and have fun. Horny women from all over the world are waiting for your first move.<\/p>\n<p>Pami\u0119taj r\u00f3wnie\u017c, \u017ce opr\u00f3cz dziewczyn do zwi\u0105zku lub szybkiego seksu, na naszej stronie znajdziesz modelki i modelki, kt\u00f3re wypinaj\u0105 ty\u0142ek na kamerkach dla doros\u0142ych. Mo\u017cesz zaprosi\u0107 tak\u0105 dziewczyn\u0119 na prywatny czat i robi\u0107 z ni\u0105 co tylko chcesz. Wystarczy, \u017ce kupisz kilka \u017ceton\u00f3w i wy\u015blesz dziewczynie napiwek, a sp\u0119dzisz z ni\u0105 wiele ciekawych erotycznych chwil, kt\u00f3rych nie zapomnisz do ko\u0144ca \u017cycia. Gwarantujemy, \u017ce zostaniesz z nami na d\u0142ugo i znajdziesz kogo\u015b do pieprzenia lub seksu. Za\u0142\u00f3\u017c nowe konto i ciesz si\u0119 nasz\u0105 stron\u0105.<\/p>\n<p>&nbsp;<\/p>","protected":false},"excerpt":{"rendered":"<p>Chat &#038; Date And Meet New People | Horny Dating Site\u00a0 If you were looking for a site where you can online dating for free then you have come to a very good place and thanks to NudeChick you can browse girls who are looking for relationship or quick sex for free in your area. [&hellip;]<\/p>","protected":false},"author":1,"featured_media":0,"parent":0,"menu_order":0,"comment_status":"closed","ping_status":"closed","template":"","meta":{"give_campaign_id":0,"site-sidebar-layout":"no-sidebar","site-content-layout":"page-builder","ast-site-content-layout":"full-width-container","site-content-style":"unboxed","site-sidebar-style":"unboxed","ast-global-header-display":"","ast-banner-title-visibility":"","ast-main-header-display":"","ast-hfb-above-header-display":"","ast-hfb-below-header-display":"","ast-hfb-mobile-header-display":"","site-post-title":"disabled","ast-breadcrumbs-content":"","ast-featured-img":"disabled","footer-sml-layout":"","theme-transparent-header-meta":"","adv-header-id-meta":"","stick-header-meta":"","header-above-stick-meta":"","header-main-stick-meta":"","header-below-stick-meta":"","astra-migrate-meta-layouts":"set","ast-page-background-enabled":"default","ast-page-background-meta":{"desktop":{"background-color":"","background-image":"","background-repeat":"repeat","background-position":"center center","background-size":"auto","background-attachment":"scroll","background-type":"","background-media":"","overlay-type":"","overlay-color":"","overlay-opacity":"","overlay-gradient":""},"tablet":{"background-color":"","background-image":"","background-repeat":"repeat","background-position":"center center","background-size":"auto","background-attachment":"scroll","background-type":"","background-media":"","overlay-type":"","overlay-color":"","overlay-opacity":"","overlay-gradient":""},"mobile":{"background-color":"","background-image":"","background-repeat":"repeat","background-position":"center center","background-size":"auto","background-attachment":"scroll","background-type":"","background-media":"","overlay-type":"","overlay-color":"","overlay-opacity":"","overlay-gradient":""}},"ast-content-background-meta":{"desktop":{"background-color":"var(--ast-global-color-5)","background-image":"","background-repeat":"repeat","background-position":"center center","background-size":"auto","background-attachment":"scroll","background-type":"","background-media":"","overlay-type":"","overlay-color":"","overlay-opacity":"","overlay-gradient":""},"tablet":{"background-color":"var(--ast-global-color-5)","background-image":"","background-repeat":"repeat","background-position":"center center","background-size":"auto","background-attachment":"scroll","background-type":"","background-media":"","overlay-type":"","overlay-color":"","overlay-opacity":"","overlay-gradient":""},"mobile":{"background-color":"var(--ast-global-color-5)","background-image":"","background-repeat":"repeat","background-position":"center center","background-size":"auto","background-attachment":"scroll","background-type":"","background-media":"","overlay-type":"","overlay-color":"","overlay-opacity":"","overlay-gradient":""}},"footnotes":""},"class_list":["post-4116","page","type-page","status-publish","hentry"],"aioseo_notices":[],"campaignId":"","_links":{"self":[{"href":"https:\/\/nudechick.online\/pl\/wp-json\/wp\/v2\/pages\/4116"}],"collection":[{"href":"https:\/\/nudechick.online\/pl\/wp-json\/wp\/v2\/pages"}],"about":[{"href":"https:\/\/nudechick.online\/pl\/wp-json\/wp\/v2\/types\/page"}],"author":[{"embeddable":true,"href":"https:\/\/nudechick.online\/pl\/wp-json\/wp\/v2\/users\/1"}],"replies":[{"embeddable":true,"href":"https:\/\/nudechick.online\/pl\/wp-json\/wp\/v2\/comments?post=4116"}],"version-history":[{"count":4,"href":"https:\/\/nudechick.online\/pl\/wp-json\/wp\/v2\/pages\/4116\/revisions"}],"predecessor-version":[{"id":4193,"href":"https:\/\/nudechick.online\/pl\/wp-json\/wp\/v2\/pages\/4116\/revisions\/4193"}],"wp:attachment":[{"href":"https:\/\/nudechick.online\/pl\/wp-json\/wp\/v2\/media?parent=4116"}],"curies":[{"name":"wp","href":"https:\/\/api.w.org\/{rel}","templated":true}]}}