{"id":3607,"date":"2024-11-06T20:45:33","date_gmt":"2024-11-06T20:45:33","guid":{"rendered":"https:\/\/nudechick.online\/home\/"},"modified":"2024-11-21T09:06:17","modified_gmt":"2024-11-21T09:06:17","slug":"home","status":"publish","type":"page","link":"https:\/\/nudechick.online\/sv\/","title":{"rendered":"Home"},"content":{"rendered":"<h1>\n\t\tB\u00e4sta nakenbilder fr\u00e5n nakna kvinnor | bilder p\u00e5 nakna flickor\n\t<\/h1>\n\t\t\t<a href=\"https:\/\/nudechick.online\/sv\/go\/join\/\" target=\"_self\" role=\"button\" rel=\"noopener\">\n\t\t\t\t\t\tG\u00e5 med nu\n\t\t<\/a>\n\t<p>&nbsp;<\/p>\n<p>Titta p\u00e5 gratis porrbilder fr\u00e5n heta och sexiga nakna kvinnor.   Om du letade efter en webbplats d\u00e4r du kan titta p\u00e5 amat\u00f6rporrvideor och knulla fitta fr\u00e5n hela v\u00e4rlden s\u00e5 \u00e4r du p\u00e5 den perfekta platsen, och v\u00e5r webbplats kommer att uppfylla dina st\u00f6rsta f\u00f6rv\u00e4ntningar. Vi \u00e4r en TOP-webbplats med nakenfoton och vi erbjuder allt gratis. Stanna hos oss under l\u00e5ng tid och titta p\u00e5 nakna kvinnor fr\u00e5n Ryssland och m\u00e5nga andra l\u00e4nder.<\/p>\n<p>F\u00f6rutom traditionella nakna xxx foton och porrfilmer kan du ocks\u00e5 chatta med tjejer online praktiskt taget 24 timmar om dygnet. M\u00e5nga heta tjejer \u00e4r tillg\u00e4ngliga och redo att ha en erotisk chatt med dig. Om du k\u00e4nner f\u00f6r det kan du ocks\u00e5 titta p\u00e5 dem p\u00e5 webbkameror f\u00f6r vuxna, i vilka de kommer att visa dig sin fitta eller mastrubera sig sj\u00e4lva med sin dildo.<\/p>\n<p>If you like a girl, you can also exchange nude photos with your days or send videos through our messenger. We give you the opportunity to use our platform completely free and without any limit. It&#8217;s only up to you if you take the chance to meet a new sexy girl to fuck, a wife who likes anal or just a quick sex in a hotel.<\/p>\n\t\t\t\t<img loading=\"lazy\" decoding=\"async\" src=\"https:\/\/nudechick.online\/wp-content\/uploads\/2024\/11\/5-231x300.png\" alt=\"5\" itemprop=\"image\" height=\"300\" width=\"231\" title=\"5\" onerror=\"this.style.display='none'\"  \/>\n\t<p>Ania (Cracow)<\/p>\n\t\t\t<a href=\"https:\/\/nudechick.online\/sv\/date\/ania-cracow\/\" target=\"_self\" rel=\"noopener\">\n\t\t\t\t\t\tKontrollera profil\n\t\t\t\t\t<\/a>\n\t\t\t<a href=\"https:\/\/nudechick.online\/sv\/go\/join\/\" target=\"_self\" rel=\"noopener\">\n\t\t\t\t\t\tTr\u00e4ffa henne nu!\n\t\t\t\t\t<\/a>\n\t\t\t\t<img loading=\"lazy\" decoding=\"async\" src=\"https:\/\/nudechick.online\/wp-content\/uploads\/2024\/11\/3-204x300.jpg\" alt=\"3\" itemprop=\"image\" height=\"300\" width=\"204\" title=\"3\" onerror=\"this.style.display='none'\"  \/>\n\t<p>Monica (Oslo)<\/p>\n\t\t\t<a href=\"https:\/\/nudechick.online\/sv\/date\/monica-oslo\/\" target=\"_self\" rel=\"noopener\">\n\t\t\t\t\t\tKontrollera profil\n\t\t\t\t\t<\/a>\n\t\t\t<a href=\"https:\/\/nudechick.online\/sv\/go\/join\/\" target=\"_self\" rel=\"noopener\">\n\t\t\t\t\t\tTr\u00e4ffa henne nu!\n\t\t\t\t\t<\/a>\n\t\t\t\t<img loading=\"lazy\" decoding=\"async\" src=\"https:\/\/nudechick.online\/wp-content\/uploads\/2024\/11\/7.png\" alt=\"7\" itemprop=\"image\" height=\"768\" width=\"768\" title=\"7\" onerror=\"this.style.display='none'\"  \/>\n\t<p>Kimberly (Chicago)<\/p>\n\t\t\t<a href=\"https:\/\/nudechick.online\/sv\/date\/kimberly-chicago\/\" target=\"_self\" rel=\"noopener\">\n\t\t\t\t\t\tKontrollera profil\n\t\t\t\t\t<\/a>\n\t\t\t<a href=\"https:\/\/nudechick.online\/sv\/go\/join\/\" target=\"_self\" rel=\"noopener\">\n\t\t\t\t\t\tTr\u00e4ffa henne nu!\n\t\t\t\t\t<\/a>\n\t\t\t\t<img loading=\"lazy\" decoding=\"async\" src=\"https:\/\/nudechick.online\/wp-content\/uploads\/2024\/11\/6-200x300.png\" alt=\"6\" itemprop=\"image\" height=\"300\" width=\"200\" title=\"6\" onerror=\"this.style.display='none'\"  \/>\n\t<p>Robelyn (Toronto)<\/p>\n\t\t\t<a href=\"https:\/\/nudechick.online\/sv\/date\/robelyn-toronto\/\" target=\"_self\" rel=\"noopener\">\n\t\t\t\t\t\tKontrollera profil\n\t\t\t\t\t<\/a>\n\t\t\t<a href=\"https:\/\/nudechick.online\/sv\/go\/join\/\" target=\"_self\" rel=\"noopener\">\n\t\t\t\t\t\tTr\u00e4ffa henne nu!\n\t\t\t\t\t<\/a>\n\t\t\t\t<img loading=\"lazy\" decoding=\"async\" src=\"https:\/\/nudechick.online\/wp-content\/uploads\/2024\/11\/2-1-231x300.jpg\" alt=\"doggystyle in bed with stephanie manchester\" itemprop=\"image\" height=\"300\" width=\"231\" title=\"2\" onerror=\"this.style.display='none'\"  \/>\n\t<p>Stephanie (Manchester)<\/p>\n\t\t\t<a href=\"https:\/\/nudechick.online\/sv\/date\/stephanie-manchester\/\" target=\"_self\" rel=\"noopener\">\n\t\t\t\t\t\tKontrollera profil\n\t\t\t\t\t<\/a>\n\t\t\t<a href=\"https:\/\/nudechick.online\/sv\/go\/join\/\" target=\"_self\" rel=\"noopener\">\n\t\t\t\t\t\tTr\u00e4ffa henne nu!\n\t\t\t\t\t<\/a>\n\t\t\t\t<img loading=\"lazy\" decoding=\"async\" src=\"https:\/\/nudechick.online\/wp-content\/uploads\/2024\/11\/1-1-206x300.jpg\" alt=\"1\" itemprop=\"image\" height=\"300\" width=\"206\" title=\"1\" onerror=\"this.style.display='none'\"  \/>\n\t<p>Bella (Hamburg)<\/p>\n\t\t\t<a href=\"https:\/\/nudechick.online\/sv\/date\/bella-hamburg\/\" target=\"_self\" rel=\"noopener\">\n\t\t\t\t\t\tKontrollera profil\n\t\t\t\t\t<\/a>\n\t\t\t<a href=\"https:\/\/nudechick.online\/sv\/go\/join\/\" target=\"_self\" rel=\"noopener\">\n\t\t\t\t\t\tTr\u00e4ffa henne nu!\n\t\t\t\t\t<\/a>\n\t\t\t\t<img loading=\"lazy\" decoding=\"async\" src=\"https:\/\/nudechick.online\/wp-content\/uploads\/2024\/11\/4-200x300.png\" alt=\"4\" itemprop=\"image\" height=\"300\" width=\"200\" title=\"4\" onerror=\"this.style.display='none'\"  \/>\n\t<p>Kate (London)<\/p>\n\t\t\t<a href=\"https:\/\/nudechick.online\/sv\/date\/kate-london\/\" target=\"_self\" rel=\"noopener\">\n\t\t\t\t\t\tKontrollera profil\n\t\t\t\t\t<\/a>\n\t\t\t<a href=\"https:\/\/nudechick.online\/sv\/go\/join\/\" target=\"_self\" rel=\"noopener\">\n\t\t\t\t\t\tTr\u00e4ffa henne nu!\n\t\t\t\t\t<\/a>\n\t\t\t\t<img loading=\"lazy\" decoding=\"async\" src=\"https:\/\/nudechick.online\/wp-content\/uploads\/2024\/11\/8-225x300.png\" alt=\"8\" itemprop=\"image\" height=\"300\" width=\"225\" title=\"8\" onerror=\"this.style.display='none'\"  \/>\n\t<p>Princess (Tijuana)<\/p>\n\t\t\t<a href=\"https:\/\/nudechick.online\/sv\/date\/princess-tijuana\/\" target=\"_self\" rel=\"noopener\">\n\t\t\t\t\t\tKontrollera profil\n\t\t\t\t\t<\/a>\n\t\t\t<a href=\"https:\/\/nudechick.online\/sv\/go\/join\/\" target=\"_self\" rel=\"noopener\">\n\t\t\t\t\t\tTr\u00e4ffa henne nu!\n\t\t\t\t\t<\/a>\n\t\t\t<h2>\n\t\t\t\t\tVarf\u00f6r Nudechick har de b\u00e4sta nakenbilderna och porrfilmerna?\n\t\t\t\t<\/h2>\n\t<p>P\u00e5 v\u00e5r webbplats hittar du de hetaste och sexigaste kvinnorna fr\u00e5n hela v\u00e4rlden.<\/p>\n\t<p>Access to the full service allows you to view private nude photos and amateur porn videos with authentic girls from your city or country. In addition, you can browse girls&#8217; profiles and add them to social media such as Whatsapp, Snapchat or Facebook, or simply text with horny bitches through our live chat.<\/p>\n\t<p>Bli v\u00e5r anv\u00e4ndare och kika p\u00e5 tjejer i duschen eller boka en dejt och knulla dem i parken. Skapa ett gratis konto nu och njut av obegr\u00e4nsad visning av de sexigaste tjejerna fr\u00e5n Asien eller Sydamerika. Njut av full tillg\u00e5ng till en enorm gemenskap av sex\u00e4lskande m\u00e4nniskor och dejta eller hitta en partner f\u00f6r ett f\u00f6rh\u00e5llande.<\/p>\n\t\t\t\t<img loading=\"lazy\" decoding=\"async\" src=\"https:\/\/nudechick.online\/wp-content\/uploads\/2024\/11\/2.jpg\" alt=\"sexig ton\u00e5ring doggystyle\" itemprop=\"image\" height=\"1230\" width=\"948\" title=\"2\" onerror=\"this.style.display='none'\"  \/>\n\t\t\t\t<img loading=\"lazy\" decoding=\"async\" src=\"https:\/\/nudechick.online\/wp-content\/uploads\/2024\/11\/1.jpg\" alt=\"nude polish tjej\" itemprop=\"image\" height=\"1237\" width=\"849\" title=\"1\" onerror=\"this.style.display='none'\"  \/>\n\t\t\t<a href=\"https:\/\/nudechick.online\/sv\/go\/join\/\" target=\"_self\" role=\"button\" rel=\"noopener\">\n\t\t\t\t\t\tG\u00e5 med nu\n\t\t<\/a>\n\t<h2><strong>Titta p\u00e5 nakna kvinnor Porn Pics och registrera dig gratis<\/strong><\/h2>\n<p>V\u00e5r webbplats g\u00f6r att du kan titta p\u00e5 sk\u00f6nhet heta och sexiga nakna tjejer bilder helt gratis och allt du beh\u00f6ver g\u00f6ra f\u00f6r att f\u00e5 tillg\u00e5ng till galleriet \u00e4r att registrera ett gratis konto. Detta \u00e4r det enda som skiljer dig fr\u00e5n att titta p\u00e5 vackra damer och modeller.  Var redo f\u00f6r att knulla. Bli medlem i v\u00e5rt community och var en aktiv anv\u00e4ndare. Njut av h\u00e5riga och dj\u00e4rva fittor fr\u00e5n hela v\u00e4rlden!<\/p>\n<p>Hetaste nakenbilder fr\u00e5n k\u00e5ta brudar v\u00e4ntar p\u00e5 dig. Titta p\u00e5 amat\u00f6rvideor n\u00e4r en 18-\u00e5rig tjej blir knullad av sin pojkv\u00e4n och mastuberar. Vi har nytt inneh\u00e5ll varje dag som du aldrig kommer att bli uttr\u00e5kad av, och om du f\u00f6redrar live sex s\u00e5 tr\u00e4ffa modeller som visar upp sina kroppar p\u00e5 online sexkameror och prova online sex i realtid.<\/p>\n\t\t\t<h2>\n\t\t\t\t\tSkicka meddelanden och utbyta nakenbilder med v\u00e5ra tjejer\n\t\t\t\t<\/h2>\n<h5>\n\t\t01.\n\t<\/h5>\n\t\t\t<h3>\n\t\t\t\t\t&#8211; Find your best girl\n\t\t\t\t<\/h3>\n\t\t\t<p>Hitta profilen f\u00f6r den tjej du \u00e4r intresserad av och se hennes intressen. Bland amat\u00f6rflickor ocks\u00e5 p\u00e5 v\u00e5r webbplats kan du hitta modeller som kl\u00e4r av sig p\u00e5 webbkameror. Nyckelelementet \u00e4r att du ska hitta en tjej som letar efter exakt vad du letar efter.<\/p>\n<h5>\n\t\t02.\n\t<\/h5>\n\t\t\t<h3>\n\t\t\t\t\t&#8211; Add people to friends\n\t\t\t\t<\/h3>\n\t\t\t<p>If a girl likes you and is interested in having sex or showing her pussy on a webcam then you shouldn&#8217;t wait any longer! Our conversations are fully encrypted and only you and the girl you are writing with have access to your messages. We are committed to making users feel completely safe on our site.<\/p>\n<h5>\n\t\t03.\n\t<\/h5>\n\t\t\t<h3>\n\t\t\t\t\t&#8211; Exchange nude photos\n\t\t\t\t<\/h3>\n\t\t\t<p>Om kvinnan du gillar ocks\u00e5 \u00e4r intresserad av att skicka nakenbilder eller videor d\u00e4r hon onanerar, kommer du ocks\u00e5 att kunna g\u00f6ra det p\u00e5 v\u00e5r webbplats utan n\u00e5gra begr\u00e4nsningar. K\u00e4nn dig bara som hemma h\u00e4r och s\u00f6k efter kvinnorna i dina dr\u00f6mmar.<\/p>\n\t\t\t<a href=\"https:\/\/nudechick.online\/sv\/go\/join\/\" target=\"_self\" role=\"button\" rel=\"noopener\">\n\t\t\t\t\t\tG\u00e5 med nu\n\t\t<\/a>","protected":false},"excerpt":{"rendered":"<p>Best Nude Pics From Naked Women | Nude Girls Photos Join now &nbsp; Watch free porn pics from hot and sexy nude women. \u00a0 If you were looking for a website where you can watch amateur porn videos and fuck pussy from all over the world then you are in the perfect place, and our [&hellip;]<\/p>","protected":false},"author":1,"featured_media":0,"parent":0,"menu_order":0,"comment_status":"closed","ping_status":"closed","template":"","meta":{"give_campaign_id":0,"site-sidebar-layout":"no-sidebar","site-content-layout":"page-builder","ast-site-content-layout":"full-width-container","site-content-style":"unboxed","site-sidebar-style":"unboxed","ast-global-header-display":"","ast-banner-title-visibility":"","ast-main-header-display":"","ast-hfb-above-header-display":"","ast-hfb-below-header-display":"","ast-hfb-mobile-header-display":"","site-post-title":"disabled","ast-breadcrumbs-content":"","ast-featured-img":"disabled","footer-sml-layout":"","theme-transparent-header-meta":"","adv-header-id-meta":"","stick-header-meta":"","header-above-stick-meta":"","header-main-stick-meta":"","header-below-stick-meta":"","astra-migrate-meta-layouts":"set","ast-page-background-enabled":"default","ast-page-background-meta":{"desktop":{"background-color":"","background-image":"","background-repeat":"repeat","background-position":"center center","background-size":"auto","background-attachment":"scroll","background-type":"","background-media":"","overlay-type":"","overlay-color":"","overlay-opacity":"","overlay-gradient":""},"tablet":{"background-color":"","background-image":"","background-repeat":"repeat","background-position":"center center","background-size":"auto","background-attachment":"scroll","background-type":"","background-media":"","overlay-type":"","overlay-color":"","overlay-opacity":"","overlay-gradient":""},"mobile":{"background-color":"","background-image":"","background-repeat":"repeat","background-position":"center center","background-size":"auto","background-attachment":"scroll","background-type":"","background-media":"","overlay-type":"","overlay-color":"","overlay-opacity":"","overlay-gradient":""}},"ast-content-background-meta":{"desktop":{"background-color":"var(--ast-global-color-5)","background-image":"","background-repeat":"repeat","background-position":"center center","background-size":"auto","background-attachment":"scroll","background-type":"","background-media":"","overlay-type":"","overlay-color":"","overlay-opacity":"","overlay-gradient":""},"tablet":{"background-color":"var(--ast-global-color-5)","background-image":"","background-repeat":"repeat","background-position":"center center","background-size":"auto","background-attachment":"scroll","background-type":"","background-media":"","overlay-type":"","overlay-color":"","overlay-opacity":"","overlay-gradient":""},"mobile":{"background-color":"var(--ast-global-color-5)","background-image":"","background-repeat":"repeat","background-position":"center center","background-size":"auto","background-attachment":"scroll","background-type":"","background-media":"","overlay-type":"","overlay-color":"","overlay-opacity":"","overlay-gradient":""}},"footnotes":""},"class_list":["post-3607","page","type-page","status-publish","hentry"],"aioseo_notices":[],"campaignId":"","_links":{"self":[{"href":"https:\/\/nudechick.online\/sv\/wp-json\/wp\/v2\/pages\/3607"}],"collection":[{"href":"https:\/\/nudechick.online\/sv\/wp-json\/wp\/v2\/pages"}],"about":[{"href":"https:\/\/nudechick.online\/sv\/wp-json\/wp\/v2\/types\/page"}],"author":[{"embeddable":true,"href":"https:\/\/nudechick.online\/sv\/wp-json\/wp\/v2\/users\/1"}],"replies":[{"embeddable":true,"href":"https:\/\/nudechick.online\/sv\/wp-json\/wp\/v2\/comments?post=3607"}],"version-history":[{"count":20,"href":"https:\/\/nudechick.online\/sv\/wp-json\/wp\/v2\/pages\/3607\/revisions"}],"predecessor-version":[{"id":4194,"href":"https:\/\/nudechick.online\/sv\/wp-json\/wp\/v2\/pages\/3607\/revisions\/4194"}],"wp:attachment":[{"href":"https:\/\/nudechick.online\/sv\/wp-json\/wp\/v2\/media?parent=3607"}],"curies":[{"name":"wp","href":"https:\/\/api.w.org\/{rel}","templated":true}]}}