{"id":4033,"date":"2024-11-17T22:49:19","date_gmt":"2024-11-17T22:49:19","guid":{"rendered":"https:\/\/nudechick.online\/?page_id=4033"},"modified":"2024-11-20T07:34:31","modified_gmt":"2024-11-20T07:34:31","slug":"monica-oslo","status":"publish","type":"page","link":"https:\/\/nudechick.online\/sv\/date\/monica-oslo\/","title":{"rendered":"Monica Oslo"},"content":{"rendered":"<h1><strong>Snapchat naken porrvideor | M\u00f6t Monica f\u00f6r sexting<\/strong><\/h1>\n\t<p>Om du letade efter sex snap fr\u00e5n k\u00e5ta tjejer s\u00e5 har du kommit till r\u00e4tt st\u00e4lle. P\u00e5 NudeChick hittar du premium amat\u00f6rinneh\u00e5ll helt gratis. H\u00e4r hittar du de hetaste tjejerna fr\u00e5n Ryssland, Europa, Asien. Vackra asiatiska och Latina-tjejer v\u00e4ntar p\u00e5 dig och skickar dig ett fittfoto. P\u00e5 v\u00e5r plattform hittar du sext ton\u00e5rsflickor som \u00e4r 18 \u00e5r gamla och smutsiga mammas singlar som skickar stygga foton gratis och letar efter en kuk f\u00f6r att knulla dem.<\/p>\n<p>Prata med sexiga kvinnor som \u00e4lskar att bli knullade av kuk och g\u00f6ra avsugning. S\u00f6k efter brunett- eller blondintjejer fr\u00e5n din stad och dejta f\u00f6r tillf\u00e4lligt analsex eller bjud in en tjej p\u00e5 kaffe som \u00e4r intresserad av ett l\u00e5ngsiktigt f\u00f6rh\u00e5llande. Du kan ocks\u00e5 hitta en fru p\u00e5 v\u00e5r portal och b\u00f6rja med snapchat sex. Bli medlem i v\u00e5rt enorma community d\u00e4r du kan hitta de mest kinky kvinnorna fr\u00e5n hela v\u00e4rlden och tr\u00e4ffa slampor som kommer att skicka dig bilder p\u00e5 nakna br\u00f6st. Registrera dig idag och anv\u00e4nd v\u00e5r plattform utan begr\u00e4nsning och utan avgifter!<\/p>\n\t\t\t\t<img loading=\"lazy\" decoding=\"async\" src=\"https:\/\/nudechick.online\/wp-content\/uploads\/2024\/11\/3-1.jpg\" alt=\"monica want sex in oslo and showing pussy\" itemprop=\"image\" height=\"1236\" width=\"839\" title=\"3\" onerror=\"this.style.display='none'\"  \/>\n<h2>\n\t\tMonica, Oslo\n\t<\/h2>\n\t<p>Hey I&#8217;m Monica and I live in Oslo, I like doggie positions and my favorite position to fuck is like the one in my profile picture. I work in a hospital as a nurse and can take very good care of you if you need a private sitter who likes to be fucked in the ass.<\/p>\n\t\t\t<a href=\"https:\/\/nudechick.online\/sv\/go\/meet\/\" target=\"_self\" rel=\"noopener\">\n\t\t\t\t\t\tFacebook\n\t\t\t\t\t<\/a>\n\t\t\t<a href=\"https:\/\/nudechick.online\/sv\/go\/meet\/\" target=\"_self\" rel=\"noopener\">\n\t\t\t\t\t\tInstagram\n\t\t\t\t\t<\/a>\n\t\t\t<a href=\"https:\/\/nudechick.online\/sv\/go\/meet\/\" target=\"_self\" rel=\"noopener\">\n\t\t\t\t\t\tSnapchat\n\t\t\t\t\t<\/a>\n\t<p>77,131<\/p>\n\t<p>F\u00f6ljare<\/p>\n\t<p><strong>Jag \u00e4r online!<\/strong><\/p>\n<p>Genomsnittlig svarstid 5-30 minuter<\/p>\n\t\t\t<a href=\"https:\/\/nudechick.online\/sv\/go\/meet\/\" target=\"_self\" rel=\"noopener\">\n\t\t\t\t\t\t\tG\u00e5 med nu!\n\t\t\t\t\t<\/a>\n\t<h2>Nude Snapchat Amateur Photos And Porn Videos For Free &#8211; Meet Sexy 18+ Dirty Teen For Sex<\/h2>\n<p>Endast p\u00e5 v\u00e5r webbplats kommer du att tr\u00e4ffa 18-\u00e5riga ton\u00e5ringar som \u00e4r k\u00e5ta och \u00e4lskar att skicka snap-nudes eller chatta med fr\u00e4mlingar. Bl\u00e4ddra bland profiler av de hetaste tjejerna fr\u00e5n din stad och bjud in en tjej f\u00f6r ett h\u00e5rt knull p\u00e5 hotellet eller f\u00f6r ett bad tillsammans. Obegr\u00e4nsade b\u00e4sta snapchat-nudes som st\u00e4ndigt uppdateras och \u00e4r f\u00e4rska. Dessutom, p\u00e5 v\u00e5r webbplats, f\u00f6rutom amat\u00f6rflickor kan du hitta porrstj\u00e4rnor och tillg\u00e5ng till deras sociala medier. Vi har ocks\u00e5 i v\u00e5r databas kvinnor som onanerar i r\u00f6ven p\u00e5 webbkamera f\u00f6r vuxna. Skicka dem ett litet tips s\u00e5 ser du dem kl\u00e4 av sig och st\u00f6na f\u00f6r dig framf\u00f6r webbkameran medan du s\u00e4tter en enorm dildo i deras fitta.<\/p>","protected":false},"excerpt":{"rendered":"<p>Snapchat Nude Porn Videos | Meet Monica For Sexting If you were looking for sex snap from horny girls then you have come to the right place. On NudeChick you will find premium amateur content completely free of charge. Here you will find the hottest girls from Russia, Europe, Asia. Beautiful Asian and Latina girls [&hellip;]<\/p>","protected":false},"author":1,"featured_media":0,"parent":4116,"menu_order":0,"comment_status":"closed","ping_status":"closed","template":"","meta":{"give_campaign_id":0,"site-sidebar-layout":"no-sidebar","site-content-layout":"page-builder","ast-site-content-layout":"full-width-container","site-content-style":"unboxed","site-sidebar-style":"unboxed","ast-global-header-display":"","ast-banner-title-visibility":"","ast-main-header-display":"","ast-hfb-above-header-display":"","ast-hfb-below-header-display":"","ast-hfb-mobile-header-display":"","site-post-title":"disabled","ast-breadcrumbs-content":"","ast-featured-img":"disabled","footer-sml-layout":"","theme-transparent-header-meta":"","adv-header-id-meta":"","stick-header-meta":"","header-above-stick-meta":"","header-main-stick-meta":"","header-below-stick-meta":"","astra-migrate-meta-layouts":"set","ast-page-background-enabled":"default","ast-page-background-meta":{"desktop":{"background-color":"","background-image":"","background-repeat":"repeat","background-position":"center center","background-size":"auto","background-attachment":"scroll","background-type":"","background-media":"","overlay-type":"","overlay-color":"","overlay-opacity":"","overlay-gradient":""},"tablet":{"background-color":"","background-image":"","background-repeat":"repeat","background-position":"center center","background-size":"auto","background-attachment":"scroll","background-type":"","background-media":"","overlay-type":"","overlay-color":"","overlay-opacity":"","overlay-gradient":""},"mobile":{"background-color":"","background-image":"","background-repeat":"repeat","background-position":"center center","background-size":"auto","background-attachment":"scroll","background-type":"","background-media":"","overlay-type":"","overlay-color":"","overlay-opacity":"","overlay-gradient":""}},"ast-content-background-meta":{"desktop":{"background-color":"var(--ast-global-color-5)","background-image":"","background-repeat":"repeat","background-position":"center center","background-size":"auto","background-attachment":"scroll","background-type":"","background-media":"","overlay-type":"","overlay-color":"","overlay-opacity":"","overlay-gradient":""},"tablet":{"background-color":"var(--ast-global-color-5)","background-image":"","background-repeat":"repeat","background-position":"center center","background-size":"auto","background-attachment":"scroll","background-type":"","background-media":"","overlay-type":"","overlay-color":"","overlay-opacity":"","overlay-gradient":""},"mobile":{"background-color":"var(--ast-global-color-5)","background-image":"","background-repeat":"repeat","background-position":"center center","background-size":"auto","background-attachment":"scroll","background-type":"","background-media":"","overlay-type":"","overlay-color":"","overlay-opacity":"","overlay-gradient":""}},"footnotes":""},"class_list":["post-4033","page","type-page","status-publish","hentry"],"aioseo_notices":[],"campaignId":"","_links":{"self":[{"href":"https:\/\/nudechick.online\/sv\/wp-json\/wp\/v2\/pages\/4033"}],"collection":[{"href":"https:\/\/nudechick.online\/sv\/wp-json\/wp\/v2\/pages"}],"about":[{"href":"https:\/\/nudechick.online\/sv\/wp-json\/wp\/v2\/types\/page"}],"author":[{"embeddable":true,"href":"https:\/\/nudechick.online\/sv\/wp-json\/wp\/v2\/users\/1"}],"replies":[{"embeddable":true,"href":"https:\/\/nudechick.online\/sv\/wp-json\/wp\/v2\/comments?post=4033"}],"version-history":[{"count":11,"href":"https:\/\/nudechick.online\/sv\/wp-json\/wp\/v2\/pages\/4033\/revisions"}],"predecessor-version":[{"id":4184,"href":"https:\/\/nudechick.online\/sv\/wp-json\/wp\/v2\/pages\/4033\/revisions\/4184"}],"up":[{"embeddable":true,"href":"https:\/\/nudechick.online\/sv\/wp-json\/wp\/v2\/pages\/4116"}],"wp:attachment":[{"href":"https:\/\/nudechick.online\/sv\/wp-json\/wp\/v2\/media?parent=4033"}],"curies":[{"name":"wp","href":"https:\/\/api.w.org\/{rel}","templated":true}]}}