{"id":4064,"date":"2024-11-21T04:06:13","date_gmt":"2024-11-21T04:06:13","guid":{"rendered":"https:\/\/nudechick.online\/?page_id=4064"},"modified":"2024-11-21T04:06:15","modified_gmt":"2024-11-21T04:06:15","slug":"princess-tijuana","status":"publish","type":"page","link":"https:\/\/nudechick.online\/sv\/date\/princess-tijuana\/","title":{"rendered":"Princess Tijuana"},"content":{"rendered":"<h1>Onlyfans Naken Porrvideor Gratis | Prinsessan Tijuana<\/h1>\n\t<p>Om du letade efter sexiga tjejer fr\u00e5n onlyfans och amat\u00f6rporrvideor fr\u00e5n nakenmodell fr\u00e5n bl\u00e5 plattform s\u00e5 \u00e4r du p\u00e5 ett mycket bra st\u00e4lle. Titta p\u00e5 inneh\u00e5llsskapare och deras stygga bilder helt gratis. Bl\u00e4ddra bland profiler av amat\u00f6rkvinnor och dejta dem f\u00f6r sex utan \u00e5tagande. Detta \u00e4r det b\u00e4sta alternativet f\u00f6r att tr\u00e4ffa nya kvinnor fr\u00e5n hela v\u00e4rlden, och tillg\u00e5ng till v\u00e5rt exklusiva inneh\u00e5ll kommer att ge dig en fantastisk upplevelse under l\u00e5ng tid! Titta p\u00e5 gratis porr fr\u00e5n hetaste latina som \u00e4lskar analsex och dr\u00f6mmer om att bli knullad i r\u00f6ven. P\u00e5 v\u00e5r plattform hittar du de sexigaste nakna tjejerna och du kommer aldrig \u00e5ngra det. Vi har ocks\u00e5 h\u00e4r modeller som utf\u00f6r p\u00e5 online sexkammar och de b\u00e4sta contet-skaparna du kan f\u00f6rest\u00e4lla dig. Dessutom kan du ocks\u00e5 s\u00f6ka efter profiler av tjejer som gillar fantasiklimat och kl\u00e4 sig i kinky cosplay-outfits fr\u00e5n olika datorspel.<\/p>\n\t\t\t\t<img loading=\"lazy\" decoding=\"async\" src=\"https:\/\/nudechick.online\/wp-content\/uploads\/2024\/11\/8-1.png\" alt=\"bbw chick massive tits from tijuana\" itemprop=\"image\" height=\"1024\" width=\"768\" title=\"8\" onerror=\"this.style.display='none'\"  \/>\n<h2>\n\t\tPrincess, Tijuana\n\t<\/h2>\n\t<p>My name is Princess and I live in Tijuana. Do you like big boobs? Mine are huge and I love to play with them. I like it best when someone fucks me between my huge tits. I would like you to have a big piece of equipment and fuck me in the ass so that I won&#8217;t sit on a chair for a week. This is my biggest dream. Fuck me as soon as possible.<\/p>\n\t\t\t<a href=\"https:\/\/nudechick.online\/sv\/go\/meet\/\" target=\"_self\" rel=\"noopener\">\n\t\t\t\t\t\tFacebook\n\t\t\t\t\t<\/a>\n\t\t\t<a href=\"https:\/\/nudechick.online\/sv\/go\/meet\/\" target=\"_self\" rel=\"noopener\">\n\t\t\t\t\t\tInstagram\n\t\t\t\t\t<\/a>\n\t\t\t<a href=\"https:\/\/nudechick.online\/sv\/go\/meet\/\" target=\"_self\" rel=\"noopener\">\n\t\t\t\t\t\tSnapchat\n\t\t\t\t\t<\/a>\n\t<p>87,564<\/p>\n\t<p>F\u00f6ljare<\/p>\n\t<p><strong>Jag \u00e4r online!<\/strong><\/p>\n<p>Genomsnittlig svarstid 5-10 minuter<\/p>\n\t\t\t<a href=\"https:\/\/nudechick.online\/sv\/go\/meet\/\" target=\"_self\" rel=\"noopener\">\n\t\t\t\t\t\t\tG\u00e5 med nu!\n\t\t\t\t\t<\/a>\n\t<h2>Naughty And Sexy Nude Girls From Onlyfans &#8211; Search Models, Watch Exclusive Naked Content and Write with Them<\/h2>\n<p>Did you know that on our platform you can get access to the instagram accounts of the most kinky women from around the world? That&#8217;s not all. Our users can add explicit content themselves and share their bodies completely free for all our users. Exchange nude nsfw photos from snapchat and other platforms and browse celebrity photos. Our erotic videos will allow you to masturbate to our platform for years to come and also you can meet some sexy girl for a long term relationship. Don&#8217;t wait any longer and become our user by creating a free account and get access to all the content, all the pictures, porn videos and the most kinky girls in our galaxy.<\/p>\n<p>F\u00e5 tillg\u00e5ng till onlyfans inneh\u00e5ll och xxx sk\u00f6nhetsflickor gratis! Bli v\u00e5r medlem och visa vuxna cam-modeller din kuk och se hur de kommer att g\u00f6ra vad som helst f\u00f6r dig f\u00f6r n\u00e5gra tokens. S\u00f6k profiler av 18-\u00e5riga ton\u00e5rstjejer fr\u00e5n din stad, dejta dem och spela in hemlagad porr. Bjud in en tjej till ditt sovrum och knulla henne eller hitta ditt livs k\u00e4rlek. G\u00e5 med i v\u00e5r kinky gemenskap av sex\u00e4lskare nu och f\u00e5 tillg\u00e5ng till m\u00e5nga intressanta videor och nakenbilder. M\u00e5nga kvinnor fr\u00e5n hela v\u00e4rlden v\u00e4ntar p\u00e5 dig!<\/p>\n<p>&nbsp;<\/p>","protected":false},"excerpt":{"rendered":"<p>Onlyfans Nude Porn Videos For Free | Princess Tijuana If you were looking for sexy girls from onlyfans and amateur porn videos from naked model from blue platform then you are in a very good place. Watch content creators and their naughty pics completely free. Browse profiles of amateur women and date them for sex [&hellip;]<\/p>","protected":false},"author":1,"featured_media":0,"parent":4116,"menu_order":0,"comment_status":"closed","ping_status":"closed","template":"","meta":{"give_campaign_id":0,"site-sidebar-layout":"no-sidebar","site-content-layout":"page-builder","ast-site-content-layout":"full-width-container","site-content-style":"unboxed","site-sidebar-style":"unboxed","ast-global-header-display":"","ast-banner-title-visibility":"","ast-main-header-display":"","ast-hfb-above-header-display":"","ast-hfb-below-header-display":"","ast-hfb-mobile-header-display":"","site-post-title":"disabled","ast-breadcrumbs-content":"","ast-featured-img":"disabled","footer-sml-layout":"","theme-transparent-header-meta":"","adv-header-id-meta":"","stick-header-meta":"","header-above-stick-meta":"","header-main-stick-meta":"","header-below-stick-meta":"","astra-migrate-meta-layouts":"set","ast-page-background-enabled":"default","ast-page-background-meta":{"desktop":{"background-color":"","background-image":"","background-repeat":"repeat","background-position":"center center","background-size":"auto","background-attachment":"scroll","background-type":"","background-media":"","overlay-type":"","overlay-color":"","overlay-opacity":"","overlay-gradient":""},"tablet":{"background-color":"","background-image":"","background-repeat":"repeat","background-position":"center center","background-size":"auto","background-attachment":"scroll","background-type":"","background-media":"","overlay-type":"","overlay-color":"","overlay-opacity":"","overlay-gradient":""},"mobile":{"background-color":"","background-image":"","background-repeat":"repeat","background-position":"center center","background-size":"auto","background-attachment":"scroll","background-type":"","background-media":"","overlay-type":"","overlay-color":"","overlay-opacity":"","overlay-gradient":""}},"ast-content-background-meta":{"desktop":{"background-color":"var(--ast-global-color-5)","background-image":"","background-repeat":"repeat","background-position":"center center","background-size":"auto","background-attachment":"scroll","background-type":"","background-media":"","overlay-type":"","overlay-color":"","overlay-opacity":"","overlay-gradient":""},"tablet":{"background-color":"var(--ast-global-color-5)","background-image":"","background-repeat":"repeat","background-position":"center center","background-size":"auto","background-attachment":"scroll","background-type":"","background-media":"","overlay-type":"","overlay-color":"","overlay-opacity":"","overlay-gradient":""},"mobile":{"background-color":"var(--ast-global-color-5)","background-image":"","background-repeat":"repeat","background-position":"center center","background-size":"auto","background-attachment":"scroll","background-type":"","background-media":"","overlay-type":"","overlay-color":"","overlay-opacity":"","overlay-gradient":""}},"footnotes":""},"class_list":["post-4064","page","type-page","status-publish","hentry"],"aioseo_notices":[],"campaignId":"","_links":{"self":[{"href":"https:\/\/nudechick.online\/sv\/wp-json\/wp\/v2\/pages\/4064"}],"collection":[{"href":"https:\/\/nudechick.online\/sv\/wp-json\/wp\/v2\/pages"}],"about":[{"href":"https:\/\/nudechick.online\/sv\/wp-json\/wp\/v2\/types\/page"}],"author":[{"embeddable":true,"href":"https:\/\/nudechick.online\/sv\/wp-json\/wp\/v2\/users\/1"}],"replies":[{"embeddable":true,"href":"https:\/\/nudechick.online\/sv\/wp-json\/wp\/v2\/comments?post=4064"}],"version-history":[{"count":6,"href":"https:\/\/nudechick.online\/sv\/wp-json\/wp\/v2\/pages\/4064\/revisions"}],"predecessor-version":[{"id":4190,"href":"https:\/\/nudechick.online\/sv\/wp-json\/wp\/v2\/pages\/4064\/revisions\/4190"}],"up":[{"embeddable":true,"href":"https:\/\/nudechick.online\/sv\/wp-json\/wp\/v2\/pages\/4116"}],"wp:attachment":[{"href":"https:\/\/nudechick.online\/sv\/wp-json\/wp\/v2\/media?parent=4064"}],"curies":[{"name":"wp","href":"https:\/\/api.w.org\/{rel}","templated":true}]}}