{"id":4199,"date":"2025-02-18T09:17:02","date_gmt":"2025-02-18T09:17:02","guid":{"rendered":"https:\/\/nudechick.online\/?page_id=4199"},"modified":"2025-02-18T09:18:06","modified_gmt":"2025-02-18T09:18:06","slug":"dmca","status":"publish","type":"page","link":"https:\/\/nudechick.online\/sv\/dmca\/","title":{"rendered":"DMCA"},"content":{"rendered":"<h1>DMCA Policy<\/h1>\n<p>Vi respekterar andras immateriella r\u00e4ttigheter och f\u00f6ljer Digital Millennium Copyright Act (DMCA). Om du tror att ditt upphovsr\u00e4ttsskyddade material har anv\u00e4nts p\u00e5 ett s\u00e4tt som utg\u00f6r upphovsr\u00e4ttsintr\u00e5ng p\u00e5 v\u00e5r webbplats, v\u00e4nligen ge oss ett skriftligt meddelande som inneh\u00e5ller f\u00f6ljande: Identifiering av det upphovsr\u00e4ttsskyddade arbete som du h\u00e4vdar har \u00f6vertr\u00e4tts.Identifiering av det material som p\u00e5st\u00e5s g\u00f6ra intr\u00e5ng, inklusive dess plats p\u00e5 v\u00e5r webbplats. Din kontaktinformation (namn, adress, e-post, telefonnummer). Ett uttalande om att du i god tro anser att anv\u00e4ndningen av materialet inte \u00e4r till\u00e5ten av upphovsr\u00e4ttsinnehavaren, dess ombud eller lagen. En f\u00f6rs\u00e4kran under ed om att informationen i ditt meddelande \u00e4r korrekt och att du \u00e4r upphovsr\u00e4ttsinnehavaren eller beh\u00f6rig att agera f\u00f6r dennes r\u00e4kning. Din fysiska eller elektroniska signatur.<\/p>\n<p>Skicka ditt DMCA-meddelande till [info@nudechick.online]. Vi kommer att svara snabbt p\u00e5 alla giltiga DMCA-f\u00f6rfr\u00e5gningar, inklusive att ta bort det intr\u00e5ngsg\u00f6rande materialet d\u00e4r s\u00e5 \u00e4r l\u00e4mpligt.<\/p>","protected":false},"excerpt":{"rendered":"<p>DMCA Policy We respect the intellectual property rights of others and comply with the Digital Millennium Copyright Act (DMCA). If you believe that your copyrighted material has been used in a way that constitutes copyright infringement on our website, please provide us with a written notice including the following: Identification of the copyrighted work you [&hellip;]<\/p>","protected":false},"author":1,"featured_media":0,"parent":0,"menu_order":0,"comment_status":"closed","ping_status":"closed","template":"","meta":{"give_campaign_id":0,"site-sidebar-layout":"no-sidebar","site-content-layout":"page-builder","ast-site-content-layout":"full-width-container","site-content-style":"unboxed","site-sidebar-style":"unboxed","ast-global-header-display":"","ast-banner-title-visibility":"","ast-main-header-display":"","ast-hfb-above-header-display":"","ast-hfb-below-header-display":"","ast-hfb-mobile-header-display":"","site-post-title":"disabled","ast-breadcrumbs-content":"","ast-featured-img":"disabled","footer-sml-layout":"","theme-transparent-header-meta":"","adv-header-id-meta":"","stick-header-meta":"","header-above-stick-meta":"","header-main-stick-meta":"","header-below-stick-meta":"","astra-migrate-meta-layouts":"set","ast-page-background-enabled":"default","ast-page-background-meta":{"desktop":{"background-color":"","background-image":"","background-repeat":"repeat","background-position":"center center","background-size":"auto","background-attachment":"scroll","background-type":"","background-media":"","overlay-type":"","overlay-color":"","overlay-opacity":"","overlay-gradient":""},"tablet":{"background-color":"","background-image":"","background-repeat":"repeat","background-position":"center center","background-size":"auto","background-attachment":"scroll","background-type":"","background-media":"","overlay-type":"","overlay-color":"","overlay-opacity":"","overlay-gradient":""},"mobile":{"background-color":"","background-image":"","background-repeat":"repeat","background-position":"center center","background-size":"auto","background-attachment":"scroll","background-type":"","background-media":"","overlay-type":"","overlay-color":"","overlay-opacity":"","overlay-gradient":""}},"ast-content-background-meta":{"desktop":{"background-color":"var(--ast-global-color-5)","background-image":"","background-repeat":"repeat","background-position":"center center","background-size":"auto","background-attachment":"scroll","background-type":"","background-media":"","overlay-type":"","overlay-color":"","overlay-opacity":"","overlay-gradient":""},"tablet":{"background-color":"var(--ast-global-color-5)","background-image":"","background-repeat":"repeat","background-position":"center center","background-size":"auto","background-attachment":"scroll","background-type":"","background-media":"","overlay-type":"","overlay-color":"","overlay-opacity":"","overlay-gradient":""},"mobile":{"background-color":"var(--ast-global-color-5)","background-image":"","background-repeat":"repeat","background-position":"center center","background-size":"auto","background-attachment":"scroll","background-type":"","background-media":"","overlay-type":"","overlay-color":"","overlay-opacity":"","overlay-gradient":""}},"footnotes":""},"class_list":["post-4199","page","type-page","status-publish","hentry"],"aioseo_notices":[],"campaignId":"","_links":{"self":[{"href":"https:\/\/nudechick.online\/sv\/wp-json\/wp\/v2\/pages\/4199"}],"collection":[{"href":"https:\/\/nudechick.online\/sv\/wp-json\/wp\/v2\/pages"}],"about":[{"href":"https:\/\/nudechick.online\/sv\/wp-json\/wp\/v2\/types\/page"}],"author":[{"embeddable":true,"href":"https:\/\/nudechick.online\/sv\/wp-json\/wp\/v2\/users\/1"}],"replies":[{"embeddable":true,"href":"https:\/\/nudechick.online\/sv\/wp-json\/wp\/v2\/comments?post=4199"}],"version-history":[{"count":3,"href":"https:\/\/nudechick.online\/sv\/wp-json\/wp\/v2\/pages\/4199\/revisions"}],"predecessor-version":[{"id":4203,"href":"https:\/\/nudechick.online\/sv\/wp-json\/wp\/v2\/pages\/4199\/revisions\/4203"}],"wp:attachment":[{"href":"https:\/\/nudechick.online\/sv\/wp-json\/wp\/v2\/media?parent=4199"}],"curies":[{"name":"wp","href":"https:\/\/api.w.org\/{rel}","templated":true}]}}